{"id":88138,"date":"2026-02-04T20:53:12","date_gmt":"2026-02-04T20:53:12","guid":{"rendered":"https:\/\/atomis.nl\/panier\/"},"modified":"2026-02-05T12:21:21","modified_gmt":"2026-02-05T12:21:21","slug":"panier","status":"publish","type":"page","link":"https:\/\/atomis.nl\/fr\/panier\/","title":{"rendered":"Panier"},"content":{"rendered":"\r\n<div data-block-name=\"woocommerce\/cart\" class=\"wp-block-woocommerce-cart alignwide is-loading\">\r\n<div data-block-name=\"woocommerce\/filled-cart-block\" class=\"wp-block-woocommerce-filled-cart-block\">\r\n<div data-block-name=\"woocommerce\/cart-items-block\" class=\"wp-block-woocommerce-cart-items-block\">\r\n<div data-block-name=\"woocommerce\/cart-line-items-block\" data-translated-with-w-p-m-l-t-m=\"1\" class=\"wp-block-woocommerce-cart-line-items-block\"> <\/div>\r\n\r\n\r\n<\/div>\r\n\r\n\r\n\r\n<div data-block-name=\"woocommerce\/cart-totals-block\" class=\"wp-block-woocommerce-cart-totals-block\">\r\n<div data-block-name=\"woocommerce\/cart-order-summary-block\" class=\"wp-block-woocommerce-cart-order-summary-block\">\r\n<div data-block-name=\"woocommerce\/cart-order-summary-heading-block\" class=\"wp-block-woocommerce-cart-order-summary-heading-block\">\u00a0<\/div>\r\n\r\n\r\n\r\n<div data-block-name=\"woocommerce\/cart-order-summary-coupon-form-block\" data-translated-with-w-p-m-l-t-m=\"1\" class=\"wp-block-woocommerce-cart-order-summary-coupon-form-block\"> <\/div>\r\n\r\n\r\n\r\n\r\n\r\n\r\n\r\n\r\n\r\n\r\n\r\n\r\n\r\n\r\n\r\n\r\n\r\n\r\n\r\n<div data-block-name=\"woocommerce\/cart-order-summary-totals-block\" class=\"wp-block-woocommerce-cart-order-summary-totals-block\">\n<div data-block-name=\"woocommerce\/cart-order-summary-subtotal-block\" data-translated-with-w-p-m-l-t-m=\"1\" class=\"wp-block-woocommerce-cart-order-summary-subtotal-block\"> <\/div>\n<div data-block-name=\"woocommerce\/cart-order-summary-discount-block\" data-translated-with-w-p-m-l-t-m=\"1\" class=\"wp-block-woocommerce-cart-order-summary-discount-block\"> <\/div>\n<div data-block-name=\"woocommerce\/cart-order-summary-fee-block\" data-translated-with-w-p-m-l-t-m=\"1\" class=\"wp-block-woocommerce-cart-order-summary-fee-block\"> <\/div>\n<div data-block-name=\"woocommerce\/cart-order-summary-shipping-block\" data-translated-with-w-p-m-l-t-m=\"1\" class=\"wp-block-woocommerce-cart-order-summary-shipping-block\"> <\/div>\n<div data-block-name=\"woocommerce\/cart-order-summary-taxes-block\" data-translated-with-w-p-m-l-t-m=\"1\" class=\"wp-block-woocommerce-cart-order-summary-taxes-block\"> <\/div><\/div>\r\n<\/div>\r\n\r\n\r\n\r\n<div data-block-name=\"woocommerce\/cart-express-payment-block\" data-button-border-radius=\"4\" data-button-height=\"48\" data-show-button-styles=\"false\" data-translated-with-w-p-m-l-t-m=\"1\" class=\"wp-block-woocommerce-cart-express-payment-block\"> <\/div>\r\n\r\n\r\n\r\n<div data-block-name=\"woocommerce\/proceed-to-checkout-block\" class=\"wp-block-woocommerce-proceed-to-checkout-block\">\u00a0<\/div>\r\n\r\n\r\n\r\n<div data-block-name=\"woocommerce\/cart-accepted-payment-methods-block\" data-translated-with-w-p-m-l-t-m=\"1\" class=\"wp-block-woocommerce-cart-accepted-payment-methods-block\"> <\/div>\r\n<\/div>\r\n<\/div>\r\n\r\n\r\n\r\n<div data-block-name=\"woocommerce\/empty-cart-block\" class=\"wp-block-woocommerce-empty-cart-block\">&#13;\n<h2 class=\"wp-block-heading has-text-align-center with-empty-cart-icon wc-block-cart__empty-cart__title\">Votre panier est actuellement vide !<\/h2>&#13;\n\r\n\r\n<hr class=\"wp-block-separator has-alpha-channel-opacity is-style-dots\" \/>\r\n\r\n&#13;\n<h2 class=\"wp-block-heading has-text-align-center\">Nouveaut\u00e9s en boutique<\/h2>&#13;\n\r\n\r\n<div data-block-name=\"woocommerce\/product-new\" data-columns=\"4\" data-rows=\"1\" class=\"wc-block-grid wp-block-product-new wp-block-woocommerce-product-new wc-block-product-new has-4-columns\"><ul class=\"wc-block-grid__products\"><li class=\"wc-block-grid__product\">\n\t\t\t\t<a href=\"https:\/\/atomis.nl\/fr\/produits\/ferro-lineaire-1500\/\" class=\"wc-block-grid__product-link\">\n\t\t\t\t\t\n\t\t\t\t\t<div class=\"wc-block-grid__product-image\"><img loading=\"lazy\" decoding=\"async\" width=\"300\" height=\"300\" src=\"https:\/\/atomis.nl\/wp-content\/uploads\/2026\/03\/ChatGPT-Image-16-mrt-2026-17_10_03-300x300.png\" class=\"attachment-woocommerce_thumbnail size-woocommerce_thumbnail\" alt=\"Ferro lin\u00e9aire 1500\" srcset=\"https:\/\/atomis.nl\/wp-content\/uploads\/2026\/03\/ChatGPT-Image-16-mrt-2026-17_10_03-300x300.png 300w, https:\/\/atomis.nl\/wp-content\/uploads\/2026\/03\/ChatGPT-Image-16-mrt-2026-17_10_03-150x150.png 150w, https:\/\/atomis.nl\/wp-content\/uploads\/2026\/03\/ChatGPT-Image-16-mrt-2026-17_10_03-768x768.png 768w, https:\/\/atomis.nl\/wp-content\/uploads\/2026\/03\/ChatGPT-Image-16-mrt-2026-17_10_03-140x140.png 140w, https:\/\/atomis.nl\/wp-content\/uploads\/2026\/03\/ChatGPT-Image-16-mrt-2026-17_10_03-100x100.png 100w, https:\/\/atomis.nl\/wp-content\/uploads\/2026\/03\/ChatGPT-Image-16-mrt-2026-17_10_03-500x500.png 500w, https:\/\/atomis.nl\/wp-content\/uploads\/2026\/03\/ChatGPT-Image-16-mrt-2026-17_10_03-350x350.png 350w, https:\/\/atomis.nl\/wp-content\/uploads\/2026\/03\/ChatGPT-Image-16-mrt-2026-17_10_03-1000x1000.png 1000w, https:\/\/atomis.nl\/wp-content\/uploads\/2026\/03\/ChatGPT-Image-16-mrt-2026-17_10_03-800x800.png 800w, https:\/\/atomis.nl\/wp-content\/uploads\/2026\/03\/ChatGPT-Image-16-mrt-2026-17_10_03.png 1024w\" sizes=\"auto, (max-width: 300px) 100vw, 300px\" \/><\/div>\n\t\t\t\t\t<div class=\"wc-block-grid__product-title\">Ferro lin\u00e9aire 1500<\/div>\n\t\t\t\t<\/a>\n\t\t\t\t<div class=\"wc-block-grid__product-price price\"><\/div>\n\t\t\t\t\n\t\t\t\t<div class=\"wp-block-button wc-block-grid__product-add-to-cart\"><a href=\"https:\/\/atomis.nl\/fr\/produits\/ferro-lineaire-1500\/\" aria-label=\"En savoir plus sur &ldquo;Ferro lin\u00e9aire 1500&rdquo;\" data-quantity=\"1\" data-product_id=\"90891\" data-product_sku=\"\" data-price=\"0\" rel=\"nofollow\" class=\"wp-block-button__link  add_to_cart_button\">Lire la suite<\/a><\/div>\n\t\t\t<\/li><li class=\"wc-block-grid__product\">\n\t\t\t\t<a href=\"https:\/\/atomis.nl\/fr\/produits\/ferro-lineaire-1200\/\" class=\"wc-block-grid__product-link\">\n\t\t\t\t\t\n\t\t\t\t\t<div class=\"wc-block-grid__product-image\"><img loading=\"lazy\" decoding=\"async\" width=\"300\" height=\"300\" src=\"https:\/\/atomis.nl\/wp-content\/uploads\/2026\/03\/ChatGPT-Image-16-mrt-2026-17_10_03-300x300.png\" class=\"attachment-woocommerce_thumbnail size-woocommerce_thumbnail\" alt=\"Ferro lin\u00e9aire 1200\" srcset=\"https:\/\/atomis.nl\/wp-content\/uploads\/2026\/03\/ChatGPT-Image-16-mrt-2026-17_10_03-300x300.png 300w, https:\/\/atomis.nl\/wp-content\/uploads\/2026\/03\/ChatGPT-Image-16-mrt-2026-17_10_03-150x150.png 150w, https:\/\/atomis.nl\/wp-content\/uploads\/2026\/03\/ChatGPT-Image-16-mrt-2026-17_10_03-768x768.png 768w, https:\/\/atomis.nl\/wp-content\/uploads\/2026\/03\/ChatGPT-Image-16-mrt-2026-17_10_03-140x140.png 140w, https:\/\/atomis.nl\/wp-content\/uploads\/2026\/03\/ChatGPT-Image-16-mrt-2026-17_10_03-100x100.png 100w, https:\/\/atomis.nl\/wp-content\/uploads\/2026\/03\/ChatGPT-Image-16-mrt-2026-17_10_03-500x500.png 500w, https:\/\/atomis.nl\/wp-content\/uploads\/2026\/03\/ChatGPT-Image-16-mrt-2026-17_10_03-350x350.png 350w, https:\/\/atomis.nl\/wp-content\/uploads\/2026\/03\/ChatGPT-Image-16-mrt-2026-17_10_03-1000x1000.png 1000w, https:\/\/atomis.nl\/wp-content\/uploads\/2026\/03\/ChatGPT-Image-16-mrt-2026-17_10_03-800x800.png 800w, https:\/\/atomis.nl\/wp-content\/uploads\/2026\/03\/ChatGPT-Image-16-mrt-2026-17_10_03.png 1024w\" sizes=\"auto, (max-width: 300px) 100vw, 300px\" \/><\/div>\n\t\t\t\t\t<div class=\"wc-block-grid__product-title\">Ferro lin\u00e9aire 1200<\/div>\n\t\t\t\t<\/a>\n\t\t\t\t<div class=\"wc-block-grid__product-price price\"><\/div>\n\t\t\t\t\n\t\t\t\t<div class=\"wp-block-button wc-block-grid__product-add-to-cart\"><a href=\"https:\/\/atomis.nl\/fr\/produits\/ferro-lineaire-1200\/\" aria-label=\"En savoir plus sur &ldquo;Ferro lin\u00e9aire 1200&rdquo;\" data-quantity=\"1\" data-product_id=\"90887\" data-product_sku=\"\" data-price=\"0\" rel=\"nofollow\" class=\"wp-block-button__link  add_to_cart_button\">Lire la suite<\/a><\/div>\n\t\t\t<\/li><li class=\"wc-block-grid__product\">\n\t\t\t\t<a href=\"https:\/\/atomis.nl\/fr\/produits\/ferro-round-360\/\" class=\"wc-block-grid__product-link\">\n\t\t\t\t\t\n\t\t\t\t\t<div class=\"wc-block-grid__product-image\"><img loading=\"lazy\" decoding=\"async\" width=\"300\" height=\"300\" src=\"https:\/\/atomis.nl\/wp-content\/uploads\/2026\/03\/Ferro-round-360-300x300.png\" class=\"attachment-woocommerce_thumbnail size-woocommerce_thumbnail\" alt=\"Ferro round 360\" srcset=\"https:\/\/atomis.nl\/wp-content\/uploads\/2026\/03\/Ferro-round-360-300x300.png 300w, https:\/\/atomis.nl\/wp-content\/uploads\/2026\/03\/Ferro-round-360-150x150.png 150w, https:\/\/atomis.nl\/wp-content\/uploads\/2026\/03\/Ferro-round-360-768x768.png 768w, https:\/\/atomis.nl\/wp-content\/uploads\/2026\/03\/Ferro-round-360-140x140.png 140w, https:\/\/atomis.nl\/wp-content\/uploads\/2026\/03\/Ferro-round-360-100x100.png 100w, https:\/\/atomis.nl\/wp-content\/uploads\/2026\/03\/Ferro-round-360-500x500.png 500w, https:\/\/atomis.nl\/wp-content\/uploads\/2026\/03\/Ferro-round-360-350x350.png 350w, https:\/\/atomis.nl\/wp-content\/uploads\/2026\/03\/Ferro-round-360-1000x1000.png 1000w, https:\/\/atomis.nl\/wp-content\/uploads\/2026\/03\/Ferro-round-360-800x800.png 800w, https:\/\/atomis.nl\/wp-content\/uploads\/2026\/03\/Ferro-round-360.png 1024w\" sizes=\"auto, (max-width: 300px) 100vw, 300px\" \/><\/div>\n\t\t\t\t\t<div class=\"wc-block-grid__product-title\">Ferro Round 360<\/div>\n\t\t\t\t<\/a>\n\t\t\t\t<div class=\"wc-block-grid__product-price price\"><\/div>\n\t\t\t\t\n\t\t\t\t<div class=\"wp-block-button wc-block-grid__product-add-to-cart\"><a href=\"https:\/\/atomis.nl\/fr\/produits\/ferro-round-360\/\" aria-label=\"En savoir plus sur &ldquo;Ferro Round 360&rdquo;\" data-quantity=\"1\" data-product_id=\"90880\" data-product_sku=\"\" data-price=\"0\" rel=\"nofollow\" class=\"wp-block-button__link  add_to_cart_button\">Lire la suite<\/a><\/div>\n\t\t\t<\/li><li class=\"wc-block-grid__product\">\n\t\t\t\t<a href=\"https:\/\/atomis.nl\/fr\/produits\/cylus-50-noir\/\" class=\"wc-block-grid__product-link\">\n\t\t\t\t\t\n\t\t\t\t\t<div class=\"wc-block-grid__product-image\"><img loading=\"lazy\" decoding=\"async\" width=\"300\" height=\"300\" src=\"https:\/\/atomis.nl\/wp-content\/uploads\/2026\/03\/Cylus-50-black-300x300.png\" class=\"attachment-woocommerce_thumbnail size-woocommerce_thumbnail\" alt=\"Cylus 50 noir\" srcset=\"https:\/\/atomis.nl\/wp-content\/uploads\/2026\/03\/Cylus-50-black-300x300.png 300w, https:\/\/atomis.nl\/wp-content\/uploads\/2026\/03\/Cylus-50-black-150x150.png 150w, https:\/\/atomis.nl\/wp-content\/uploads\/2026\/03\/Cylus-50-black-768x768.png 768w, https:\/\/atomis.nl\/wp-content\/uploads\/2026\/03\/Cylus-50-black-140x140.png 140w, https:\/\/atomis.nl\/wp-content\/uploads\/2026\/03\/Cylus-50-black-100x100.png 100w, https:\/\/atomis.nl\/wp-content\/uploads\/2026\/03\/Cylus-50-black-500x500.png 500w, https:\/\/atomis.nl\/wp-content\/uploads\/2026\/03\/Cylus-50-black-350x350.png 350w, https:\/\/atomis.nl\/wp-content\/uploads\/2026\/03\/Cylus-50-black-1000x1000.png 1000w, https:\/\/atomis.nl\/wp-content\/uploads\/2026\/03\/Cylus-50-black-800x800.png 800w, https:\/\/atomis.nl\/wp-content\/uploads\/2026\/03\/Cylus-50-black.png 1024w\" sizes=\"auto, (max-width: 300px) 100vw, 300px\" \/><\/div>\n\t\t\t\t\t<div class=\"wc-block-grid__product-title\">Cylus 50 noir<\/div>\n\t\t\t\t<\/a>\n\t\t\t\t<div class=\"wc-block-grid__product-price price\"><\/div>\n\t\t\t\t\n\t\t\t\t<div class=\"wp-block-button wc-block-grid__product-add-to-cart\"><a href=\"https:\/\/atomis.nl\/fr\/produits\/cylus-50-noir\/\" aria-label=\"En savoir plus sur &ldquo;Cylus 50 noir&rdquo;\" data-quantity=\"1\" data-product_id=\"90871\" data-product_sku=\"\" data-price=\"0\" rel=\"nofollow\" class=\"wp-block-button__link  add_to_cart_button\">Lire la suite<\/a><\/div>\n\t\t\t<\/li><\/ul><\/div><\/div>\r\n<\/div>\r\n","protected":false},"excerpt":{"rendered":"&#13; Vous pourriez \u00eatre int\u00e9ress\u00e9 par\u2026&#13; \u00a0 \u00a0 &#13; Votre panier est actuellement vide !&#13; &#13; Nouveaut\u00e9s en boutique&#13;","protected":false},"author":1,"featured_media":0,"parent":0,"menu_order":0,"comment_status":"closed","ping_status":"closed","template":"","meta":{"footnotes":""},"class_list":["post-88138","page","type-page","status-publish"],"_links":{"self":[{"href":"https:\/\/atomis.nl\/fr\/wp-json\/wp\/v2\/pages\/88138","targetHints":{"allow":["GET"]}}],"collection":[{"href":"https:\/\/atomis.nl\/fr\/wp-json\/wp\/v2\/pages"}],"about":[{"href":"https:\/\/atomis.nl\/fr\/wp-json\/wp\/v2\/types\/page"}],"author":[{"embeddable":true,"href":"https:\/\/atomis.nl\/fr\/wp-json\/wp\/v2\/users\/1"}],"replies":[{"embeddable":true,"href":"https:\/\/atomis.nl\/fr\/wp-json\/wp\/v2\/comments?post=88138"}],"version-history":[{"count":0,"href":"https:\/\/atomis.nl\/fr\/wp-json\/wp\/v2\/pages\/88138\/revisions"}],"wp:attachment":[{"href":"https:\/\/atomis.nl\/fr\/wp-json\/wp\/v2\/media?parent=88138"}],"curies":[{"name":"wp","href":"https:\/\/api.w.org\/{rel}","templated":true}]}}