{"id":88298,"date":"2024-01-17T08:20:04","date_gmt":"2024-01-17T08:20:04","guid":{"rendered":"https:\/\/atomis.nl\/references-de-projets\/"},"modified":"2026-02-05T13:01:31","modified_gmt":"2026-02-05T13:01:31","slug":"references-de-projets","status":"publish","type":"page","link":"https:\/\/atomis.nl\/fr\/references-de-projets\/","title":{"rendered":"R\u00e9f\u00e9rences de projets"},"content":{"rendered":"[vc_row type=&#8221;in_container&#8221; full_screen_row_position=&#8221;middle&#8221; column_margin=&#8221;default&#8221; column_direction=&#8221;default&#8221; column_direction_tablet=&#8221;default&#8221; column_direction_phone=&#8221;default&#8221; scene_position=&#8221;center&#8221; text_color=&#8221;dark&#8221; text_align=&#8221;left&#8221; row_border_radius=&#8221;none&#8221; row_border_radius_applies=&#8221;bg&#8221; row_position_desktop=&#8221;default&#8221; row_position_tablet=&#8221;inherit&#8221; row_position_phone=&#8221;inherit&#8221; overflow=&#8221;visible&#8221; overlay_strength=&#8221;0.3&#8243; gradient_direction=&#8221;left_to_right&#8221; shape_divider_position=&#8221;bottom&#8221; bg_image_animation=&#8221;none&#8221;][vc_column column_padding=&#8221;no-extra-padding&#8221; column_padding_tablet=&#8221;inherit&#8221; column_padding_phone=&#8221;inherit&#8221; column_padding_position=&#8221;all&#8221; flex_gap_desktop=&#8221;10px&#8221; column_element_direction_desktop=&#8221;default&#8221; column_element_spacing=&#8221;default&#8221; desktop_text_alignment=&#8221;default&#8221; tablet_text_alignment=&#8221;default&#8221; phone_text_alignment=&#8221;default&#8221; background_color_opacity=&#8221;1&#8243; background_hover_color_opacity=&#8221;1&#8243; column_backdrop_filter=&#8221;none&#8221; column_shadow=&#8221;none&#8221; column_border_radius=&#8221;none&#8221; column_link_target=&#8221;_self&#8221; column_position=&#8221;default&#8221; gradient_direction=&#8221;left_to_right&#8221; overlay_strength=&#8221;0.3&#8243; width=&#8221;1\/1&#8243; tablet_width_inherit=&#8221;default&#8221; animation_type=&#8221;default&#8221; bg_image_animation=&#8221;none&#8221; border_type=&#8221;simple&#8221; column_border_width=&#8221;none&#8221; column_border_style=&#8221;solid&#8221;][vc_column_text css_animation=&#8221;fadeIn&#8221; css=&#8221;&#8221; text_direction=&#8221;default&#8221;]\n<h1 class=\"p1\"><b>R\u00c9F\u00c9RENCES DE PROJETS<\/b><b><\/b><\/h1>\n<p class=\"p2\">Atomis a r\u00e9alis\u00e9 de nombreux projets au fil des ann\u00e9es.<\/p>\n<p class=\"p2\">Ci-dessous une petite s\u00e9lection :<\/p>\n[\/vc_column_text][\/vc_column][\/vc_row][vc_row type=&#8221;in_container&#8221; full_screen_row_position=&#8221;middle&#8221; column_margin=&#8221;default&#8221; column_direction=&#8221;default&#8221; column_direction_tablet=&#8221;default&#8221; column_direction_phone=&#8221;default&#8221; scene_position=&#8221;center&#8221; text_color=&#8221;dark&#8221; text_align=&#8221;left&#8221; row_border_radius=&#8221;none&#8221; row_border_radius_applies=&#8221;bg&#8221; row_position_desktop=&#8221;default&#8221; row_position_tablet=&#8221;inherit&#8221; row_position_phone=&#8221;inherit&#8221; overflow=&#8221;visible&#8221; overlay_strength=&#8221;0.3&#8243; gradient_direction=&#8221;left_to_right&#8221; shape_divider_position=&#8221;bottom&#8221; bg_image_animation=&#8221;none&#8221;][vc_column column_padding=&#8221;no-extra-padding&#8221; column_padding_tablet=&#8221;inherit&#8221; column_padding_phone=&#8221;inherit&#8221; column_padding_position=&#8221;all&#8221; flex_gap_desktop=&#8221;10px&#8221; column_element_direction_desktop=&#8221;default&#8221; column_element_spacing=&#8221;default&#8221; desktop_text_alignment=&#8221;default&#8221; tablet_text_alignment=&#8221;default&#8221; phone_text_alignment=&#8221;default&#8221; background_color_opacity=&#8221;1&#8243; background_hover_color_opacity=&#8221;1&#8243; column_backdrop_filter=&#8221;none&#8221; column_shadow=&#8221;none&#8221; column_border_radius=&#8221;none&#8221; column_link_target=&#8221;_self&#8221; column_position=&#8221;default&#8221; gradient_direction=&#8221;left_to_right&#8221; overlay_strength=&#8221;0.3&#8243; width=&#8221;1\/4&#8243; tablet_width_inherit=&#8221;default&#8221; animation_type=&#8221;default&#8221; bg_image_animation=&#8221;none&#8221; border_type=&#8221;simple&#8221; column_border_width=&#8221;none&#8221; column_border_style=&#8221;solid&#8221;][vc_column_text css=&#8221;&#8221; text_direction=&#8221;default&#8221;]\n<h3>Soins de sant\u00e9<\/h3>\n<ul>\n<li>Centre dentaire Arnhem Nord<\/li>\n<li>UMCG, Groningue<\/li>\n<li>Westerlicht Alkmaar<\/li>\n<li>RDC VUMC, Amsterdam<\/li>\n<li>Poste d&#8217;ambulance \u00e0 Tiel<\/li>\n<li>GGD, Leyde<\/li>\n<li>Marienburg\/Mari\u00ebnheuvel, maison de retraite<\/li>\n<li>Heliomare Wijk aan Zee, centre de r\u00e9\u00e9ducation<\/li>\n<\/ul>\n<h3>HORECA<\/h3>\n<ul>\n<li>Waldorf Astoria, Amsterdam<\/li>\n<li>Blooming Hotel \u00e0 Bergen Piscine<\/li>\n<li>Hyatt Place Hotel, Hoofddorp<\/li>\n<\/ul>\n[\/vc_column_text][\/vc_column][vc_column column_padding=&#8221;no-extra-padding&#8221; column_padding_tablet=&#8221;inherit&#8221; column_padding_phone=&#8221;inherit&#8221; column_padding_position=&#8221;all&#8221; flex_gap_desktop=&#8221;10px&#8221; column_element_direction_desktop=&#8221;default&#8221; column_element_spacing=&#8221;default&#8221; desktop_text_alignment=&#8221;default&#8221; tablet_text_alignment=&#8221;default&#8221; phone_text_alignment=&#8221;default&#8221; background_color_opacity=&#8221;1&#8243; background_hover_color_opacity=&#8221;1&#8243; column_backdrop_filter=&#8221;none&#8221; column_shadow=&#8221;none&#8221; column_border_radius=&#8221;none&#8221; column_link_target=&#8221;_self&#8221; column_position=&#8221;default&#8221; gradient_direction=&#8221;left_to_right&#8221; overlay_strength=&#8221;0.3&#8243; width=&#8221;1\/4&#8243; tablet_width_inherit=&#8221;default&#8221; animation_type=&#8221;default&#8221; bg_image_animation=&#8221;none&#8221; border_type=&#8221;simple&#8221; column_border_width=&#8221;none&#8221; column_border_style=&#8221;solid&#8221;][vc_column_text css=&#8221;&#8221; text_direction=&#8221;default&#8221;]\n<h3>BUREAUX<\/h3>\n<ul>\n<li>Weena, Rotterdam<\/li>\n<li>WTC, Amsterdam<\/li>\n<li>Zuyderbos, Heerhugowaard<\/li>\n<li>Stek, Hillegom<\/li>\n<li>Talboom, Breda<\/li>\n<li>Tata steel<\/li>\n<li>Tauro, La Haye<\/li>\n<li>The Mark, Rotterdam<\/li>\n<li>Secoya, Utrecht<\/li>\n<li>Rijnijsel, Alexanderstraat 35 Arnhem<\/li>\n<li>Runway II, Etten Leur<\/li>\n<li>WVBR<\/li>\n<li>Immeuble de bureaux Ronde tocht 11, Zaandam<\/li>\n<li>Bureau de service OVO, Leeuwarden<\/li>\n<li>Pieter Calandlaan 1 Amsterdam<\/li>\n<li>Plesmanduin, La Haye<\/li>\n<li>Plus Ultra Amsterdam<\/li>\n<li>PMT B\u00e2timent Anderlechtlaan, Amsterdam<\/li>\n<li>MOJO, Amsterdam<\/li>\n<li>MOJO BG Amsterdam<\/li>\n<li>Nestl\u00e9, Amstelveen<\/li>\n<li>Nikon, Amstelveen<\/li>\n<li>ODBN, Bois-le-Duc<\/li>\n<li>Genmab, Utrecht<\/li>\n<li>GLP, Lelystad<\/li>\n<li>Headquarters, La Haye<\/li>\n<li>Hecht Parmatierweg, Leyde<\/li>\n<li>Herengracht 598-600, Amsterdam<\/li>\n<li>LOA, Emmen<\/li>\n<li>The Pavilion, Amsterdam<\/li>\n<li>Europalaan, Utrecht<\/li>\n<li>Europalaan 40, Utrecht b\u00e2timent B<\/li>\n<li>Gelux, Luxembourg<\/li>\n<li>Daalsesingel Utrecht<\/li>\n<li>DPG Media, Amsterdam<\/li>\n<li>Hotel des Douanes, Bruxelles<\/li>\n<li>Coare, Amsterdam<\/li>\n<li>Booking.com, Amsterdam<\/li>\n<li>British American Tobacco<\/li>\n<li>Cascade Rijksvastgoed, Groningue<\/li>\n<li>Cascade-UWV, Groningue<\/li>\n<li>Blaak 28, \u00e0 Rotterdam<\/li>\n<li>ASICS, Hoofddorp<\/li>\n<li>Avenue Building \u00e0 Hoofddorp<\/li>\n<li>BCEE, Luxembourg<\/li>\n<li>Bejo zaden, Warmenhuizen<\/li>\n<li>2Amsterdam<\/li>\n<li>Accelerator, Utrecht<\/li>\n<li>AKN (Avro, KRO, NCRV)<\/li>\n<li>Alfa kantoor, Wageningen<\/li>\n<li>Krinkels, Breda<\/li>\n<li>Seats 2 meet, Tilburg<\/li>\n<li>Dudokhuis, Velsen-Noord<\/li>\n<li>Shimano, Eindhoven<\/li>\n<li>Rabobank La Haye<\/li>\n<li>Then Thirty Amstelveen<\/li>\n<li>Crossover, Amsterdam<\/li>\n<li>Heutink, Nijverdal<\/li>\n<li>Century Center, Anvers<\/li>\n<li>City Road 225, Londres<\/li>\n<li>Daalsesingel 71<\/li>\n<li>Copernicus, Bruxelles<\/li>\n<li>Holbeinhuis, Rotterdam<\/li>\n<li>Asics, Hoofddorp<\/li>\n<li>Menzis, Groningue<\/li>\n<li>Belliard 9, Bruxelles<\/li>\n<li>Green Court, Gand<\/li>\n<li>Mobius Toren, Bruxelles<\/li>\n<li>Accelerator,Utrecht<\/li>\n<li>Souverain 25, Bruxelles<\/li>\n<li>Plus ultra, Amsterdam<\/li>\n<li>Flamco, Almere<\/li>\n<li>PostNL, La Haye<\/li>\n<li>Kantoor London, Amsterdam<\/li>\n<li>Mercator, Anvers<\/li>\n<li>Rijn IJssel, Arnhem<\/li>\n<li>Blaak 28, Rotterdam<\/li>\n<li>DPG Media, Amsterdam<\/li>\n<li>WBVR, Lelystad<\/li>\n<li>AXS, Namur<\/li>\n<li>ODBN, Bois-le-Duc<\/li>\n<li>Cascadeplein, Groningue<\/li>\n<li>Moonar, Luxembourg<\/li>\n<\/ul>\n[\/vc_column_text][\/vc_column][vc_column column_padding=&#8221;no-extra-padding&#8221; column_padding_tablet=&#8221;inherit&#8221; column_padding_phone=&#8221;inherit&#8221; column_padding_position=&#8221;all&#8221; flex_gap_desktop=&#8221;10px&#8221; column_element_direction_desktop=&#8221;default&#8221; column_element_spacing=&#8221;default&#8221; desktop_text_alignment=&#8221;default&#8221; tablet_text_alignment=&#8221;default&#8221; phone_text_alignment=&#8221;default&#8221; background_color_opacity=&#8221;1&#8243; background_hover_color_opacity=&#8221;1&#8243; column_backdrop_filter=&#8221;none&#8221; column_shadow=&#8221;none&#8221; column_border_radius=&#8221;none&#8221; column_link_target=&#8221;_self&#8221; column_position=&#8221;default&#8221; gradient_direction=&#8221;left_to_right&#8221; overlay_strength=&#8221;0.3&#8243; width=&#8221;1\/4&#8243; tablet_width_inherit=&#8221;default&#8221; animation_type=&#8221;default&#8221; bg_image_animation=&#8221;none&#8221; border_type=&#8221;simple&#8221; column_border_width=&#8221;none&#8221; column_border_style=&#8221;solid&#8221;][vc_column_text css=&#8221;&#8221; text_direction=&#8221;default&#8221;]\n<h3>Espaces publics<\/h3>\n<ul>\n<li>Hall de d\u00e9part de Schiphol<\/li>\n<li>H\u00f4tel de ville d&#8217;Eindhoven<\/li>\n<li>Commissariat Flierbosdreef 15, Amsterdam<\/li>\n<li>Commissariat Zetterij 6 \u00e0 Amstelveen<\/li>\n<li>Commissariat Burgwallen, Amsterdam<\/li>\n<li>Commissariat de Pijp, Amsterdam<\/li>\n<li>OTC Kmar Caserne Koning Willem III, Apeldoorn<\/li>\n<li>Commune de Deurne<\/li>\n<li>Mairie de Lansingerland<\/li>\n<li>Mairie d&#8217;Alblasserdam<\/li>\n<li>Mairie d&#8217;Alphen aan de Rijn<\/li>\n<li>Mairie de Dokkum<\/li>\n<li>Mairie de Dronten<\/li>\n<li>Mairie de Heerhugowaard Ailes A3, D1, E2 et E3<\/li>\n<li>Mairie de Voorst \u00e0 Twello<\/li>\n<li>Mairie Gooise merenCentre du patrimoine de la police d\u2019Anvers<\/li>\n<li>H\u00f4tel de ville, Apeldoorn<\/li>\n<li>AA en Maas, Brabant-Septentrional<\/li>\n<li>Tribunal d&#8217;Assen<\/li>\n<li>Dunea, La Haye<\/li>\n<li>Dunea, Zoetermeer<\/li>\n<li>Paleiskwartier o de Office, Bois-le-Duc<\/li>\n<li>PI HHWCascade Rijksvastgoed, Groningue<\/li>\n<li>Cascade-UWV, Groningue<\/li>\n<li>Emmasingel \u00e0 Groningue<\/li>\n<li>Graadt van Roggeweg 500 \u00e0 Utrecht Service des imp\u00f4ts<\/li>\n<li>Graadt van Roggeweg 300 \u00e0 Utrecht<\/li>\n<li>Centre de coordination nautique Port d&#8217;Amsterdam<\/li>\n<li>IMEC, Gand<\/li>\n<li>IMEC, Louvain<\/li>\n<\/ul>\n[\/vc_column_text][\/vc_column][vc_column column_padding=&#8221;no-extra-padding&#8221; column_padding_tablet=&#8221;inherit&#8221; column_padding_phone=&#8221;inherit&#8221; column_padding_position=&#8221;all&#8221; flex_gap_desktop=&#8221;10px&#8221; column_element_direction_desktop=&#8221;default&#8221; column_element_spacing=&#8221;default&#8221; desktop_text_alignment=&#8221;default&#8221; tablet_text_alignment=&#8221;default&#8221; phone_text_alignment=&#8221;default&#8221; background_color_opacity=&#8221;1&#8243; background_hover_color_opacity=&#8221;1&#8243; column_backdrop_filter=&#8221;none&#8221; column_shadow=&#8221;none&#8221; column_border_radius=&#8221;none&#8221; column_link_target=&#8221;_self&#8221; column_position=&#8221;default&#8221; gradient_direction=&#8221;left_to_right&#8221; overlay_strength=&#8221;0.3&#8243; width=&#8221;1\/4&#8243; tablet_width_inherit=&#8221;default&#8221; animation_type=&#8221;default&#8221; bg_image_animation=&#8221;none&#8221; border_type=&#8221;simple&#8221; column_border_width=&#8221;none&#8221; column_border_style=&#8221;solid&#8221;][vc_column_text css=&#8221;&#8221; text_direction=&#8221;default&#8221;]\n<h3>VENTE AU D\u00c9TAIL<\/h3>\n<ul>\n<li>Mus\u00e9e Teylers, Haarlem<\/li>\n<li>Vlisco, Accra<\/li>\n<li>Ecco Lijnbaan, Rotterdam<\/li>\n<li>Ecco Leidsestraat, Amsterdam<\/li>\n<li>Bruna, Almere<\/li>\n<\/ul>\n<h3>\u00c9COLES ET UNIVERSIT\u00c9S<\/h3>\n<ul>\n<li>VU Amsterdam<\/li>\n<li>TU Delft<\/li>\n<li>Universit\u00e9 Radboud, Nim\u00e8gue<\/li>\n<li>Universit\u00e9 d&#8217;Utrecht<\/li>\n<li>RUG Droit, Groningue<\/li>\n<li>RUG Groningue<\/li>\n<li>B\u00e2timent Rietveld, Amsterdam<\/li>\n<li>Universit\u00e9 Erasmus<\/li>\n<li>\u00c9cole de Vlieger Purmerend<\/li>\n<li>\u00c9cole primaire de Vlieger<\/li>\n<li>\u00c9cole Bredepark, Vianen<\/li>\n<li>\u00c9cole Brede Amstelmeer<\/li>\n<li>Bureaux Green village, TU Delft<\/li>\n<li>B\u00e2timent Kop, Dordrecht<\/li>\n<li>Mus\u00e9e Teylers, Haarlem<\/li>\n<li>Mus\u00e9e de Drenthe la r\u00e9sidence de campagne, Eelde<\/li>\n<li>Huis Marseille, Amsterdam<\/li>\n<li>Mus\u00e9e d&#8217;art de La Haye, La Haye<\/li>\n<li>Moco Museum, Amsterdam<\/li>\n<li>Mus\u00e9e central d&#8217;Utrecht, Utrecht<\/li>\n<li>Mus\u00e9e municipal de Rhenen, Rhenen<\/li>\n<li>Artis, Amsterdam<\/li>\n<li>KM21, La Haye<\/li>\n<li>Centre d&#8217;information r\u00e9novation du Binnenhof, La Haye<\/li>\n<li>Mauritshuis, La Haye<\/li>\n<li>Studio Nemo, Amsterdam<\/li>\n<li>Centre du patrimoine police d&#8217;Anvers, Anvers<\/li>\n<li>Mus\u00e9e Marker, Marker<\/li>\n<li>Mus\u00e9e de Pelgrim, Oldenzaal<\/li>\n<li>Mus\u00e9e Marius van Dokkum, Harderwijk<\/li>\n<li>Mus\u00e9e Van Gogh, Amsterdam<\/li>\n<li>Orphelinat Elisabeth, Culemborg<\/li>\n<li>Prinsenhof, Delft<\/li>\n<li>Mus\u00e9e de la photographie, La Haye<\/li>\n<li>Naturalis, Leyde<\/li>\n<li>Mus\u00e9e municipal d&#8217;Amsterdam, Amsterdam<\/li>\n<li>Mus\u00e9e municipal de Harderwijk, Harderwijk<\/li>\n<li><span style=\"font-size: 10.5pt;font-family: 'Segoe UI',sans-serif\">Mus\u00e9e du chemin de fer, Utrecht<\/span><\/li>\n<li>Zuiderzeemuseum, Enkhuizen<\/li>\n<li><span style=\"font-size: 10.5pt;font-family: 'Segoe UI',sans-serif\">Nieuwe Instituut, Rotterdam<\/span><\/li>\n<li><span style=\"font-size: 10.5pt;font-family: 'Segoe UI',sans-serif\">Panorama Mesdag, La Haye<\/span><\/li>\n<li><span style=\"font-size: 10.5pt;font-family: 'Segoe UI',sans-serif\">Drenths Museum, Assen<\/span><\/li>\n<\/ul>\n[\/vc_column_text][\/vc_column][\/vc_row][vc_row type=&#8221;full_width_background&#8221; full_screen_row_position=&#8221;middle&#8221; column_margin=&#8221;50px&#8221; column_direction=&#8221;default&#8221; column_direction_tablet=&#8221;default&#8221; column_direction_phone=&#8221;default&#8221; bg_color=&#8221;#EBE9E9&#8243; scene_position=&#8221;center&#8221; top_padding=&#8221;100&#8243; text_color=&#8221;dark&#8221; text_align=&#8221;left&#8221; row_border_radius=&#8221;none&#8221; row_border_radius_applies=&#8221;bg&#8221; row_position_desktop=&#8221;default&#8221; row_position_tablet=&#8221;inherit&#8221; row_position_phone=&#8221;inherit&#8221; overflow=&#8221;visible&#8221; overlay_strength=&#8221;0.3&#8243; gradient_direction=&#8221;left_to_right&#8221; shape_divider_position=&#8221;bottom&#8221; bg_image_animation=&#8221;none&#8221; gradient_type=&#8221;default&#8221; shape_type=&#8221;&#8221;][vc_column column_padding=&#8221;no-extra-padding&#8221; column_padding_tablet=&#8221;inherit&#8221; column_padding_phone=&#8221;inherit&#8221; column_padding_position=&#8221;all&#8221; flex_gap_desktop=&#8221;10px&#8221; column_element_direction_desktop=&#8221;default&#8221; column_element_spacing=&#8221;default&#8221; desktop_text_alignment=&#8221;default&#8221; tablet_text_alignment=&#8221;default&#8221; phone_text_alignment=&#8221;default&#8221; background_color_opacity=&#8221;1&#8243; background_hover_color_opacity=&#8221;1&#8243; column_backdrop_filter=&#8221;none&#8221; column_shadow=&#8221;none&#8221; column_border_radius=&#8221;none&#8221; column_link_target=&#8221;_self&#8221; column_position=&#8221;default&#8221; gradient_direction=&#8221;left_to_right&#8221; overlay_strength=&#8221;0.3&#8243; width=&#8221;1\/2&#8243; tablet_width_inherit=&#8221;default&#8221; animation_type=&#8221;default&#8221; bg_image_animation=&#8221;none&#8221; border_type=&#8221;simple&#8221; column_border_width=&#8221;none&#8221; column_border_style=&#8221;solid&#8221;][vc_column_text css=&#8221;&#8221; text_direction=&#8221;default&#8221;]En savoir plus ?<\/p>\n<p>Contactez-nous<\/p>\n<p>&nbsp;[\/vc_column_text][\/vc_column][vc_column column_padding=&#8221;no-extra-padding&#8221; column_padding_tablet=&#8221;inherit&#8221; column_padding_phone=&#8221;inherit&#8221; column_padding_position=&#8221;all&#8221; flex_gap_desktop=&#8221;10px&#8221; column_element_direction_desktop=&#8221;default&#8221; column_element_spacing=&#8221;default&#8221; desktop_text_alignment=&#8221;default&#8221; tablet_text_alignment=&#8221;default&#8221; phone_text_alignment=&#8221;default&#8221; background_color_opacity=&#8221;1&#8243; background_hover_color_opacity=&#8221;1&#8243; column_backdrop_filter=&#8221;none&#8221; column_shadow=&#8221;none&#8221; column_border_radius=&#8221;none&#8221; column_link_target=&#8221;_self&#8221; column_position=&#8221;default&#8221; gradient_direction=&#8221;left_to_right&#8221; overlay_strength=&#8221;0.3&#8243; width=&#8221;1\/2&#8243; tablet_width_inherit=&#8221;default&#8221; animation_type=&#8221;default&#8221; bg_image_animation=&#8221;none&#8221; border_type=&#8221;simple&#8221; column_border_width=&#8221;none&#8221; column_border_style=&#8221;solid&#8221;]\n<div class=\"wpcf7 no-js\" id=\"wpcf7-f16911-o1\" lang=\"fr-FR\" dir=\"ltr\" data-wpcf7-id=\"16911\">\n<div class=\"screen-reader-response\"><p role=\"status\" aria-live=\"polite\" aria-atomic=\"true\"><\/p> <ul><\/ul><\/div>\n<form action=\"\/fr\/wp-json\/wp\/v2\/pages\/88298#wpcf7-f16911-o1\" method=\"post\" class=\"wpcf7-form init\" aria-label=\"Formulaire de contact\" novalidate=\"novalidate\" data-status=\"init\">\n<fieldset class=\"hidden-fields-container\"><input type=\"hidden\" name=\"_wpcf7\" value=\"16911\" \/><input type=\"hidden\" name=\"_wpcf7_version\" value=\"6.1.5\" \/><input type=\"hidden\" name=\"_wpcf7_locale\" value=\"fr_FR\" \/><input type=\"hidden\" name=\"_wpcf7_unit_tag\" value=\"wpcf7-f16911-o1\" \/><input type=\"hidden\" name=\"_wpcf7_container_post\" value=\"0\" \/><input type=\"hidden\" name=\"_wpcf7_posted_data_hash\" value=\"\" \/>\n<\/fieldset>\n<p><label> Votre nom<br \/>\n<span class=\"wpcf7-form-control-wrap\" data-name=\"your-name\"><input size=\"40\" maxlength=\"400\" class=\"wpcf7-form-control wpcf7-text wpcf7-validates-as-required\" aria-required=\"true\" aria-invalid=\"false\" value=\"\" type=\"text\" name=\"your-name\" \/><\/span> <\/label>\n<\/p>\n<p><label> Votre e-mail<br \/>\n<span class=\"wpcf7-form-control-wrap\" data-name=\"your-email\"><input size=\"40\" maxlength=\"400\" class=\"wpcf7-form-control wpcf7-email wpcf7-validates-as-required wpcf7-text wpcf7-validates-as-email\" aria-required=\"true\" aria-invalid=\"false\" value=\"\" type=\"email\" name=\"your-email\" \/><\/span> <\/label>\n<\/p>\n<p><label> Sujet<br \/>\n<span class=\"wpcf7-form-control-wrap\" data-name=\"your-subject\"><input size=\"40\" maxlength=\"400\" class=\"wpcf7-form-control wpcf7-text wpcf7-validates-as-required\" aria-required=\"true\" aria-invalid=\"false\" value=\"\" type=\"text\" name=\"your-subject\" \/><\/span> <\/label>\n<\/p>\n<p><label> Votre message (facultatif)<br \/>\n<span class=\"wpcf7-form-control-wrap\" data-name=\"your-message\"><textarea cols=\"40\" rows=\"10\" maxlength=\"2000\" class=\"wpcf7-form-control wpcf7-textarea\" aria-invalid=\"false\" name=\"your-message\"><\/textarea><\/span> <\/label>\n<\/p>\n<p><input class=\"wpcf7-form-control wpcf7-submit has-spinner\" type=\"submit\" value=\"Envoyer\" \/>\n<\/p><p style=\"display: none !important;\" class=\"akismet-fields-container\" data-prefix=\"_wpcf7_ak_\"><label>&#916;<textarea name=\"_wpcf7_ak_hp_textarea\" cols=\"45\" rows=\"8\" maxlength=\"100\"><\/textarea><\/label><input type=\"hidden\" id=\"ak_js_1\" name=\"_wpcf7_ak_js\" value=\"142\"\/><script>document.getElementById( \"ak_js_1\" ).setAttribute( \"value\", ( new Date() ).getTime() );<\/script><\/p><div class=\"wpcf7-response-output\" aria-hidden=\"true\"><\/div>\n<\/form>\n<\/div>\n[\/vc_column][\/vc_row]\n","protected":false},"excerpt":{"rendered":"<p>[vc_row type=&#8221;in_container&#8221; full_screen_row_position=&#8221;middle&#8221; column_margin=&#8221;default&#8221; column_direction=&#8221;default&#8221; column_direction_tablet=&#8221;default&#8221; column_direction_phone=&#8221;default&#8221; scene_position=&#8221;center&#8221; text_color=&#8221;dark&#8221; text_align=&#8221;left&#8221; row_border_radius=&#8221;none&#8221; row_border_radius_applies=&#8221;bg&#8221; row_position_desktop=&#8221;default&#8221; row_position_tablet=&#8221;inherit&#8221; row_position_phone=&#8221;inherit&#8221; overflow=&#8221;visible&#8221; overlay_strength=&#8221;0.3&#8243; gradient_direction=&#8221;left_to_right&#8221; shape_divider_position=&#8221;bottom&#8221; bg_image_animation=&#8221;none&#8221;][vc_column column_padding=&#8221;no-extra-padding&#8221; column_padding_tablet=&#8221;inherit&#8221; column_padding_phone=&#8221;inherit&#8221; column_padding_position=&#8221;all&#8221; flex_gap_desktop=&#8221;10px&#8221; column_element_direction_desktop=&#8221;default&#8221; column_element_spacing=&#8221;default&#8221; desktop_text_alignment=&#8221;default&#8221; tablet_text_alignment=&#8221;default&#8221; phone_text_alignment=&#8221;default&#8221;&#8230;<\/p>\n","protected":false},"author":4,"featured_media":0,"parent":0,"menu_order":0,"comment_status":"closed","ping_status":"closed","template":"","meta":{"footnotes":""},"class_list":["post-88298","page","type-page","status-publish"],"_links":{"self":[{"href":"https:\/\/atomis.nl\/fr\/wp-json\/wp\/v2\/pages\/88298","targetHints":{"allow":["GET"]}}],"collection":[{"href":"https:\/\/atomis.nl\/fr\/wp-json\/wp\/v2\/pages"}],"about":[{"href":"https:\/\/atomis.nl\/fr\/wp-json\/wp\/v2\/types\/page"}],"author":[{"embeddable":true,"href":"https:\/\/atomis.nl\/fr\/wp-json\/wp\/v2\/users\/4"}],"replies":[{"embeddable":true,"href":"https:\/\/atomis.nl\/fr\/wp-json\/wp\/v2\/comments?post=88298"}],"version-history":[{"count":0,"href":"https:\/\/atomis.nl\/fr\/wp-json\/wp\/v2\/pages\/88298\/revisions"}],"wp:attachment":[{"href":"https:\/\/atomis.nl\/fr\/wp-json\/wp\/v2\/media?parent=88298"}],"curies":[{"name":"wp","href":"https:\/\/api.w.org\/{rel}","templated":true}]}}