{"id":88352,"date":"2019-12-09T06:34:31","date_gmt":"2019-12-09T06:34:31","guid":{"rendered":"https:\/\/atomis.nl\/declaration-de-confidentialite\/"},"modified":"2026-02-27T20:41:21","modified_gmt":"2026-02-27T20:41:21","slug":"declaration-de-confidentialite","status":"publish","type":"page","link":"https:\/\/atomis.nl\/fr\/declaration-de-confidentialite\/","title":{"rendered":"D\u00e9claration de confidentialit\u00e9"},"content":{"rendered":"[vc_row type=&#8221;in_container&#8221; full_screen_row_position=&#8221;middle&#8221; column_margin=&#8221;default&#8221; column_direction=&#8221;default&#8221; column_direction_tablet=&#8221;default&#8221; column_direction_phone=&#8221;default&#8221; scene_position=&#8221;center&#8221; text_color=&#8221;dark&#8221; text_align=&#8221;left&#8221; row_border_radius=&#8221;none&#8221; row_border_radius_applies=&#8221;bg&#8221; row_position_desktop=&#8221;default&#8221; row_position_tablet=&#8221;inherit&#8221; row_position_phone=&#8221;inherit&#8221; overflow=&#8221;visible&#8221; overlay_strength=&#8221;0.3&#8243; gradient_direction=&#8221;left_to_right&#8221; shape_divider_position=&#8221;bottom&#8221; bg_image_animation=&#8221;none&#8221;][vc_column column_padding=&#8221;no-extra-padding&#8221; column_padding_tablet=&#8221;inherit&#8221; column_padding_phone=&#8221;inherit&#8221; column_padding_position=&#8221;all&#8221; flex_gap_desktop=&#8221;10px&#8221; column_element_direction_desktop=&#8221;default&#8221; column_element_spacing=&#8221;default&#8221; desktop_text_alignment=&#8221;default&#8221; tablet_text_alignment=&#8221;default&#8221; phone_text_alignment=&#8221;default&#8221; background_color_opacity=&#8221;1&#8243; background_hover_color_opacity=&#8221;1&#8243; column_backdrop_filter=&#8221;none&#8221; column_shadow=&#8221;none&#8221; column_border_radius=&#8221;none&#8221; column_link_target=&#8221;_self&#8221; column_position=&#8221;default&#8221; gradient_direction=&#8221;left_to_right&#8221; overlay_strength=&#8221;0.3&#8243; width=&#8221;1\/1&#8243; tablet_width_inherit=&#8221;default&#8221; animation_type=&#8221;default&#8221; bg_image_animation=&#8221;none&#8221; border_type=&#8221;simple&#8221; column_border_width=&#8221;none&#8221; column_border_style=&#8221;solid&#8221;][vc_column_text css=&#8221;&#8221; text_direction=&#8221;default&#8221;]\n<h1>D\u00e9claration de confidentialit\u00e9<\/h1>\n<p><strong>Atomis BV<\/strong>, situ\u00e9e Jadelaan 33 2132 XX Hoofddorp, est responsable du traitement des donn\u00e9es personnelles tel qu&#8217;il est indiqu\u00e9 dans cette d\u00e9claration de confidentialit\u00e9.<\/p>\n<p><strong>Coordonn\u00e9es :<\/strong><br \/>\nJadelaan 33<br \/>\n2132 XX Hoofddorp<br \/>\n+ 31 (0)23 554 09 20<br \/>\nLe service client est le d\u00e9l\u00e9gu\u00e9 \u00e0 la protection des donn\u00e9es d&#8217;Atomis BV. Il\/elle peut \u00eatre contact\u00e9(e) via info@atomis.nl<\/p>\n<p><strong>Donn\u00e9es personnelles que nous traitons<\/strong><br \/>\nAtomis BV traite vos donn\u00e9es personnelles parce que vous utilisez nos services et\/ou parce que vous nous les fournissez vous-m\u00eame.<\/p>\n<p>Vous trouverez ci-dessous un aper\u00e7u des donn\u00e9es personnelles que nous traitons:<br \/>\n&#8211; Pr\u00e9nom et nom de famille<br \/>\n&#8211; Adresse<br \/>\n&#8211; Num\u00e9ro de t\u00e9l\u00e9phone<br \/>\n&#8211; Adresse e-mail<br \/>\n&#8211; Autres donn\u00e9es personnelles que vous fournissez activement, par exemple en cr\u00e9ant un profil sur ce site web, dans la correspondance et par t\u00e9l\u00e9phone<br \/>\n&#8211; Navigateur internet et type d&#8217;appareil<\/p>\n<p><strong>Donn\u00e9es personnelles particuli\u00e8res et\/ou sensibles que nous traitons<\/strong><br \/>\nNotre site web et\/ou service n&#8217;a pas l&#8217;intention de collecter des donn\u00e9es sur les visiteurs du site web \u00e2g\u00e9s de moins de 16 ans. Sauf s&#8217;ils ont l&#8217;autorisation de leurs parents ou tuteurs. Nous ne pouvons cependant pas v\u00e9rifier si un visiteur a plus de 16 ans. Nous conseillons donc aux parents de s&#8217;impliquer dans les activit\u00e9s en ligne de leurs enfants, afin d&#8217;\u00e9viter que des donn\u00e9es sur les enfants soient collect\u00e9es sans autorisation parentale. Si vous \u00eates convaincu que nous avons collect\u00e9 des donn\u00e9es personnelles sur un mineur sans cette autorisation, veuillez nous contacter via info@atomis.nl, nous supprimerons alors ces informations.    <\/p>\n<p><strong>Dans quel but et sur quelle base nous traitons les donn\u00e9es personnelles<\/strong><br \/>\nAtomis BV traite vos donn\u00e9es personnelles aux fins suivantes :<br \/>\n&#8211; Traitement de votre paiement<br \/>\n&#8211; Envoi de notre newsletter et\/ou de notre prospectus publicitaire<br \/>\n&#8211; Pouvoir vous appeler ou vous envoyer un e-mail si cela est n\u00e9cessaire pour pouvoir ex\u00e9cuter nos services<br \/>\n&#8211; Vous informer des modifications de nos services et produits<br \/>\n&#8211; Vous offrir la possibilit\u00e9 de cr\u00e9er un compte<br \/>\n&#8211; Pour vous livrer des biens et des services<br \/>\n&#8211; Atomis BV analyse votre comportement sur le site web afin d&#8217;am\u00e9liorer le site web et d&#8217;adapter l&#8217;offre de produits et de services \u00e0 vos pr\u00e9f\u00e9rences.<br \/>\n&#8211; Atomis BV traite \u00e9galement les donn\u00e9es personnelles si nous y sommes l\u00e9galement tenus, telles que les donn\u00e9es dont nous avons besoin pour notre d\u00e9claration d&#8217;imp\u00f4ts.<\/p>\n<p><strong>Prise de d\u00e9cision automatis\u00e9e<\/strong><br \/>\nAtomis BV prend #responsibility sur la base de traitements automatis\u00e9s des d\u00e9cisions concernant des questions qui peuvent avoir des cons\u00e9quences (importantes) pour les personnes. Il s&#8217;agit ici de d\u00e9cisions prises par des programmes ou syst\u00e8mes informatiques, sans qu&#8217;un humain (par exemple un employ\u00e9 d&#8217;Atomis BV) n&#8217;intervienne. Atomis BV utilise les programmes ou syst\u00e8mes informatiques suivants :  <\/p>\n<p><strong>Dur\u00e9e de conservation des donn\u00e9es personnelles<br \/>\n<\/strong>Atomis BV ne conserve vos donn\u00e9es personnelles pas plus longtemps que strictement n\u00e9cessaire pour r\u00e9aliser les objectifs pour lesquels vos donn\u00e9es sont collect\u00e9es. Nous appliquons les d\u00e9lais de conservation prescrits par la loi. <\/p>\n<p><strong>Partage de donn\u00e9es personnelles avec des tiers<\/strong><br \/>\nAtomis BV ne fournit des donn\u00e9es qu&#8217;\u00e0 des tiers et seulement si cela est n\u00e9cessaire pour l&#8217;ex\u00e9cution de notre accord avec vous ou pour respecter une obligation l\u00e9gale.<\/p>\n<p><strong>Cookies, ou techniques similaires, que nous utilisons<\/strong><br \/>\nAtomis BV utilise des cookies fonctionnels, analytiques et de suivi. Un cookie est un petit fichier texte qui est stock\u00e9 dans le navigateur de votre ordinateur, tablette ou smartphone lors de la premi\u00e8re visite de ce site web. Atomis BV utilise des cookies avec une fonctionnalit\u00e9 purement technique. Ceux-ci garantissent que le site web fonctionne correctement et que, par exemple, vos param\u00e8tres de pr\u00e9f\u00e9rence sont m\u00e9moris\u00e9s. Ces cookies sont \u00e9galement utilis\u00e9s pour faire fonctionner correctement le site web et pouvoir l&#8217;optimiser. De plus, nous pla\u00e7ons des cookies qui suivent votre comportement de navigation afin que nous puissions offrir du contenu et des publicit\u00e9s personnalis\u00e9s.     <\/p>\n<p>Lors de votre premi\u00e8re visite sur notre site web, nous vous avons d\u00e9j\u00e0 inform\u00e9 de ces cookies et vous avons demand\u00e9 l&#8217;autorisation de les placer.<\/p>\n<p>Vous pouvez vous d\u00e9sinscrire des cookies en configurant votre navigateur internet de mani\u00e8re \u00e0 ce qu&#8217;il ne stocke plus de cookies. De plus, vous pouvez \u00e9galement supprimer toutes les informations qui ont \u00e9t\u00e9 stock\u00e9es pr\u00e9c\u00e9demment via les param\u00e8tres de votre navigateur. <\/p>\n<p>Voir pour une explication : https:\/\/veiliginternetten.nl\/themes\/situatie\/cookies-wat-zijn-het-en-wat-doe-ik-ermee\/<\/p>\n<p>Des cookies sont \u00e9galement plac\u00e9s sur ce site web par des tiers. Il s&#8217;agit par exemple d&#8217;annonceurs et\/ou d&#8217;entreprises de m\u00e9dias sociaux. Vous trouverez ci-dessous un aper\u00e7u :  <\/p>\n[ Par exemple :<br \/>\nCookie : Googly Analytics<br \/>\nNom : _utma<br \/>\nFonction : Cookie analytique qui mesure la visite du site web<br \/>\nD\u00e9lai de conservation : 2 ans ]\n<p><strong>D\u00e9claration de confidentialit\u00e9 Consulter, modifier ou supprimer des donn\u00e9es<\/strong><br \/>\nVous avez le droit de consulter, corriger ou supprimer vos donn\u00e9es personnelles. Vous pouvez le faire vous-m\u00eame via les param\u00e8tres personnels de votre compte. De plus, vous avez le droit de retirer votre \u00e9ventuel consentement pour le traitement des donn\u00e9es  [\/vc_column_text][\/vc_column][\/vc_row]\n","protected":false},"excerpt":{"rendered":"<p>[vc_row type=&#8221;in_container&#8221; full_screen_row_position=&#8221;middle&#8221; column_margin=&#8221;default&#8221; column_direction=&#8221;default&#8221; column_direction_tablet=&#8221;default&#8221; column_direction_phone=&#8221;default&#8221; scene_position=&#8221;center&#8221; text_color=&#8221;dark&#8221; text_align=&#8221;left&#8221; row_border_radius=&#8221;none&#8221; row_border_radius_applies=&#8221;bg&#8221; row_position_desktop=&#8221;default&#8221; row_position_tablet=&#8221;inherit&#8221; row_position_phone=&#8221;inherit&#8221; overflow=&#8221;visible&#8221; overlay_strength=&#8221;0.3&#8243; gradient_direction=&#8221;left_to_right&#8221; shape_divider_position=&#8221;bottom&#8221; bg_image_animation=&#8221;none&#8221;][vc_column column_padding=&#8221;no-extra-padding&#8221; column_padding_tablet=&#8221;inherit&#8221; column_padding_phone=&#8221;inherit&#8221; column_padding_position=&#8221;all&#8221; flex_gap_desktop=&#8221;10px&#8221; column_element_direction_desktop=&#8221;default&#8221; column_element_spacing=&#8221;default&#8221; desktop_text_alignment=&#8221;default&#8221; tablet_text_alignment=&#8221;default&#8221; phone_text_alignment=&#8221;default&#8221;&#8230;<\/p>\n","protected":false},"author":7,"featured_media":0,"parent":0,"menu_order":0,"comment_status":"closed","ping_status":"open","template":"","meta":{"footnotes":""},"class_list":["post-88352","page","type-page","status-publish"],"_links":{"self":[{"href":"https:\/\/atomis.nl\/fr\/wp-json\/wp\/v2\/pages\/88352","targetHints":{"allow":["GET"]}}],"collection":[{"href":"https:\/\/atomis.nl\/fr\/wp-json\/wp\/v2\/pages"}],"about":[{"href":"https:\/\/atomis.nl\/fr\/wp-json\/wp\/v2\/types\/page"}],"author":[{"embeddable":true,"href":"https:\/\/atomis.nl\/fr\/wp-json\/wp\/v2\/users\/7"}],"replies":[{"embeddable":true,"href":"https:\/\/atomis.nl\/fr\/wp-json\/wp\/v2\/comments?post=88352"}],"version-history":[{"count":1,"href":"https:\/\/atomis.nl\/fr\/wp-json\/wp\/v2\/pages\/88352\/revisions"}],"predecessor-version":[{"id":90202,"href":"https:\/\/atomis.nl\/fr\/wp-json\/wp\/v2\/pages\/88352\/revisions\/90202"}],"wp:attachment":[{"href":"https:\/\/atomis.nl\/fr\/wp-json\/wp\/v2\/media?parent=88352"}],"curies":[{"name":"wp","href":"https:\/\/api.w.org\/{rel}","templated":true}]}}