{"id":88323,"date":"2021-10-14T14:23:11","date_gmt":"2021-10-14T14:23:11","guid":{"rendered":"https:\/\/atomis.nl\/product\/sirio-sapp-1200\/"},"modified":"2026-03-30T15:30:38","modified_gmt":"2026-03-30T15:30:38","slug":"sirio-sapp-1200","status":"publish","type":"product","link":"https:\/\/atomis.nl\/fr\/produits\/sirio-sapp-1200\/","title":{"rendered":"Sirio SAPP 1200"},"content":{"rendered":"[vc_row type=&#8221;in_container&#8221; full_screen_row_position=&#8221;middle&#8221; column_margin=&#8221;default&#8221; column_direction=&#8221;default&#8221; column_direction_tablet=&#8221;default&#8221; column_direction_phone=&#8221;default&#8221; scene_position=&#8221;center&#8221; text_color=&#8221;dark&#8221; text_align=&#8221;left&#8221; row_border_radius=&#8221;none&#8221; row_border_radius_applies=&#8221;bg&#8221; row_position_desktop=&#8221;default&#8221; row_position_tablet=&#8221;inherit&#8221; row_position_phone=&#8221;inherit&#8221; overflow=&#8221;visible&#8221; overlay_strength=&#8221;0.3&#8243; gradient_direction=&#8221;left_to_right&#8221; shape_divider_position=&#8221;bottom&#8221; bg_image_animation=&#8221;none&#8221;][vc_column column_padding=&#8221;no-extra-padding&#8221; column_padding_tablet=&#8221;inherit&#8221; column_padding_phone=&#8221;inherit&#8221; column_padding_position=&#8221;all&#8221; flex_gap_desktop=&#8221;10px&#8221; column_element_direction_desktop=&#8221;default&#8221; column_element_spacing=&#8221;default&#8221; desktop_text_alignment=&#8221;default&#8221; tablet_text_alignment=&#8221;default&#8221; phone_text_alignment=&#8221;default&#8221; background_color_opacity=&#8221;1&#8243; background_hover_color_opacity=&#8221;1&#8243; column_backdrop_filter=&#8221;none&#8221; column_shadow=&#8221;none&#8221; column_border_radius=&#8221;none&#8221; column_link_target=&#8221;_self&#8221; column_position=&#8221;default&#8221; gradient_direction=&#8221;left_to_right&#8221; overlay_strength=&#8221;0.3&#8243; width=&#8221;1\/1&#8243; tablet_width_inherit=&#8221;default&#8221; animation_type=&#8221;default&#8221; bg_image_animation=&#8221;none&#8221; border_type=&#8221;simple&#8221; column_border_width=&#8221;none&#8221; column_border_style=&#8221;solid&#8221;][vc_column_text css=&#8221;&#8221; text_direction=&#8221;default&#8221;]\n<p class=\"p1\">Le Sirio SAPP 1200 est un luminaire lin\u00e9aire \u00e0 lentilles, con\u00e7u pour \u00eatre utilis\u00e9 dans les plafonds Interalu SAPP\u00ae. Gr\u00e2ce \u00e0 sa tr\u00e8s faible largeur de seulement 21,5 mm, le luminaire peut \u00eatre plac\u00e9 entre les structures du plafond, cr\u00e9ant ainsi un syst\u00e8me enti\u00e8rement int\u00e9gr\u00e9 sans interrompre l&#8217;aspect architectural du plafond. <\/p>\n<p class=\"p1\">Gr\u00e2ce \u00e0 cette int\u00e9gration intelligente, le syst\u00e8me de climatisation actif n&#8217;a pas besoin d&#8217;\u00eatre interrompu et la position des luminaires peut \u00eatre choisie librement dans un plafond fini et pr\u00eat \u00e0 l&#8217;emploi. Cela offre une flexibilit\u00e9 maximale dans la conception de l&#8217;\u00e9clairage, tant pour les projets de r\u00e9novation que pour les nouvelles constructions. <\/p>\n<p class=\"p1\">Le luminaire est \u00e9quip\u00e9 d&#8217;une rang\u00e9e d&#8217;optiques compos\u00e9e de 28 lentilles, chacune \u00e9quip\u00e9e de 4 LED. Cette configuration assure une distribution de la lumi\u00e8re tr\u00e8s contr\u00f4l\u00e9e, une uniformit\u00e9 \u00e9lev\u00e9e et un faible \u00e9blouissement avec un UGR inf\u00e9rieur \u00e0 19. <\/p>\n<p class=\"p1\">Le Sirio SAPP 1200 est conforme \u00e0 la norme NEN-EN 12464-1 pour l&#8217;\u00e9clairage des lieux de travail et convient donc parfaitement aux applications o\u00f9 le confort visuel et l&#8217;\u00e9clairage fonctionnel sont essentiels.<\/p>\n<p class=\"p1\"><strong>Caract\u00e9ristiques principales<\/strong><\/p>\n<ul>\n<li class=\"p1\">Luminaire lin\u00e9aire pour plafonds Interalu SAPP<\/li>\n<li class=\"p1\">Tr\u00e8s faible largeur de 21,5 mm<\/li>\n<li class=\"p1\">Enti\u00e8rement int\u00e9gr\u00e9 dans la conception du plafond<\/li>\n<li class=\"p1\">Aucune interruption du syst\u00e8me de climatisation actif<\/li>\n<li class=\"p1\">Positionnement libre dans le plafond fini<\/li>\n<li class=\"p1\">Rang\u00e9e de 28 lentilles avec 4 LED chacune<\/li>\n<li class=\"p1\">Distribution de la lumi\u00e8re contr\u00f4l\u00e9e et uniformit\u00e9 \u00e9lev\u00e9e<\/li>\n<li class=\"p1\">Faible \u00e9blouissement avec UGR inf\u00e9rieur \u00e0 19<\/li>\n<li class=\"p1\">Conforme \u00e0 la norme NEN-EN 12464-1<\/li>\n<\/ul>\n<p class=\"p1\">Gr\u00e2ce \u00e0 ces propri\u00e9t\u00e9s, le Sirio SAPP 1200 est particuli\u00e8rement adapt\u00e9 aux applications dans les bureaux, les \u00e9coles, les b\u00e2timents gouvernementaux et autres environnements de travail professionnels o\u00f9 le confort, la normalisation et l&#8217;architecture se rejoignent.<\/p>\n[\/vc_column_text][\/vc_column][\/vc_row]\n","protected":false},"excerpt":{"rendered":"<p>Un luminaire lin\u00e9aire avec des lentilles pour une utilisation dans les plafonds Interalu SAPP\u00ae. Le Sirio SAPP 1200 peut \u00eatre plac\u00e9 entre les structures, cr\u00e9ant ainsi un syst\u00e8me int\u00e9gr\u00e9 au plafond, sans interrompre l&#8217;aspect architectural.<\/p>\n<ul>\n<li>Le Sirio SAPP 1200 peut \u00eatre plac\u00e9 entre les structures, cr\u00e9ant ainsi un syst\u00e8me int\u00e9gr\u00e9 au plafond, sans interrompre l&#8217;aspect architectural.<\/li>\n<li>Assure une distribution de la lumi\u00e8re tr\u00e8s contr\u00f4l\u00e9e, une bonne uniformit\u00e9 et un UGR&lt; 19<\/li>\n<li>Le luminaire est conforme \u00e0 la norme NEN-EN 12464-1<\/li>\n<\/ul>\n<div><strong>T\u00e9l\u00e9chargements<\/strong><\/div>\n<div><\/div>\n<div>[button size=\"small\" style=\"is-outline primary\" text=\"Photom\u00e9trie Sirio SAPP\" link=\"https:\/\/atomis.nl\/downloads\/Photometric-Sirio-SAPP.zip\" target=\"_blank\"]<\/div>\n<div><\/div>\n<div><\/div>\n","protected":false},"featured_media":90324,"template":"","meta":[],"product_brand":[],"product_cat":[14199,476],"product_tag":[14292],"class_list":{"0":"post-88323","1":"product","2":"type-product","3":"status-publish","4":"has-post-thumbnail","6":"product_cat-lamel-armaturen","7":"product_cat-klimaatplafond-armaturen","8":"product_tag-sirio","9":"pa_air-extraction-n-v-t","10":"pa_armatuurefficientie-125lm-w","11":"pa_bevestiging-inbouw","12":"pa_cie-flux-code-93-100-100-100-100-nl","13":"pa_driver-positie-losliggende-driver","14":"pa_energielabel-a","15":"pa_familie-sirio","16":"pa_fotobiologische-veiligheid-iec-62471-rg1-low-risk-nl","17":"pa_glare-ugr-14960","18":"pa_ip-class-ip20-top-ip40-bottom-nl-2","19":"pa_isolatieklasse-class-ii-nl","20":"pa_kleurconsistentiesdcm-sdcm3-nl-2","21":"pa_kleurtemperatuur-2700k","22":"pa_kleurtemperatuur-3000k","23":"pa_kleurtemperatuur-3500k","24":"pa_kleurtemperatuur-4000k","25":"pa_kleurtemperatuur-blanc-accordable","26":"pa_kleurweergaveindex-cri-cri80","27":"pa_kleurweergaveindex-cri-cri90","28":"pa_lichtregeling-optioneel","29":"pa_lichtregeling-dimmed-1-10v-nl-2","30":"pa_lichtregeling-casambi-gedimd","31":"pa_lichtregeling-dimmed-dali-nl-2","32":"pa_materiaal-steel-nl","33":"pa_materiaal-acrylate-nl","34":"pa_noodverlichting-1-uur-noodstroom","35":"pa_noodverlichting-optioneel","36":"pa_noodverlichting-optioneel-1-uur-autonoom-autotest","37":"pa_omgevingstemperatuur-20c-40c-nl-2","38":"pa_optiek-lens-and-louver-nl","39":"pa_orientatie-naar-beneden","40":"pa_packaging-dimensions-bulkverpakking","41":"pa_powerfactor-15191","42":"pa_primaire-aansluitingen-bst-14i2","43":"pa_primaire-aansluitingen-europlug","44":"pa_primaire-aansluitingen-gst18i3","45":"pa_primaire-aansluitingen-gst18i5-pastel-blue-nl-2","46":"pa_primaire-aansluitingen-op-aanvraag","47":"pa_primaire-aansluitingen-on-the-driver-nl","48":"pa_productkleur-op-aanvraag","49":"pa_producttoepassing-onderwijs","50":"pa_producttoepassing-openbare-ruimtes","51":"pa_producttoepassing-horeca","52":"pa_producttoepassing-kantoren","53":"pa_self-adhesive-dust-cover-optional-nl","54":"pa_specificaties-g7d1-06-02-2025-nl","55":"pa_verwachte-levensduur-l90b5060000h-tq-25c","56":"pa_voltage-frequentie-220-240v-50-60hz","57":"pa_vorm-rectangular-nl","59":"first","60":"instock","61":"shipping-taxable","62":"product-type-simple"},"_links":{"self":[{"href":"https:\/\/atomis.nl\/fr\/wp-json\/wp\/v2\/product\/88323","targetHints":{"allow":["GET"]}}],"collection":[{"href":"https:\/\/atomis.nl\/fr\/wp-json\/wp\/v2\/product"}],"about":[{"href":"https:\/\/atomis.nl\/fr\/wp-json\/wp\/v2\/types\/product"}],"wp:featuredmedia":[{"embeddable":true,"href":"https:\/\/atomis.nl\/fr\/wp-json\/wp\/v2\/media\/90324"}],"wp:attachment":[{"href":"https:\/\/atomis.nl\/fr\/wp-json\/wp\/v2\/media?parent=88323"}],"wp:term":[{"taxonomy":"product_brand","embeddable":true,"href":"https:\/\/atomis.nl\/fr\/wp-json\/wp\/v2\/product_brand?post=88323"},{"taxonomy":"product_cat","embeddable":true,"href":"https:\/\/atomis.nl\/fr\/wp-json\/wp\/v2\/product_cat?post=88323"},{"taxonomy":"product_tag","embeddable":true,"href":"https:\/\/atomis.nl\/fr\/wp-json\/wp\/v2\/product_tag?post=88323"}],"curies":[{"name":"wp","href":"https:\/\/api.w.org\/{rel}","templated":true}]}}