{"id":88392,"date":"2023-10-19T08:27:33","date_gmt":"2023-10-19T08:27:33","guid":{"rendered":"https:\/\/atomis.nl\/product\/evolo-felt\/"},"modified":"2026-03-31T10:41:23","modified_gmt":"2026-03-31T10:41:23","slug":"evolo-felt","status":"publish","type":"product","link":"https:\/\/atomis.nl\/fr\/produits\/evolo-felt\/","title":{"rendered":"Evolo Felt"},"content":{"rendered":"[vc_row type=&#8221;in_container&#8221; full_screen_row_position=&#8221;middle&#8221; column_margin=&#8221;default&#8221; column_direction=&#8221;default&#8221; column_direction_tablet=&#8221;default&#8221; column_direction_phone=&#8221;default&#8221; scene_position=&#8221;center&#8221; text_color=&#8221;dark&#8221; text_align=&#8221;left&#8221; row_border_radius=&#8221;none&#8221; row_border_radius_applies=&#8221;bg&#8221; row_position_desktop=&#8221;default&#8221; row_position_tablet=&#8221;inherit&#8221; row_position_phone=&#8221;inherit&#8221; overflow=&#8221;visible&#8221; overlay_strength=&#8221;0.3&#8243; gradient_direction=&#8221;left_to_right&#8221; shape_divider_position=&#8221;bottom&#8221; bg_image_animation=&#8221;none&#8221;][vc_column column_padding=&#8221;no-extra-padding&#8221; column_padding_tablet=&#8221;inherit&#8221; column_padding_phone=&#8221;inherit&#8221; column_padding_position=&#8221;all&#8221; flex_gap_desktop=&#8221;10px&#8221; column_element_direction_desktop=&#8221;default&#8221; column_element_spacing=&#8221;default&#8221; desktop_text_alignment=&#8221;default&#8221; tablet_text_alignment=&#8221;default&#8221; phone_text_alignment=&#8221;default&#8221; background_color_opacity=&#8221;1&#8243; background_hover_color_opacity=&#8221;1&#8243; column_backdrop_filter=&#8221;none&#8221; column_shadow=&#8221;none&#8221; column_border_radius=&#8221;none&#8221; column_link_target=&#8221;_self&#8221; column_position=&#8221;default&#8221; gradient_direction=&#8221;left_to_right&#8221; overlay_strength=&#8221;0.3&#8243; width=&#8221;1\/1&#8243; tablet_width_inherit=&#8221;default&#8221; animation_type=&#8221;default&#8221; bg_image_animation=&#8221;none&#8221; border_type=&#8221;simple&#8221; column_border_width=&#8221;none&#8221; column_border_style=&#8221;solid&#8221;][vc_column_text css=&#8221;&#8221; text_direction=&#8221;default&#8221;]\n<p class=\"p1\">Evolo Felt est un luminaire LED lin\u00e9aire \u00e9quip\u00e9 d&#8217;une s\u00e9rie de LED mid power, chacune dot\u00e9e d&#8217;une lentille individuelle et d&#8217;une lamelle. Le luminaire est con\u00e7u pour une application dans les syst\u00e8mes de plafonds \u00e0 lamelles modulaires en feutre, comme Heartfelt et des concepts de plafonds en feutre similaires. <\/p>\n<p class=\"p1\">Le luminaire fournit une distribution lumineuse \u00e0 faible \u00e9blouissement avec un UGR inf\u00e9rieur \u00e0 19, ce qui le rend tr\u00e8s adapt\u00e9 aux environnements de bureau et autres espaces de travail o\u00f9 le confort visuel est important.<\/p>\n<p class=\"p1\">Le bo\u00eetier est construit en acier et fini avec un rev\u00eatement poudre structur\u00e9 d\u00e9coratif. Le luminaire est disponible en diff\u00e9rentes couleurs, permettant un raccordement esth\u00e9tique au plafond en feutre choisi et au design int\u00e9rieur. <\/p>\n<p class=\"p1\">Le driver peut \u00eatre ex\u00e9cut\u00e9 int\u00e9gr\u00e9 dans le luminaire ou positionn\u00e9 s\u00e9par\u00e9ment, selon les exigences techniques et le concept de plafond.<\/p>\n<p class=\"p1\"><strong>Caract\u00e9ristiques principales<\/strong><\/p>\n<ul>\n<li class=\"p1\">Luminaire LED lin\u00e9aire pour plafonds \u00e0 lamelles en feutre<\/li>\n<li class=\"p1\">LED de puissance moyenne<\/li>\n<li class=\"p1\">Lentille et d\u00e9flecteur individuels par LED<\/li>\n<li class=\"p1\">Faible \u00e9blouissement avec UGR inf\u00e9rieur \u00e0 19<\/li>\n<li class=\"p1\">Convient aux environnements de bureau<\/li>\n<li class=\"p1\">Bo\u00eetier en acier<\/li>\n<li class=\"p1\">Rev\u00eatement poudre structur\u00e9 d\u00e9coratif<\/li>\n<li class=\"p1\">Disponible en diff\u00e9rentes couleurs<\/li>\n<li class=\"p1\">Driver int\u00e9gr\u00e9 ou \u00e0 placer s\u00e9par\u00e9ment<\/li>\n<\/ul>\n<p class=\"p1\">Gr\u00e2ce \u00e0 la combinaison d&#8217;int\u00e9gration de plafond acoustique, de confort visuel et d&#8217;une finition de haute qualit\u00e9, Evolo Felt est une solution d&#8217;\u00e9clairage adapt\u00e9e aux environnements de bureau modernes et autres applications professionnelles.<\/p>\n<hr>\n[\/vc_column_text][\/vc_column][\/vc_row]\n","protected":false},"excerpt":{"rendered":"<p>Evolo Felt, un luminaire LED lin\u00e9aire \u00e9quip\u00e9 d&#8217;une s\u00e9rie de LED mid-power, chacune avec une lentille individuelle et une lamelle con\u00e7ue pour les syst\u00e8mes de plafonds \u00e0 lamelles modulaires en feutre comme le <a title=\"https:\/\/www.hunterdouglasarchitectural.eu\/nl-NL\/ceilings\/textile\/heartfelt\/index.jsp\" href=\"https:\/\/www.hunterdouglasarchitectural.eu\/nl-NL\/ceilings\/textile\/heartfelt\/index.jsp\" target=\"_blank\" rel=\"noopener\">Syst\u00e8me de Plafond Modulaire en Feutre Hunter Douglas Heartfelt\u00ae<\/a>, <a title=\"Inteco Pareaulux Heartfelt\" href=\"https:\/\/www.inteco.nl\/en\/climate-ceilings\/panel-climate-ceiling\/pareaulux-heartfelt\" target=\"_blank\" rel=\"noopener\">Inteco Pareaulux Heartfelt<\/a> ou <a title=\"Integra Feltline\" href=\"https:\/\/www.integra-groep.com\/ceilingsystems\/feltline\/\" target=\"_blank\" rel=\"noopener\">Integra Viltlijn<\/a>.<\/p>\n<ul>\n<li>Excellent anti-\u00e9blouissement (UGR&lt; 19) pour l\u00e9clairage de travail selon la norme EN-12.464\/1 pour une utilisation dans les bureaux<\/li>\n<li>Disponible en diff\u00e9rents rev\u00eatements poudre textur\u00e9s<\/li>\n<\/ul>\n<div><\/div>\n<div><strong>T\u00e9l\u00e9chargements<\/strong><\/div>\n<div><\/div>\n<div><a class=\"button primary is-is-outline primary is-small\" href=\"https:\/\/atomis.nl\/downloads\/Photometrics-Evolo.zip\" target=\"_blank\" rel=\"noopener\">Photom\u00e9trie Evolo-S<\/a><\/div>\n","protected":false},"featured_media":59810,"template":"","meta":[],"product_brand":[],"product_cat":[14458],"product_tag":[14774],"class_list":{"0":"post-88392","1":"product","2":"type-product","3":"status-publish","4":"has-post-thumbnail","6":"product_cat-luminaires-a-lamelles","7":"product_tag-evolo","8":"pa_air-extraction-n-v-t","9":"pa_armatuurefficientie-130lm-w","10":"pa_bevestiging-montage-au-plafond-2","11":"pa_cie-flux-code-93-100-100-100-100-nl","12":"pa_driver-positie-driver-led-externe","13":"pa_driver-positie-fixe-au-luminaire","14":"pa_energielabel-a","15":"pa_familie-evolo","16":"pa_fotobiologische-veiligheid-cei-62471-rg1-faible-risque","17":"pa_glare-ugr-14969","18":"pa_ip-class-ip20-dessus-ip40-dessous","19":"pa_isolatieklasse-classe-ii-nl","20":"pa_kleurconsistentiesdcm-sdcm3-nl-2","21":"pa_kleurtemperatuur-2700k","22":"pa_kleurtemperatuur-3000k","23":"pa_kleurtemperatuur-3500k","24":"pa_kleurtemperatuur-4000k","25":"pa_kleurtemperatuur-blanc-accordable","26":"pa_kleurweergaveindex-cri-cri80","27":"pa_kleurweergaveindex-cri-cri90","28":"pa_kleurweergaveindex-cri-cri97-nl-2","29":"pa_lichtregeling-optionelle","30":"pa_lichtregeling-gradation-1-10-v","31":"pa_lichtregeling-gradation-casambi","32":"pa_lichtregeling-gradation-dali","33":"pa_materiaal-acier","34":"pa_noodverlichting-autonomie-de-secours-de-1-heure","35":"pa_noodverlichting-optionelle","36":"pa_noodverlichting-autonomie-optionnelle-de-1-heure-avec-autotest","37":"pa_omgevingstemperatuur-20c-40c-nl-2","38":"pa_optiek-lens-and-louver-nl","39":"pa_orientatie-vers-le-bas","40":"pa_packaging-dimensions-emballage-en-vrac","41":"pa_powerfactor-15205","42":"pa_primaire-aansluitingen-bst-14i2","43":"pa_primaire-aansluitingen-europlug","44":"pa_primaire-aansluitingen-gst18i3","45":"pa_primaire-aansluitingen-gst18i5-pastel-blue-nl-2","46":"pa_primaire-aansluitingen-sur-demande","47":"pa_primaire-aansluitingen-sur-le-driver","48":"pa_productkleur-sur-demande","49":"pa_producttoepassing-education","50":"pa_producttoepassing-espaces-publics","51":"pa_producttoepassing-hotellerie-restauration","52":"pa_producttoepassing-bureau","53":"pa_self-adhesive-dust-cover-optionnel","54":"pa_verwachte-levensduur-l90b5060000h-tq-25c","55":"pa_voltage-frequentie-220-240v-50-60hz","56":"pa_vorm-rectangular-nl","58":"first","59":"instock","60":"shipping-taxable","61":"product-type-simple"},"_links":{"self":[{"href":"https:\/\/atomis.nl\/fr\/wp-json\/wp\/v2\/product\/88392","targetHints":{"allow":["GET"]}}],"collection":[{"href":"https:\/\/atomis.nl\/fr\/wp-json\/wp\/v2\/product"}],"about":[{"href":"https:\/\/atomis.nl\/fr\/wp-json\/wp\/v2\/types\/product"}],"wp:featuredmedia":[{"embeddable":true,"href":"https:\/\/atomis.nl\/fr\/wp-json\/wp\/v2\/media\/59810"}],"wp:attachment":[{"href":"https:\/\/atomis.nl\/fr\/wp-json\/wp\/v2\/media?parent=88392"}],"wp:term":[{"taxonomy":"product_brand","embeddable":true,"href":"https:\/\/atomis.nl\/fr\/wp-json\/wp\/v2\/product_brand?post=88392"},{"taxonomy":"product_cat","embeddable":true,"href":"https:\/\/atomis.nl\/fr\/wp-json\/wp\/v2\/product_cat?post=88392"},{"taxonomy":"product_tag","embeddable":true,"href":"https:\/\/atomis.nl\/fr\/wp-json\/wp\/v2\/product_tag?post=88392"}],"curies":[{"name":"wp","href":"https:\/\/api.w.org\/{rel}","templated":true}]}}