{"id":88398,"date":"2024-06-04T12:57:13","date_gmt":"2024-06-04T12:57:13","guid":{"rendered":"https:\/\/atomis.nl\/product\/nano-35-blanc\/"},"modified":"2026-03-25T12:49:28","modified_gmt":"2026-03-25T12:49:28","slug":"nano-35-blanc","status":"publish","type":"product","link":"https:\/\/atomis.nl\/fr\/produits\/nano-35-blanc\/","title":{"rendered":"Oxo 35 White"},"content":{"rendered":"[vc_row type=&#8221;in_container&#8221; full_screen_row_position=&#8221;middle&#8221; column_margin=&#8221;default&#8221; column_direction=&#8221;default&#8221; column_direction_tablet=&#8221;default&#8221; column_direction_phone=&#8221;default&#8221; scene_position=&#8221;center&#8221; text_color=&#8221;dark&#8221; text_align=&#8221;left&#8221; row_border_radius=&#8221;none&#8221; row_border_radius_applies=&#8221;bg&#8221; row_position_desktop=&#8221;default&#8221; row_position_tablet=&#8221;inherit&#8221; row_position_phone=&#8221;inherit&#8221; overflow=&#8221;visible&#8221; overlay_strength=&#8221;0.3&#8243; gradient_direction=&#8221;left_to_right&#8221; shape_divider_position=&#8221;bottom&#8221; bg_image_animation=&#8221;none&#8221;][vc_column column_padding=&#8221;no-extra-padding&#8221; column_padding_tablet=&#8221;inherit&#8221; column_padding_phone=&#8221;inherit&#8221; column_padding_position=&#8221;all&#8221; flex_gap_desktop=&#8221;10px&#8221; column_element_direction_desktop=&#8221;default&#8221; column_element_spacing=&#8221;default&#8221; desktop_text_alignment=&#8221;default&#8221; tablet_text_alignment=&#8221;default&#8221; phone_text_alignment=&#8221;default&#8221; background_color_opacity=&#8221;1&#8243; background_hover_color_opacity=&#8221;1&#8243; column_backdrop_filter=&#8221;none&#8221; column_shadow=&#8221;none&#8221; column_border_radius=&#8221;none&#8221; column_link_target=&#8221;_self&#8221; column_position=&#8221;default&#8221; gradient_direction=&#8221;left_to_right&#8221; overlay_strength=&#8221;0.3&#8243; width=&#8221;1\/1&#8243; tablet_width_inherit=&#8221;default&#8221; animation_type=&#8221;default&#8221; bg_image_animation=&#8221;none&#8221; border_type=&#8221;simple&#8221; column_border_width=&#8221;none&#8221; column_border_style=&#8221;solid&#8221;][vc_column_text css=&#8221;&#8221; text_direction=&#8221;default&#8221;]\n<p class=\"p1\">Oxo 35 White est un spot LED encastrable compact et orientable avec un faisceau de 36 degr\u00e9s. Le luminaire est con\u00e7u comme un \u00e9l\u00e9gant spot miniature pouvant \u00eatre utilis\u00e9 comme spot orientable ou comme spot enti\u00e8rement encastr\u00e9. <\/p>\n<p class=\"p1\">Le spot est \u00e9quip\u00e9 d\u2019une LED puissante avec un indice de rendu des couleurs sup\u00e9rieur \u00e0 90, assurant un rendu des couleurs naturel et pr\u00e9cis. De ce fait, l\u2019Oxo 35 White convient aux applications o\u00f9 la qualit\u00e9 de la lumi\u00e8re et la pr\u00e9cision sont essentielles. <\/p>\n<p class=\"p1\">Le bo\u00eetier est fabriqu\u00e9 en aluminium et fini avec un rev\u00eatement de structure blanc d\u00e9coratif. Le spot est inclinable \u00e0 90 degr\u00e9s et rotatif \u00e0 355 degr\u00e9s autour de l&#8217;axe vertical, ce qui permet de diriger la lumi\u00e8re avec une grande pr\u00e9cision. <\/p>\n<p class=\"p1\">En position verticale, le bo\u00eetier du spot peut \u00eatre compl\u00e8tement remont\u00e9, de sorte que le luminaire fonctionne comme un spot encastrable enti\u00e8rement encastr\u00e9 dans le plafond. Cela rend Nano 35 Blanc particuli\u00e8rement flexible en termes d&#8217;utilisation et de conception. <\/p>\n<p class=\"p1\">L\u2019Oxo 35 White est disponible en version on\/off, en version graduable DALI et en version graduable Casambi, permettant au luminaire de s\u2019int\u00e9grer facilement dans divers syst\u00e8mes de gestion de l\u2019\u00e9clairage.<\/p>\n<p class=\"p1\"><strong>Caract\u00e9ristiques principales<\/strong><\/p>\n<ul>\n<li class=\"p1\">Spot LED encastrable miniature<\/li>\n<li class=\"p1\">Diam\u00e8tre 35 millim\u00e8tres<\/li>\n<li class=\"p1\">Faisceau de lentille de 36 degr\u00e9s<\/li>\n<li class=\"p1\">LED puissante<\/li>\n<li class=\"p1\">Indice de rendu des couleurs sup\u00e9rieur \u00e0 90<\/li>\n<li class=\"p1\">Bo\u00eetier en aluminium<\/li>\n<li class=\"p1\">Rev\u00eatement de structure blanc<\/li>\n<li class=\"p1\">Inclinable \u00e0 90 degr\u00e9s<\/li>\n<li class=\"p1\">Rotatif \u00e0 355 degr\u00e9s<\/li>\n<li class=\"p1\">Enti\u00e8rement encastrable dans le plafond<\/li>\n<li class=\"p1\">Convient comme spot orientable et spot encastrable<\/li>\n<li class=\"p1\">Version marche\/arr\u00eat<\/li>\n<li class=\"p1\">Dimmable DALI<\/li>\n<li class=\"p1\">Casambi \u00e0 gradation<\/li>\n<\/ul>\n<p class=\"p1\">L\u2019Oxo 35 White allie flexibilit\u00e9, pr\u00e9cision et un design extr\u00eamement compact, constituant ainsi une solution d\u2019\u00e9clairage haut de gamme pour les int\u00e9rieurs exigeant un \u00e9clairage subtil et orientable.<\/p>\n[\/vc_column_text][\/vc_column][\/vc_row]\n","protected":false},"excerpt":{"rendered":"<div>Oxo 35 White est un spot encastrable et orientable dot\u00e9 d\u2019une lentille de 36\u00b0. Ce luminaire est un \u00e9l\u00e9gant spot miniature encastrable pouvant \u00eatre utilis\u00e9 aussi bien comme spot orientable que comme spot encastr\u00e9. <\/div>\n<ul>\n<li>Spot miniature r\u00e9glable (\u00f835 mm) qui peut \u00e9galement \u00eatre remont\u00e9 jusqu&#8217;\u00e0 ce qu&#8217;il soit compl\u00e8tement encastr\u00e9 dans le plafond<\/li>\n<li>\u00c9quip\u00e9 d&#8217;une lentille FWHM de 36\u00b0<\/li>\n<li>Indice de rendu des couleurs \u00e9lev\u00e9 (IRC&gt;90)&gt;<\/li>\n<li>Version marche\/arr\u00eat, version \u00e0 gradation DALI et version \u00e0 gradation Casambi disponibles<\/li>\n<\/ul>\n<div><strong>T\u00e9l\u00e9chargements<\/strong><\/div>\n<div><\/div>\n<div>[button size=\"small\" style=\"is-outline primary\" text=\"Photom\u00e9trie Oxo 35 White\" link=\"https:\/\/atomis.nl\/downloads\/Photometrics-Nano-35.zip\" target=\"_blank\"]<\/div>\n<div><\/div>\n<div><\/div>\n","protected":false},"featured_media":90366,"template":"","meta":[],"product_brand":[],"product_cat":[791],"product_tag":[14298],"class_list":{"0":"post-88398","1":"product","2":"type-product","3":"status-publish","4":"has-post-thumbnail","6":"product_cat-downlights-en-inbouwspots","7":"product_tag-oxo","8":"pa_air-extraction-n-v-t","9":"pa_ansi-ies-tm-30-18-erkend","10":"pa_armatuurefficientie-70lm-w","11":"pa_bevestiging-inbouw","12":"pa_cie-flux-code-93-100-100-100-100-nl","13":"pa_driver-positie-losliggende-driver","14":"pa_energielabel-a","15":"pa_familie-oxo","16":"pa_fotobiologische-veiligheid-iec-62471-rg1-low-risk-nl","17":"pa_glare-ugr-n-v-t","18":"pa_ip-class-ip20-top-ip40-bottom-nl-2","19":"pa_isolatieklasse-class-i-nl","20":"pa_kleurconsistentiesdcm-sdcm2","21":"pa_kleurtemperatuur-2700k","22":"pa_kleurtemperatuur-3000k","23":"pa_kleurtemperatuur-3500k","24":"pa_kleurtemperatuur-4000k","25":"pa_kleurweergaveindex-cri-cri80","26":"pa_kleurweergaveindex-cri-cri90","27":"pa_kleurweergaveindex-cri-cri97-nl-2","28":"pa_lichtregeling-optioneel","29":"pa_lichtregeling-dimmed-1-10v-nl-2","30":"pa_lichtregeling-casambi-gedimd","31":"pa_lichtregeling-dimmed-dali-nl-2","32":"pa_materiaal-aluminium","33":"pa_noodverlichting-1-uur-noodstroom","34":"pa_noodverlichting-optioneel","35":"pa_noodverlichting-optioneel-1-uur-autonoom-autotest","36":"pa_omgevingstemperatuur-20c-40c-nl-2","37":"pa_optiek-lens-nl","38":"pa_orientatie-naar-beneden","39":"pa_packaging-dimensions-bulkverpakking","40":"pa_powerfactor-15191","41":"pa_primaire-aansluitingen-bst-14i2","42":"pa_primaire-aansluitingen-europlug","43":"pa_primaire-aansluitingen-gst18i3","44":"pa_primaire-aansluitingen-gst18i5-pastel-blue-nl-2","45":"pa_primaire-aansluitingen-op-aanvraag","46":"pa_primaire-aansluitingen-on-the-driver-nl","47":"pa_productkleur-op-aanvraag","48":"pa_producttoepassing-onderwijs","49":"pa_producttoepassing-expositieruimtes","50":"pa_producttoepassing-openbare-ruimtes","51":"pa_producttoepassing-horeca","52":"pa_producttoepassing-kantoren","53":"pa_producttoepassing-retail","54":"pa_self-adhesive-dust-cover-optional-nl","55":"pa_spot-bundle-fwhm-15047","56":"pa_spot-bundle-fwhm-15048","57":"pa_spot-bundle-fwhm-15049","58":"pa_spot-bundle-fwhm-15050","59":"pa_verwachte-levensduur-l90b5060000h-tq-25c","60":"pa_voltage-frequentie-220-240v-50-60hz","61":"pa_vorm-round-nl","63":"first","64":"instock","65":"shipping-taxable","66":"product-type-simple"},"_links":{"self":[{"href":"https:\/\/atomis.nl\/fr\/wp-json\/wp\/v2\/product\/88398","targetHints":{"allow":["GET"]}}],"collection":[{"href":"https:\/\/atomis.nl\/fr\/wp-json\/wp\/v2\/product"}],"about":[{"href":"https:\/\/atomis.nl\/fr\/wp-json\/wp\/v2\/types\/product"}],"wp:featuredmedia":[{"embeddable":true,"href":"https:\/\/atomis.nl\/fr\/wp-json\/wp\/v2\/media\/90366"}],"wp:attachment":[{"href":"https:\/\/atomis.nl\/fr\/wp-json\/wp\/v2\/media?parent=88398"}],"wp:term":[{"taxonomy":"product_brand","embeddable":true,"href":"https:\/\/atomis.nl\/fr\/wp-json\/wp\/v2\/product_brand?post=88398"},{"taxonomy":"product_cat","embeddable":true,"href":"https:\/\/atomis.nl\/fr\/wp-json\/wp\/v2\/product_cat?post=88398"},{"taxonomy":"product_tag","embeddable":true,"href":"https:\/\/atomis.nl\/fr\/wp-json\/wp\/v2\/product_tag?post=88398"}],"curies":[{"name":"wp","href":"https:\/\/api.w.org\/{rel}","templated":true}]}}