{"id":88401,"date":"2021-10-20T11:44:12","date_gmt":"2021-10-20T11:44:12","guid":{"rendered":"https:\/\/atomis.nl\/product\/fusion-easy-klimaplus\/"},"modified":"2026-03-19T10:50:17","modified_gmt":"2026-03-19T10:50:17","slug":"fusion-easy-klimaplus","status":"publish","type":"product","link":"https:\/\/atomis.nl\/fr\/produits\/fusion-easy-klimaplus\/","title":{"rendered":"Fusion Easy-KlimaPlus"},"content":{"rendered":"[vc_row type=&#8221;in_container&#8221; full_screen_row_position=&#8221;middle&#8221; column_margin=&#8221;default&#8221; column_direction=&#8221;default&#8221; column_direction_tablet=&#8221;default&#8221; column_direction_phone=&#8221;default&#8221; scene_position=&#8221;center&#8221; text_color=&#8221;dark&#8221; text_align=&#8221;left&#8221; row_border_radius=&#8221;none&#8221; row_border_radius_applies=&#8221;bg&#8221; row_position_desktop=&#8221;default&#8221; row_position_tablet=&#8221;inherit&#8221; row_position_phone=&#8221;inherit&#8221; overflow=&#8221;visible&#8221; overlay_strength=&#8221;0.3&#8243; gradient_direction=&#8221;left_to_right&#8221; shape_divider_position=&#8221;bottom&#8221; bg_image_animation=&#8221;none&#8221;][vc_column column_padding=&#8221;no-extra-padding&#8221; column_padding_tablet=&#8221;inherit&#8221; column_padding_phone=&#8221;inherit&#8221; column_padding_position=&#8221;all&#8221; flex_gap_desktop=&#8221;10px&#8221; column_element_direction_desktop=&#8221;default&#8221; column_element_spacing=&#8221;default&#8221; desktop_text_alignment=&#8221;default&#8221; tablet_text_alignment=&#8221;default&#8221; phone_text_alignment=&#8221;default&#8221; background_color_opacity=&#8221;1&#8243; background_hover_color_opacity=&#8221;1&#8243; column_backdrop_filter=&#8221;none&#8221; column_shadow=&#8221;none&#8221; column_border_radius=&#8221;none&#8221; column_link_target=&#8221;_self&#8221; column_position=&#8221;default&#8221; gradient_direction=&#8221;left_to_right&#8221; overlay_strength=&#8221;0.3&#8243; width=&#8221;1\/1&#8243; tablet_width_inherit=&#8221;default&#8221; animation_type=&#8221;default&#8221; bg_image_animation=&#8221;none&#8221; border_type=&#8221;simple&#8221; column_border_width=&#8221;none&#8221; column_border_style=&#8221;solid&#8221;][vc_column_text css_animation=&#8221;bounceIn&#8221; css=&#8221;&#8221; text_direction=&#8221;default&#8221;]Fusion Easy-KlimaPlus est un luminaire lin\u00e9aire dot\u00e9 dune lentille prismatique ou dun diffuseur opale pour une application dans les plafonds climatiques Interalu Easy-KlimaPlus. Ce luminaire LED a \u00e9t\u00e9 con\u00e7u comme alternative aux luminaires fluorescents lin\u00e9aires T5 pour des projets de r\u00e9novation et de construction neuve. Les luminaires sont fabriqu\u00e9s en t\u00f4le dacier avec une finition par poudrage. Ils sont produits et assembl\u00e9s aux Pays-Bas. Le Fusion Easy-KlimaPlus est \u00e9quip\u00e9 dune lentille prismatique \u00e0 faible \u00e9blouissement (UGR  19) ou dun diffuseur opale. Ces luminaires conviennent parfaitement aux bureaux, \u00e9coles, centres de soins et espaces publics.[\/vc_column_text][\/vc_column][\/vc_row]\n","protected":false},"excerpt":{"rendered":"<p>Fusion Easy-KlimaPlus, un luminaire lin\u00e9aire destin\u00e9 aux plafonds climatiques Interalu Easy-KlimaPlus avec une lentille prismatique ou un diffuseur opale. Ce luminaire LED a \u00e9t\u00e9 d\u00e9velopp\u00e9 comme alternative aux luminaires fluorescents T5 pour une utilisation dans des projets de r\u00e9novation et de construction neuve. <\/p>\n<ul>\n<li>S&#8217;int\u00e8gre parfaitement aux plafonds m\u00e9talliques Interalu Easy-KlimaPlus<\/li>\n<li>Aspect architectural<\/li>\n<li>\u00c9quip\u00e9 dune lentille prismatique (UGR  19) ou dun diffuseur opale<\/li>\n<\/ul>\n<div><strong>T\u00e9l\u00e9chargements<\/strong><\/div>\n<div><\/div>\n<div>[button size=\"small\" style=\"is-outline primary\" text=\"Photom\u00e9trie Fusion-EKP\" link=\"https:\/\/atomis.nl\/downloads\/Photometrics-Fusion-EKP-(Interalu).zip\" target=\"_blank\"]<\/div>\n<div><\/div>\n<div><strong>Cr\u00e9ez votre propre produit sur mesure, t\u00e9l\u00e9chargez la fiche technique au format PDF ou ajoutez-la \u00e0 votre devis:<\/strong><\/div>\n","protected":false},"featured_media":13715,"template":"","meta":[],"product_brand":[],"product_cat":[14457],"product_tag":[14776],"class_list":{"0":"post-88401","1":"product","2":"type-product","3":"status-publish","4":"has-post-thumbnail","6":"product_cat-luminaires-pour-plafonds-climatiques","7":"product_tag-fusion","8":"pa_air-extraction-facultatif","9":"pa_armatuurefficientie-140lm-w","10":"pa_bevestiging-encastre","11":"pa_cie-flux-code-93-100-100-100-100-nl","12":"pa_driver-positie-driver-led-externe","13":"pa_driver-positie-fixe-au-luminaire","14":"pa_energielabel-a","15":"pa_familie-fusion","16":"pa_fotobiologische-veiligheid-cei-62471-rg1-faible-risque","17":"pa_glare-ugr-14969","18":"pa_ip-class-ip20-dessus-ip40-dessous","19":"pa_isolatieklasse-classe-ii-nl","20":"pa_kleurconsistentiesdcm-sdcm3-nl-2","21":"pa_kleurtemperatuur-2700k","22":"pa_kleurtemperatuur-3000k","23":"pa_kleurtemperatuur-3500k","24":"pa_kleurtemperatuur-4000k","25":"pa_kleurtemperatuur-blanc-accordable","26":"pa_kleurweergaveindex-cri-cri80","27":"pa_kleurweergaveindex-cri-cri90","28":"pa_lichtregeling-optionelle","29":"pa_lichtregeling-gradation-1-10-v","30":"pa_lichtregeling-gradation-casambi","31":"pa_lichtregeling-gradation-dali","32":"pa_materiaal-acier","33":"pa_materiaal-acrylique","34":"pa_materiaal-aluminium","35":"pa_noodverlichting-autonomie-de-secours-de-1-heure","36":"pa_noodverlichting-optionelle","37":"pa_noodverlichting-autonomie-optionnelle-de-1-heure-avec-autotest","38":"pa_omgevingstemperatuur-20c-40c-nl-2","39":"pa_optiek-diffuseur-opale","40":"pa_optiek-lentille-microprismatique","41":"pa_orientatie-vers-le-bas","42":"pa_packaging-dimensions-emballage-en-vrac","43":"pa_powerfactor-15205","44":"pa_primaire-aansluitingen-bst-14i2","45":"pa_primaire-aansluitingen-europlug","46":"pa_primaire-aansluitingen-gst18i3","47":"pa_primaire-aansluitingen-gst18i5-pastel-blue-nl-2","48":"pa_primaire-aansluitingen-sur-demande","49":"pa_primaire-aansluitingen-sur-le-driver","50":"pa_productkleur-sur-demande","51":"pa_producttoepassing-education","52":"pa_producttoepassing-espaces-publics","53":"pa_producttoepassing-hotellerie-restauration","54":"pa_producttoepassing-bureau","55":"pa_self-adhesive-dust-cover-optionnel","56":"pa_verwachte-levensduur-l90b5060000h-tq-25c","57":"pa_voltage-frequentie-220-240v-50-60hz","58":"pa_vorm-rectangular-nl","60":"first","61":"instock","62":"shipping-taxable","63":"product-type-simple"},"_links":{"self":[{"href":"https:\/\/atomis.nl\/fr\/wp-json\/wp\/v2\/product\/88401","targetHints":{"allow":["GET"]}}],"collection":[{"href":"https:\/\/atomis.nl\/fr\/wp-json\/wp\/v2\/product"}],"about":[{"href":"https:\/\/atomis.nl\/fr\/wp-json\/wp\/v2\/types\/product"}],"wp:featuredmedia":[{"embeddable":true,"href":"https:\/\/atomis.nl\/fr\/wp-json\/wp\/v2\/media\/13715"}],"wp:attachment":[{"href":"https:\/\/atomis.nl\/fr\/wp-json\/wp\/v2\/media?parent=88401"}],"wp:term":[{"taxonomy":"product_brand","embeddable":true,"href":"https:\/\/atomis.nl\/fr\/wp-json\/wp\/v2\/product_brand?post=88401"},{"taxonomy":"product_cat","embeddable":true,"href":"https:\/\/atomis.nl\/fr\/wp-json\/wp\/v2\/product_cat?post=88401"},{"taxonomy":"product_tag","embeddable":true,"href":"https:\/\/atomis.nl\/fr\/wp-json\/wp\/v2\/product_tag?post=88401"}],"curies":[{"name":"wp","href":"https:\/\/api.w.org\/{rel}","templated":true}]}}