{"id":88404,"date":"2022-05-17T07:07:17","date_gmt":"2022-05-17T07:07:17","guid":{"rendered":"https:\/\/atomis.nl\/product\/evolo-s-noir\/"},"modified":"2026-04-01T06:54:36","modified_gmt":"2026-04-01T06:54:36","slug":"evolo-s-noir","status":"publish","type":"product","link":"https:\/\/atomis.nl\/fr\/produits\/evolo-s-noir\/","title":{"rendered":"Evolo-S noir"},"content":{"rendered":"[vc_row type=&#8221;in_container&#8221; full_screen_row_position=&#8221;middle&#8221; column_margin=&#8221;default&#8221; column_direction=&#8221;default&#8221; column_direction_tablet=&#8221;default&#8221; column_direction_phone=&#8221;default&#8221; scene_position=&#8221;center&#8221; text_color=&#8221;dark&#8221; text_align=&#8221;left&#8221; row_border_radius=&#8221;none&#8221; row_border_radius_applies=&#8221;bg&#8221; row_position_desktop=&#8221;default&#8221; row_position_tablet=&#8221;inherit&#8221; row_position_phone=&#8221;inherit&#8221; overflow=&#8221;visible&#8221; overlay_strength=&#8221;0.3&#8243; gradient_direction=&#8221;left_to_right&#8221; shape_divider_position=&#8221;bottom&#8221; bg_image_animation=&#8221;none&#8221;][vc_column column_padding=&#8221;no-extra-padding&#8221; column_padding_tablet=&#8221;inherit&#8221; column_padding_phone=&#8221;inherit&#8221; column_padding_position=&#8221;all&#8221; flex_gap_desktop=&#8221;10px&#8221; column_element_direction_desktop=&#8221;default&#8221; column_element_spacing=&#8221;default&#8221; desktop_text_alignment=&#8221;default&#8221; tablet_text_alignment=&#8221;default&#8221; phone_text_alignment=&#8221;default&#8221; background_color_opacity=&#8221;1&#8243; background_hover_color_opacity=&#8221;1&#8243; column_backdrop_filter=&#8221;none&#8221; column_shadow=&#8221;none&#8221; column_border_radius=&#8221;none&#8221; column_link_target=&#8221;_self&#8221; column_position=&#8221;default&#8221; gradient_direction=&#8221;left_to_right&#8221; overlay_strength=&#8221;0.3&#8243; width=&#8221;1\/1&#8243; tablet_width_inherit=&#8221;default&#8221; animation_type=&#8221;default&#8221; bg_image_animation=&#8221;none&#8221; border_type=&#8221;simple&#8221; column_border_width=&#8221;none&#8221; column_border_style=&#8221;solid&#8221;][vc_column_text css=&#8221;&#8221; text_direction=&#8221;default&#8221;]\n<p class=\"p1\">Evolo-S noir est un luminaire suspendu LED \u00e9l\u00e9gant et mince, \u00e9quip\u00e9 d&#8217;une rang\u00e9e de LED de puissance moyenne, chacune dot\u00e9e d&#8217;une lentille et d&#8217;un d\u00e9flecteur individuels. Le luminaire combine un design raffin\u00e9 avec un \u00e9clairage fonctionnel pour les environnements de travail professionnels. <\/p>\n<p class=\"p1\">Le luminaire cr\u00e9e une distribution de lumi\u00e8re \u00e0 faible \u00e9blouissement, ce qui le rend id\u00e9al pour une utilisation dans les environnements de bureau et autres espaces o\u00f9 le confort visuel est important.<\/p>\n<p class=\"p1\">Le bo\u00eetier est fabriqu\u00e9 en acier et fini avec un rev\u00eatement en poudre textur\u00e9 d\u00e9coratif en noir mat. Le driver est int\u00e9gr\u00e9 au luminaire, ce qui lui conf\u00e8re un design \u00e9pur\u00e9 et compact. <\/p>\n<p class=\"p1\">Evolo-S noir est livr\u00e9 en standard avec un cordon d&#8217;alimentation de 3 m et une suspension \u00e0 c\u00e2ble en acier, ce qui facilite l&#8217;installation du luminaire. Une console de plafond est disponible comme accessoire pour le montage sur des plafonds en b\u00e9ton. <\/p>\n<p class=\"p1\"><strong>Caract\u00e9ristiques principales<\/strong><\/p>\n<ul>\n<li class=\"p1\">Luminaire suspendu LED mince<\/li>\n<li class=\"p1\">LED de puissance moyenne<\/li>\n<li class=\"p1\">Lentille et d\u00e9flecteur individuels par LED<\/li>\n<li class=\"p1\">Faible \u00e9blouissement<\/li>\n<li class=\"p1\">Convient aux environnements de bureau<\/li>\n<li class=\"p1\">Bo\u00eetier en acier<\/li>\n<li class=\"p1\">Rev\u00eatement en poudre textur\u00e9 d\u00e9coratif en noir mat<\/li>\n<li class=\"p1\">Driver int\u00e9gr\u00e9<\/li>\n<li class=\"p1\">Cordon d&#8217;alimentation de 3 m\u00e8tres<\/li>\n<li class=\"p1\">Suspension \u00e0 c\u00e2ble en acier incluse<\/li>\n<li class=\"p1\">Console de plafond pour plafonds en b\u00e9ton en option<\/li>\n<\/ul>\n<p class=\"p1\">Gr\u00e2ce \u00e0 la combinaison d&#8217;un design \u00e9pur\u00e9, d&#8217;un faible \u00e9blouissement et d&#8217;une installation facile, Evolo-S noir est une solution d&#8217;\u00e9clairage id\u00e9ale pour les int\u00e9rieurs de bureaux modernes et autres environnements professionnels.<\/p>\n[\/vc_column_text][\/vc_column][\/vc_row]\n","protected":false},"excerpt":{"rendered":"<p>Evolo-S black, un luminaire suspendu \u00e0 LED \u00e9l\u00e9gant et fin, \u00e9quip\u00e9 dune rang\u00e9e de LED mid-power, chacune dot\u00e9e dune lentille et dune grille de d\u00e9filement individuelles. Le luminaire cr\u00e9e une distribution lumineuse \u00e0 faible \u00e9blouissement ce qui le rend adapt\u00e9 aux environnements de bureau. Le luminaire est fabriqu\u00e9 en acier et b\u00e9n\u00e9ficie dune finition par poudrage textur\u00e9 d\u00e9coratif en noir mat.  <\/p>\n<ul>\n<li>Conception \u00e9l\u00e9gante et mince de 36 mm de large<\/li>\n<li>Excellent \u00e9clairage de t\u00e2che anti-\u00e9blouissement selon EN-12.464\/1 pour utilisation en bureaux<\/li>\n<li>Disponible dans un rev\u00eatement en poudre textur\u00e9 noir mat d\u00e9coratif<\/li>\n<\/ul>\n<div><strong>T\u00e9l\u00e9chargements<\/strong><\/div>\n<div><\/div>\n<div><a class=\"button primary is-is-outline primary is-small\" href=\"https:\/\/atomis.nl\/downloads\/Photometrics-Evolo-S.zip\" target=\"_blank\" rel=\"noopener\">Photom\u00e9trie Evolo-S<\/a><\/div>\n","protected":false},"featured_media":37580,"template":"","meta":[],"product_brand":[],"product_cat":[790],"product_tag":[14291],"class_list":{"0":"post-88404","1":"product","2":"type-product","3":"status-publish","4":"has-post-thumbnail","6":"product_cat-pendel-armaturen","7":"product_tag-evolo","8":"pa_air-extraction-n-v-t","9":"pa_armatuurefficientie-140lm-w","10":"pa_bevestiging-inbouw","11":"pa_cie-flux-code-93-100-100-100-100-nl","12":"pa_driver-positie-losliggende-driver","13":"pa_energielabel-a","14":"pa_familie-evolo","15":"pa_fotobiologische-veiligheid-iec-62471-rg1-low-risk-nl","16":"pa_glare-ugr-14960","17":"pa_ip-class-ip20-top-ip40-bottom-nl-2","18":"pa_isolatieklasse-class-ii-nl","19":"pa_kleurconsistentiesdcm-sdcm3-nl-2","20":"pa_kleurtemperatuur-2700k","21":"pa_kleurtemperatuur-3000k","22":"pa_kleurtemperatuur-3500k","23":"pa_kleurtemperatuur-4000k","24":"pa_kleurtemperatuur-blanc-accordable","25":"pa_kleurweergaveindex-cri-cri80","26":"pa_kleurweergaveindex-cri-cri90","27":"pa_lichtregeling-optioneel","28":"pa_lichtregeling-dimmed-1-10v-nl-2","29":"pa_lichtregeling-casambi-gedimd","30":"pa_lichtregeling-dimmed-dali-nl-2","31":"pa_materiaal-steel-nl","32":"pa_noodverlichting-1-uur-noodstroom","33":"pa_noodverlichting-optioneel","34":"pa_noodverlichting-optioneel-1-uur-autonoom-autotest","35":"pa_omgevingstemperatuur-20c-40c-nl-2","36":"pa_optiek-lens-and-louver-nl","37":"pa_orientatie-naar-beneden","38":"pa_packaging-dimensions-bulkverpakking","39":"pa_powerfactor-15191","40":"pa_primaire-aansluitingen-kabel","41":"pa_primaire-aansluitingen-op-aanvraag","42":"pa_primaire-aansluitingen-on-the-driver-nl","43":"pa_productkleur-op-aanvraag","44":"pa_producttoepassing-onderwijs","45":"pa_producttoepassing-openbare-ruimtes","46":"pa_producttoepassing-horeca","47":"pa_producttoepassing-kantoren","48":"pa_self-adhesive-dust-cover-optional-nl","49":"pa_verwachte-levensduur-l90b5060000h-tq-25c","50":"pa_voltage-frequentie-220-240v-50-60hz","51":"pa_vorm-rectangular-nl","53":"first","54":"instock","55":"shipping-taxable","56":"product-type-simple"},"_links":{"self":[{"href":"https:\/\/atomis.nl\/fr\/wp-json\/wp\/v2\/product\/88404","targetHints":{"allow":["GET"]}}],"collection":[{"href":"https:\/\/atomis.nl\/fr\/wp-json\/wp\/v2\/product"}],"about":[{"href":"https:\/\/atomis.nl\/fr\/wp-json\/wp\/v2\/types\/product"}],"wp:featuredmedia":[{"embeddable":true,"href":"https:\/\/atomis.nl\/fr\/wp-json\/wp\/v2\/media\/37580"}],"wp:attachment":[{"href":"https:\/\/atomis.nl\/fr\/wp-json\/wp\/v2\/media?parent=88404"}],"wp:term":[{"taxonomy":"product_brand","embeddable":true,"href":"https:\/\/atomis.nl\/fr\/wp-json\/wp\/v2\/product_brand?post=88404"},{"taxonomy":"product_cat","embeddable":true,"href":"https:\/\/atomis.nl\/fr\/wp-json\/wp\/v2\/product_cat?post=88404"},{"taxonomy":"product_tag","embeddable":true,"href":"https:\/\/atomis.nl\/fr\/wp-json\/wp\/v2\/product_tag?post=88404"}],"curies":[{"name":"wp","href":"https:\/\/api.w.org\/{rel}","templated":true}]}}