{"id":88405,"date":"2022-06-30T10:48:32","date_gmt":"2022-06-30T10:48:32","guid":{"rendered":"https:\/\/atomis.nl\/product\/evolo-l\/"},"modified":"2026-04-07T13:50:18","modified_gmt":"2026-04-07T13:50:18","slug":"evolo-l","status":"publish","type":"product","link":"https:\/\/atomis.nl\/fr\/produits\/evolo-l\/","title":{"rendered":"Evolo-L"},"content":{"rendered":"[vc_row type=&#8221;in_container&#8221; full_screen_row_position=&#8221;middle&#8221; column_margin=&#8221;default&#8221; column_direction=&#8221;default&#8221; column_direction_tablet=&#8221;default&#8221; column_direction_phone=&#8221;default&#8221; scene_position=&#8221;center&#8221; text_color=&#8221;dark&#8221; text_align=&#8221;left&#8221; row_border_radius=&#8221;none&#8221; row_border_radius_applies=&#8221;bg&#8221; row_position_desktop=&#8221;default&#8221; row_position_tablet=&#8221;inherit&#8221; row_position_phone=&#8221;inherit&#8221; overflow=&#8221;visible&#8221; overlay_strength=&#8221;0.3&#8243; gradient_direction=&#8221;left_to_right&#8221; shape_divider_position=&#8221;bottom&#8221; bg_image_animation=&#8221;none&#8221;][vc_column column_padding=&#8221;no-extra-padding&#8221; column_padding_tablet=&#8221;inherit&#8221; column_padding_phone=&#8221;inherit&#8221; column_padding_position=&#8221;all&#8221; flex_gap_desktop=&#8221;10px&#8221; column_element_direction_desktop=&#8221;default&#8221; column_element_spacing=&#8221;default&#8221; desktop_text_alignment=&#8221;default&#8221; tablet_text_alignment=&#8221;default&#8221; phone_text_alignment=&#8221;default&#8221; background_color_opacity=&#8221;1&#8243; background_hover_color_opacity=&#8221;1&#8243; column_backdrop_filter=&#8221;none&#8221; column_shadow=&#8221;none&#8221; column_border_radius=&#8221;none&#8221; column_link_target=&#8221;_self&#8221; column_position=&#8221;default&#8221; gradient_direction=&#8221;left_to_right&#8221; overlay_strength=&#8221;0.3&#8243; width=&#8221;1\/1&#8243; tablet_width_inherit=&#8221;default&#8221; animation_type=&#8221;default&#8221; bg_image_animation=&#8221;none&#8221; border_type=&#8221;simple&#8221; column_border_width=&#8221;none&#8221; column_border_style=&#8221;solid&#8221;][vc_column_text css_animation=&#8221;bounceIn&#8221; css=&#8221;&#8221; text_direction=&#8221;default&#8221;]Evolo-L est un luminaire LED \u00e9l\u00e9gant et mince, \u00e9quip\u00e9 dune rang\u00e9e de LED mid-power, chacune dot\u00e9e de sa propre lentille et grille de d\u00e9filement. Ce luminaire allie un design raffin\u00e9 \u00e0 un \u00e9clairage fonctionnel pour les environnements de travail professionnels. <\/p>\n<p>La distribution de la lumi\u00e8re \u00e0 faible \u00e9blouissement et un UGR de 19 rendent Evolo-L particuli\u00e8rement adapt\u00e9 aux applications dans les environnements de bureau et autres espaces o\u00f9 le confort visuel est essentiel.<\/p>\n<p>Le bo\u00eetier est fabriqu\u00e9 en acier et fini avec un rev\u00eatement en poudre d\u00e9coratif. Le luminaire est disponible en noir mat ou en blanc mat, ce qui lui permet de s&#8217;int\u00e9grer facilement \u00e0 diff\u00e9rents styles d&#8217;int\u00e9rieur. <\/p>\n<p><strong>Caract\u00e9ristiques principales<\/strong><\/p>\n<p>\u2022 Luminaire LED lin\u00e9aire mince<br \/>\n\u2022 LED mid-power<br \/>\n\u2022 Lentille et louvre individuels par LED<br \/>\n\u2022 Faible \u00e9blouissement avec UGR 19<br \/>\n\u2022 Adapt\u00e9 aux environnements de bureau<br \/>\n\u2022 Corps en acier<br \/>\n\u2022 Rev\u00eatement par poudre d\u00e9coratif<br \/>\n\u2022 Finition en noir mat ou blanc mat<\/p>\n<p>Gr\u00e2ce \u00e0 la combinaison d&#8217;un design \u00e9pur\u00e9, d&#8217;un faible \u00e9blouissement et d&#8217;une finition de haute qualit\u00e9, Evolo-L est une solution d&#8217;\u00e9clairage id\u00e9ale pour les int\u00e9rieurs de bureaux modernes.[\/vc_column_text][\/vc_column][\/vc_row]\n","protected":false},"excerpt":{"rendered":"<p>Evolo-L est un luminaire LED \u00e9l\u00e9gant et mince, \u00e9quip\u00e9 d&#8217;une rang\u00e9e de LED de moyenne puissance, chacune dot\u00e9e de sa propre lentille et de son propre d\u00e9flecteur. Ce luminaire est sp\u00e9cialement con\u00e7u pour une utilisation dans les plafonds \u00e0 panneaux lin\u00e9aires. <\/p>\n<ul>\n<li>Luminaire lin\u00e9aire \u00e9l\u00e9gant et mince pour une utilisation dans les plafonds \u00e0 panneaux lin\u00e9aires.<\/li>\n<li>Excellent \u00e9clairage de t\u00e2che anti-\u00e9blouissement selon EN-12.464\/1 pour utilisation en bureaux<\/li>\n<li>Disponible en rev\u00eatement textur\u00e9 blanc mat ou noir mat<\/li>\n<\/ul>\n<p><strong>T\u00e9l\u00e9chargements<\/strong><\/p>\n<p><a class=\"button primary is-is-outline primary is-small\" href=\"https:\/\/atomis.nl\/downloads\/Photometrics-Evolo.zip\" target=\"_blank\" rel=\"noopener\">Photom\u00e9trie Evolo<\/a><\/p>\n","protected":false},"featured_media":90830,"template":"","meta":[],"product_brand":[],"product_cat":[14199],"product_tag":[14291],"class_list":{"0":"post-88405","1":"product","2":"type-product","3":"status-publish","4":"has-post-thumbnail","6":"product_cat-lamel-armaturen","7":"product_tag-evolo","8":"pa_air-extraction-n-v-t","9":"pa_armatuurefficientie-130lm-w","10":"pa_bevestiging-plafondmontage","11":"pa_cie-flux-code-93-100-100-100-100-nl","12":"pa_driver-positie-losliggende-driver","13":"pa_driver-positie-bevestigd-aan-het-armatuur","14":"pa_energielabel-a","15":"pa_familie-evolo","16":"pa_fotobiologische-veiligheid-iec-62471-rg1-low-risk-nl","17":"pa_glare-ugr-14960","18":"pa_ip-class-ip20-top-ip40-bottom-nl-2","19":"pa_isolatieklasse-class-ii-nl","20":"pa_kleurconsistentiesdcm-sdcm3-nl-2","21":"pa_kleurtemperatuur-2700k","22":"pa_kleurtemperatuur-3000k","23":"pa_kleurtemperatuur-3500k","24":"pa_kleurtemperatuur-4000k","25":"pa_kleurtemperatuur-blanc-accordable","26":"pa_kleurweergaveindex-cri-cri80","27":"pa_kleurweergaveindex-cri-cri90","28":"pa_kleurweergaveindex-cri-cri97-nl-2","29":"pa_lichtregeling-optioneel","30":"pa_lichtregeling-dimmed-1-10v-nl-2","31":"pa_lichtregeling-casambi-gedimd","32":"pa_lichtregeling-dimmed-dali-nl-2","33":"pa_materiaal-steel-nl","34":"pa_noodverlichting-1-uur-noodstroom","35":"pa_noodverlichting-optioneel","36":"pa_noodverlichting-optioneel-1-uur-autonoom-autotest","37":"pa_omgevingstemperatuur-20c-40c-nl-2","38":"pa_optiek-lens-and-louver-nl","39":"pa_orientatie-naar-beneden","40":"pa_packaging-dimensions-bulkverpakking","41":"pa_powerfactor-15191","42":"pa_primaire-aansluitingen-bst-14i2","43":"pa_primaire-aansluitingen-europlug","44":"pa_primaire-aansluitingen-gst18i3","45":"pa_primaire-aansluitingen-gst18i5-pastel-blue-nl-2","46":"pa_primaire-aansluitingen-op-aanvraag","47":"pa_primaire-aansluitingen-on-the-driver-nl","48":"pa_productkleur-op-aanvraag","49":"pa_producttoepassing-onderwijs","50":"pa_producttoepassing-openbare-ruimtes","51":"pa_producttoepassing-horeca","52":"pa_producttoepassing-kantoren","53":"pa_self-adhesive-dust-cover-optional-nl","54":"pa_verwachte-levensduur-l90b5060000h-tq-25c","55":"pa_voltage-frequentie-220-240v-50-60hz","56":"pa_vorm-rectangular-nl","58":"first","59":"instock","60":"shipping-taxable","61":"product-type-simple"},"_links":{"self":[{"href":"https:\/\/atomis.nl\/fr\/wp-json\/wp\/v2\/product\/88405","targetHints":{"allow":["GET"]}}],"collection":[{"href":"https:\/\/atomis.nl\/fr\/wp-json\/wp\/v2\/product"}],"about":[{"href":"https:\/\/atomis.nl\/fr\/wp-json\/wp\/v2\/types\/product"}],"wp:featuredmedia":[{"embeddable":true,"href":"https:\/\/atomis.nl\/fr\/wp-json\/wp\/v2\/media\/90830"}],"wp:attachment":[{"href":"https:\/\/atomis.nl\/fr\/wp-json\/wp\/v2\/media?parent=88405"}],"wp:term":[{"taxonomy":"product_brand","embeddable":true,"href":"https:\/\/atomis.nl\/fr\/wp-json\/wp\/v2\/product_brand?post=88405"},{"taxonomy":"product_cat","embeddable":true,"href":"https:\/\/atomis.nl\/fr\/wp-json\/wp\/v2\/product_cat?post=88405"},{"taxonomy":"product_tag","embeddable":true,"href":"https:\/\/atomis.nl\/fr\/wp-json\/wp\/v2\/product_tag?post=88405"}],"curies":[{"name":"wp","href":"https:\/\/api.w.org\/{rel}","templated":true}]}}