{"id":88410,"date":"2023-09-13T12:02:08","date_gmt":"2023-09-13T12:02:08","guid":{"rendered":"https:\/\/atomis.nl\/product\/fusion-wec\/"},"modified":"2026-03-29T13:09:22","modified_gmt":"2026-03-29T13:09:22","slug":"fusion-wec","status":"publish","type":"product","link":"https:\/\/atomis.nl\/fr\/produits\/fusion-wec\/","title":{"rendered":"Fusion WEC"},"content":{"rendered":"[vc_row type=&#8221;in_container&#8221; full_screen_row_position=&#8221;middle&#8221; column_margin=&#8221;default&#8221; column_direction=&#8221;default&#8221; column_direction_tablet=&#8221;default&#8221; column_direction_phone=&#8221;default&#8221; scene_position=&#8221;center&#8221; text_color=&#8221;dark&#8221; text_align=&#8221;left&#8221; row_border_radius=&#8221;none&#8221; row_border_radius_applies=&#8221;bg&#8221; row_position_desktop=&#8221;default&#8221; row_position_tablet=&#8221;inherit&#8221; row_position_phone=&#8221;inherit&#8221; overflow=&#8221;visible&#8221; overlay_strength=&#8221;0.3&#8243; gradient_direction=&#8221;left_to_right&#8221; shape_divider_position=&#8221;bottom&#8221; bg_image_animation=&#8221;none&#8221;][vc_column column_padding=&#8221;no-extra-padding&#8221; column_padding_tablet=&#8221;inherit&#8221; column_padding_phone=&#8221;inherit&#8221; column_padding_position=&#8221;all&#8221; flex_gap_desktop=&#8221;10px&#8221; column_element_direction_desktop=&#8221;default&#8221; column_element_spacing=&#8221;default&#8221; desktop_text_alignment=&#8221;default&#8221; tablet_text_alignment=&#8221;default&#8221; phone_text_alignment=&#8221;default&#8221; background_color_opacity=&#8221;1&#8243; background_hover_color_opacity=&#8221;1&#8243; column_backdrop_filter=&#8221;none&#8221; column_shadow=&#8221;none&#8221; column_border_radius=&#8221;none&#8221; column_link_target=&#8221;_self&#8221; column_position=&#8221;default&#8221; gradient_direction=&#8221;left_to_right&#8221; overlay_strength=&#8221;0.3&#8243; width=&#8221;1\/1&#8243; tablet_width_inherit=&#8221;default&#8221; animation_type=&#8221;default&#8221; bg_image_animation=&#8221;none&#8221; border_type=&#8221;simple&#8221; column_border_width=&#8221;none&#8221; column_border_style=&#8221;solid&#8221;][vc_column_text css_animation=&#8221;bounceIn&#8221; css=&#8221;&#8221; text_direction=&#8221;default&#8221;]Fusion WEC est un luminaire lin\u00e9aire dot\u00e9 dune lentille prismatique ou dun diffuseur opale, con\u00e7u pour une application dans les plafonds climatiques Interalu WEC. Le luminaire sint\u00e8gre parfaitement dans les structures de plafond en V et forme un syst\u00e8me int\u00e9gr\u00e9 au plafond avec un aspect architectural de haute qualit\u00e9. <\/p>\n<p>Gr\u00e2ce \u00e0 cette int\u00e9gration, le syst\u00e8me climatique actif ne doit pas \u00eatre interrompu et la position du luminaire peut \u00eatre choisie librement dans un plafond fini. Cela offre une flexibilit\u00e9 maximale dans la conception de l\u00e9clairage. <\/p>\n<p>La lentille prismatique assure une solution d&#8217;\u00e9clairage sans \u00e9blouissement avec un UGR inf\u00e9rieur \u00e0 19, rendant le luminaire particuli\u00e8rement adapt\u00e9 \u00e0 l&#8217;utilisation dans les environnements de bureau. De plus, le luminaire est \u00e9galement disponible avec un diffuseur opale pour un \u00e9clairage plus doux et plus diffus. <\/p>\n<p>Fusion WEC est conforme \u00e0 la norme NEN-EN 12464-1 relative \u00e0 l\u00e9clairage des lieux de travail et convient donc aux applications professionnelles o\u00f9 le confort visuel et le respect des normes sont essentiels.<\/p>\n<p><strong>Caract\u00e9ristiques principales<\/strong><\/p>\n<p>\u2022 Luminaire lin\u00e9aire pour plafonds climatiques Interalu WEC<br \/>\n\u2022 Int\u00e9gration dans des structures de plafond en V<br \/>\n\u2022 Positionnement libre dans le plafond fini<br \/>\n\u2022 Aucune interruption du syst\u00e8me climatique actif<br \/>\n\u2022 Lentille prismatique ou diffuseur opale<br \/>\n\u2022 Faible \u00e9blouissement avec un UGR inf\u00e9rieur \u00e0 19<br \/>\n\u2022 Conforme \u00e0 la norme NEN-EN 12464-1 <\/p>\n<p>Gr\u00e2ce \u00e0 la combinaison d&#8217;int\u00e9gration au plafond, de faible \u00e9blouissement et de normalisation, Fusion WEC convient parfaitement \u00e0 l&#8217;application dans les bureaux et autres environnements de travail professionnels.[\/vc_column_text][\/vc_column][\/vc_row]\n","protected":false},"excerpt":{"rendered":"<p>Fusion WEC est un luminaire lin\u00e9aire avec une lentille prismatique ou un diffuseur opale pour utilisation dans les <a href=\"https:\/\/atomis.nl\/portfolio-item\/led-klimaatplafond-armaturen-2\/\">plafonds climatiques<\/a> Interalu WEC\u00ae.<\/p>\n<ul>\n<li>Construction l\u00e9g\u00e8re<\/li>\n<li>Deux longueurs disponibles : 1135 mm et 1415 mm<\/li>\n<li>Avec optique microprismatique (UGR &lt; 19 conforme pour bureaux) ou diffuseur opale<\/li>\n<\/ul>\n<div><strong>T\u00e9l\u00e9chargements<\/strong><\/div>\n<div><\/div>\n<div><a class=\"button primary is-is-outline primary is-small\" href=\"https:\/\/atomis.nl\/downloads\/Photometrics-Fusion-WEC.zip\" target=\"_blank\" rel=\"noopener\">Photom\u00e9trie Fusion-WEC<\/a><\/div>\n","protected":false},"featured_media":13728,"template":"","meta":[],"product_brand":[],"product_cat":[14199,476],"product_tag":[14286],"class_list":{"0":"post-88410","1":"product","2":"type-product","3":"status-publish","4":"has-post-thumbnail","6":"product_cat-lamel-armaturen","7":"product_cat-klimaatplafond-armaturen","8":"product_tag-fusion","9":"pa_air-extraction-n-v-t","10":"pa_armatuurefficientie-140lm-w","11":"pa_bevestiging-inbouw","12":"pa_breedte-70mm-nl","13":"pa_cie-flux-code-93-100-100-100-100-nl","14":"pa_driver-positie-losliggende-driver","15":"pa_energielabel-a","16":"pa_familie-fusion","17":"pa_fotobiologische-veiligheid-iec-62471-rg1-low-risk-nl","18":"pa_glare-ugr-14960","19":"pa_ip-class-ip20-top-ip40-bottom-nl-2","20":"pa_isolatieklasse-class-ii-nl","21":"pa_kleurconsistentiesdcm-sdcm3-nl-2","22":"pa_kleurtemperatuur-2700k","23":"pa_kleurtemperatuur-3000k","24":"pa_kleurtemperatuur-3500k","25":"pa_kleurtemperatuur-4000k","26":"pa_kleurtemperatuur-blanc-accordable","27":"pa_kleurweergaveindex-cri-cri80","28":"pa_kleurweergaveindex-cri-cri90","29":"pa_lichtregeling-optioneel","30":"pa_lichtregeling-dimmed-1-10v-nl-2","31":"pa_lichtregeling-casambi-gedimd","32":"pa_lichtregeling-dimmed-dali-nl-2","33":"pa_materiaal-steel-nl","34":"pa_materiaal-acrylate-nl","35":"pa_materiaal-aluminium","36":"pa_noodverlichting-1-uur-noodstroom","37":"pa_noodverlichting-optioneel","38":"pa_noodverlichting-optioneel-1-uur-autonoom-autotest","39":"pa_omgevingstemperatuur-20c-40c-nl-2","40":"pa_optiek-opalen-diffusor","41":"pa_optiek-prismalens","42":"pa_orientatie-naar-beneden","43":"pa_packaging-dimensions-bulkverpakking","44":"pa_powerfactor-15191","45":"pa_primaire-aansluitingen-bst-14i2","46":"pa_primaire-aansluitingen-europlug","47":"pa_primaire-aansluitingen-gst18i3","48":"pa_primaire-aansluitingen-gst18i5-pastel-blue-nl-2","49":"pa_primaire-aansluitingen-op-aanvraag","50":"pa_primaire-aansluitingen-on-the-driver-nl","51":"pa_productkleur-op-aanvraag","52":"pa_producttoepassing-onderwijs","53":"pa_producttoepassing-openbare-ruimtes","54":"pa_producttoepassing-horeca","55":"pa_producttoepassing-kantoren","56":"pa_self-adhesive-dust-cover-optional-nl","57":"pa_verwachte-levensduur-l90b5060000h-tq-25c","58":"pa_voltage-frequentie-220-240v-50-60hz","59":"pa_vorm-rectangular-nl","61":"first","62":"instock","63":"shipping-taxable","64":"product-type-simple"},"_links":{"self":[{"href":"https:\/\/atomis.nl\/fr\/wp-json\/wp\/v2\/product\/88410","targetHints":{"allow":["GET"]}}],"collection":[{"href":"https:\/\/atomis.nl\/fr\/wp-json\/wp\/v2\/product"}],"about":[{"href":"https:\/\/atomis.nl\/fr\/wp-json\/wp\/v2\/types\/product"}],"wp:featuredmedia":[{"embeddable":true,"href":"https:\/\/atomis.nl\/fr\/wp-json\/wp\/v2\/media\/13728"}],"wp:attachment":[{"href":"https:\/\/atomis.nl\/fr\/wp-json\/wp\/v2\/media?parent=88410"}],"wp:term":[{"taxonomy":"product_brand","embeddable":true,"href":"https:\/\/atomis.nl\/fr\/wp-json\/wp\/v2\/product_brand?post=88410"},{"taxonomy":"product_cat","embeddable":true,"href":"https:\/\/atomis.nl\/fr\/wp-json\/wp\/v2\/product_cat?post=88410"},{"taxonomy":"product_tag","embeddable":true,"href":"https:\/\/atomis.nl\/fr\/wp-json\/wp\/v2\/product_tag?post=88410"}],"curies":[{"name":"wp","href":"https:\/\/api.w.org\/{rel}","templated":true}]}}