{"id":88419,"date":"2021-10-26T10:22:58","date_gmt":"2021-10-26T10:22:58","guid":{"rendered":"https:\/\/atomis.nl\/product\/fusion-m-600x600-carre\/"},"modified":"2026-04-07T06:10:59","modified_gmt":"2026-04-07T06:10:59","slug":"fusion-m-600x600-carre","status":"publish","type":"product","link":"https:\/\/atomis.nl\/fr\/produits\/fusion-m-600x600-carre\/","title":{"rendered":"Fusion-M 600&#215;600 carr\u00e9"},"content":{"rendered":"[vc_row type=&#8221;in_container&#8221; full_screen_row_position=&#8221;middle&#8221; column_margin=&#8221;default&#8221; column_direction=&#8221;default&#8221; column_direction_tablet=&#8221;default&#8221; column_direction_phone=&#8221;default&#8221; scene_position=&#8221;center&#8221; text_color=&#8221;dark&#8221; text_align=&#8221;left&#8221; row_border_radius=&#8221;none&#8221; row_border_radius_applies=&#8221;bg&#8221; row_position_desktop=&#8221;default&#8221; row_position_tablet=&#8221;inherit&#8221; row_position_phone=&#8221;inherit&#8221; overflow=&#8221;visible&#8221; overlay_strength=&#8221;0.3&#8243; gradient_direction=&#8221;left_to_right&#8221; shape_divider_position=&#8221;bottom&#8221; bg_image_animation=&#8221;none&#8221;][vc_column column_padding=&#8221;no-extra-padding&#8221; column_padding_tablet=&#8221;inherit&#8221; column_padding_phone=&#8221;inherit&#8221; column_padding_position=&#8221;all&#8221; flex_gap_desktop=&#8221;10px&#8221; column_element_direction_desktop=&#8221;default&#8221; column_element_spacing=&#8221;default&#8221; desktop_text_alignment=&#8221;default&#8221; tablet_text_alignment=&#8221;default&#8221; phone_text_alignment=&#8221;default&#8221; background_color_opacity=&#8221;1&#8243; background_hover_color_opacity=&#8221;1&#8243; column_backdrop_filter=&#8221;none&#8221; column_shadow=&#8221;none&#8221; column_border_radius=&#8221;none&#8221; column_link_target=&#8221;_self&#8221; column_position=&#8221;default&#8221; gradient_direction=&#8221;left_to_right&#8221; overlay_strength=&#8221;0.3&#8243; width=&#8221;1\/1&#8243; tablet_width_inherit=&#8221;default&#8221; animation_type=&#8221;default&#8221; bg_image_animation=&#8221;none&#8221; border_type=&#8221;simple&#8221; column_border_width=&#8221;none&#8221; column_border_style=&#8221;solid&#8221;][vc_column_text css=&#8221;&#8221; text_direction=&#8221;default&#8221;]\n<p class=\"p1\">Fusion-M 600\u00d7600 carr\u00e9 est une gamme de luminaires LED aux dimensions modulaires, con\u00e7us pour une utilisation dans les faux plafonds. Les modules encastrables ont \u00e9t\u00e9 d\u00e9velopp\u00e9s comme une alternative \u00e9conome en \u00e9nergie aux luminaires fluorescents T8 et T5 traditionnels et conviennent aussi bien aux projets de r\u00e9novation qu&#8217;aux nouvelles constructions. <\/p>\n<p class=\"p1\">Le luminaire combine un design \u00e9pur\u00e9 et plat avec des mat\u00e9riaux de haute qualit\u00e9 et une flexibilit\u00e9 de dimensionnement, ce qui lui permet de s&#8217;int\u00e9grer parfaitement aux concepts de plafonds modernes.<\/p>\n<p class=\"p1\">Les luminaires sont fabriqu\u00e9s \u00e0 partir d&#8217;un mat\u00e9riau composite l\u00e9ger, constitu\u00e9 de deux couches d&#8217;aluminium laqu\u00e9 avec un noyau thermoplastique entre les deux. Ce mat\u00e9riau offre d&#8217;excellentes propri\u00e9t\u00e9s thermiques, une haute r\u00e9sistance au feu, une bonne isolation acoustique et une surface extr\u00eamement plane. <\/p>\n<p class=\"p1\">Fusion-M 600\u00d7600 carr\u00e9 est fabriqu\u00e9 et assembl\u00e9 aux Pays-Bas, ce qui garantit une qualit\u00e9 constante et une livraison fiable. Gr\u00e2ce \u00e0 son processus de production unique, des tailles de luminaires personnalis\u00e9es sont disponibles sur demande. De plus, des versions avec ouvertures d&#8217;extraction d&#8217;air int\u00e9gr\u00e9es sont possibles, combinant ainsi l&#8217;\u00e9clairage et la fonctionnalit\u00e9 climatique en une seule solution de plafond.  <\/p>\n<p class=\"p1\">Diff\u00e9rentes optiques sont disponibles pour la surface \u00e9mettant de la lumi\u00e8re, de sorte que le luminaire peut \u00eatre adapt\u00e9 aux exigences esth\u00e9tiques et fonctionnelles.<\/p>\n<p class=\"p1\"><strong>Caract\u00e9ristiques principales<\/strong><\/p>\n<ul>\n<li class=\"p1\">Luminaire LED pour faux plafonds<\/li>\n<li class=\"p1\">Dimensions modulaires 600\u00d7600<\/li>\n<li class=\"p1\">Alternative aux luminaires TL T8 et T5<\/li>\n<li class=\"p1\">Convient pour la r\u00e9novation et la construction neuve<\/li>\n<li class=\"p1\">Construction composite l\u00e9g\u00e8re<\/li>\n<li class=\"p1\">Luminaire extr\u00eamement plat<\/li>\n<li class=\"p1\">Dimensions sur mesure sur demande<\/li>\n<li class=\"p1\">En option avec ouvertures d&#8217;extraction d&#8217;air int\u00e9gr\u00e9es<\/li>\n<li class=\"p1\">Produit et assembl\u00e9 aux Pays-Bas<\/li>\n<\/ul>\n<p class=\"p1\"><strong>Options d&#8217;\u00e9clairage<\/strong><\/p>\n<ul>\n<li class=\"p1\">Diffuseur opale avec un aspect architectural calme et un UGR inf\u00e9rieur \u00e0 22<\/li>\n<li class=\"p1\">Lentille microprismatique \u00e0 faible \u00e9blouissement et UGR inf\u00e9rieur \u00e0 19<\/li>\n<\/ul>\n<p class=\"p1\">Gr\u00e2ce \u00e0 ces propri\u00e9t\u00e9s, Fusion-M 600\u00d7600 carr\u00e9 est parfaitement adapt\u00e9 aux applications dans les bureaux, les \u00e9coles et les \u00e9tablissements de soins de sant\u00e9 o\u00f9 le confort visuel, la fonctionnalit\u00e9 et un aspect de plafond \u00e9pur\u00e9 sont importants.<\/p>\n[\/vc_column_text][\/vc_column][\/vc_row]\n","protected":false},"excerpt":{"rendered":"<p>Fusion-M 600\u00d7600 carr\u00e9 est une gamme de luminaires LED aux dimensions modulaires, con\u00e7us pour les faux plafonds. Les luminaires sont fabriqu\u00e9s \u00e0 partir d&#8217;un mat\u00e9riau composite l\u00e9ger constitu\u00e9 de deux couches d&#8217;aluminium laqu\u00e9 avec un noyau thermoplastique entre elles. <\/p>\n<ul>\n<li>Convient pour une utilisation avec tous les faux plafonds courants<\/li>\n<li>Aspect architectural<\/li>\n<li>\u00c9quip\u00e9 dune lentille prismatique (UGR  19) ou dun diffuseur opale<\/li>\n<\/ul>\n<div><strong>T\u00e9l\u00e9chargements<\/strong><\/div>\n<div><\/div>\n<div><a class=\"button primary is-is-outline primary is-small\" href=\"https:\/\/atomis.nl\/downloads\/Photometrics-Fusion-M.zip\" target=\"_blank\" rel=\"noopener\">Photom\u00e9trie Fusion-M 600&#215;600 carr\u00e9<\/a><\/div>\n","protected":false},"featured_media":13333,"template":"","meta":[],"product_brand":[],"product_cat":[788],"product_tag":[14286],"class_list":{"0":"post-88419","1":"product","2":"type-product","3":"status-publish","4":"has-post-thumbnail","6":"product_cat-inbouw-en-inleg-armaturen","7":"product_tag-fusion","8":"pa_air-extraction-optional-nl","9":"pa_armatuurefficientie-140lm-w","10":"pa_bevestiging-inbouw","11":"pa_cie-flux-code-93-100-100-100-100-nl","12":"pa_driver-positie-losliggende-driver","13":"pa_energielabel-a","14":"pa_familie-fusion","15":"pa_fotobiologische-veiligheid-iec-62471-rg1-low-risk-nl","16":"pa_glare-ugr-14960","17":"pa_ip-class-ip20-top-ip40-bottom-nl-2","18":"pa_isolatieklasse-class-ii-nl","19":"pa_kleurconsistentiesdcm-sdcm3-nl-2","20":"pa_kleurtemperatuur-2700k","21":"pa_kleurtemperatuur-3000k","22":"pa_kleurtemperatuur-3500k","23":"pa_kleurtemperatuur-4000k","24":"pa_kleurtemperatuur-blanc-accordable","25":"pa_kleurweergaveindex-cri-cri80","26":"pa_kleurweergaveindex-cri-cri90","27":"pa_lichtregeling-optioneel","28":"pa_lichtregeling-dimmed-1-10v-nl-2","29":"pa_lichtregeling-casambi-gedimd","30":"pa_lichtregeling-dimmed-dali-nl-2","31":"pa_materiaal-steel-nl","32":"pa_materiaal-acrylate-nl","33":"pa_materiaal-dibond","34":"pa_noodverlichting-1-uur-noodstroom","35":"pa_noodverlichting-optioneel","36":"pa_noodverlichting-optioneel-1-uur-autonoom-autotest","37":"pa_omgevingstemperatuur-20c-40c-nl-2","38":"pa_optiek-opalen-diffusor","39":"pa_optiek-prismalens","40":"pa_orientatie-naar-beneden","41":"pa_packaging-dimensions-bulkverpakking","42":"pa_powerfactor-15191","43":"pa_primaire-aansluitingen-bst-14i2","44":"pa_primaire-aansluitingen-europlug","45":"pa_primaire-aansluitingen-gst18i3","46":"pa_primaire-aansluitingen-gst18i5-pastel-blue-nl-2","47":"pa_primaire-aansluitingen-op-aanvraag","48":"pa_primaire-aansluitingen-on-the-driver-nl","49":"pa_productkleur-op-aanvraag","50":"pa_producttoepassing-onderwijs","51":"pa_producttoepassing-openbare-ruimtes","52":"pa_producttoepassing-horeca","53":"pa_producttoepassing-kantoren","54":"pa_self-adhesive-dust-cover-optional-nl","55":"pa_verwachte-levensduur-l90b5060000h-tq-25c","56":"pa_voltage-frequentie-220-240v-50-60hz","57":"pa_vorm-vierkant","59":"first","60":"instock","61":"shipping-taxable","62":"product-type-simple"},"_links":{"self":[{"href":"https:\/\/atomis.nl\/fr\/wp-json\/wp\/v2\/product\/88419","targetHints":{"allow":["GET"]}}],"collection":[{"href":"https:\/\/atomis.nl\/fr\/wp-json\/wp\/v2\/product"}],"about":[{"href":"https:\/\/atomis.nl\/fr\/wp-json\/wp\/v2\/types\/product"}],"wp:featuredmedia":[{"embeddable":true,"href":"https:\/\/atomis.nl\/fr\/wp-json\/wp\/v2\/media\/13333"}],"wp:attachment":[{"href":"https:\/\/atomis.nl\/fr\/wp-json\/wp\/v2\/media?parent=88419"}],"wp:term":[{"taxonomy":"product_brand","embeddable":true,"href":"https:\/\/atomis.nl\/fr\/wp-json\/wp\/v2\/product_brand?post=88419"},{"taxonomy":"product_cat","embeddable":true,"href":"https:\/\/atomis.nl\/fr\/wp-json\/wp\/v2\/product_cat?post=88419"},{"taxonomy":"product_tag","embeddable":true,"href":"https:\/\/atomis.nl\/fr\/wp-json\/wp\/v2\/product_tag?post=88419"}],"curies":[{"name":"wp","href":"https:\/\/api.w.org\/{rel}","templated":true}]}}