{"id":88424,"date":"2022-06-22T11:58:32","date_gmt":"2022-06-22T11:58:32","guid":{"rendered":"https:\/\/atomis.nl\/product\/fusion-l\/"},"modified":"2026-04-01T00:15:26","modified_gmt":"2026-04-01T00:15:26","slug":"fusion-l","status":"publish","type":"product","link":"https:\/\/atomis.nl\/fr\/produits\/fusion-l\/","title":{"rendered":"Fusion-L"},"content":{"rendered":"[vc_row type=&#8221;in_container&#8221; full_screen_row_position=&#8221;middle&#8221; column_margin=&#8221;default&#8221; column_direction=&#8221;default&#8221; column_direction_tablet=&#8221;default&#8221; column_direction_phone=&#8221;default&#8221; scene_position=&#8221;center&#8221; text_color=&#8221;dark&#8221; text_align=&#8221;left&#8221; row_border_radius=&#8221;none&#8221; row_border_radius_applies=&#8221;bg&#8221; row_position_desktop=&#8221;default&#8221; row_position_tablet=&#8221;inherit&#8221; row_position_phone=&#8221;inherit&#8221; overflow=&#8221;visible&#8221; overlay_strength=&#8221;0.3&#8243; gradient_direction=&#8221;left_to_right&#8221; shape_divider_position=&#8221;bottom&#8221; bg_image_animation=&#8221;none&#8221;][vc_column column_padding=&#8221;no-extra-padding&#8221; column_padding_tablet=&#8221;inherit&#8221; column_padding_phone=&#8221;inherit&#8221; column_padding_position=&#8221;all&#8221; flex_gap_desktop=&#8221;10px&#8221; column_element_direction_desktop=&#8221;default&#8221; column_element_spacing=&#8221;default&#8221; desktop_text_alignment=&#8221;default&#8221; tablet_text_alignment=&#8221;default&#8221; phone_text_alignment=&#8221;default&#8221; background_color_opacity=&#8221;1&#8243; background_hover_color_opacity=&#8221;1&#8243; column_backdrop_filter=&#8221;none&#8221; column_shadow=&#8221;none&#8221; column_border_radius=&#8221;none&#8221; column_link_target=&#8221;_self&#8221; column_position=&#8221;default&#8221; gradient_direction=&#8221;left_to_right&#8221; overlay_strength=&#8221;0.3&#8243; width=&#8221;1\/1&#8243; tablet_width_inherit=&#8221;default&#8221; animation_type=&#8221;default&#8221; bg_image_animation=&#8221;none&#8221; border_type=&#8221;simple&#8221; column_border_width=&#8221;none&#8221; column_border_style=&#8221;solid&#8221;][vc_column_text css_animation=&#8221;bounceIn&#8221; css=&#8221;&#8221; text_direction=&#8221;default&#8221;]Fusion-L est un luminaire lin\u00e9aire avec une lentille prismatique ou un diffuseur opale, con\u00e7u pour application dans les plafonds suspendus \u00e0 panneaux lin\u00e9aires en bois. Le luminaire permet de cr\u00e9er un \u00e9clairage int\u00e9gr\u00e9 dans des lignes de plafond en bois \u00e9pur\u00e9es et uniques, o\u00f9 lumi\u00e8re et architecture se rencontrent harmonieusement. <\/p>\n<p>Les luminaires sont fabriqu\u00e9s en acier et finis avec un rev\u00eatement en poudre durable. La fixation des unit\u00e9s varie selon le syst\u00e8me de plafond appliqu\u00e9, permettant un montage stable et correct dans diff\u00e9rentes solutions de plafond. <\/p>\n<p>Fusion-L est produit et assembl\u00e9 aux Pays-Bas, ce qui garantit une qualit\u00e9 constante et une finition fiable. Le luminaire est \u00e9quip\u00e9 en standard d&#8217;une lentille prismatique \u00e0 faible \u00e9blouissement et d&#8217;un UGR inf\u00e9rieur \u00e0 19. De plus, une version avec diffuseur opale est disponible pour une \u00e9mission lumineuse plus douce et plus diffuse.  <\/p>\n<p><strong>Caract\u00e9ristiques principales<\/strong><\/p>\n<p>\u2022 Luminaire lin\u00e9aire pour plafonds \u00e0 panneaux en bois<br \/>\n\u2022 Int\u00e9gration dans les lignes de plafond lin\u00e9aires<br \/>\n\u2022 Lentille prismatique ou diffuseur opale<br \/>\n\u2022 Faible \u00e9blouissement avec UGR inf\u00e9rieur \u00e0 19<br \/>\n\u2022 Corps en acier<br \/>\n\u2022 Rev\u00eatement par poudre durable<br \/>\n\u2022 Fixation adapt\u00e9e au syst\u00e8me de plafond<br \/>\n\u2022 Produit et assembl\u00e9 aux Pays-Bas  <\/p>\n<p>Gr\u00e2ce \u00e0 la combinaison d&#8217;int\u00e9gration au plafond, de faible \u00e9blouissement et de finition haut de gamme, Fusion-L convient parfaitement aux bureaux, \u00e9coles, centres de soins et autres \u00e9quipements publics o\u00f9 le confort visuel et l&#8217;architecture sont importants.[\/vc_column_text][\/vc_column][\/vc_row]\n","protected":false},"excerpt":{"rendered":"<p>Fusion-L est un luminaire lin\u00e9aire avec une lentille prismatique ou un diffuseur opale pour utilisation dans les plafonds suspendus \u00e0 panneaux lin\u00e9aires en bois. Cela vous permet de cr\u00e9er un \u00e9clairage int\u00e9gr\u00e9 dans des lignes de plafond en bois \u00e9l\u00e9gantes et enti\u00e8rement uniques. <\/p>\n<ul>\n<li>Peut \u00eatre int\u00e9gr\u00e9 de mani\u00e8re transparente dans les plafonds suspendus \u00e0 panneaux lin\u00e9aires en bois<\/li>\n<li>Aspect architectural d&#8217;apparence bois et lignes de plafond \u00e9pur\u00e9es<\/li>\n<li>\u00c9quip\u00e9 dune lentille prismatique (UGR  19) ou dun diffuseur opale<\/li>\n<\/ul>\n<div><strong>T\u00e9l\u00e9chargements<\/strong><\/div>\n<div><\/div>\n<div><a class=\"button primary is-is-outline primary is-small\" href=\"https:\/\/atomis.nl\/downloads\/Photometrics-Fusion-L.zip\" target=\"_blank\" rel=\"noopener\">Photom\u00e9trie Fusion-L<\/a><\/div>\n","protected":false},"featured_media":42977,"template":"","meta":[],"product_brand":[],"product_cat":[14458],"product_tag":[14776],"class_list":{"0":"post-88424","1":"product","2":"type-product","3":"status-publish","4":"has-post-thumbnail","6":"product_cat-luminaires-a-lamelles","7":"product_tag-fusion","8":"pa_air-extraction-facultatif","9":"pa_armatuurefficientie-140lm-w","10":"pa_bevestiging-suspension","11":"pa_cie-flux-code-93-100-100-100-100-nl","12":"pa_driver-positie-driver-led-externe","13":"pa_driver-positie-fixe-au-luminaire","14":"pa_energielabel-a","15":"pa_familie-fusion","16":"pa_fotobiologische-veiligheid-cei-62471-rg1-faible-risque","17":"pa_glare-ugr-14969","18":"pa_ip-class-ip20-dessus-ip40-dessous","19":"pa_isolatieklasse-classe-ii-nl","20":"pa_kleurconsistentiesdcm-sdcm3-nl-2","21":"pa_kleurtemperatuur-2700k","22":"pa_kleurtemperatuur-3000k","23":"pa_kleurtemperatuur-3500k","24":"pa_kleurtemperatuur-4000k","25":"pa_kleurtemperatuur-blanc-accordable","26":"pa_kleurweergaveindex-cri-cri80","27":"pa_kleurweergaveindex-cri-cri90","28":"pa_lichtregeling-optionelle","29":"pa_lichtregeling-gradation-1-10-v","30":"pa_lichtregeling-gradation-casambi","31":"pa_lichtregeling-gradation-dali","32":"pa_materiaal-acier","33":"pa_materiaal-acrylique","34":"pa_materiaal-aluminium","35":"pa_noodverlichting-autonomie-de-secours-de-1-heure","36":"pa_noodverlichting-optionelle","37":"pa_noodverlichting-autonomie-optionnelle-de-1-heure-avec-autotest","38":"pa_omgevingstemperatuur-20c-40c-nl-2","39":"pa_optiek-diffuseur-opale","40":"pa_optiek-lentille-microprismatique","41":"pa_orientatie-vers-le-bas","42":"pa_packaging-dimensions-emballage-en-vrac","43":"pa_powerfactor-15205","44":"pa_primaire-aansluitingen-bst-14i2","45":"pa_primaire-aansluitingen-europlug","46":"pa_primaire-aansluitingen-gst18i3","47":"pa_primaire-aansluitingen-gst18i5-pastel-blue-nl-2","48":"pa_primaire-aansluitingen-sur-demande","49":"pa_primaire-aansluitingen-sur-le-driver","50":"pa_productkleur-sur-demande","51":"pa_producttoepassing-education","52":"pa_producttoepassing-espaces-publics","53":"pa_producttoepassing-hotellerie-restauration","54":"pa_producttoepassing-bureau","55":"pa_self-adhesive-dust-cover-optionnel","56":"pa_verwachte-levensduur-l90b5060000h-tq-25c","57":"pa_voltage-frequentie-220-240v-50-60hz","58":"pa_vorm-rectangular-nl","60":"first","61":"instock","62":"shipping-taxable","63":"product-type-simple"},"_links":{"self":[{"href":"https:\/\/atomis.nl\/fr\/wp-json\/wp\/v2\/product\/88424","targetHints":{"allow":["GET"]}}],"collection":[{"href":"https:\/\/atomis.nl\/fr\/wp-json\/wp\/v2\/product"}],"about":[{"href":"https:\/\/atomis.nl\/fr\/wp-json\/wp\/v2\/types\/product"}],"wp:featuredmedia":[{"embeddable":true,"href":"https:\/\/atomis.nl\/fr\/wp-json\/wp\/v2\/media\/42977"}],"wp:attachment":[{"href":"https:\/\/atomis.nl\/fr\/wp-json\/wp\/v2\/media?parent=88424"}],"wp:term":[{"taxonomy":"product_brand","embeddable":true,"href":"https:\/\/atomis.nl\/fr\/wp-json\/wp\/v2\/product_brand?post=88424"},{"taxonomy":"product_cat","embeddable":true,"href":"https:\/\/atomis.nl\/fr\/wp-json\/wp\/v2\/product_cat?post=88424"},{"taxonomy":"product_tag","embeddable":true,"href":"https:\/\/atomis.nl\/fr\/wp-json\/wp\/v2\/product_tag?post=88424"}],"curies":[{"name":"wp","href":"https:\/\/api.w.org\/{rel}","templated":true}]}}