{"id":88426,"date":"2022-05-19T12:13:39","date_gmt":"2022-05-19T12:13:39","guid":{"rendered":"https:\/\/atomis.nl\/product\/fusion-s2-noir\/"},"modified":"2026-03-19T10:49:07","modified_gmt":"2026-03-19T10:49:07","slug":"fusion-s2-noir","status":"publish","type":"product","link":"https:\/\/atomis.nl\/fr\/produits\/fusion-s2-noir\/","title":{"rendered":"Fusion-S2 noir"},"content":{"rendered":"[vc_row type=&#8221;in_container&#8221; full_screen_row_position=&#8221;middle&#8221; column_margin=&#8221;default&#8221; column_direction=&#8221;default&#8221; column_direction_tablet=&#8221;default&#8221; column_direction_phone=&#8221;default&#8221; scene_position=&#8221;center&#8221; text_color=&#8221;dark&#8221; text_align=&#8221;left&#8221; row_border_radius=&#8221;none&#8221; row_border_radius_applies=&#8221;bg&#8221; row_position_desktop=&#8221;default&#8221; row_position_tablet=&#8221;inherit&#8221; row_position_phone=&#8221;inherit&#8221; overflow=&#8221;visible&#8221; overlay_strength=&#8221;0.3&#8243; gradient_direction=&#8221;left_to_right&#8221; shape_divider_position=&#8221;bottom&#8221; bg_image_animation=&#8221;none&#8221;][vc_column column_padding=&#8221;no-extra-padding&#8221; column_padding_tablet=&#8221;inherit&#8221; column_padding_phone=&#8221;inherit&#8221; column_padding_position=&#8221;all&#8221; flex_gap_desktop=&#8221;10px&#8221; column_element_direction_desktop=&#8221;default&#8221; column_element_spacing=&#8221;default&#8221; desktop_text_alignment=&#8221;default&#8221; tablet_text_alignment=&#8221;default&#8221; phone_text_alignment=&#8221;default&#8221; background_color_opacity=&#8221;1&#8243; background_hover_color_opacity=&#8221;1&#8243; column_backdrop_filter=&#8221;none&#8221; column_shadow=&#8221;none&#8221; column_border_radius=&#8221;none&#8221; column_link_target=&#8221;_self&#8221; column_position=&#8221;default&#8221; gradient_direction=&#8221;left_to_right&#8221; overlay_strength=&#8221;0.3&#8243; width=&#8221;1\/1&#8243; tablet_width_inherit=&#8221;default&#8221; animation_type=&#8221;default&#8221; bg_image_animation=&#8221;none&#8221; border_type=&#8221;simple&#8221; column_border_width=&#8221;none&#8221; column_border_style=&#8221;solid&#8221;][vc_column_text css=&#8221;&#8221; text_direction=&#8221;default&#8221;]\n<p class=\"p1\">Fusion-S2 noir est un luminaire suspendu LED pour un \u00e9clairage de travail \u00e9l\u00e9gant et efficace des espaces de travail. Le luminaire est con\u00e7u pour les environnements professionnels o\u00f9 le confort visuel et un design \u00e9pur\u00e9 sont essentiels. <\/p>\n<p class=\"p1\">Le syst\u00e8me de suspension par c\u00e2ble en acier permet un r\u00e9glage simple et pr\u00e9cis des luminaires individuels, ce qui rend le luminaire flexible pour une utilisation au-dessus des postes de travail.<\/p>\n<p class=\"p1\">La chambre d&#8217;\u00e9clairage de Fusion-S2 est recouverte d&#8217;une lentille microprismatique qui assure une faible luminance de surface et un UGR inf\u00e9rieur \u00e0 19. Il en r\u00e9sulte une distribution de la lumi\u00e8re uniforme et confortable, adapt\u00e9e \u00e0 une utilisation prolong\u00e9e. <\/p>\n<p class=\"p1\">Fusion-S2 noir est fabriqu\u00e9 en acier et fini avec un rev\u00eatement en poudre noir mat, ce qui lui conf\u00e8re un aspect moderne et de haute qualit\u00e9. Le driver est int\u00e9gr\u00e9 au luminaire et est commutable en standard. Une version \u00e0 gradation DALI est disponible en option.  <\/p>\n<p class=\"p1\">Fusion-S2 est \u00e9galement disponible en version directe et indirecte, ce qui permet d&#8217;adapter le luminaire \u00e0 diff\u00e9rents concepts d&#8217;\u00e9clairage.<\/p>\n<p class=\"p1\"><strong>Caract\u00e9ristiques principales<\/strong><\/p>\n<ul>\n<li class=\"p1\">Luminaire suspendu LED pour l&#8217;\u00e9clairage de travail<\/li>\n<li class=\"p1\">Convient aux lieux de travail<\/li>\n<li class=\"p1\">Syst\u00e8me de suspension par c\u00e2ble en acier avec r\u00e9glage facile<\/li>\n<li class=\"p1\">Lentille microprismatique<\/li>\n<li class=\"p1\">Faible \u00e9blouissement avec UGR inf\u00e9rieur \u00e0 19<\/li>\n<li class=\"p1\">Distribution de la lumi\u00e8re uniforme et confortable<\/li>\n<li class=\"p1\">Bo\u00eetier en acier<\/li>\n<li class=\"p1\">Rev\u00eatement en poudre noir mat<\/li>\n<li class=\"p1\">Driver int\u00e9gr\u00e9<\/li>\n<li class=\"p1\">Commutable en standard<\/li>\n<li class=\"p1\">Gradation DALI en option<\/li>\n<li class=\"p1\">\u00c9galement disponible en version directe indirecte<\/li>\n<\/ul>\n<p class=\"p1\">Gr\u00e2ce \u00e0 la combinaison d&#8217;un faible \u00e9blouissement, de la flexibilit\u00e9 et d&#8217;un design suspendu \u00e9pur\u00e9, Fusion-S2 noir est parfaitement adapt\u00e9 aux applications dans les environnements de bureaux, les \u00e9coles et les \u00e9tablissements de soins.<\/p>\n[\/vc_column_text][\/vc_column][\/vc_row]\n","protected":false},"excerpt":{"rendered":"<p>Fusion-S2 black est un luminaire suspendu LED architectural offrant un \u00e9clairage de poste de travail \u00e9l\u00e9gant et efficace. La chambre optique est dot\u00e9e dune lentille microprismatique assurant une faible luminance de surface (UGR 19) pour un \u00e9clairage de travail uniforme et confortable. <\/p>\n<ul>\n<li>Disponible en longueurs de 1220 mm et 1500 mm<\/li>\n<li>Finition de structure noire mate<\/li>\n<li>Lentille microprismatique (UGR 19) ou diffuseur opale<\/li>\n<li>Version directe\/indirecte en option<\/li>\n<\/ul>\n<div><strong>T\u00e9l\u00e9chargements<\/strong><\/div>\n<div><\/div>\n<div><a class=\"button primary is-is-outline primary is-small\" href=\"https:\/\/atomis.nl\/downloads\/Photometrics-Fusion-S2.zip\" target=\"_blank\" rel=\"noopener\">Photom\u00e9trie Fusion-S2<\/a><\/div>\n","protected":false},"featured_media":39031,"template":"","meta":[],"product_brand":[],"product_cat":[14501],"product_tag":[14776],"class_list":{"0":"post-88426","1":"product","2":"type-product","3":"status-publish","4":"has-post-thumbnail","6":"product_cat-luminaires-suspendus","7":"product_tag-fusion","8":"pa_air-extraction-n-v-t","9":"pa_armatuurefficientie-140lm-w","10":"pa_bevestiging-encastre","11":"pa_cie-flux-code-93-100-100-100-100-nl","12":"pa_driver-positie-driver-led-externe","13":"pa_driver-positie-integre","14":"pa_energielabel-a","15":"pa_familie-fusion","16":"pa_fotobiologische-veiligheid-cei-62471-rg1-faible-risque","17":"pa_glare-ugr-14969","18":"pa_ip-class-ip20-dessus-ip40-dessous","19":"pa_isolatieklasse-classe-i-nl","20":"pa_isolatieklasse-classe-ii-nl","21":"pa_kleurconsistentiesdcm-sdcm3-nl-2","22":"pa_kleurtemperatuur-2700k","23":"pa_kleurtemperatuur-3000k","24":"pa_kleurtemperatuur-3500k","25":"pa_kleurtemperatuur-4000k","26":"pa_kleurtemperatuur-blanc-accordable","27":"pa_kleurweergaveindex-cri-cri80","28":"pa_kleurweergaveindex-cri-cri90","29":"pa_lichtregeling-optionelle","30":"pa_lichtregeling-gradation-1-10-v","31":"pa_lichtregeling-gradation-casambi","32":"pa_lichtregeling-gradation-dali","33":"pa_materiaal-acier","34":"pa_materiaal-acrylique","35":"pa_materiaal-aluminium","36":"pa_noodverlichting-autonomie-de-secours-de-1-heure","37":"pa_noodverlichting-optionelle","38":"pa_noodverlichting-autonomie-optionnelle-de-1-heure-avec-autotest","39":"pa_omgevingstemperatuur-20c-40c-nl-2","40":"pa_optiek-diffuseur-opale","41":"pa_optiek-lentille-microprismatique","42":"pa_orientatie-vers-le-haut-et-vers-le-bas","43":"pa_orientatie-vers-le-bas","44":"pa_packaging-dimensions-emballage-en-vrac","45":"pa_powerfactor-15205","46":"pa_primaire-aansluitingen-kabel","47":"pa_primaire-aansluitingen-sur-demande","48":"pa_primaire-aansluitingen-sur-le-driver","49":"pa_productkleur-sur-demande","50":"pa_producttoepassing-education","51":"pa_producttoepassing-espaces-publics","52":"pa_producttoepassing-hotellerie-restauration","53":"pa_producttoepassing-bureau","54":"pa_self-adhesive-dust-cover-optionnel","55":"pa_verwachte-levensduur-l90b5060000h-tq-25c","56":"pa_voltage-frequentie-220-240v-50-60hz","57":"pa_vorm-rectangular-nl","59":"first","60":"instock","61":"shipping-taxable","62":"product-type-simple"},"_links":{"self":[{"href":"https:\/\/atomis.nl\/fr\/wp-json\/wp\/v2\/product\/88426","targetHints":{"allow":["GET"]}}],"collection":[{"href":"https:\/\/atomis.nl\/fr\/wp-json\/wp\/v2\/product"}],"about":[{"href":"https:\/\/atomis.nl\/fr\/wp-json\/wp\/v2\/types\/product"}],"wp:featuredmedia":[{"embeddable":true,"href":"https:\/\/atomis.nl\/fr\/wp-json\/wp\/v2\/media\/39031"}],"wp:attachment":[{"href":"https:\/\/atomis.nl\/fr\/wp-json\/wp\/v2\/media?parent=88426"}],"wp:term":[{"taxonomy":"product_brand","embeddable":true,"href":"https:\/\/atomis.nl\/fr\/wp-json\/wp\/v2\/product_brand?post=88426"},{"taxonomy":"product_cat","embeddable":true,"href":"https:\/\/atomis.nl\/fr\/wp-json\/wp\/v2\/product_cat?post=88426"},{"taxonomy":"product_tag","embeddable":true,"href":"https:\/\/atomis.nl\/fr\/wp-json\/wp\/v2\/product_tag?post=88426"}],"curies":[{"name":"wp","href":"https:\/\/api.w.org\/{rel}","templated":true}]}}