{"id":88427,"date":"2021-11-22T13:33:34","date_gmt":"2021-11-22T13:33:34","guid":{"rendered":"https:\/\/atomis.nl\/product\/fusion-s1\/"},"modified":"2026-03-21T02:18:58","modified_gmt":"2026-03-21T02:18:58","slug":"fusion-s1","status":"publish","type":"product","link":"https:\/\/atomis.nl\/fr\/produits\/fusion-s1\/","title":{"rendered":"Fusion-S1"},"content":{"rendered":"[vc_row type=&#8221;in_container&#8221; full_screen_row_position=&#8221;middle&#8221; column_margin=&#8221;default&#8221; column_direction=&#8221;default&#8221; column_direction_tablet=&#8221;default&#8221; column_direction_phone=&#8221;default&#8221; scene_position=&#8221;center&#8221; text_color=&#8221;dark&#8221; text_align=&#8221;left&#8221; row_border_radius=&#8221;none&#8221; row_border_radius_applies=&#8221;bg&#8221; row_position_desktop=&#8221;default&#8221; row_position_tablet=&#8221;inherit&#8221; row_position_phone=&#8221;inherit&#8221; overflow=&#8221;visible&#8221; overlay_strength=&#8221;0.3&#8243; gradient_direction=&#8221;left_to_right&#8221; shape_divider_position=&#8221;bottom&#8221; bg_image_animation=&#8221;none&#8221;][vc_column column_padding=&#8221;no-extra-padding&#8221; column_padding_tablet=&#8221;inherit&#8221; column_padding_phone=&#8221;inherit&#8221; column_padding_position=&#8221;all&#8221; flex_gap_desktop=&#8221;10px&#8221; column_element_direction_desktop=&#8221;default&#8221; column_element_spacing=&#8221;default&#8221; desktop_text_alignment=&#8221;default&#8221; tablet_text_alignment=&#8221;default&#8221; phone_text_alignment=&#8221;default&#8221; background_color_opacity=&#8221;1&#8243; background_hover_color_opacity=&#8221;1&#8243; column_backdrop_filter=&#8221;none&#8221; column_shadow=&#8221;none&#8221; column_border_radius=&#8221;none&#8221; column_link_target=&#8221;_self&#8221; column_position=&#8221;default&#8221; gradient_direction=&#8221;left_to_right&#8221; overlay_strength=&#8221;0.3&#8243; width=&#8221;1\/1&#8243; tablet_width_inherit=&#8221;default&#8221; animation_type=&#8221;default&#8221; bg_image_animation=&#8221;none&#8221; border_type=&#8221;simple&#8221; column_border_width=&#8221;none&#8221; column_border_style=&#8221;solid&#8221;][vc_column_text css=&#8221;&#8221; text_direction=&#8221;default&#8221;]\n<p class=\"p1\">Fusion-S1 est un luminaire suspendu pour un \u00e9clairage de travail \u00e9l\u00e9gant et efficace dans les espaces de travail. Le luminaire LED a \u00e9t\u00e9 d\u00e9velopp\u00e9 comme une alternative \u00e9conome en \u00e9nergie aux luminaires TL T8 et T5 traditionnels et convient aussi bien aux projets de r\u00e9novation qu&#8217;aux nouvelles constructions. <\/p>\n<p class=\"p1\">L&#8217;\u00e9clairage LED offre des avantages tels qu&#8217;un excellent comportement de gradation, une longue dur\u00e9e de vie et une utilisation sans entretien. En utilisant un capteur de lumi\u00e8re ambiante, il est possible de r\u00e9aliser une \u00e9conomie d&#8217;\u00e9nergie allant jusqu&#8217;\u00e0 85 pour cent. <\/p>\n<p class=\"p1\">Les luminaires sont dot\u00e9s d&#8217;un bo\u00eetier m\u00e9tallique mince et finis avec un rev\u00eatement en poudre blanc mat, ce qui leur conf\u00e8re un design \u00e9pur\u00e9 et intemporel. Fusion-S1 est \u00e9quip\u00e9 d&#8217;un syst\u00e8me de suspension \u00e0 fil simple mais \u00e9l\u00e9gant, qui permet de r\u00e9gler avec pr\u00e9cision les luminaires individuels. <\/p>\n<p class=\"p1\">Un capteur de gradation de la lumi\u00e8re du jour int\u00e9gr\u00e9 est disponible en option. Les luminaires sont produits et assembl\u00e9s aux Pays-Bas, ce qui contribue \u00e0 une qualit\u00e9 et une fiabilit\u00e9 constantes. <\/p>\n<p class=\"p1\">Fusion-S1 est \u00e9quip\u00e9 d&#8217;une lentille microprismatique \u00e0 faible \u00e9blouissement et d&#8217;un UGR inf\u00e9rieur \u00e0 19. Cela rend le luminaire adapt\u00e9 \u00e0 une utilisation dans des environnements o\u00f9 le confort visuel et l&#8217;\u00e9clairage fonctionnel sont essentiels. <\/p>\n<p class=\"p1\"><strong>Caract\u00e9ristiques principales<\/strong><\/p>\n<ul>\n<li class=\"p1\">Luminaire suspendu LED pour l&#8217;\u00e9clairage de travail<\/li>\n<li class=\"p1\">Alternative aux luminaires TL T8 et T5<\/li>\n<li class=\"p1\">Convient pour la r\u00e9novation et la construction neuve<\/li>\n<li class=\"p1\">Excellente gradation<\/li>\n<li class=\"p1\">Longue dur\u00e9e de vie et sans entretien<\/li>\n<li class=\"p1\">\u00c9conomie d&#8217;\u00e9nergie possible jusqu&#8217;\u00e0 85 pour cent avec capteur de lumi\u00e8re ambiante<\/li>\n<li class=\"p1\">Bo\u00eetier m\u00e9tallique mince<\/li>\n<li class=\"p1\">Rev\u00eatement en poudre blanc mat<\/li>\n<li class=\"p1\">Syst\u00e8me de suspension \u00e0 fil \u00e9l\u00e9gant avec r\u00e9glage fin<\/li>\n<li class=\"p1\">En option avec capteur de gradation de la lumi\u00e8re du jour int\u00e9gr\u00e9<\/li>\n<li class=\"p1\">Produit et assembl\u00e9 aux Pays-Bas<\/li>\n<li class=\"p1\">Lentille microprismatique<\/li>\n<li class=\"p1\">Faible \u00e9blouissement avec UGR inf\u00e9rieur \u00e0 19<\/li>\n<li class=\"p1\">Gr\u00e2ce \u00e0 la combinaison de l&#8217;efficacit\u00e9 \u00e9nerg\u00e9tique, du faible \u00e9blouissement et d&#8217;un design suspendu \u00e9l\u00e9gant, Fusion-S1 est parfaitement adapt\u00e9 aux applications dans les bureaux, les \u00e9coles et les \u00e9tablissements de soins.<\/li>\n<\/ul>\n[\/vc_column_text][\/vc_column][\/vc_row]\n","protected":false},"excerpt":{"rendered":"<p>Fusion-S1 est un luminaire suspendu pour un \u00e9clairage de travail \u00e9l\u00e9gant et efficace dans les espaces de travail. Ce luminaire LED a \u00e9t\u00e9 d\u00e9velopp\u00e9 comme alternative aux luminaires TL T8 et T5 pour une utilisation dans les projets de r\u00e9novation et de construction neuve. L&#8217;\u00e9clairage LED offre des avantages tels qu&#8217;une excellente gradation, une longue dur\u00e9e de vie et une utilisation sans entretien. L&#8217;utilisation d&#8217;un capteur de lumi\u00e8re ambiante permet de r\u00e9aliser une \u00e9conomie d&#8217;\u00e9nergie allant jusqu&#8217;\u00e0 85 %.   <\/p>\n<ul>\n<li>Luminaire suspendu avec driver int\u00e9gr\u00e9<\/li>\n<li>Lentille prismatique pour un clairage de travail  faible blouissement (UGR 19)<\/li>\n<li>Versions avec capteur de lumi\u00e8re int\u00e9gr\u00e9 disponibles<\/li>\n<\/ul>\n<div><strong>T\u00e9l\u00e9chargements<\/strong><\/div>\n<div><\/div>\n<div><a class=\"button primary is-is-outline primary is-small\" href=\"https:\/\/atomis.nl\/downloads\/Photometrics-Fusion-S.zip\" target=\"_blank\" rel=\"noopener\">Photom\u00e9trie Fusion-S1<\/a><\/div>\n","protected":false},"featured_media":13774,"template":"","meta":[],"product_brand":[],"product_cat":[14501],"product_tag":[14776],"class_list":{"0":"post-88427","1":"product","2":"type-product","3":"status-publish","4":"has-post-thumbnail","6":"product_cat-luminaires-suspendus","7":"product_tag-fusion","8":"pa_air-extraction-n-v-t","9":"pa_armatuurefficientie-140lm-w","10":"pa_bevestiging-encastre","11":"pa_cie-flux-code-93-100-100-100-100-nl","12":"pa_driver-positie-driver-led-externe","13":"pa_driver-positie-integre","14":"pa_energielabel-a","15":"pa_familie-fusion","16":"pa_fotobiologische-veiligheid-cei-62471-rg1-faible-risque","17":"pa_glare-ugr-14969","18":"pa_ip-class-ip20-dessus-ip40-dessous","19":"pa_isolatieklasse-classe-i-nl","20":"pa_isolatieklasse-classe-ii-nl","21":"pa_kleurconsistentiesdcm-sdcm3-nl-2","22":"pa_kleurtemperatuur-2700k","23":"pa_kleurtemperatuur-3000k","24":"pa_kleurtemperatuur-3500k","25":"pa_kleurtemperatuur-4000k","26":"pa_kleurtemperatuur-blanc-accordable","27":"pa_kleurweergaveindex-cri-cri80","28":"pa_kleurweergaveindex-cri-cri90","29":"pa_lichtregeling-optionelle","30":"pa_lichtregeling-gradation-1-10-v","31":"pa_lichtregeling-gradation-casambi","32":"pa_lichtregeling-gradation-dali","33":"pa_materiaal-acier","34":"pa_materiaal-acrylique","35":"pa_materiaal-aluminium","36":"pa_noodverlichting-autonomie-de-secours-de-1-heure","37":"pa_noodverlichting-optionelle","38":"pa_noodverlichting-autonomie-optionnelle-de-1-heure-avec-autotest","39":"pa_omgevingstemperatuur-20c-40c-nl-2","40":"pa_optiek-diffuseur-opale","41":"pa_optiek-lentille-microprismatique","42":"pa_orientatie-vers-le-bas","43":"pa_packaging-dimensions-emballage-en-vrac","44":"pa_powerfactor-15205","45":"pa_primaire-aansluitingen-kabel","46":"pa_primaire-aansluitingen-sur-demande","47":"pa_primaire-aansluitingen-sur-le-driver","48":"pa_productkleur-sur-demande","49":"pa_producttoepassing-education","50":"pa_producttoepassing-espaces-publics","51":"pa_producttoepassing-hotellerie-restauration","52":"pa_producttoepassing-bureau","53":"pa_self-adhesive-dust-cover-optionnel","54":"pa_verwachte-levensduur-l90b5060000h-tq-25c","55":"pa_voltage-frequentie-220-240v-50-60hz","56":"pa_vorm-rectangular-nl","58":"first","59":"instock","60":"shipping-taxable","61":"product-type-simple"},"_links":{"self":[{"href":"https:\/\/atomis.nl\/fr\/wp-json\/wp\/v2\/product\/88427","targetHints":{"allow":["GET"]}}],"collection":[{"href":"https:\/\/atomis.nl\/fr\/wp-json\/wp\/v2\/product"}],"about":[{"href":"https:\/\/atomis.nl\/fr\/wp-json\/wp\/v2\/types\/product"}],"wp:featuredmedia":[{"embeddable":true,"href":"https:\/\/atomis.nl\/fr\/wp-json\/wp\/v2\/media\/13774"}],"wp:attachment":[{"href":"https:\/\/atomis.nl\/fr\/wp-json\/wp\/v2\/media?parent=88427"}],"wp:term":[{"taxonomy":"product_brand","embeddable":true,"href":"https:\/\/atomis.nl\/fr\/wp-json\/wp\/v2\/product_brand?post=88427"},{"taxonomy":"product_cat","embeddable":true,"href":"https:\/\/atomis.nl\/fr\/wp-json\/wp\/v2\/product_cat?post=88427"},{"taxonomy":"product_tag","embeddable":true,"href":"https:\/\/atomis.nl\/fr\/wp-json\/wp\/v2\/product_tag?post=88427"}],"curies":[{"name":"wp","href":"https:\/\/api.w.org\/{rel}","templated":true}]}}