{"id":88432,"date":"2021-10-22T07:31:54","date_gmt":"2021-10-22T07:31:54","guid":{"rendered":"https:\/\/atomis.nl\/product\/fusion-sapp\/"},"modified":"2026-03-27T18:56:39","modified_gmt":"2026-03-27T18:56:39","slug":"fusion-sapp","status":"publish","type":"product","link":"https:\/\/atomis.nl\/fr\/produits\/fusion-sapp\/","title":{"rendered":"Fusion-SAPP"},"content":{"rendered":"[vc_row type=&#8221;in_container&#8221; full_screen_row_position=&#8221;middle&#8221; column_margin=&#8221;default&#8221; column_direction=&#8221;default&#8221; column_direction_tablet=&#8221;default&#8221; column_direction_phone=&#8221;default&#8221; scene_position=&#8221;center&#8221; text_color=&#8221;dark&#8221; text_align=&#8221;left&#8221; row_border_radius=&#8221;none&#8221; row_border_radius_applies=&#8221;bg&#8221; row_position_desktop=&#8221;default&#8221; row_position_tablet=&#8221;inherit&#8221; row_position_phone=&#8221;inherit&#8221; overflow=&#8221;visible&#8221; overlay_strength=&#8221;0.3&#8243; gradient_direction=&#8221;left_to_right&#8221; shape_divider_position=&#8221;bottom&#8221; bg_image_animation=&#8221;none&#8221;][vc_column column_padding=&#8221;no-extra-padding&#8221; column_padding_tablet=&#8221;inherit&#8221; column_padding_phone=&#8221;inherit&#8221; column_padding_position=&#8221;all&#8221; flex_gap_desktop=&#8221;10px&#8221; column_element_direction_desktop=&#8221;default&#8221; column_element_spacing=&#8221;default&#8221; desktop_text_alignment=&#8221;default&#8221; tablet_text_alignment=&#8221;default&#8221; phone_text_alignment=&#8221;default&#8221; background_color_opacity=&#8221;1&#8243; background_hover_color_opacity=&#8221;1&#8243; column_backdrop_filter=&#8221;none&#8221; column_shadow=&#8221;none&#8221; column_border_radius=&#8221;none&#8221; column_link_target=&#8221;_self&#8221; column_position=&#8221;default&#8221; gradient_direction=&#8221;left_to_right&#8221; overlay_strength=&#8221;0.3&#8243; width=&#8221;1\/1&#8243; tablet_width_inherit=&#8221;default&#8221; animation_type=&#8221;default&#8221; bg_image_animation=&#8221;none&#8221; border_type=&#8221;simple&#8221; column_border_width=&#8221;none&#8221; column_border_style=&#8221;solid&#8221;][vc_column_text css=&#8221;&#8221; text_direction=&#8221;default&#8221;]\n<p class=\"p1\">Fusion-SAPP est un luminaire LED lin\u00e9aire destin\u00e9 aux plafonds Interalu SAPP\u00ae. Le luminaire a \u00e9t\u00e9 d\u00e9velopp\u00e9 comme une alternative moderne et \u00e9conome en \u00e9nergie aux tubes fluorescents T5 traditionnels et convient aux projets de r\u00e9novation et de construction neuve. <\/p>\n<p class=\"p1\">Gr\u00e2ce \u00e0 sa conception et \u00e0 ses dimensions, Fusion-SAPP s&#8217;int\u00e8gre parfaitement au syst\u00e8me de plafond SAPP, cr\u00e9ant ainsi un aspect de plafond calme et uniforme.<\/p>\n<p class=\"p1\">Les luminaires sont fabriqu\u00e9s en t\u00f4le d&#8217;acier et finis avec un rev\u00eatement en poudre durable. Cela garantit une construction robuste, une longue dur\u00e9e de vie et une finition de haute qualit\u00e9. Fusion-SAPP est fabriqu\u00e9 et assembl\u00e9 aux Pays-Bas, ce qui garantit une qualit\u00e9 constante et une livraison fiable.  <\/p>\n<p class=\"p1\">Fusion-SAPP est disponible en deux longueurs standard et peut \u00eatre \u00e9quip\u00e9 de diff\u00e9rentes optiques d&#8217;\u00e9clairage, ce qui rend le luminaire adapt\u00e9 \u00e0 diverses applications o\u00f9 le confort visuel est important.<\/p>\n<p class=\"p1\"><strong>Caract\u00e9ristiques principales<\/strong><\/p>\n<ul>\n<li class=\"p1\">\u2022 Luminaire LED lin\u00e9aire pour plafonds Interalu SAPP<\/li>\n<li class=\"p1\">\u2022 Alternative aux tubes fluorescents T5<\/li>\n<li class=\"p1\">\u2022 Convient pour la r\u00e9novation et la construction neuve<\/li>\n<li class=\"p1\">\u2022 Bo\u00eetier en t\u00f4le d&#8217;acier<\/li>\n<li class=\"p1\">\u2022 Rev\u00eatement en poudre durable<\/li>\n<li class=\"p1\">\u2022 Disponible en deux longueurs<\/li>\n<li class=\"p1\">\u2022 Fabriqu\u00e9 et assembl\u00e9 aux Pays-Bas<\/li>\n<\/ul>\n<p class=\"p1\"><strong>Longueurs disponibles<\/strong><\/p>\n<ul>\n<li class=\"p1\">\u2022 1190 mm<\/li>\n<li class=\"p1\">\u2022 1490 mm<\/li>\n<\/ul>\n<p class=\"p1\"><strong>Options d&#8217;\u00e9clairage<\/strong><\/p>\n<ul>\n<li class=\"p1\">\u2022 Lentille prismatique \u00e0 faible \u00e9blouissement et UGR inf\u00e9rieur \u00e0 19<\/li>\n<li class=\"p1\">\u2022 Diffuseur opale pour une distribution de la lumi\u00e8re calme et uniforme<\/li>\n<\/ul>\n<p class=\"p1\">Gr\u00e2ce \u00e0 ces propri\u00e9t\u00e9s, Fusion-SAPP est parfaitement adapt\u00e9 aux applications dans les bureaux, les \u00e9coles, les centres de soins et les espaces publics o\u00f9 le confort, la fonctionnalit\u00e9 et un design de plafond \u00e9pur\u00e9 se rejoignent.<\/p>\n[\/vc_column_text][\/vc_column][\/vc_row]\n","protected":false},"excerpt":{"rendered":"<p>Fusion-SAPP, un luminaire lin\u00e9aire avec une lentille prismatique ou un diffuseur opale pour une utilisation dans les plafonds Interalu SAPP\u00ae. Ce luminaire LED a \u00e9t\u00e9 d\u00e9velopp\u00e9 comme alternative aux luminaires fluorescents lin\u00e9aires T5 pour une utilisation dans les projets de r\u00e9novation et de construction neuve. <\/p>\n<ul>\n<li>S&#8217;int\u00e8gre parfaitement aux plafonds Interalu SAPP\u00ae<\/li>\n<li>Aspect architectural<\/li>\n<li>Disponible en deux longueurs : 1190 mm et 1490 mm<\/li>\n<li>\u00c9quip\u00e9 dune lentille prismatique (UGR  19) ou dun diffuseur opale<\/li>\n<li style=\"list-style-type: none\">\n<\/li>\n<\/ul>\n<div><strong>T\u00e9l\u00e9chargements<\/strong><\/div>\n<div><\/div>\n<div><a class=\"button primary is-is-outline primary is-small\" href=\"https:\/\/atomis.nl\/downloads\/Photometrics-Fusion-SAPP-(Interalu).zip\" target=\"_blank\" rel=\"noopener\">Photom\u00e9trie Fusion-SAPP<\/a><\/div>\n","protected":false},"featured_media":13523,"template":"","meta":[],"product_brand":[],"product_cat":[14457,14458],"product_tag":[14776],"class_list":{"0":"post-88432","1":"product","2":"type-product","3":"status-publish","4":"has-post-thumbnail","6":"product_cat-luminaires-pour-plafonds-climatiques","7":"product_cat-luminaires-a-lamelles","8":"product_tag-fusion","9":"pa_air-extraction-n-v-t","10":"pa_armatuurefficientie-140lm-w","11":"pa_bevestiging-encastre","12":"pa_cie-flux-code-93-100-100-100-100-nl","13":"pa_driver-positie-driver-led-externe","14":"pa_driver-positie-fixe-au-luminaire","15":"pa_energielabel-a","16":"pa_familie-fusion","17":"pa_fotobiologische-veiligheid-cei-62471-rg1-faible-risque","18":"pa_glare-ugr-14969","19":"pa_ip-class-ip20-dessus-ip40-dessous","20":"pa_isolatieklasse-classe-ii-nl","21":"pa_kleurconsistentiesdcm-sdcm3-nl-2","22":"pa_kleurtemperatuur-2700k","23":"pa_kleurtemperatuur-3000k","24":"pa_kleurtemperatuur-3500k","25":"pa_kleurtemperatuur-4000k","26":"pa_kleurtemperatuur-blanc-accordable","27":"pa_kleurweergaveindex-cri-cri80","28":"pa_kleurweergaveindex-cri-cri90","29":"pa_lichtregeling-optionelle","30":"pa_lichtregeling-gradation-1-10-v","31":"pa_lichtregeling-gradation-casambi","32":"pa_lichtregeling-gradation-dali","33":"pa_materiaal-acier","34":"pa_materiaal-acrylique","35":"pa_materiaal-aluminium","36":"pa_noodverlichting-autonomie-de-secours-de-1-heure","37":"pa_noodverlichting-optionelle","38":"pa_noodverlichting-autonomie-optionnelle-de-1-heure-avec-autotest","39":"pa_omgevingstemperatuur-20c-40c-nl-2","40":"pa_optiek-diffuseur-opale","41":"pa_optiek-lentille-microprismatique","42":"pa_orientatie-vers-le-bas","43":"pa_packaging-dimensions-emballage-en-vrac","44":"pa_powerfactor-15205","45":"pa_primaire-aansluitingen-bst-14i2","46":"pa_primaire-aansluitingen-europlug","47":"pa_primaire-aansluitingen-gst18i3","48":"pa_primaire-aansluitingen-gst18i5-pastel-blue-nl-2","49":"pa_primaire-aansluitingen-sur-demande","50":"pa_primaire-aansluitingen-sur-le-driver","51":"pa_productkleur-sur-demande","52":"pa_producttoepassing-education","53":"pa_producttoepassing-espaces-publics","54":"pa_producttoepassing-hotellerie-restauration","55":"pa_producttoepassing-bureau","56":"pa_self-adhesive-dust-cover-optionnel","57":"pa_verwachte-levensduur-l90b5060000h-tq-25c","58":"pa_voltage-frequentie-220-240v-50-60hz","59":"pa_vorm-rectangular-nl","61":"first","62":"instock","63":"shipping-taxable","64":"product-type-simple"},"_links":{"self":[{"href":"https:\/\/atomis.nl\/fr\/wp-json\/wp\/v2\/product\/88432","targetHints":{"allow":["GET"]}}],"collection":[{"href":"https:\/\/atomis.nl\/fr\/wp-json\/wp\/v2\/product"}],"about":[{"href":"https:\/\/atomis.nl\/fr\/wp-json\/wp\/v2\/types\/product"}],"wp:featuredmedia":[{"embeddable":true,"href":"https:\/\/atomis.nl\/fr\/wp-json\/wp\/v2\/media\/13523"}],"wp:attachment":[{"href":"https:\/\/atomis.nl\/fr\/wp-json\/wp\/v2\/media?parent=88432"}],"wp:term":[{"taxonomy":"product_brand","embeddable":true,"href":"https:\/\/atomis.nl\/fr\/wp-json\/wp\/v2\/product_brand?post=88432"},{"taxonomy":"product_cat","embeddable":true,"href":"https:\/\/atomis.nl\/fr\/wp-json\/wp\/v2\/product_cat?post=88432"},{"taxonomy":"product_tag","embeddable":true,"href":"https:\/\/atomis.nl\/fr\/wp-json\/wp\/v2\/product_tag?post=88432"}],"curies":[{"name":"wp","href":"https:\/\/api.w.org\/{rel}","templated":true}]}}