{"id":88435,"date":"2023-03-31T13:21:03","date_gmt":"2023-03-31T13:21:03","guid":{"rendered":"https:\/\/atomis.nl\/product\/lightscape-s-80\/"},"modified":"2026-04-07T06:11:29","modified_gmt":"2026-04-07T06:11:29","slug":"lightscape-s-80","status":"publish","type":"product","link":"https:\/\/atomis.nl\/fr\/produits\/lightscape-s-80\/","title":{"rendered":"Lightscape-S 80"},"content":{"rendered":"[vc_row type=&#8221;in_container&#8221; full_screen_row_position=&#8221;middle&#8221; column_margin=&#8221;default&#8221; column_direction=&#8221;default&#8221; column_direction_tablet=&#8221;default&#8221; column_direction_phone=&#8221;default&#8221; scene_position=&#8221;center&#8221; text_color=&#8221;dark&#8221; text_align=&#8221;left&#8221; row_border_radius=&#8221;none&#8221; row_border_radius_applies=&#8221;bg&#8221; row_position_desktop=&#8221;default&#8221; row_position_tablet=&#8221;inherit&#8221; row_position_phone=&#8221;inherit&#8221; overflow=&#8221;visible&#8221; overlay_strength=&#8221;0.3&#8243; gradient_direction=&#8221;left_to_right&#8221; shape_divider_position=&#8221;bottom&#8221; bg_image_animation=&#8221;none&#8221;][vc_column column_padding=&#8221;no-extra-padding&#8221; column_padding_tablet=&#8221;inherit&#8221; column_padding_phone=&#8221;inherit&#8221; column_padding_position=&#8221;all&#8221; flex_gap_desktop=&#8221;10px&#8221; column_element_direction_desktop=&#8221;default&#8221; column_element_spacing=&#8221;default&#8221; desktop_text_alignment=&#8221;default&#8221; tablet_text_alignment=&#8221;default&#8221; phone_text_alignment=&#8221;default&#8221; background_color_opacity=&#8221;1&#8243; background_hover_color_opacity=&#8221;1&#8243; column_backdrop_filter=&#8221;none&#8221; column_shadow=&#8221;none&#8221; column_border_radius=&#8221;none&#8221; column_link_target=&#8221;_self&#8221; column_position=&#8221;default&#8221; gradient_direction=&#8221;left_to_right&#8221; overlay_strength=&#8221;0.3&#8243; width=&#8221;1\/1&#8243; tablet_width_inherit=&#8221;default&#8221; animation_type=&#8221;default&#8221; bg_image_animation=&#8221;none&#8221; border_type=&#8221;simple&#8221; column_border_width=&#8221;none&#8221; column_border_style=&#8221;solid&#8221;][vc_column_text css_animation=&#8221;bounceIn&#8221; css=&#8221;&#8221; text_direction=&#8221;default&#8221;]Lightscape-S 80 est un luminaire suspendu lin\u00e9aire \u00e9quip\u00e9 d&#8217;une lentille microprismatique qui assure un \u00e9clairage uniforme et efficace sur toute la longueur du luminaire. Le faible \u00e9blouissement avec un UGR inf\u00e9rieur \u00e0 19 contribue \u00e0 un confort visuel \u00e9lev\u00e9. <\/p>\n<p>Le luminaire est disponible en trois longueurs diff\u00e9rentes, ce qui permet de l&#8217;adapter facilement \u00e0 diverses applications spatiales. La version interconnect\u00e9e permet de coupler plusieurs luminaires \u00e9lectriquement et m\u00e9caniquement, cr\u00e9ant ainsi une ligne de lumi\u00e8re lin\u00e9aire continue. <\/p>\n<p>La lentille microprismatique assure une distribution contr\u00f4l\u00e9e de la lumi\u00e8re et un \u00e9clairage confortable. Cela rend Lightscape-S 80 particuli\u00e8rement adapt\u00e9 \u00e0 l&#8217;\u00e9clairage des espaces de travail tels que les bureaux, les postes de travail et les espaces de r\u00e9ception o\u00f9 l&#8217;\u00e9clairage fonctionnel et le confort sont importants. <\/p>\n<p><strong>Caract\u00e9ristiques principales<\/strong><\/p>\n<p>\u2022 Luminaire suspendu LED lin\u00e9aire<br \/>\n\u2022 Lentille microprismatique<br \/>\n\u2022 Faible \u00e9blouissement avec UGR inf\u00e9rieur \u00e0 19<br \/>\n\u2022 Distribution lumineuse uniforme et efficace<br \/>\n\u2022 Disponible en trois longueurs<br \/>\n\u2022 Connectable pour former des lignes lumineuses continues<br \/>\n\u2022 Confort visuel \u00e9lev\u00e9<br \/>\n\u2022 Adapt\u00e9 aux espaces de travail et zones de r\u00e9ception<\/p>\n<p>Lightscape-S 80 est donc une solution d&#8217;\u00e9clairage flexible et confortable pour les espaces de travail et de r\u00e9ception modernes o\u00f9 un design \u00e9pur\u00e9 et une lumi\u00e8re fonctionnelle se rencontrent.[\/vc_column_text][\/vc_column][\/vc_row]\n","protected":false},"excerpt":{"rendered":"<p>Lightscape-S 80 est un luminaire suspendu lin\u00e9aire \u00e9quip\u00e9 d&#8217;une lentille microprismatique (UGR&lt;19) qui assure un \u00e9clairage uniforme et efficace sur toute la longueur du luminaire.<\/p>\n<ul>\n<li>Conception architecturale qui assure un \u00e9clairage uniforme sur toute la longueur du luminaire<\/li>\n<li>\u00c9clairage de bureau pour les bureaux<\/li>\n<li>Lentille prismatique UGR&lt;19<\/li>\n<li>Couplage \u00e9lectrique et m\u00e9canique<\/li>\n<\/ul>\n","protected":false},"featured_media":51756,"template":"","meta":[],"product_brand":[],"product_cat":[790],"product_tag":[14299],"class_list":{"0":"post-88435","1":"product","2":"type-product","3":"status-publish","4":"has-post-thumbnail","6":"product_cat-pendel-armaturen","7":"product_tag-lightscape","8":"pa_air-extraction-n-v-t","9":"pa_armatuurefficientie-140lm-w","10":"pa_bevestiging-plafondmontage","11":"pa_cie-flux-code-93-100-100-100-100-nl","12":"pa_driver-positie-integrated-nl","13":"pa_energielabel-a","14":"pa_familie-lightscape","15":"pa_fotobiologische-veiligheid-iec-62471-rg1-low-risk-nl","16":"pa_glare-ugr-14960","17":"pa_ip-class-ip20-top-ip40-bottom-nl-2","18":"pa_isolatieklasse-class-i-nl","19":"pa_kleurconsistentiesdcm-sdcm3-nl-2","20":"pa_kleurtemperatuur-2700k","21":"pa_kleurtemperatuur-3000k","22":"pa_kleurtemperatuur-3500k","23":"pa_kleurtemperatuur-4000k","24":"pa_kleurtemperatuur-blanc-accordable","25":"pa_kleurweergaveindex-cri-cri80","26":"pa_kleurweergaveindex-cri-cri90","27":"pa_lichtregeling-optioneel","28":"pa_lichtregeling-dimmed-1-10v-nl-2","29":"pa_lichtregeling-casambi-gedimd","30":"pa_lichtregeling-dimmed-dali-nl-2","31":"pa_materiaal-acrylate-nl","32":"pa_materiaal-aluminium","33":"pa_noodverlichting-1-uur-noodstroom","34":"pa_noodverlichting-optioneel","35":"pa_noodverlichting-optioneel-1-uur-autonoom-autotest","36":"pa_omgevingstemperatuur-20c-40c-nl-2","37":"pa_optiek-opalen-diffusor","38":"pa_optiek-prismalens","39":"pa_orientatie-omhoogomlaag","40":"pa_orientatie-naar-beneden","41":"pa_packaging-dimensions-bulkverpakking","42":"pa_powerfactor-15191","43":"pa_primaire-aansluitingen-kabel","44":"pa_primaire-aansluitingen-op-aanvraag","45":"pa_primaire-aansluitingen-on-the-driver-nl","46":"pa_productkleur-op-aanvraag","47":"pa_producttoepassing-onderwijs","48":"pa_producttoepassing-openbare-ruimtes","49":"pa_producttoepassing-horeca","50":"pa_producttoepassing-kantoren","51":"pa_self-adhesive-dust-cover-optional-nl","52":"pa_verwachte-levensduur-l90b5060000h-tq-25c","53":"pa_voltage-frequentie-220-240v-50-60hz","54":"pa_vorm-rectangular-nl","56":"first","57":"instock","58":"shipping-taxable","59":"product-type-simple"},"_links":{"self":[{"href":"https:\/\/atomis.nl\/fr\/wp-json\/wp\/v2\/product\/88435","targetHints":{"allow":["GET"]}}],"collection":[{"href":"https:\/\/atomis.nl\/fr\/wp-json\/wp\/v2\/product"}],"about":[{"href":"https:\/\/atomis.nl\/fr\/wp-json\/wp\/v2\/types\/product"}],"wp:featuredmedia":[{"embeddable":true,"href":"https:\/\/atomis.nl\/fr\/wp-json\/wp\/v2\/media\/51756"}],"wp:attachment":[{"href":"https:\/\/atomis.nl\/fr\/wp-json\/wp\/v2\/media?parent=88435"}],"wp:term":[{"taxonomy":"product_brand","embeddable":true,"href":"https:\/\/atomis.nl\/fr\/wp-json\/wp\/v2\/product_brand?post=88435"},{"taxonomy":"product_cat","embeddable":true,"href":"https:\/\/atomis.nl\/fr\/wp-json\/wp\/v2\/product_cat?post=88435"},{"taxonomy":"product_tag","embeddable":true,"href":"https:\/\/atomis.nl\/fr\/wp-json\/wp\/v2\/product_tag?post=88435"}],"curies":[{"name":"wp","href":"https:\/\/api.w.org\/{rel}","templated":true}]}}