{"id":88436,"date":"2021-11-15T09:46:03","date_gmt":"2021-11-15T09:46:03","guid":{"rendered":"https:\/\/atomis.nl\/product\/fusion-track\/"},"modified":"2026-03-20T08:11:11","modified_gmt":"2026-03-20T08:11:11","slug":"fusion-track","status":"publish","type":"product","link":"https:\/\/atomis.nl\/fr\/produits\/fusion-track\/","title":{"rendered":"Fusion-Track"},"content":{"rendered":"[vc_row type=&#8221;in_container&#8221; full_screen_row_position=&#8221;middle&#8221; column_margin=&#8221;default&#8221; column_direction=&#8221;default&#8221; column_direction_tablet=&#8221;default&#8221; column_direction_phone=&#8221;default&#8221; scene_position=&#8221;center&#8221; text_color=&#8221;dark&#8221; text_align=&#8221;left&#8221; row_border_radius=&#8221;none&#8221; row_border_radius_applies=&#8221;bg&#8221; row_position_desktop=&#8221;default&#8221; row_position_tablet=&#8221;inherit&#8221; row_position_phone=&#8221;inherit&#8221; overflow=&#8221;visible&#8221; overlay_strength=&#8221;0.3&#8243; gradient_direction=&#8221;left_to_right&#8221; shape_divider_position=&#8221;bottom&#8221; bg_image_animation=&#8221;none&#8221;][vc_column column_padding=&#8221;no-extra-padding&#8221; column_padding_tablet=&#8221;inherit&#8221; column_padding_phone=&#8221;inherit&#8221; column_padding_position=&#8221;all&#8221; flex_gap_desktop=&#8221;10px&#8221; column_element_direction_desktop=&#8221;default&#8221; column_element_spacing=&#8221;default&#8221; desktop_text_alignment=&#8221;default&#8221; tablet_text_alignment=&#8221;default&#8221; phone_text_alignment=&#8221;default&#8221; background_color_opacity=&#8221;1&#8243; background_hover_color_opacity=&#8221;1&#8243; column_backdrop_filter=&#8221;none&#8221; column_shadow=&#8221;none&#8221; column_border_radius=&#8221;none&#8221; column_link_target=&#8221;_self&#8221; column_position=&#8221;default&#8221; gradient_direction=&#8221;left_to_right&#8221; overlay_strength=&#8221;0.3&#8243; width=&#8221;1\/1&#8243; tablet_width_inherit=&#8221;default&#8221; animation_type=&#8221;default&#8221; bg_image_animation=&#8221;none&#8221; border_type=&#8221;simple&#8221; column_border_width=&#8221;none&#8221; column_border_style=&#8221;solid&#8221;][vc_column_text css=&#8221;&#8221; text_direction=&#8221;default&#8221;]\n<p class=\"p1\">Fusion-Track est un luminaire apparent \u00e0 LED de 80 millim\u00e8tres de large avec adaptateur de rail pour un montage direct sur des rails de tension triphas\u00e9s. Le luminaire offre une solution d&#8217;\u00e9clairage \u00e9l\u00e9gante et efficace avec des niveaux de lumi\u00e8re \u00e9lev\u00e9s pour les applications professionnelles. <\/p>\n<p class=\"p1\">L&#8217;optique de Fusion-Track est \u00e9quip\u00e9e d&#8217;une lentille microprismatique qui assure une faible luminance de surface et un UGR inf\u00e9rieur \u00e0 19. Il en r\u00e9sulte un \u00e9clairage uniforme et confortable avec un confort visuel \u00e9lev\u00e9. <\/p>\n<p class=\"p1\">Fusion-Track est fabriqu\u00e9 en acier et fini avec un rev\u00eatement en poudre blanc mat ou noir mat, ce qui permet au luminaire de s&#8217;int\u00e9grer esth\u00e9tiquement \u00e0 diff\u00e9rents concepts d&#8217;int\u00e9rieur. Le driver est int\u00e9gr\u00e9 dans le luminaire et est commutable en standard. Une version \u00e0 gradation DALI est disponible en option.  <\/p>\n<p class=\"p1\">Fusion-Track fait partie d&#8217;une famille de produits polyvalente et est, outre la version sur rail, \u00e9galement disponible en tant que luminaire suspendu et en versions pour montage encastr\u00e9 et apparent.<\/p>\n<p class=\"p1\">Caract\u00e9ristiques principales<\/p>\n<p class=\"p1\">Luminaire apparent LED pour rails de tension triphas\u00e9s<\/p>\n<p class=\"p1\">Largeur de 80 millim\u00e8tres<\/p>\n<p class=\"p1\">Adaptateur de rail pour montage direct<\/p>\n<p class=\"p1\">Lentille microprismatique<\/p>\n<p class=\"p1\">Faible \u00e9blouissement avec UGR inf\u00e9rieur \u00e0 19<\/p>\n<p class=\"p1\">Distribution de la lumi\u00e8re uniforme et confortable<\/p>\n<p class=\"p1\">Bo\u00eetier en acier<\/p>\n<p class=\"p1\">Rev\u00eatement en poudre blanc mat ou noir mat<\/p>\n<p class=\"p1\">Driver int\u00e9gr\u00e9<\/p>\n<p class=\"p1\">Commutable en standard<\/p>\n<p class=\"p1\">Gradation DALI en option<\/p>\n<p class=\"p1\">\u00c9galement disponible en suspension<\/p>\n<p class=\"p1\">\u00c9galement disponible pour montage encastr\u00e9 et apparent<\/p>\n<p class=\"p1\">Fusion-Track combine flexibilit\u00e9, qualit\u00e9 de lumi\u00e8re \u00e9lev\u00e9e et design \u00e9pur\u00e9, ce qui en fait une solution id\u00e9ale pour les environnements de bureaux, les commerces de d\u00e9tail et autres applications professionnelles o\u00f9 un \u00e9clairage sur rail est souhait\u00e9.<\/p>\n<p class=\"p1\">Fusion-Track est un luminaire apparent \u00e0 LED de 80 millim\u00e8tres de large avec adaptateur de rail pour un montage direct sur des rails de tension triphas\u00e9s. Le luminaire offre une solution d&#8217;\u00e9clairage \u00e9l\u00e9gante et efficace avec des niveaux de lumi\u00e8re \u00e9lev\u00e9s pour les applications professionnelles. <\/p>\n<p class=\"p1\">L&#8217;optique de Fusion-Track est \u00e9quip\u00e9e d&#8217;une lentille microprismatique qui assure une faible luminance de surface et un UGR inf\u00e9rieur \u00e0 19. Il en r\u00e9sulte un \u00e9clairage uniforme et confortable avec un confort visuel \u00e9lev\u00e9. <\/p>\n<p class=\"p1\">Fusion-Track est fabriqu\u00e9 en acier et fini avec un rev\u00eatement en poudre blanc mat ou noir mat, ce qui permet au luminaire de s&#8217;int\u00e9grer esth\u00e9tiquement \u00e0 diff\u00e9rents concepts d&#8217;int\u00e9rieur. Le driver est int\u00e9gr\u00e9 dans le luminaire et est commutable en standard. Une version \u00e0 gradation DALI est disponible en option.  <\/p>\n<p class=\"p1\">Fusion-Track fait partie d&#8217;une famille de produits polyvalente et est, outre la version sur rail, \u00e9galement disponible en tant que luminaire suspendu et en versions pour montage encastr\u00e9 et apparent.<\/p>\n<p class=\"p1\"><strong>Caract\u00e9ristiques principales<\/strong><\/p>\n<ul>\n<li class=\"p1\">Luminaire apparent LED pour rails de tension triphas\u00e9s<\/li>\n<li class=\"p1\">Largeur de 80 millim\u00e8tres<\/li>\n<li class=\"p1\">Adaptateur de rail pour montage direct<\/li>\n<li class=\"p1\">Lentille microprismatique<\/li>\n<li class=\"p1\">Faible \u00e9blouissement avec UGR inf\u00e9rieur \u00e0 19<\/li>\n<li class=\"p1\">Distribution de la lumi\u00e8re uniforme et confortable<\/li>\n<li class=\"p1\">Bo\u00eetier en acier<\/li>\n<li class=\"p1\">Rev\u00eatement en poudre blanc mat ou noir mat<\/li>\n<li class=\"p1\">Driver int\u00e9gr\u00e9<\/li>\n<li class=\"p1\">Commutable en standard<\/li>\n<li class=\"p1\">Gradation DALI en option<\/li>\n<li class=\"p1\">\u00c9galement disponible en suspension<\/li>\n<li class=\"p1\">\u00c9galement disponible pour montage encastr\u00e9 et apparent<\/li>\n<\/ul>\n<p class=\"p1\">Fusion-Track combine flexibilit\u00e9, qualit\u00e9 de lumi\u00e8re \u00e9lev\u00e9e et design \u00e9pur\u00e9, ce qui en fait une solution id\u00e9ale pour les environnements de bureaux, les commerces de d\u00e9tail et autres applications professionnelles o\u00f9 un \u00e9clairage sur rail est souhait\u00e9.<\/p>\n[\/vc_column_text][\/vc_column][\/vc_row]\n","protected":false},"excerpt":{"rendered":"<p>Fusion-Track est un luminaire en saillie avec adaptateur pour montage direct sur rails triphas\u00e9s. Fusion offre une solution d\u00e9clairage \u00e9l\u00e9gante et performante avec des flux lumineux \u00e9lev\u00e9s. Loptique du Fusion-Track est dot\u00e9e dune lentille microprismatique \u00e0 faible luminance (UGR 19) pour un \u00e9clairage uniforme et confortable.  <\/p>\n<ul>\n<li>Montage facile sur des rails neufs ou existants<\/li>\n<li>Aspect architectural<\/li>\n<li>\u00c9quip\u00e9 dune lentille prismatique (UGR  19) ou dun diffuseur opale<\/li>\n<\/ul>\n<div><strong>T\u00e9l\u00e9chargements<\/strong><\/div>\n<div><\/div>\n<div><a class=\"button primary is-is-outline primary is-small\" href=\"https:\/\/atomis.nl\/downloads\/Photometrics-Fusion-T.zip\" target=\"_blank\" rel=\"noopener\">Photom\u00e9trie Fusion Track<\/a><\/div>\n","protected":false},"featured_media":13717,"template":"","meta":[],"product_brand":[],"product_cat":[14493],"product_tag":[14776],"class_list":{"0":"post-88436","1":"product","2":"type-product","3":"status-publish","4":"has-post-thumbnail","6":"product_cat-luminaires-sur-rail","7":"product_tag-fusion","8":"pa_air-extraction-n-v-t","9":"pa_armatuurefficientie-140lm-w","10":"pa_bevestiging-rail","11":"pa_cie-flux-code-93-100-100-100-100-nl","12":"pa_driver-positie-integre","13":"pa_energielabel-a","14":"pa_familie-fusion","15":"pa_fotobiologische-veiligheid-cei-62471-rg1-faible-risque","16":"pa_glare-ugr-14969","17":"pa_ip-class-ip20-dessus-ip40-dessous","18":"pa_isolatieklasse-classe-ii-nl","19":"pa_kleurconsistentiesdcm-sdcm3-nl-2","20":"pa_kleurtemperatuur-2700k","21":"pa_kleurtemperatuur-3000k","22":"pa_kleurtemperatuur-3500k","23":"pa_kleurtemperatuur-4000k","24":"pa_kleurtemperatuur-blanc-accordable","25":"pa_kleurweergaveindex-cri-cri80","26":"pa_kleurweergaveindex-cri-cri90","27":"pa_lichtregeling-optionelle","28":"pa_lichtregeling-gradation-1-10-v","29":"pa_lichtregeling-gradation-casambi","30":"pa_lichtregeling-gradation-dali","31":"pa_materiaal-acier","32":"pa_materiaal-acrylique","33":"pa_materiaal-aluminium","34":"pa_noodverlichting-autonomie-de-secours-de-1-heure","35":"pa_noodverlichting-optionelle","36":"pa_noodverlichting-autonomie-optionnelle-de-1-heure-avec-autotest","37":"pa_omgevingstemperatuur-20c-40c-nl-2","38":"pa_optiek-diffuseur-opale","39":"pa_optiek-lentille-microprismatique","40":"pa_orientatie-vers-le-bas","41":"pa_packaging-dimensions-emballage-en-vrac","42":"pa_powerfactor-15205","43":"pa_primaire-aansluitingen-circuit-track","44":"pa_productkleur-sur-demande","45":"pa_producttoepassing-education","46":"pa_producttoepassing-espaces-publics","47":"pa_producttoepassing-hotellerie-restauration","48":"pa_producttoepassing-bureau","49":"pa_self-adhesive-dust-cover-optionnel","50":"pa_verwachte-levensduur-l90b5060000h-tq-25c","51":"pa_voltage-frequentie-220-240v-50-60hz","52":"pa_vorm-rectangular-nl","54":"first","55":"instock","56":"shipping-taxable","57":"product-type-simple"},"_links":{"self":[{"href":"https:\/\/atomis.nl\/fr\/wp-json\/wp\/v2\/product\/88436","targetHints":{"allow":["GET"]}}],"collection":[{"href":"https:\/\/atomis.nl\/fr\/wp-json\/wp\/v2\/product"}],"about":[{"href":"https:\/\/atomis.nl\/fr\/wp-json\/wp\/v2\/types\/product"}],"wp:featuredmedia":[{"embeddable":true,"href":"https:\/\/atomis.nl\/fr\/wp-json\/wp\/v2\/media\/13717"}],"wp:attachment":[{"href":"https:\/\/atomis.nl\/fr\/wp-json\/wp\/v2\/media?parent=88436"}],"wp:term":[{"taxonomy":"product_brand","embeddable":true,"href":"https:\/\/atomis.nl\/fr\/wp-json\/wp\/v2\/product_brand?post=88436"},{"taxonomy":"product_cat","embeddable":true,"href":"https:\/\/atomis.nl\/fr\/wp-json\/wp\/v2\/product_cat?post=88436"},{"taxonomy":"product_tag","embeddable":true,"href":"https:\/\/atomis.nl\/fr\/wp-json\/wp\/v2\/product_tag?post=88436"}],"curies":[{"name":"wp","href":"https:\/\/api.w.org\/{rel}","templated":true}]}}