{"id":88438,"date":"2022-06-28T07:32:09","date_gmt":"2022-06-28T07:32:09","guid":{"rendered":"https:\/\/atomis.nl\/product\/meson-pro-190\/"},"modified":"2026-04-01T09:12:28","modified_gmt":"2026-04-01T09:12:28","slug":"meson-pro-190","status":"publish","type":"product","link":"https:\/\/atomis.nl\/fr\/produits\/meson-pro-190\/","title":{"rendered":"Meson pro 190"},"content":{"rendered":"[vc_row type=&#8221;in_container&#8221; full_screen_row_position=&#8221;middle&#8221; column_margin=&#8221;default&#8221; column_direction=&#8221;default&#8221; column_direction_tablet=&#8221;default&#8221; column_direction_phone=&#8221;default&#8221; scene_position=&#8221;center&#8221; text_color=&#8221;dark&#8221; text_align=&#8221;left&#8221; row_border_radius=&#8221;none&#8221; row_border_radius_applies=&#8221;bg&#8221; row_position_desktop=&#8221;default&#8221; row_position_tablet=&#8221;inherit&#8221; row_position_phone=&#8221;inherit&#8221; overflow=&#8221;visible&#8221; overlay_strength=&#8221;0.3&#8243; gradient_direction=&#8221;left_to_right&#8221; shape_divider_position=&#8221;bottom&#8221; bg_image_animation=&#8221;none&#8221;][vc_column column_padding=&#8221;no-extra-padding&#8221; column_padding_tablet=&#8221;inherit&#8221; column_padding_phone=&#8221;inherit&#8221; column_padding_position=&#8221;all&#8221; flex_gap_desktop=&#8221;10px&#8221; column_element_direction_desktop=&#8221;default&#8221; column_element_spacing=&#8221;default&#8221; desktop_text_alignment=&#8221;default&#8221; tablet_text_alignment=&#8221;default&#8221; phone_text_alignment=&#8221;default&#8221; background_color_opacity=&#8221;1&#8243; background_hover_color_opacity=&#8221;1&#8243; column_backdrop_filter=&#8221;none&#8221; column_shadow=&#8221;none&#8221; column_border_radius=&#8221;none&#8221; column_link_target=&#8221;_self&#8221; column_position=&#8221;default&#8221; gradient_direction=&#8221;left_to_right&#8221; overlay_strength=&#8221;0.3&#8243; width=&#8221;1\/1&#8243; tablet_width_inherit=&#8221;default&#8221; animation_type=&#8221;default&#8221; bg_image_animation=&#8221;none&#8221; border_type=&#8221;simple&#8221; column_border_width=&#8221;none&#8221; column_border_style=&#8221;solid&#8221;][vc_column_text css_animation=&#8221;bounceIn&#8221; css=&#8221;&#8221; text_direction=&#8221;default&#8221;]Meson Pro 190 est une gamme de downlights LED encastr\u00e9s de haute qualit\u00e9, \u00e9quip\u00e9s dun r\u00e9flecteur anti-\u00e9blouissement et dun diffuseur satin\u00e9. Le luminaire est con\u00e7u pour des applications o\u00f9 la haute qualit\u00e9 de lumi\u00e8re et le confort visuel sont essentiels. <\/p>\n<p>La conception optique innovante, dans laquelle la matrice LED, la chambre de lumi\u00e8re, le r\u00e9flecteur et le diffuseur forment un syst\u00e8me int\u00e9gr\u00e9, permet dobtenir une efficacit\u00e9 syst\u00e8me \u00e9lev\u00e9e et une distribution lumineuse uniforme et confortable.<\/p>\n<p>Meson Pro 190 atteint un Light Output Ratio de plus de 84 % et pr\u00e9sente un faible \u00e9blouissement avec un UGR inf\u00e9rieur \u00e0 19. De ce fait, le luminaire est conforme \u00e0 la norme EN 12464-1 pour l\u00e9clairage de bureaux et convient aux environnements de travail professionnels. <\/p>\n<p><strong>Caract\u00e9ristiques principales<\/strong><\/p>\n<p>\u2022 Downlight LED encastr\u00e9<br \/>\n\u2022 R\u00e9flecteur anti-\u00e9blouissement<br \/>\n\u2022 Diffuseur satin\u00e9<br \/>\n\u2022 Conception optique \u00e0 haute efficacit\u00e9 syst\u00e8me<br \/>\n\u2022 Rendement lumineux sup\u00e9rieur \u00e0 84 %<br \/>\n\u2022 Faible \u00e9blouissement avec UGR inf\u00e9rieur \u00e0 19<br \/>\n\u2022 Conforme \u00e0 la norme EN 12464-1 pour les bureaux<br \/>\n\u2022 Confort visuel \u00e9lev\u00e9<\/p>\n<p>Meson Pro 190 est donc une solution d&#8217;\u00e9clairage efficace et confortable pour les bureaux et autres environnements professionnels o\u00f9 la normalisation, la qualit\u00e9 de la lumi\u00e8re et l&#8217;esth\u00e9tique se rejoignent.[\/vc_column_text][\/vc_column][\/vc_row]\n","protected":false},"excerpt":{"rendered":"<p>Meson pro 190 est une gamme de downlights encastr\u00e9s \u00e0 LED de haute qualit\u00e9, \u00e9quip\u00e9s d&#8217;un r\u00e9flecteur anti-\u00e9blouissement et d&#8217;un diffuseur satin\u00e9.<\/p>\n<ul>\n<li>LED \u00e0 haut rendement pour des performances de lumen suppl\u00e9mentaires<\/li>\n<li>Bordure de recouvrement en blanc, noir ou argent\u00e9<\/li>\n<li>UGR&lt; 19<\/li>\n<\/ul>\n<div><strong>T\u00e9l\u00e9chargements<\/strong><\/div>\n<div><\/div>\n<div><a class=\"button primary is-is-outline primary is-medium\" href=\"https:\/\/atomis.nl\/downloads\/Photometrics-Meson-Pro.zip\" target=\"_blank\" rel=\"noopener\">Photom\u00e9trie Meson Pro<\/a><\/div>\n","protected":false},"featured_media":13416,"template":"","meta":[],"product_brand":[],"product_cat":[791],"product_tag":[14287],"class_list":{"0":"post-88438","1":"product","2":"type-product","3":"status-publish","4":"has-post-thumbnail","6":"product_cat-downlights-en-inbouwspots","7":"product_tag-meson","8":"pa_air-extraction-n-v-t","9":"pa_armatuurefficientie-125lm-w","10":"pa_bevestiging-plafondmontage","11":"pa_cie-flux-code-93-100-100-100-100-nl","12":"pa_driver-positie-losliggende-driver","13":"pa_energielabel-a","14":"pa_familie-meson","15":"pa_fotobiologische-veiligheid-iec-62471-rg1-low-risk-nl","16":"pa_glare-ugr-14960","17":"pa_ip-class-ip20-top-ip40-bottom-nl-2","18":"pa_isolatieklasse-class-ii-nl","19":"pa_kleurconsistentiesdcm-sdcm2","20":"pa_kleurtemperatuur-2700k","21":"pa_kleurtemperatuur-3000k","22":"pa_kleurtemperatuur-3500k","23":"pa_kleurtemperatuur-4000k","24":"pa_kleurtemperatuur-blanc-accordable","25":"pa_kleurweergaveindex-cri-cri80","26":"pa_kleurweergaveindex-cri-cri90","27":"pa_kleurweergaveindex-cri-cri97-nl-2","28":"pa_lichtregeling-optioneel","29":"pa_lichtregeling-dimmed-1-10v-nl-2","30":"pa_lichtregeling-casambi-gedimd","31":"pa_lichtregeling-dimmed-dali-nl-2","32":"pa_materiaal-steel-nl","33":"pa_materiaal-acrylate-nl","34":"pa_noodverlichting-1-uur-noodstroom","35":"pa_noodverlichting-optioneel","36":"pa_noodverlichting-optioneel-1-uur-autonoom-autotest","37":"pa_omgevingstemperatuur-20c-40c-nl-2","38":"pa_optiek-opalen-diffusor","39":"pa_optiek-reflector","40":"pa_orientatie-naar-beneden","41":"pa_packaging-dimensions-bulkverpakking","42":"pa_powerfactor-15191","43":"pa_primaire-aansluitingen-bst-14i2","44":"pa_primaire-aansluitingen-europlug","45":"pa_primaire-aansluitingen-gst18i3","46":"pa_primaire-aansluitingen-gst18i5-pastel-blue-nl-2","47":"pa_primaire-aansluitingen-op-aanvraag","48":"pa_primaire-aansluitingen-on-the-driver-nl","49":"pa_productkleur-op-aanvraag","50":"pa_producttoepassing-onderwijs","51":"pa_producttoepassing-openbare-ruimtes","52":"pa_producttoepassing-horeca","53":"pa_producttoepassing-kantoren","54":"pa_self-adhesive-dust-cover-optional-nl","55":"pa_verwachte-levensduur-l90b5060000h-tq-25c","56":"pa_voltage-frequentie-220-240v-50-60hz","57":"pa_vorm-round-nl","58":"pa_zaagmaat-170mm","60":"first","61":"instock","62":"shipping-taxable","63":"product-type-simple"},"_links":{"self":[{"href":"https:\/\/atomis.nl\/fr\/wp-json\/wp\/v2\/product\/88438","targetHints":{"allow":["GET"]}}],"collection":[{"href":"https:\/\/atomis.nl\/fr\/wp-json\/wp\/v2\/product"}],"about":[{"href":"https:\/\/atomis.nl\/fr\/wp-json\/wp\/v2\/types\/product"}],"wp:featuredmedia":[{"embeddable":true,"href":"https:\/\/atomis.nl\/fr\/wp-json\/wp\/v2\/media\/13416"}],"wp:attachment":[{"href":"https:\/\/atomis.nl\/fr\/wp-json\/wp\/v2\/media?parent=88438"}],"wp:term":[{"taxonomy":"product_brand","embeddable":true,"href":"https:\/\/atomis.nl\/fr\/wp-json\/wp\/v2\/product_brand?post=88438"},{"taxonomy":"product_cat","embeddable":true,"href":"https:\/\/atomis.nl\/fr\/wp-json\/wp\/v2\/product_cat?post=88438"},{"taxonomy":"product_tag","embeddable":true,"href":"https:\/\/atomis.nl\/fr\/wp-json\/wp\/v2\/product_tag?post=88438"}],"curies":[{"name":"wp","href":"https:\/\/api.w.org\/{rel}","templated":true}]}}