{"id":88443,"date":"2022-03-21T14:27:05","date_gmt":"2022-03-21T14:27:05","guid":{"rendered":"https:\/\/atomis.nl\/product\/linterna-b\/"},"modified":"2026-04-07T12:18:17","modified_gmt":"2026-04-07T12:18:17","slug":"linterna-b","status":"publish","type":"product","link":"https:\/\/atomis.nl\/fr\/produits\/linterna-b\/","title":{"rendered":"Linterna-B"},"content":{"rendered":"[vc_row type=&#8221;in_container&#8221; full_screen_row_position=&#8221;middle&#8221; column_margin=&#8221;default&#8221; column_direction=&#8221;default&#8221; column_direction_tablet=&#8221;default&#8221; column_direction_phone=&#8221;default&#8221; scene_position=&#8221;center&#8221; text_color=&#8221;dark&#8221; text_align=&#8221;left&#8221; row_border_radius=&#8221;none&#8221; row_border_radius_applies=&#8221;bg&#8221; row_position_desktop=&#8221;default&#8221; row_position_tablet=&#8221;inherit&#8221; row_position_phone=&#8221;inherit&#8221; overflow=&#8221;visible&#8221; overlay_strength=&#8221;0.3&#8243; gradient_direction=&#8221;left_to_right&#8221; shape_divider_position=&#8221;bottom&#8221; bg_image_animation=&#8221;none&#8221;][vc_column column_padding=&#8221;no-extra-padding&#8221; column_padding_tablet=&#8221;inherit&#8221; column_padding_phone=&#8221;inherit&#8221; column_padding_position=&#8221;all&#8221; flex_gap_desktop=&#8221;10px&#8221; column_element_direction_desktop=&#8221;default&#8221; column_element_spacing=&#8221;default&#8221; desktop_text_alignment=&#8221;default&#8221; tablet_text_alignment=&#8221;default&#8221; phone_text_alignment=&#8221;default&#8221; background_color_opacity=&#8221;1&#8243; background_hover_color_opacity=&#8221;1&#8243; column_backdrop_filter=&#8221;none&#8221; column_shadow=&#8221;none&#8221; column_border_radius=&#8221;none&#8221; column_link_target=&#8221;_self&#8221; column_position=&#8221;default&#8221; gradient_direction=&#8221;left_to_right&#8221; overlay_strength=&#8221;0.3&#8243; width=&#8221;1\/1&#8243; tablet_width_inherit=&#8221;default&#8221; animation_type=&#8221;default&#8221; bg_image_animation=&#8221;none&#8221; border_type=&#8221;simple&#8221; column_border_width=&#8221;none&#8221; column_border_style=&#8221;solid&#8221;][vc_column_text css_animation=&#8221;bounceIn&#8221; css=&#8221;&#8221; text_direction=&#8221;default&#8221;]Linterna-B est un luminaire LED lin\u00e9aire avec une grille parabolique batwing, con\u00e7u pour une application dans les plafonds \u00e0 trame lin\u00e9aire. Le luminaire a \u00e9t\u00e9 d\u00e9velopp\u00e9 comme une alternative \u00e9co\u00e9nerg\u00e9tique \u00e0 la fluorescence lin\u00e9aire T5 traditionnelle et convient aux projets de r\u00e9novation et de construction neuve. <\/p>\n<p>La distribution lumineuse batwing assure une uniformit\u00e9 optimale, m\u00eame avec des espacements d&#8217;appareils plus importants jusqu&#8217;\u00e0 environ 3 m\u00e8tres. Cela permet de r\u00e9aliser un niveau d&#8217;\u00e9clairage uniforme tout en conservant un haut confort visuel. <\/p>\n<p>Pour offrir une solution d&#8217;\u00e9clairage qui s&#8217;adapte parfaitement aux syst\u00e8mes de plafonds modulaires sp\u00e9cifiques, Linterna-B est fabriqu\u00e9 sur mesure. Une large gamme de dimensions et de finitions color\u00e9es est possible, permettant au luminaire de bien s&#8217;int\u00e9grer dans divers concepts de plafond. <\/p>\n<p>Les luminaires sont fabriqu\u00e9s en acier et dot\u00e9s dun rev\u00eatement par poudre durable. La fixation des unit\u00e9s varie en fonction du syst\u00e8me de plafond ou de plafond climatique appliqu\u00e9. Linterna-B est produit et assembl\u00e9 aux Pays-Bas, ce qui garantit une qualit\u00e9 et une fiabilit\u00e9 constantes.  <\/p>\n<p>En option, le luminaire peut \u00eatre \u00e9quip\u00e9 sur toute sa longueur de fentes d&#8217;\u00e9vacuation d&#8217;air int\u00e9gr\u00e9es, cr\u00e9ant une \u00e9vacuation d&#8217;air invisible enti\u00e8rement int\u00e9gr\u00e9e dans la conception du plafond. Linterna-B est disponible en diff\u00e9rentes longueurs et \u00e9quip\u00e9 d&#8217;une grille batwing \u00e0 faible \u00e9blouissement avec un UGR inf\u00e9rieur \u00e0 19. <\/p>\n<p><strong>Caract\u00e9ristiques principales<\/strong><\/p>\n<p>\u2022 Luminaire LED lin\u00e9aire pour plafonds bandraster<br \/>\n\u2022 Alternative \u00e9conome en \u00e9nergie \u00e0 l\u2019\u00e9clairage fluorescent lin\u00e9aire T5<br \/>\n\u2022 Grille parabolique batwing<br \/>\n\u2022 R\u00e9partition lumineuse tr\u00e8s uniforme<br \/>\n\u2022 Adapt\u00e9 \u00e0 des entraxes de luminaires plus importants jusqu\u2019\u00e0 environ 3 m\u00e8tres<br \/>\n\u2022 Fabriqu\u00e9 sur mesure pour des syst\u00e8mes de plafond sp\u00e9cifiques<br \/>\n\u2022 Disponible en plusieurs longueurs<br \/>\n\u2022 Large choix de dimensions et de finitions de couleurs<br \/>\n\u2022 Bo\u00eetier en acier avec rev\u00eatement par poudre durable<br \/>\n\u2022 Fixation adapt\u00e9e aux syst\u00e8mes de plafonds suspendus ou climatiques<br \/>\n\u2022 En option avec fentes d\u2019extraction d\u2019air int\u00e9gr\u00e9es<br \/>\n\u2022 Faible \u00e9blouissement avec un UGR inf\u00e9rieur \u00e0 19<br \/>\n\u2022 Produit et assembl\u00e9 aux Pays-Bas<\/p>\n<p>Gr\u00e2ce \u00e0 la combinaison dune r\u00e9partition lumineuse uniforme, dun faible \u00e9blouissement et du sur-mesure, Linterna-B est parfaitement adapt\u00e9 aux bureaux, \u00e9coles et \u00e9tablissements de sant\u00e9 o\u00f9 l\u00e9clairage fonctionnel et lint\u00e9gration au plafond se rencontrent.[\/vc_column_text][\/vc_column][\/vc_row]\n","protected":false},"excerpt":{"rendered":"<p>Un luminaire lin\u00e9aire avec grille parabolique pour application dans les plafonds climatiques et m\u00e9talliques.<\/p>\n<ul>\n<li>La conception du diffuseur batwing permet de grandes distances entre les luminaires tout en conservant une bonne uniformit\u00e9<\/li>\n<li>Lamelles anodis\u00e9es mates ou brillantes ou UGR&lt; 19 pour une utilisation dans les bureaux<\/li>\n<li>Le montage en bande modulaire permet une installation simple<\/li>\n<\/ul>\n<p><strong>T\u00e9l\u00e9chargements<\/strong><\/p>\n<p><a class=\"button primary is-is-outline primary is-small\" href=\"https:\/\/atomis.nl\/downloads\/Photometrics-Linterna.zip\" target=\"_blank\" rel=\"noopener\">Photom\u00e9trie Linterna<\/a><\/p>\n","protected":false},"featured_media":30765,"template":"","meta":[],"product_brand":[],"product_cat":[786],"product_tag":[14288],"class_list":{"0":"post-88443","1":"product","2":"type-product","3":"status-publish","4":"has-post-thumbnail","6":"product_cat-bandraster-armaturen","7":"product_tag-linterna","8":"pa_air-extraction-optional-nl","9":"pa_armatuurefficientie-140lm-w","10":"pa_bevestiging-inbouwmontage","11":"pa_cie-flux-code-93-100-100-100-100-nl","12":"pa_driver-positie-losliggende-driver","13":"pa_driver-positie-bevestigd-aan-het-armatuur","14":"pa_energielabel-a","15":"pa_familie-linterna","16":"pa_fotobiologische-veiligheid-iec-62471-rg1-low-risk-nl","17":"pa_glare-ugr-14960","18":"pa_ip-class-ip20-top-ip40-bottom-nl-2","19":"pa_isolatieklasse-class-ii-nl","20":"pa_kleurconsistentiesdcm-sdcm3-nl-2","21":"pa_kleurtemperatuur-2700k","22":"pa_kleurtemperatuur-3000k","23":"pa_kleurtemperatuur-3500k","24":"pa_kleurtemperatuur-4000k","25":"pa_kleurtemperatuur-blanc-accordable","26":"pa_kleurweergaveindex-cri-cri80","27":"pa_kleurweergaveindex-cri-cri90","28":"pa_lichtregeling-optioneel","29":"pa_lichtregeling-dimmed-1-10v-nl-2","30":"pa_lichtregeling-casambi-gedimd","31":"pa_lichtregeling-dimmed-dali-nl-2","32":"pa_materiaal-steel-nl","33":"pa_noodverlichting-1-uur-noodstroom","34":"pa_noodverlichting-optioneel","35":"pa_noodverlichting-optioneel-1-uur-autonoom-autotest","36":"pa_omgevingstemperatuur-20c-40c-nl-2","37":"pa_optiek-parabolisch-louver","38":"pa_orientatie-naar-beneden","39":"pa_packaging-dimensions-bulkverpakking","40":"pa_powerfactor-15191","41":"pa_primaire-aansluitingen-bst-14i2","42":"pa_primaire-aansluitingen-europlug","43":"pa_primaire-aansluitingen-gst18i3","44":"pa_primaire-aansluitingen-gst18i5-pastel-blue-nl-2","45":"pa_primaire-aansluitingen-op-aanvraag","46":"pa_primaire-aansluitingen-on-the-driver-nl","47":"pa_productkleur-op-aanvraag","48":"pa_producttoepassing-onderwijs","49":"pa_producttoepassing-openbare-ruimtes","50":"pa_producttoepassing-horeca","51":"pa_producttoepassing-kantoren","52":"pa_self-adhesive-dust-cover-optional-nl","53":"pa_verwachte-levensduur-l90b5060000h-tq-25c","54":"pa_voltage-frequentie-220-240v-50-60hz","55":"pa_vorm-rectangular-nl","57":"first","58":"instock","59":"shipping-taxable","60":"product-type-simple"},"_links":{"self":[{"href":"https:\/\/atomis.nl\/fr\/wp-json\/wp\/v2\/product\/88443","targetHints":{"allow":["GET"]}}],"collection":[{"href":"https:\/\/atomis.nl\/fr\/wp-json\/wp\/v2\/product"}],"about":[{"href":"https:\/\/atomis.nl\/fr\/wp-json\/wp\/v2\/types\/product"}],"wp:featuredmedia":[{"embeddable":true,"href":"https:\/\/atomis.nl\/fr\/wp-json\/wp\/v2\/media\/30765"}],"wp:attachment":[{"href":"https:\/\/atomis.nl\/fr\/wp-json\/wp\/v2\/media?parent=88443"}],"wp:term":[{"taxonomy":"product_brand","embeddable":true,"href":"https:\/\/atomis.nl\/fr\/wp-json\/wp\/v2\/product_brand?post=88443"},{"taxonomy":"product_cat","embeddable":true,"href":"https:\/\/atomis.nl\/fr\/wp-json\/wp\/v2\/product_cat?post=88443"},{"taxonomy":"product_tag","embeddable":true,"href":"https:\/\/atomis.nl\/fr\/wp-json\/wp\/v2\/product_tag?post=88443"}],"curies":[{"name":"wp","href":"https:\/\/api.w.org\/{rel}","templated":true}]}}