{"id":88445,"date":"2021-11-21T09:31:18","date_gmt":"2021-11-21T09:31:18","guid":{"rendered":"https:\/\/atomis.nl\/product\/meson-pro-190-s\/"},"modified":"2026-03-31T20:35:04","modified_gmt":"2026-03-31T20:35:04","slug":"meson-pro-190-s","status":"publish","type":"product","link":"https:\/\/atomis.nl\/fr\/produits\/meson-pro-190-s\/","title":{"rendered":"Meson Pro 190-S"},"content":{"rendered":"[vc_row type=&#8221;in_container&#8221; full_screen_row_position=&#8221;middle&#8221; column_margin=&#8221;default&#8221; column_direction=&#8221;default&#8221; column_direction_tablet=&#8221;default&#8221; column_direction_phone=&#8221;default&#8221; scene_position=&#8221;center&#8221; text_color=&#8221;dark&#8221; text_align=&#8221;left&#8221; row_border_radius=&#8221;none&#8221; row_border_radius_applies=&#8221;bg&#8221; row_position_desktop=&#8221;default&#8221; row_position_tablet=&#8221;inherit&#8221; row_position_phone=&#8221;inherit&#8221; overflow=&#8221;visible&#8221; overlay_strength=&#8221;0.3&#8243; gradient_direction=&#8221;left_to_right&#8221; shape_divider_position=&#8221;bottom&#8221; bg_image_animation=&#8221;none&#8221;][vc_column column_padding=&#8221;no-extra-padding&#8221; column_padding_tablet=&#8221;inherit&#8221; column_padding_phone=&#8221;inherit&#8221; column_padding_position=&#8221;all&#8221; flex_gap_desktop=&#8221;10px&#8221; column_element_direction_desktop=&#8221;default&#8221; column_element_spacing=&#8221;default&#8221; desktop_text_alignment=&#8221;default&#8221; tablet_text_alignment=&#8221;default&#8221; phone_text_alignment=&#8221;default&#8221; background_color_opacity=&#8221;1&#8243; background_hover_color_opacity=&#8221;1&#8243; column_backdrop_filter=&#8221;none&#8221; column_shadow=&#8221;none&#8221; column_border_radius=&#8221;none&#8221; column_link_target=&#8221;_self&#8221; column_position=&#8221;default&#8221; gradient_direction=&#8221;left_to_right&#8221; overlay_strength=&#8221;0.3&#8243; width=&#8221;1\/1&#8243; tablet_width_inherit=&#8221;default&#8221; animation_type=&#8221;default&#8221; bg_image_animation=&#8221;none&#8221; border_type=&#8221;simple&#8221; column_border_width=&#8221;none&#8221; column_border_style=&#8221;solid&#8221;][vc_column_text css=&#8221;&#8221; text_direction=&#8221;default&#8221;]\n<p class=\"p1\">Meson Pro 190-S est une s\u00e9rie de downlights LED suspendus, \u00e9quip\u00e9s d&#8217;un r\u00e9flecteur anti-\u00e9blouissement et d&#8217;un diffuseur satin\u00e9. Le luminaire est con\u00e7u pour les applications o\u00f9 la haute qualit\u00e9 de lumi\u00e8re et le confort visuel sont essentiels. <\/p>\n<p class=\"p1\">La conception optique innovante, dans laquelle la matrice LED, la chambre optique, le r\u00e9flecteur et le diffuseur forment ensemble un seul syst\u00e8me, r\u00e9sulte en une haute efficacit\u00e9 syst\u00e8me et une distribution lumineuse tr\u00e8s confortable.<\/p>\n<p class=\"p1\">Meson Pro 190-S atteint un Light Output Ratio de plus de 84 % et pr\u00e9sente un Unified Glare Rating entre 16 et 19, selon le flux lumineux du luminaire. Cela rend le luminaire adapt\u00e9 aux environnements de travail professionnels avec des exigences \u00e9lev\u00e9es en mati\u00e8re de limitation de l&#8217;\u00e9blouissement. <\/p>\n<p class=\"p1\">La source lumineuse utilis\u00e9e consiste en une matrice LED de haute qualit\u00e9 avec un excellent indice de rendu des couleurs, ce qui assure des couleurs fid\u00e8les et une exp\u00e9rience lumineuse agr\u00e9able.<\/p>\n<p class=\"p1\">Le bo\u00eetier est fini avec une laque de haute qualit\u00e9 et est disponible en blanc mat ou noir mat, permettant au luminaire de s&#8217;int\u00e9grer esth\u00e9tiquement \u00e0 diff\u00e9rents concepts d&#8217;int\u00e9rieur.<\/p>\n<p class=\"p1\"><strong>Caract\u00e9ristiques principales<\/strong><\/p>\n<ul>\n<li class=\"p1\">Downlight LED suspendu<\/li>\n<li class=\"p1\">R\u00e9flecteur anti-\u00e9blouissement<\/li>\n<li class=\"p1\">Diffuseur satin\u00e9<\/li>\n<li class=\"p1\">Conception optique \u00e0 haute efficacit\u00e9 syst\u00e8me<\/li>\n<li class=\"p1\">Light Output Ratio de plus de 84 %<\/li>\n<li class=\"p1\">UGR entre 16 et 19 selon le flux lumineux<\/li>\n<li class=\"p1\">Matrice LED avec excellent indice de rendu des couleurs<\/li>\n<li class=\"p1\">Confort visuel \u00e9lev\u00e9<\/li>\n<li class=\"p1\">Finition en blanc mat ou noir mat<\/li>\n<\/ul>\n<p class=\"p1\">Gr\u00e2ce \u00e0 la combinaison d&#8217;une haute efficacit\u00e9, d&#8217;un faible \u00e9blouissement et d&#8217;un design suspendu \u00e9l\u00e9gant, Meson Pro 190-S est tr\u00e8s adapt\u00e9 pour une utilisation dans les bureaux, salles de r\u00e9union et autres environnements professionnels o\u00f9 le confort et l&#8217;esth\u00e9tique sont importants.<\/p>\n[\/vc_column_text][\/vc_column][\/vc_row]\n","protected":false},"excerpt":{"rendered":"<p>Meson Pro 190-S est une s\u00e9rie de downlights LED suspendus \u00e9quip\u00e9s d&#8217;un r\u00e9flecteur anti-\u00e9blouissement et d&#8217;un diffuseur satin\u00e9. La conception innovante de la matrice LED, de la chambre optique, du r\u00e9flecteur et du diffuseur forme un syst\u00e8me optique avec une haute efficacit\u00e9 syst\u00e8me et un excellent confort visuel. Meson Pro 190-S pr\u00e9sente un Light Output Ratio (LOR) tr\u00e8s efficace de plus de 84 % et un Unified Glare Rating (UGR) entre 16 et 19, selon le flux lumineux du luminaire.  <\/p>\n<ul>\n<li>Bo\u00eetier en blanc mat ou noir mat<\/li>\n<li>Driver int\u00e9gr\u00e9<\/li>\n<li>UGR&lt; 16 \u00e0 UGR&lt; 19 selon le flux lumineux de l&#8217;appareil<\/li>\n<li>Versions avec \u00e9clairage de secours disponibles<\/li>\n<\/ul>\n<div><strong>T\u00e9l\u00e9chargements<\/strong><\/div>\n<div><\/div>\n<div><a class=\"button primary is-is-outline primary is-small\" href=\"https:\/\/atomis.nl\/downloads\/Photometrics-Meson-Pro-190-S.zip\" target=\"_blank\" rel=\"noopener\">Photom\u00e9trie Meson Pro 190-S<\/a><\/div>\n","protected":false},"featured_media":13764,"template":"","meta":[],"product_brand":[],"product_cat":[790],"product_tag":[14287],"class_list":{"0":"post-88445","1":"product","2":"type-product","3":"status-publish","4":"has-post-thumbnail","6":"product_cat-pendel-armaturen","7":"product_tag-meson","8":"pa_air-extraction-n-v-t","9":"pa_armatuurefficientie-125lm-w","10":"pa_bevestiging-inbouw","11":"pa_cie-flux-code-93-100-100-100-100-nl","12":"pa_driver-positie-integrated-nl","13":"pa_energielabel-a","14":"pa_familie-meson","15":"pa_fotobiologische-veiligheid-iec-62471-rg1-low-risk-nl","16":"pa_glare-ugr-14960","17":"pa_ip-class-ip20-top-ip40-bottom-nl-2","18":"pa_isolatieklasse-class-i-nl","19":"pa_isolatieklasse-class-ii-nl","20":"pa_kleurconsistentiesdcm-sdcm2","21":"pa_kleurtemperatuur-2700k","22":"pa_kleurtemperatuur-3000k","23":"pa_kleurtemperatuur-3500k","24":"pa_kleurtemperatuur-4000k","25":"pa_kleurtemperatuur-blanc-accordable","26":"pa_kleurweergaveindex-cri-cri80","27":"pa_kleurweergaveindex-cri-cri90","28":"pa_kleurweergaveindex-cri-cri97-nl-2","29":"pa_lichtregeling-optioneel","30":"pa_lichtregeling-dimmed-1-10v-nl-2","31":"pa_lichtregeling-casambi-gedimd","32":"pa_lichtregeling-dimmed-dali-nl-2","33":"pa_materiaal-steel-nl","34":"pa_materiaal-acrylate-nl","35":"pa_noodverlichting-1-uur-noodstroom","36":"pa_noodverlichting-optioneel","37":"pa_noodverlichting-optioneel-1-uur-autonoom-autotest","38":"pa_omgevingstemperatuur-20c-40c-nl-2","39":"pa_optiek-opalen-diffusor","40":"pa_optiek-reflector","41":"pa_orientatie-naar-beneden","42":"pa_packaging-dimensions-bulkverpakking","43":"pa_powerfactor-15191","44":"pa_primaire-aansluitingen-kabel","45":"pa_primaire-aansluitingen-op-aanvraag","46":"pa_primaire-aansluitingen-on-the-driver-nl","47":"pa_productkleur-op-aanvraag","48":"pa_producttoepassing-onderwijs","49":"pa_producttoepassing-openbare-ruimtes","50":"pa_producttoepassing-horeca","51":"pa_producttoepassing-kantoren","52":"pa_self-adhesive-dust-cover-optional-nl","53":"pa_verwachte-levensduur-l90b5060000h-tq-25c","54":"pa_voltage-frequentie-220-240v-50-60hz","55":"pa_vorm-round-nl","57":"first","58":"instock","59":"shipping-taxable","60":"product-type-simple"},"_links":{"self":[{"href":"https:\/\/atomis.nl\/fr\/wp-json\/wp\/v2\/product\/88445","targetHints":{"allow":["GET"]}}],"collection":[{"href":"https:\/\/atomis.nl\/fr\/wp-json\/wp\/v2\/product"}],"about":[{"href":"https:\/\/atomis.nl\/fr\/wp-json\/wp\/v2\/types\/product"}],"wp:featuredmedia":[{"embeddable":true,"href":"https:\/\/atomis.nl\/fr\/wp-json\/wp\/v2\/media\/13764"}],"wp:attachment":[{"href":"https:\/\/atomis.nl\/fr\/wp-json\/wp\/v2\/media?parent=88445"}],"wp:term":[{"taxonomy":"product_brand","embeddable":true,"href":"https:\/\/atomis.nl\/fr\/wp-json\/wp\/v2\/product_brand?post=88445"},{"taxonomy":"product_cat","embeddable":true,"href":"https:\/\/atomis.nl\/fr\/wp-json\/wp\/v2\/product_cat?post=88445"},{"taxonomy":"product_tag","embeddable":true,"href":"https:\/\/atomis.nl\/fr\/wp-json\/wp\/v2\/product_tag?post=88445"}],"curies":[{"name":"wp","href":"https:\/\/api.w.org\/{rel}","templated":true}]}}