{"id":88446,"date":"2021-12-13T15:42:38","date_gmt":"2021-12-13T15:42:38","guid":{"rendered":"https:\/\/atomis.nl\/product\/linterna-s\/"},"modified":"2026-03-23T10:44:41","modified_gmt":"2026-03-23T10:44:41","slug":"linterna-s","status":"publish","type":"product","link":"https:\/\/atomis.nl\/fr\/produits\/linterna-s\/","title":{"rendered":"Linterna-S"},"content":{"rendered":"[vc_row type=&#8221;in_container&#8221; full_screen_row_position=&#8221;middle&#8221; column_margin=&#8221;default&#8221; column_direction=&#8221;default&#8221; column_direction_tablet=&#8221;default&#8221; column_direction_phone=&#8221;default&#8221; scene_position=&#8221;center&#8221; text_color=&#8221;dark&#8221; text_align=&#8221;left&#8221; row_border_radius=&#8221;none&#8221; row_border_radius_applies=&#8221;bg&#8221; row_position_desktop=&#8221;default&#8221; row_position_tablet=&#8221;inherit&#8221; row_position_phone=&#8221;inherit&#8221; overflow=&#8221;visible&#8221; overlay_strength=&#8221;0.3&#8243; gradient_direction=&#8221;left_to_right&#8221; shape_divider_position=&#8221;bottom&#8221; bg_image_animation=&#8221;none&#8221;][vc_column column_padding=&#8221;no-extra-padding&#8221; column_padding_tablet=&#8221;inherit&#8221; column_padding_phone=&#8221;inherit&#8221; column_padding_position=&#8221;all&#8221; flex_gap_desktop=&#8221;10px&#8221; column_element_direction_desktop=&#8221;default&#8221; column_element_spacing=&#8221;default&#8221; desktop_text_alignment=&#8221;default&#8221; tablet_text_alignment=&#8221;default&#8221; phone_text_alignment=&#8221;default&#8221; background_color_opacity=&#8221;1&#8243; background_hover_color_opacity=&#8221;1&#8243; column_backdrop_filter=&#8221;none&#8221; column_shadow=&#8221;none&#8221; column_border_radius=&#8221;none&#8221; column_link_target=&#8221;_self&#8221; column_position=&#8221;default&#8221; gradient_direction=&#8221;left_to_right&#8221; overlay_strength=&#8221;0.3&#8243; width=&#8221;1\/1&#8243; tablet_width_inherit=&#8221;default&#8221; animation_type=&#8221;default&#8221; bg_image_animation=&#8221;none&#8221; border_type=&#8221;simple&#8221; column_border_width=&#8221;none&#8221; column_border_style=&#8221;solid&#8221;][vc_column_text css=&#8221;&#8221; text_direction=&#8221;default&#8221;]\n<p class=\"p1\">Linterna-S est un luminaire suspendu lin\u00e9aire avec un r\u00e9flecteur parabolique, con\u00e7u pour un \u00e9clairage \u00e9l\u00e9gant et efficace dans les environnements professionnels. Le luminaire LED est d\u00e9velopp\u00e9 comme alternative \u00e9conome en \u00e9nergie aux luminaires T5 traditionnels et convient aussi bien aux projets de r\u00e9novation qu&#8217;aux constructions neuves. <\/p>\n<p class=\"p1\">La distribution lumineuse batwing assure une uniformit\u00e9 optimale, m\u00eame avec des distances entre lignes de luminaires allant jusqu&#8217;\u00e0 environ 3 m\u00e8tres. Cela permet d&#8217;obtenir un niveau d&#8217;\u00e9clairage uniforme et confortable avec moins de luminaires. <\/p>\n<p class=\"p1\">Linterna-S est disponible en diff\u00e9rentes dimensions et dans une large gamme de couleurs, permettant d&#8217;adapter facilement le luminaire \u00e0 divers concepts d&#8217;int\u00e9rieur et de plafond. Le luminaire est disponible en trois variantes de longueur. <\/p>\n<p class=\"p1\">Les luminaires sont fabriqu\u00e9s en t\u00f4le d&#8217;acier et finis avec un rev\u00eatement en poudre durable. La fixation des unit\u00e9s varie selon le plafond ou le syst\u00e8me de plafond climatique utilis\u00e9, assurant un montage correct et stable. <\/p>\n<p class=\"p1\">Linterna-S est \u00e9quip\u00e9 d&#8217;un r\u00e9flecteur batwing \u00e0 faible \u00e9blouissement avec un UGR inf\u00e9rieur \u00e0 19. Le luminaire offre ainsi un haut niveau de confort visuel et convient parfaitement pour une utilisation prolong\u00e9e dans les environnements de travail. <\/p>\n<p class=\"p1\"><strong>Caract\u00e9ristiques principales<\/strong><\/p>\n<ul>\n<li class=\"p1\">Luminaire suspendu lin\u00e9aire \u00e0 LED<\/li>\n<li class=\"p1\">Alternative aux luminaires T5<\/li>\n<li class=\"p1\">Grille parabolique batwing<\/li>\n<li class=\"p1\">Distribution de la lumi\u00e8re tr\u00e8s uniforme<\/li>\n<li class=\"p1\">Convient pour des distances entre lignes de luminaires jusqu&#8217;\u00e0 environ 3 m\u00e8tres<\/li>\n<li class=\"p1\">Disponible en diff\u00e9rentes tailles<\/li>\n<li class=\"p1\">Large gamme de finitions color\u00e9es<\/li>\n<li class=\"p1\">Bo\u00eetier en t\u00f4le d&#8217;acier thermolaqu\u00e9<\/li>\n<li class=\"p1\">Fixation adapt\u00e9e au plafond ou syst\u00e8me de plafond climatique<\/li>\n<li class=\"p1\">Disponible en trois variantes de longueur<\/li>\n<li class=\"p1\">Faible \u00e9blouissement avec UGR inf\u00e9rieur \u00e0 19<\/li>\n<\/ul>\n<p class=\"p1\">Gr\u00e2ce \u00e0 la combinaison de distribution lumineuse uniforme, de faible \u00e9blouissement et de libert\u00e9 de conception, Linterna-S convient parfaitement pour les applications dans les bureaux, \u00e9coles et \u00e9tablissements de soins o\u00f9 confort et fonctionnalit\u00e9 se rencontrent.<\/p>\n[\/vc_column_text][\/vc_column][\/vc_row]\n","protected":false},"excerpt":{"rendered":"<p>Linterna-S est un luminaire suspendu lin\u00e9aire avec un r\u00e9flecteur parabolique.<\/p>\n<ul>\n<li>Le design du r\u00e9flecteur parabolique batwing permet de grandes distances entre les luminaires, tout en conservant une bonne uniformit\u00e9<\/li>\n<li>R\u00e9flecteur anodis\u00e9 mat ou brillant UGR&lt; 19 pour utilisation dans les bureaux<\/li>\n<li>Inclut un cordon d&#8217;alimentation de 3 m\u00e8tres et des c\u00e2bles de suspension<\/li>\n<\/ul>\n<p><strong>T\u00e9l\u00e9chargements<\/strong><\/p>\n<p><a class=\"button primary is-is-outline primary is-small\" href=\"https:\/\/atomis.nl\/downloads\/Photometrics-Linterna.zip\" target=\"_blank\" rel=\"noopener\">Photom\u00e9trie Linterna<\/a><\/p>\n","protected":false},"featured_media":16508,"template":"","meta":[],"product_brand":[],"product_cat":[790],"product_tag":[14288],"class_list":{"0":"post-88446","1":"product","2":"type-product","3":"status-publish","4":"has-post-thumbnail","6":"product_cat-pendel-armaturen","7":"product_tag-linterna","8":"pa_air-extraction-n-v-t","9":"pa_armatuurefficientie-140lm-w","10":"pa_bevestiging-inbouw","11":"pa_cie-flux-code-93-100-100-100-100-nl","12":"pa_driver-positie-integrated-nl","13":"pa_energielabel-a","14":"pa_familie-linterna","15":"pa_fotobiologische-veiligheid-iec-62471-rg1-low-risk-nl","16":"pa_glare-ugr-14960","17":"pa_ip-class-ip20-top-ip40-bottom-nl-2","18":"pa_isolatieklasse-class-i-nl","19":"pa_isolatieklasse-class-ii-nl","20":"pa_kleurconsistentiesdcm-sdcm3-nl-2","21":"pa_kleurtemperatuur-2700k","22":"pa_kleurtemperatuur-3000k","23":"pa_kleurtemperatuur-3500k","24":"pa_kleurtemperatuur-4000k","25":"pa_kleurtemperatuur-blanc-accordable","26":"pa_kleurweergaveindex-cri-cri80","27":"pa_kleurweergaveindex-cri-cri90","28":"pa_lichtregeling-optioneel","29":"pa_lichtregeling-dimmed-1-10v-nl-2","30":"pa_lichtregeling-casambi-gedimd","31":"pa_lichtregeling-dimmed-dali-nl-2","32":"pa_materiaal-steel-nl","33":"pa_noodverlichting-1-uur-noodstroom","34":"pa_noodverlichting-optioneel","35":"pa_noodverlichting-optioneel-1-uur-autonoom-autotest","36":"pa_omgevingstemperatuur-20c-40c-nl-2","37":"pa_optiek-parabolisch-louver","38":"pa_orientatie-omhoogomlaag","39":"pa_orientatie-naar-beneden","40":"pa_packaging-dimensions-bulkverpakking","41":"pa_powerfactor-15191","42":"pa_primaire-aansluitingen-gst18i5-pastel-blue-nl-2","43":"pa_primaire-aansluitingen-kabel","44":"pa_primaire-aansluitingen-on-the-driver-nl","45":"pa_productkleur-op-aanvraag","46":"pa_producttoepassing-onderwijs","47":"pa_producttoepassing-openbare-ruimtes","48":"pa_producttoepassing-horeca","49":"pa_producttoepassing-kantoren","50":"pa_self-adhesive-dust-cover-optional-nl","51":"pa_verwachte-levensduur-l90b5060000h-tq-25c","52":"pa_voltage-frequentie-220-240v-50-60hz","53":"pa_vorm-rectangular-nl","55":"first","56":"instock","57":"shipping-taxable","58":"product-type-simple"},"_links":{"self":[{"href":"https:\/\/atomis.nl\/fr\/wp-json\/wp\/v2\/product\/88446","targetHints":{"allow":["GET"]}}],"collection":[{"href":"https:\/\/atomis.nl\/fr\/wp-json\/wp\/v2\/product"}],"about":[{"href":"https:\/\/atomis.nl\/fr\/wp-json\/wp\/v2\/types\/product"}],"wp:featuredmedia":[{"embeddable":true,"href":"https:\/\/atomis.nl\/fr\/wp-json\/wp\/v2\/media\/16508"}],"wp:attachment":[{"href":"https:\/\/atomis.nl\/fr\/wp-json\/wp\/v2\/media?parent=88446"}],"wp:term":[{"taxonomy":"product_brand","embeddable":true,"href":"https:\/\/atomis.nl\/fr\/wp-json\/wp\/v2\/product_brand?post=88446"},{"taxonomy":"product_cat","embeddable":true,"href":"https:\/\/atomis.nl\/fr\/wp-json\/wp\/v2\/product_cat?post=88446"},{"taxonomy":"product_tag","embeddable":true,"href":"https:\/\/atomis.nl\/fr\/wp-json\/wp\/v2\/product_tag?post=88446"}],"curies":[{"name":"wp","href":"https:\/\/api.w.org\/{rel}","templated":true}]}}