{"id":88448,"date":"2022-04-28T09:53:10","date_gmt":"2022-04-28T09:53:10","guid":{"rendered":"https:\/\/atomis.nl\/product\/meson-round-100-fresnel-flat-trim\/"},"modified":"2026-03-19T15:03:43","modified_gmt":"2026-03-19T15:03:43","slug":"meson-round-100-fresnel-flat-trim","status":"publish","type":"product","link":"https:\/\/atomis.nl\/fr\/produits\/meson-round-100-fresnel-flat-trim\/","title":{"rendered":"Meson round 100 Fresnel flat trim"},"content":{"rendered":"[vc_row type=&#8221;in_container&#8221; full_screen_row_position=&#8221;middle&#8221; column_margin=&#8221;default&#8221; column_direction=&#8221;default&#8221; column_direction_tablet=&#8221;default&#8221; column_direction_phone=&#8221;default&#8221; scene_position=&#8221;center&#8221; text_color=&#8221;dark&#8221; text_align=&#8221;left&#8221; row_border_radius=&#8221;none&#8221; row_border_radius_applies=&#8221;bg&#8221; row_position_desktop=&#8221;default&#8221; row_position_tablet=&#8221;inherit&#8221; row_position_phone=&#8221;inherit&#8221; overflow=&#8221;visible&#8221; overlay_strength=&#8221;0.3&#8243; gradient_direction=&#8221;left_to_right&#8221; shape_divider_position=&#8221;bottom&#8221; bg_image_animation=&#8221;none&#8221;][vc_column column_padding=&#8221;no-extra-padding&#8221; column_padding_tablet=&#8221;inherit&#8221; column_padding_phone=&#8221;inherit&#8221; column_padding_position=&#8221;all&#8221; flex_gap_desktop=&#8221;10px&#8221; column_element_direction_desktop=&#8221;default&#8221; column_element_spacing=&#8221;default&#8221; desktop_text_alignment=&#8221;default&#8221; tablet_text_alignment=&#8221;default&#8221; phone_text_alignment=&#8221;default&#8221; background_color_opacity=&#8221;1&#8243; background_hover_color_opacity=&#8221;1&#8243; column_backdrop_filter=&#8221;none&#8221; column_shadow=&#8221;none&#8221; column_border_radius=&#8221;none&#8221; column_link_target=&#8221;_self&#8221; column_position=&#8221;default&#8221; gradient_direction=&#8221;left_to_right&#8221; overlay_strength=&#8221;0.3&#8243; width=&#8221;1\/1&#8243; tablet_width_inherit=&#8221;default&#8221; animation_type=&#8221;default&#8221; bg_image_animation=&#8221;none&#8221; border_type=&#8221;simple&#8221; column_border_width=&#8221;none&#8221; column_border_style=&#8221;solid&#8221;][vc_column_text css=&#8221;&#8221; text_direction=&#8221;default&#8221;]\n<p class=\"p1\">Meson round 100 Fresnel flat trim est un downlight LED encastr\u00e9 compact, \u00e9quip\u00e9 d&#8217;une LED de puissance efficace et con\u00e7u pour un \u00e9clairage confortable et uniforme dans les environnements professionnels.<\/p>\n<p class=\"p1\">Un confort visuel \u00e9lev\u00e9 est r\u00e9alis\u00e9 gr\u00e2ce \u00e0 la lentille fresnel satin\u00e9e d\u00e9corative avec anneaux concentriques. Cette lentille assure une distribution lumineuse douce et homog\u00e8ne et contribue \u00e0 une exp\u00e9rience lumineuse agr\u00e9able sans \u00e9blouissement g\u00eanant. <\/p>\n<p class=\"p1\">Le luminaire est livr\u00e9 en standard avec un bord plat d\u00e9coratif blanc, permettant une int\u00e9gration \u00e9l\u00e9gante et subtile dans le plafond.<\/p>\n<p class=\"p1\">Gr\u00e2ce aux ressorts de fixation rapide, une installation simple et rapide est possible, ce qui rend le luminaire adapt\u00e9 aux projets de construction neuve comme de r\u00e9novation.<\/p>\n<p class=\"p1\"><strong>Caract\u00e9ristiques principales<\/strong><\/p>\n<ul>\n<li class=\"p1\">Downlight LED encastr\u00e9 compact<\/li>\n<li class=\"p1\">LED de puissance efficace<\/li>\n<li class=\"p1\">Lentille fresnel satin\u00e9e<\/li>\n<li class=\"p1\">Anneaux concentriques pour distribution lumineuse uniforme<\/li>\n<li class=\"p1\">Confort visuel \u00e9lev\u00e9<\/li>\n<li class=\"p1\">Bord plat d\u00e9coratif blanc<\/li>\n<li class=\"p1\">Montage simple et rapide<\/li>\n<li class=\"p1\">Ressorts de fixation rapide<\/li>\n<\/ul>\n<p class=\"p1\">Meson round 100 Fresnel flat trim constitue ainsi une solution d&#8217;\u00e9clairage \u00e9l\u00e9gante et confortable pour les applications o\u00f9 une image lumineuse apais\u00e9e et un montage simple sont importants.<\/p>\n[\/vc_column_text][\/vc_column][\/vc_row]\n","protected":false},"excerpt":{"rendered":"<p>Meson round 100 Fresnel flat trim est un downlight LED encastr\u00e9 compact \u00e9quip\u00e9 d&#8217;une LED de puissance efficace. Un confort visuel \u00e9lev\u00e9 est obtenu gr\u00e2ce \u00e0 la lentille fresnel satin\u00e9e d\u00e9corative avec anneaux concentriques qui assure un \u00e9clairage doux et uniforme. <\/p>\n<ul>\n<li>\u00c9clairage d\u00e9coratif r\u00e9alis\u00e9 par une optique fresnel satin\u00e9e<\/li>\n<li>Forte expression architecturale<\/li>\n<li>Anneau de finition plat<\/li>\n<li>Bo\u00eetier IP40 (depuis le dessous)<\/li>\n<\/ul>\n<div><strong>T\u00e9l\u00e9chargements<\/strong><\/div>\n<div><\/div>\n<div><a class=\"button primary is-is-outline primary is-small\" href=\"https:\/\/atomis.nl\/downloads\/Photometrics-Meson-round-100-Fresnel.zip\" target=\"_blank\" rel=\"noopener\">Photom\u00e9trie Meson round 10 Fresnel<\/a><\/div>\n","protected":false},"featured_media":34532,"template":"","meta":[],"product_brand":[],"product_cat":[14455],"product_tag":[14782],"class_list":{"0":"post-88448","1":"product","2":"type-product","3":"status-publish","4":"has-post-thumbnail","6":"product_cat-downlights-et-spots-encastres","7":"product_tag-meson","8":"pa_air-extraction-n-v-t","9":"pa_armatuurefficientie-125lm-w","10":"pa_bevestiging-encastre","11":"pa_cie-flux-code-93-100-100-100-100-nl","12":"pa_driver-positie-driver-led-externe","13":"pa_energielabel-a","14":"pa_familie-meson","15":"pa_fotobiologische-veiligheid-cei-62471-rg1-faible-risque","16":"pa_glare-ugr-14969","17":"pa_ip-class-ip20-dessus-ip40-dessous","18":"pa_isolatieklasse-classe-ii-nl","19":"pa_kleurconsistentiesdcm-sdcm2","20":"pa_kleurtemperatuur-2700k","21":"pa_kleurtemperatuur-3000k","22":"pa_kleurtemperatuur-3500k","23":"pa_kleurtemperatuur-4000k","24":"pa_kleurtemperatuur-blanc-accordable","25":"pa_kleurweergaveindex-cri-cri80","26":"pa_kleurweergaveindex-cri-cri90","27":"pa_kleurweergaveindex-cri-cri97-nl-2","28":"pa_lichtregeling-optionelle","29":"pa_lichtregeling-gradation-1-10-v","30":"pa_lichtregeling-gradation-casambi","31":"pa_lichtregeling-gradation-dali","32":"pa_materiaal-acier","33":"pa_materiaal-acrylique","34":"pa_noodverlichting-autonomie-de-secours-de-1-heure","35":"pa_noodverlichting-optionelle","36":"pa_noodverlichting-autonomie-optionnelle-de-1-heure-avec-autotest","37":"pa_omgevingstemperatuur-20c-40c-nl-2","38":"pa_optiek-lentille","39":"pa_orientatie-vers-le-bas","40":"pa_packaging-dimensions-emballage-en-vrac","41":"pa_powerfactor-15205","42":"pa_primaire-aansluitingen-bst-14i2","43":"pa_primaire-aansluitingen-europlug","44":"pa_primaire-aansluitingen-gst18i3","45":"pa_primaire-aansluitingen-gst18i5-pastel-blue-nl-2","46":"pa_primaire-aansluitingen-sur-demande","47":"pa_primaire-aansluitingen-sur-le-driver","48":"pa_productkleur-sur-demande","49":"pa_producttoepassing-education","50":"pa_producttoepassing-espaces-publics","51":"pa_producttoepassing-hotellerie-restauration","52":"pa_producttoepassing-bureau","53":"pa_self-adhesive-dust-cover-optionnel","54":"pa_verwachte-levensduur-l90b5060000h-tq-25c","55":"pa_voltage-frequentie-220-240v-50-60hz","56":"pa_vorm-round-nl","57":"pa_zaagmaat-86mm","59":"first","60":"instock","61":"shipping-taxable","62":"product-type-simple"},"_links":{"self":[{"href":"https:\/\/atomis.nl\/fr\/wp-json\/wp\/v2\/product\/88448","targetHints":{"allow":["GET"]}}],"collection":[{"href":"https:\/\/atomis.nl\/fr\/wp-json\/wp\/v2\/product"}],"about":[{"href":"https:\/\/atomis.nl\/fr\/wp-json\/wp\/v2\/types\/product"}],"wp:featuredmedia":[{"embeddable":true,"href":"https:\/\/atomis.nl\/fr\/wp-json\/wp\/v2\/media\/34532"}],"wp:attachment":[{"href":"https:\/\/atomis.nl\/fr\/wp-json\/wp\/v2\/media?parent=88448"}],"wp:term":[{"taxonomy":"product_brand","embeddable":true,"href":"https:\/\/atomis.nl\/fr\/wp-json\/wp\/v2\/product_brand?post=88448"},{"taxonomy":"product_cat","embeddable":true,"href":"https:\/\/atomis.nl\/fr\/wp-json\/wp\/v2\/product_cat?post=88448"},{"taxonomy":"product_tag","embeddable":true,"href":"https:\/\/atomis.nl\/fr\/wp-json\/wp\/v2\/product_tag?post=88448"}],"curies":[{"name":"wp","href":"https:\/\/api.w.org\/{rel}","templated":true}]}}