{"id":88450,"date":"2021-09-20T14:23:53","date_gmt":"2021-09-20T14:23:53","guid":{"rendered":"https:\/\/atomis.nl\/product\/meson-refit-pro\/"},"modified":"2026-03-25T01:25:24","modified_gmt":"2026-03-25T01:25:24","slug":"meson-refit-pro","status":"publish","type":"product","link":"https:\/\/atomis.nl\/fr\/produits\/meson-refit-pro\/","title":{"rendered":"Meson Refit pro"},"content":{"rendered":"[vc_row type=&#8221;in_container&#8221; full_screen_row_position=&#8221;middle&#8221; column_margin=&#8221;default&#8221; column_direction=&#8221;default&#8221; column_direction_tablet=&#8221;default&#8221; column_direction_phone=&#8221;default&#8221; scene_position=&#8221;center&#8221; text_color=&#8221;dark&#8221; text_align=&#8221;left&#8221; row_border_radius=&#8221;none&#8221; row_border_radius_applies=&#8221;bg&#8221; row_position_desktop=&#8221;default&#8221; row_position_tablet=&#8221;inherit&#8221; row_position_phone=&#8221;inherit&#8221; overflow=&#8221;visible&#8221; overlay_strength=&#8221;0.3&#8243; gradient_direction=&#8221;left_to_right&#8221; shape_divider_position=&#8221;bottom&#8221; bg_image_animation=&#8221;none&#8221;][vc_column column_padding=&#8221;no-extra-padding&#8221; column_padding_tablet=&#8221;inherit&#8221; column_padding_phone=&#8221;inherit&#8221; column_padding_position=&#8221;all&#8221; flex_gap_desktop=&#8221;10px&#8221; column_element_direction_desktop=&#8221;default&#8221; column_element_spacing=&#8221;default&#8221; desktop_text_alignment=&#8221;default&#8221; tablet_text_alignment=&#8221;default&#8221; phone_text_alignment=&#8221;default&#8221; background_color_opacity=&#8221;1&#8243; background_hover_color_opacity=&#8221;1&#8243; column_backdrop_filter=&#8221;none&#8221; column_shadow=&#8221;none&#8221; column_border_radius=&#8221;none&#8221; column_link_target=&#8221;_self&#8221; column_position=&#8221;default&#8221; gradient_direction=&#8221;left_to_right&#8221; overlay_strength=&#8221;0.3&#8243; width=&#8221;1\/1&#8243; tablet_width_inherit=&#8221;default&#8221; animation_type=&#8221;default&#8221; bg_image_animation=&#8221;none&#8221; border_type=&#8221;simple&#8221; column_border_width=&#8221;none&#8221; column_border_style=&#8221;solid&#8221;][vc_column_text css_animation=&#8221;bounceIn&#8221; css=&#8221;&#8221; text_direction=&#8221;default&#8221;]Meson Refit Pro est un downlight LED encastr\u00e9 efficace, adapt\u00e9 \u00e0 une large gamme de d\u00e9coupes de plafond existantes. Ce luminaire est con\u00e7u pour remplacer facilement l\u00e9clairage existant par une solution LED \u00e9conome en \u00e9nergie, sans modifications majeures du plafond.<\/p>\n","protected":false},"excerpt":{"rendered":"<p>Meson Refit pro est un spot LED encastr\u00e9 efficace adapt\u00e9 \u00e0 un grand nombre de d\u00e9coupes de plafond existantes.<\/p>\n<ul>\n<li>Cadre de finition d\u00e9coratif<\/li>\n<li>Adapt\u00e9 \u00e0 une grande vari\u00e9t\u00e9 de d\u00e9coupes de plafond existantes (\u00d8185 \u2013 230 mm)<\/li>\n<li>Rendement luminaire&gt; 125 lm\/W<\/li>\n<\/ul>\n<div><strong>T\u00e9l\u00e9chargements<\/strong><\/div>\n<div><\/div>\n<div><a class=\"button primary is-is-outline primary is-small\" href=\"https:\/\/atomis.nl\/downloads\/Photometrics-Meson-Refit-Pro.zip\" target=\"_blank\" rel=\"noopener\">Photom\u00e9trie Meson Refit pro<\/a><\/div>\n","protected":false},"featured_media":12991,"template":"","meta":[],"product_brand":[],"product_cat":[14573],"product_tag":[14781],"class_list":{"0":"post-88450","1":"product","2":"type-product","3":"status-publish","4":"has-post-thumbnail","6":"product_cat-downlights-and-recessed-spotlights","7":"product_tag-meson","8":"pa_air-extraction-n-a","9":"pa_armatuurefficientie-125lm-w","10":"pa_bevestiging-recessed-mounting","11":"pa_cie-flux-code-93-100-100-100-100-nl","12":"pa_driver-positie-external-led-driver","13":"pa_energielabel-a","14":"pa_familie-meson","15":"pa_fotobiologische-veiligheid-iec-62471-rg1-low-risk-nl","16":"pa_glare-ugr-14970","17":"pa_ip-class-ip20-upwards-ip40-downwards","18":"pa_isolatieklasse-class-ii-nl-2","19":"pa_kleurconsistentiesdcm-sdcm2","20":"pa_kleurtemperatuur-2700k","21":"pa_kleurtemperatuur-3000k","22":"pa_kleurtemperatuur-3500k","23":"pa_kleurtemperatuur-4000k","24":"pa_kleurtemperatuur-blanc-accordable","25":"pa_kleurweergaveindex-cri-cri80","26":"pa_kleurweergaveindex-cri-cri90","27":"pa_kleurweergaveindex-cri-cri97-nl-2","28":"pa_lichtregeling-optional","29":"pa_lichtregeling-1-10v-dimmed","30":"pa_lichtregeling-casambi-dimmed","31":"pa_lichtregeling-dali-dimmed","32":"pa_materiaal-steel","33":"pa_materiaal-acrylic","34":"pa_noodverlichting-1-hour-emergency-power","35":"pa_noodverlichting-optional","36":"pa_noodverlichting-optional-1-hour-autonomy-with-self-test","37":"pa_omgevingstemperatuur-20c-40c-nl-2","38":"pa_optiek-opalen-diffusor","39":"pa_optiek-reflector","40":"pa_orientatie-downwards","41":"pa_packaging-dimensions-bulk-packaging","42":"pa_powerfactor-15204","43":"pa_primaire-aansluitingen-bst-14i2","44":"pa_primaire-aansluitingen-europlug","45":"pa_primaire-aansluitingen-gst18i3","46":"pa_primaire-aansluitingen-gst18i5-pastel-blue-nl-2","47":"pa_primaire-aansluitingen-on-request","48":"pa_primaire-aansluitingen-on-the-driver","49":"pa_productkleur-on-request","50":"pa_producttoepassing-education","51":"pa_producttoepassing-public-spaces","52":"pa_producttoepassing-hospitality","53":"pa_producttoepassing-office","54":"pa_self-adhesive-dust-cover-optional","55":"pa_verwachte-levensduur-l90b5060000h-tq-25c","56":"pa_voltage-frequentie-220-240v-50-60hz","57":"pa_vorm-round-nl","59":"first","60":"instock","61":"shipping-taxable","62":"product-type-simple"},"_links":{"self":[{"href":"https:\/\/atomis.nl\/fr\/wp-json\/wp\/v2\/product\/88450","targetHints":{"allow":["GET"]}}],"collection":[{"href":"https:\/\/atomis.nl\/fr\/wp-json\/wp\/v2\/product"}],"about":[{"href":"https:\/\/atomis.nl\/fr\/wp-json\/wp\/v2\/types\/product"}],"wp:featuredmedia":[{"embeddable":true,"href":"https:\/\/atomis.nl\/fr\/wp-json\/wp\/v2\/media\/12991"}],"wp:attachment":[{"href":"https:\/\/atomis.nl\/fr\/wp-json\/wp\/v2\/media?parent=88450"}],"wp:term":[{"taxonomy":"product_brand","embeddable":true,"href":"https:\/\/atomis.nl\/fr\/wp-json\/wp\/v2\/product_brand?post=88450"},{"taxonomy":"product_cat","embeddable":true,"href":"https:\/\/atomis.nl\/fr\/wp-json\/wp\/v2\/product_cat?post=88450"},{"taxonomy":"product_tag","embeddable":true,"href":"https:\/\/atomis.nl\/fr\/wp-json\/wp\/v2\/product_tag?post=88450"}],"curies":[{"name":"wp","href":"https:\/\/api.w.org\/{rel}","templated":true}]}}