{"id":88452,"date":"2022-04-22T07:36:58","date_gmt":"2022-04-22T07:36:58","guid":{"rendered":"https:\/\/atomis.nl\/product\/meson-pro-190-track\/"},"modified":"2026-03-20T15:56:30","modified_gmt":"2026-03-20T15:56:30","slug":"meson-pro-190-track","status":"publish","type":"product","link":"https:\/\/atomis.nl\/fr\/produits\/meson-pro-190-track\/","title":{"rendered":"Meson Pro 190 Track"},"content":{"rendered":"[vc_row type=&#8221;in_container&#8221; full_screen_row_position=&#8221;middle&#8221; column_margin=&#8221;default&#8221; column_direction=&#8221;default&#8221; column_direction_tablet=&#8221;default&#8221; column_direction_phone=&#8221;default&#8221; scene_position=&#8221;center&#8221; text_color=&#8221;dark&#8221; text_align=&#8221;left&#8221; row_border_radius=&#8221;none&#8221; row_border_radius_applies=&#8221;bg&#8221; row_position_desktop=&#8221;default&#8221; row_position_tablet=&#8221;inherit&#8221; row_position_phone=&#8221;inherit&#8221; overflow=&#8221;visible&#8221; overlay_strength=&#8221;0.3&#8243; gradient_direction=&#8221;left_to_right&#8221; shape_divider_position=&#8221;bottom&#8221; bg_image_animation=&#8221;none&#8221;][vc_column column_padding=&#8221;no-extra-padding&#8221; column_padding_tablet=&#8221;inherit&#8221; column_padding_phone=&#8221;inherit&#8221; column_padding_position=&#8221;all&#8221; flex_gap_desktop=&#8221;10px&#8221; column_element_direction_desktop=&#8221;default&#8221; column_element_spacing=&#8221;default&#8221; desktop_text_alignment=&#8221;default&#8221; tablet_text_alignment=&#8221;default&#8221; phone_text_alignment=&#8221;default&#8221; background_color_opacity=&#8221;1&#8243; background_hover_color_opacity=&#8221;1&#8243; column_backdrop_filter=&#8221;none&#8221; column_shadow=&#8221;none&#8221; column_border_radius=&#8221;none&#8221; column_link_target=&#8221;_self&#8221; column_position=&#8221;default&#8221; gradient_direction=&#8221;left_to_right&#8221; overlay_strength=&#8221;0.3&#8243; width=&#8221;1\/1&#8243; tablet_width_inherit=&#8221;default&#8221; animation_type=&#8221;default&#8221; bg_image_animation=&#8221;none&#8221; border_type=&#8221;simple&#8221; column_border_width=&#8221;none&#8221; column_border_style=&#8221;solid&#8221;][vc_column_text css=&#8221;&#8221; text_direction=&#8221;default&#8221;]\n<p class=\"p1\">Meson Pro 190 Track est une s\u00e9rie de downlights LED haut de gamme pour montage sur rails \u00e9lectrifi\u00e9s. Le luminaire est \u00e9quip\u00e9 d&#8217;un r\u00e9flecteur anti-\u00e9blouissement et d&#8217;un diffuseur satin\u00e9 et est con\u00e7u pour les applications o\u00f9 la haute qualit\u00e9 de lumi\u00e8re et le confort visuel sont essentiels. <\/p>\n<p class=\"p1\">La conception optique innovante, dans laquelle la matrice LED, la chambre lumineuse, le r\u00e9flecteur et le diffuseur forment ensemble un syst\u00e8me int\u00e9gr\u00e9, r\u00e9sulte en une haute efficacit\u00e9 du syst\u00e8me et une distribution lumineuse confortable et uniforme.<\/p>\n<p class=\"p1\">Meson Pro 190 Track atteint un Light Output Ratio de plus de 84 % et a un Unified Glare Rating entre moins de 16 et moins de 19, selon le flux lumineux du luminaire. Cela rend le luminaire conforme \u00e0 la norme EN 12464-1 pour l&#8217;\u00e9clairage de bureau et le rend adapt\u00e9 aux environnements de travail professionnels. <\/p>\n<p class=\"p1\">La source lumineuse utilis\u00e9e consiste en une matrice LED de haute qualit\u00e9 avec un excellent indice de rendu des couleurs, ce qui assure des couleurs fid\u00e8les et une exp\u00e9rience lumineuse agr\u00e9able.<\/p>\n<p class=\"p1\">Le luminaire est \u00e9quip\u00e9 d&#8217;un bo\u00eetier en aluminium de conception compacte qui fait \u00e9galement office de dissipateur thermique. Cela contribue \u00e0 une longue dur\u00e9e de vie et des performances stables. En option, le luminaire peut \u00eatre \u00e9quip\u00e9 d&#8217;une unit\u00e9 d&#8217;\u00e9clairage de secours int\u00e9gr\u00e9e avec une autonomie d&#8217;une heure.  <\/p>\n<p class=\"p1\">Le bo\u00eetier est fini avec une laque blanche mate ou noire mate et s&#8217;harmonise ainsi esth\u00e9tiquement avec les syst\u00e8mes d&#8217;\u00e9clairage sur rail modernes et les concepts d&#8217;int\u00e9rieur.<\/p>\n<p class=\"p1\"><strong>Caract\u00e9ristiques principales<\/strong><\/p>\n<ul>\n<li class=\"p1\">Downlight LED pour montage sur rails \u00e9lectrifi\u00e9s<\/li>\n<li class=\"p1\">R\u00e9flecteur anti-\u00e9blouissement<\/li>\n<li class=\"p1\">Diffuseur satin\u00e9<\/li>\n<li class=\"p1\">Conception optique \u00e0 haute efficacit\u00e9 syst\u00e8me<\/li>\n<li class=\"p1\">Light Output Ratio sup\u00e9rieur \u00e0 84 %<\/li>\n<li class=\"p1\">UGR entre moins de 16 et moins de 19 selon le flux lumineux<\/li>\n<li class=\"p1\">Conforme \u00e0 la norme EN 12464-1 pour l&#8217;\u00e9clairage de bureau<\/li>\n<li class=\"p1\">Matrice LED avec excellent indice de rendu des couleurs<\/li>\n<li class=\"p1\">Bo\u00eetier en aluminium avec fonction de refroidissement int\u00e9gr\u00e9e<\/li>\n<li class=\"p1\">En option avec unit\u00e9 d&#8217;\u00e9clairage de secours int\u00e9gr\u00e9e d&#8217;une heure<\/li>\n<li class=\"p1\">Finition en blanc mat ou noir mat<\/li>\n<\/ul>\n<p class=\"p1\">Meson Pro 190 Track combine la flexibilit\u00e9 du montage sur rail avec une haute qualit\u00e9 de lumi\u00e8re et un faible niveau d&#8217;\u00e9blouissement et constitue ainsi une excellente solution d&#8217;\u00e9clairage pour les bureaux, salles de r\u00e9union et autres environnements professionnels.<\/p>\n[\/vc_column_text][\/vc_column][\/vc_row]\n","protected":false},"excerpt":{"rendered":"<p>Meson Pro 190 Track est une s\u00e9rie de downlights LED haut de gamme mont\u00e9s sur rail, \u00e9quip\u00e9s d&#8217;un r\u00e9flecteur anti-\u00e9blouissement et d&#8217;un diffuseur satin\u00e9. Downlight mont\u00e9 sur rail avec UGR&lt; entre 16 et 19 selon le flux lumineux de l&#8217;appareil, ce qui le rend conforme \u00e0 la norme EN 12464\/1 pour les applications de bureau &lt;<\/p>\n<ul>\n<li>Bo\u00eetier en blanc mat ou noir mat<\/li>\n<li>UGR&lt; 16 \u00e0 UGR&lt; 19 selon le flux lumineux de l&#8217;appareil<\/li>\n<li>Montage sur rail sur syst\u00e8mes de rails 1 et 3 circuits<\/li>\n<\/ul>\n<div><strong>T\u00e9l\u00e9chargements<\/strong><\/div>\n<div><\/div>\n<div><a class=\"button primary is-is-outline primary is-small\" href=\"https:\/\/atomis.nl\/downloads\/Photometrics-Meson-Pro-190-Track.zip\" target=\"_blank\" rel=\"noopener\">Photom\u00e9trie Meson Pro 190 Track<\/a><\/div>\n","protected":false},"featured_media":13757,"template":"","meta":[],"product_brand":[],"product_cat":[795],"product_tag":[14287],"class_list":{"0":"post-88452","1":"product","2":"type-product","3":"status-publish","4":"has-post-thumbnail","6":"product_cat-rail-track-armaturen","7":"product_tag-meson","8":"pa_air-extraction-n-v-t","9":"pa_armatuurefficientie-125lm-w","10":"pa_bevestiging-rail","11":"pa_cie-flux-code-93-100-100-100-100-nl","12":"pa_driver-positie-integrated-nl","13":"pa_energielabel-a","14":"pa_familie-meson","15":"pa_fotobiologische-veiligheid-iec-62471-rg1-low-risk-nl","16":"pa_glare-ugr-14960","17":"pa_ip-class-ip20-top-ip40-bottom-nl-2","18":"pa_isolatieklasse-class-ii-nl","19":"pa_kleurconsistentiesdcm-sdcm2","20":"pa_kleurtemperatuur-2700k","21":"pa_kleurtemperatuur-3000k","22":"pa_kleurtemperatuur-3500k","23":"pa_kleurtemperatuur-4000k","24":"pa_kleurtemperatuur-blanc-accordable","25":"pa_kleurweergaveindex-cri-cri80","26":"pa_kleurweergaveindex-cri-cri90","27":"pa_kleurweergaveindex-cri-cri97-nl-2","28":"pa_lichtregeling-optioneel","29":"pa_lichtregeling-dimmed-1-10v-nl-2","30":"pa_lichtregeling-casambi-gedimd","31":"pa_lichtregeling-dimmed-dali-nl-2","32":"pa_materiaal-steel-nl","33":"pa_materiaal-acrylate-nl","34":"pa_noodverlichting-1-uur-noodstroom","35":"pa_noodverlichting-optioneel","36":"pa_noodverlichting-optioneel-1-uur-autonoom-autotest","37":"pa_omgevingstemperatuur-20c-40c-nl-2","38":"pa_optiek-opalen-diffusor","39":"pa_optiek-reflector","40":"pa_orientatie-naar-beneden","41":"pa_packaging-dimensions-bulkverpakking","42":"pa_powerfactor-15191","43":"pa_primaire-aansluitingen-circuit-track","44":"pa_primaire-aansluitingen-op-aanvraag","45":"pa_productkleur-op-aanvraag","46":"pa_producttoepassing-onderwijs","47":"pa_producttoepassing-openbare-ruimtes","48":"pa_producttoepassing-horeca","49":"pa_producttoepassing-kantoren","50":"pa_self-adhesive-dust-cover-optional-nl","51":"pa_verwachte-levensduur-l90b5060000h-tq-25c","52":"pa_voltage-frequentie-220-240v-50-60hz","53":"pa_vorm-round-nl","55":"first","56":"instock","57":"shipping-taxable","58":"product-type-simple"},"_links":{"self":[{"href":"https:\/\/atomis.nl\/fr\/wp-json\/wp\/v2\/product\/88452","targetHints":{"allow":["GET"]}}],"collection":[{"href":"https:\/\/atomis.nl\/fr\/wp-json\/wp\/v2\/product"}],"about":[{"href":"https:\/\/atomis.nl\/fr\/wp-json\/wp\/v2\/types\/product"}],"wp:featuredmedia":[{"embeddable":true,"href":"https:\/\/atomis.nl\/fr\/wp-json\/wp\/v2\/media\/13757"}],"wp:attachment":[{"href":"https:\/\/atomis.nl\/fr\/wp-json\/wp\/v2\/media?parent=88452"}],"wp:term":[{"taxonomy":"product_brand","embeddable":true,"href":"https:\/\/atomis.nl\/fr\/wp-json\/wp\/v2\/product_brand?post=88452"},{"taxonomy":"product_cat","embeddable":true,"href":"https:\/\/atomis.nl\/fr\/wp-json\/wp\/v2\/product_cat?post=88452"},{"taxonomy":"product_tag","embeddable":true,"href":"https:\/\/atomis.nl\/fr\/wp-json\/wp\/v2\/product_tag?post=88452"}],"curies":[{"name":"wp","href":"https:\/\/api.w.org\/{rel}","templated":true}]}}