{"id":88453,"date":"2021-11-18T14:36:33","date_gmt":"2021-11-18T14:36:33","guid":{"rendered":"https:\/\/atomis.nl\/product\/meson-rond-190-c\/"},"modified":"2026-03-24T12:24:42","modified_gmt":"2026-03-24T12:24:42","slug":"meson-rond-190-c","status":"publish","type":"product","link":"https:\/\/atomis.nl\/fr\/produits\/meson-rond-190-c\/","title":{"rendered":"Meson rond 190-C"},"content":{"rendered":"[vc_row type=&#8221;in_container&#8221; full_screen_row_position=&#8221;middle&#8221; column_margin=&#8221;default&#8221; column_direction=&#8221;default&#8221; column_direction_tablet=&#8221;default&#8221; column_direction_phone=&#8221;default&#8221; scene_position=&#8221;center&#8221; text_color=&#8221;dark&#8221; text_align=&#8221;left&#8221; row_border_radius=&#8221;none&#8221; row_border_radius_applies=&#8221;bg&#8221; row_position_desktop=&#8221;default&#8221; row_position_tablet=&#8221;inherit&#8221; row_position_phone=&#8221;inherit&#8221; overflow=&#8221;visible&#8221; overlay_strength=&#8221;0.3&#8243; gradient_direction=&#8221;left_to_right&#8221; shape_divider_position=&#8221;bottom&#8221; bg_image_animation=&#8221;none&#8221;][vc_column column_padding=&#8221;no-extra-padding&#8221; column_padding_tablet=&#8221;inherit&#8221; column_padding_phone=&#8221;inherit&#8221; column_padding_position=&#8221;all&#8221; flex_gap_desktop=&#8221;10px&#8221; column_element_direction_desktop=&#8221;default&#8221; column_element_spacing=&#8221;default&#8221; desktop_text_alignment=&#8221;default&#8221; tablet_text_alignment=&#8221;default&#8221; phone_text_alignment=&#8221;default&#8221; background_color_opacity=&#8221;1&#8243; background_hover_color_opacity=&#8221;1&#8243; column_backdrop_filter=&#8221;none&#8221; column_shadow=&#8221;none&#8221; column_border_radius=&#8221;none&#8221; column_link_target=&#8221;_self&#8221; column_position=&#8221;default&#8221; gradient_direction=&#8221;left_to_right&#8221; overlay_strength=&#8221;0.3&#8243; width=&#8221;1\/1&#8243; tablet_width_inherit=&#8221;default&#8221; animation_type=&#8221;default&#8221; bg_image_animation=&#8221;none&#8221; border_type=&#8221;simple&#8221; column_border_width=&#8221;none&#8221; column_border_style=&#8221;solid&#8221;][vc_column_text css=&#8221;&#8221; text_direction=&#8221;default&#8221;]\n<p class=\"p1\">Meson rond 190-C est une gamme de downlights LED apparents de haute qualit\u00e9, \u00e9quip\u00e9s de LED de puissance recouvertes d&#8217;une lentille prismatique ou d&#8217;un diffuseur double satin\u00e9. Le luminaire est con\u00e7u pour les applications o\u00f9 la qualit\u00e9 de la lumi\u00e8re et le confort visuel sont essentiels. <\/p>\n<p class=\"p1\">Le capot est mont\u00e9 en retrait dans le bord de recouvrement et combin\u00e9 \u00e0 un r\u00e9flecteur antireflet mat ou brillant. Cette structure apparente assure une distribution contr\u00f4l\u00e9e de la lumi\u00e8re et un \u00e9clairage confortable. <\/p>\n<p class=\"p1\">Meson rond 190-C fournit une lumi\u00e8re blanche chaude avec un excellent indice de rendu des couleurs, ce qui contribue \u00e0 une apparence agr\u00e9able et naturelle de l&#8217;espace \u00e9clair\u00e9. Le luminaire est \u00e9quip\u00e9 d&#8217;un driver puissant avec correction \u00e9lectronique du facteur de puissance, ce qui garantit des performances stables et une utilisation efficace de l&#8217;\u00e9nergie. <\/p>\n<p class=\"p1\">Le bo\u00eetier est fabriqu\u00e9 en aluminium et pr\u00e9sente une conception compacte. Ce bo\u00eetier sert \u00e9galement de dissipateur thermique, ce qui contribue \u00e0 une longue dur\u00e9e de vie et \u00e0 un fonctionnement fiable. En option, le luminaire peut \u00eatre \u00e9quip\u00e9 d&#8217;une unit\u00e9 d&#8217;\u00e9clairage de secours int\u00e9gr\u00e9e avec une autonomie d&#8217;une heure.  <\/p>\n<p class=\"p1\">La finition est disponible en blanc mat ou en noir mat, ce qui permet au luminaire de s&#8217;int\u00e9grer esth\u00e9tiquement \u00e0 diff\u00e9rents styles d&#8217;int\u00e9rieur et conceptions de plafond.<\/p>\n<p class=\"p1\"><strong>Caract\u00e9ristiques principales<\/strong><\/p>\n<ul>\n<li class=\"p1\">Downlight LED pour montage en surface<\/li>\n<li class=\"p1\">LED de puissance<\/li>\n<li class=\"p1\">Lentille prismatique ou diffuseur double satin\u00e9<\/li>\n<li class=\"p1\">Capot encastr\u00e9 dans le bord de recouvrement<\/li>\n<li class=\"p1\">R\u00e9flecteur antireflet mat ou brillant<\/li>\n<li class=\"p1\">Lumi\u00e8re blanc chaud<\/li>\n<li class=\"p1\">Excellent indice de rendu des couleurs<\/li>\n<li class=\"p1\">Driver puissant avec correction \u00e9lectronique du facteur de puissance<\/li>\n<li class=\"p1\">Bo\u00eetier en aluminium avec fonction de refroidissement int\u00e9gr\u00e9e<\/li>\n<li class=\"p1\">En option avec unit\u00e9 d&#8217;\u00e9clairage de secours int\u00e9gr\u00e9e d&#8217;une heure<\/li>\n<li class=\"p1\">Finition en blanc mat ou noir mat<\/li>\n<li class=\"p1\">Gr\u00e2ce \u00e0 la combinaison d&#8217;une qualit\u00e9 de lumi\u00e8re \u00e9lev\u00e9e, d&#8217;un faible \u00e9blouissement et d&#8217;une finition robuste, Meson rond 190-C est parfaitement adapt\u00e9 aux applications dans les bureaux, les salles de r\u00e9union et autres environnements professionnels o\u00f9 le confort et l&#8217;apparence sont importants.<\/li>\n<\/ul>\n[\/vc_column_text][\/vc_column][\/vc_row]\n","protected":false},"excerpt":{"rendered":"<p>Meson rond 190-C est un downlight LED apparent de haute qualit\u00e9, \u00e9quip\u00e9 de LED de puissance recouvertes d&#8217;une lentille prismatique ou d&#8217;un diffuseur double satin\u00e9. Le capot est mont\u00e9 en retrait dans le bord de recouvrement, combin\u00e9 \u00e0 un r\u00e9flecteur antireflet mat ou brillant. <\/p>\n<ul>\n<li>Bo\u00eetier en blanc mat ou noir mat<\/li>\n<li>Anneau r\u00e9flecteur disponible en anodis\u00e9 mat, anodis\u00e9 brillant ou noir mat ou blanc mat<\/li>\n<li>Diffuseur opale ou lentille prismatique<\/li>\n<li>Versions avec \u00e9clairage de secours disponibles<\/li>\n<\/ul>\n<div><strong>T\u00e9l\u00e9chargements<\/strong><\/div>\n<div><\/div>\n<div><a class=\"button primary is-is-outline primary is-small\" href=\"https:\/\/atomis.nl\/downloads\/Photometrics-Meson-round-190-c.zip\" target=\"_blank\" rel=\"noopener\">Photom\u00e9trie Meson rond 190-C<\/a><\/div>\n","protected":false},"featured_media":13761,"template":"","meta":[],"product_brand":[],"product_cat":[794],"product_tag":[14287],"class_list":{"0":"post-88453","1":"product","2":"type-product","3":"status-publish","4":"has-post-thumbnail","6":"product_cat-opbouwarmatuur","7":"product_tag-meson","8":"pa_air-extraction-n-v-t","9":"pa_armatuurefficientie-125lm-w","10":"pa_bevestiging-plafondmontage","11":"pa_cie-flux-code-93-100-100-100-100-nl","12":"pa_driver-positie-integrated-nl","13":"pa_energielabel-a","14":"pa_familie-meson","15":"pa_fotobiologische-veiligheid-iec-62471-rg1-low-risk-nl","16":"pa_glare-ugr-14960","17":"pa_glare-ugr-ugr-22-nl","18":"pa_ip-class-ip20-top-ip40-bottom-nl-2","19":"pa_isolatieklasse-class-ii-nl","20":"pa_kleurconsistentiesdcm-sdcm2","21":"pa_kleurtemperatuur-2700k","22":"pa_kleurtemperatuur-3000k","23":"pa_kleurtemperatuur-3500k","24":"pa_kleurtemperatuur-4000k","25":"pa_kleurtemperatuur-blanc-accordable","26":"pa_kleurweergaveindex-cri-cri80","27":"pa_kleurweergaveindex-cri-cri90","28":"pa_kleurweergaveindex-cri-cri97-nl-2","29":"pa_lichtregeling-optioneel","30":"pa_lichtregeling-dimmed-1-10v-nl-2","31":"pa_lichtregeling-casambi-gedimd","32":"pa_lichtregeling-dimmed-dali-nl-2","33":"pa_materiaal-steel-nl","34":"pa_materiaal-acrylate-nl","35":"pa_noodverlichting-1-uur-noodstroom","36":"pa_noodverlichting-optioneel","37":"pa_noodverlichting-optioneel-1-uur-autonoom-autotest","38":"pa_omgevingstemperatuur-20c-40c-nl-2","39":"pa_optiek-opalen-diffusor","40":"pa_orientatie-naar-beneden","41":"pa_packaging-dimensions-bulkverpakking","42":"pa_powerfactor-15191","43":"pa_primaire-aansluitingen-op-aanvraag","44":"pa_primaire-aansluitingen-on-the-driver-nl","45":"pa_productkleur-op-aanvraag","46":"pa_producttoepassing-onderwijs","47":"pa_producttoepassing-openbare-ruimtes","48":"pa_producttoepassing-horeca","49":"pa_producttoepassing-kantoren","50":"pa_self-adhesive-dust-cover-optional-nl","51":"pa_verwachte-levensduur-l90b5060000h-tq-25c","52":"pa_voltage-frequentie-220-240v-50-60hz","53":"pa_vorm-round-nl","54":"pa_zaagmaat-170mm","56":"first","57":"instock","58":"shipping-taxable","59":"product-type-simple"},"_links":{"self":[{"href":"https:\/\/atomis.nl\/fr\/wp-json\/wp\/v2\/product\/88453","targetHints":{"allow":["GET"]}}],"collection":[{"href":"https:\/\/atomis.nl\/fr\/wp-json\/wp\/v2\/product"}],"about":[{"href":"https:\/\/atomis.nl\/fr\/wp-json\/wp\/v2\/types\/product"}],"wp:featuredmedia":[{"embeddable":true,"href":"https:\/\/atomis.nl\/fr\/wp-json\/wp\/v2\/media\/13761"}],"wp:attachment":[{"href":"https:\/\/atomis.nl\/fr\/wp-json\/wp\/v2\/media?parent=88453"}],"wp:term":[{"taxonomy":"product_brand","embeddable":true,"href":"https:\/\/atomis.nl\/fr\/wp-json\/wp\/v2\/product_brand?post=88453"},{"taxonomy":"product_cat","embeddable":true,"href":"https:\/\/atomis.nl\/fr\/wp-json\/wp\/v2\/product_cat?post=88453"},{"taxonomy":"product_tag","embeddable":true,"href":"https:\/\/atomis.nl\/fr\/wp-json\/wp\/v2\/product_tag?post=88453"}],"curies":[{"name":"wp","href":"https:\/\/api.w.org\/{rel}","templated":true}]}}