{"id":88454,"date":"2023-09-14T14:43:01","date_gmt":"2023-09-14T14:43:01","guid":{"rendered":"https:\/\/atomis.nl\/product\/meson-round-190-refit\/"},"modified":"2026-04-02T10:17:44","modified_gmt":"2026-04-02T10:17:44","slug":"meson-round-190-refit","status":"publish","type":"product","link":"https:\/\/atomis.nl\/fr\/produits\/meson-round-190-refit\/","title":{"rendered":"Meson Round 190 Refit"},"content":{"rendered":"[vc_row type=&#8221;in_container&#8221; full_screen_row_position=&#8221;middle&#8221; column_margin=&#8221;default&#8221; column_direction=&#8221;default&#8221; column_direction_tablet=&#8221;default&#8221; column_direction_phone=&#8221;default&#8221; scene_position=&#8221;center&#8221; text_color=&#8221;dark&#8221; text_align=&#8221;left&#8221; row_border_radius=&#8221;none&#8221; row_border_radius_applies=&#8221;bg&#8221; row_position_desktop=&#8221;default&#8221; row_position_tablet=&#8221;inherit&#8221; row_position_phone=&#8221;inherit&#8221; overflow=&#8221;visible&#8221; overlay_strength=&#8221;0.3&#8243; gradient_direction=&#8221;left_to_right&#8221; shape_divider_position=&#8221;bottom&#8221; bg_image_animation=&#8221;none&#8221;][vc_column column_padding=&#8221;no-extra-padding&#8221; column_padding_tablet=&#8221;inherit&#8221; column_padding_phone=&#8221;inherit&#8221; column_padding_position=&#8221;all&#8221; flex_gap_desktop=&#8221;10px&#8221; column_element_direction_desktop=&#8221;default&#8221; column_element_spacing=&#8221;default&#8221; desktop_text_alignment=&#8221;default&#8221; tablet_text_alignment=&#8221;default&#8221; phone_text_alignment=&#8221;default&#8221; background_color_opacity=&#8221;1&#8243; background_hover_color_opacity=&#8221;1&#8243; column_backdrop_filter=&#8221;none&#8221; column_shadow=&#8221;none&#8221; column_border_radius=&#8221;none&#8221; column_link_target=&#8221;_self&#8221; column_position=&#8221;default&#8221; gradient_direction=&#8221;left_to_right&#8221; overlay_strength=&#8221;0.3&#8243; width=&#8221;1\/1&#8243; tablet_width_inherit=&#8221;default&#8221; animation_type=&#8221;default&#8221; bg_image_animation=&#8221;none&#8221; border_type=&#8221;simple&#8221; column_border_width=&#8221;none&#8221; column_border_style=&#8221;solid&#8221;][vc_column_text css_animation=&#8221;bounceIn&#8221; css=&#8221;&#8221; text_direction=&#8221;default&#8221;]Meson Round 190 Refit est un downlight LED encastr\u00e9 de qualit\u00e9, dot\u00e9 dune LED de puissance prot\u00e9g\u00e9e par une lentille prismatique ou un diffuseur satin\u00e9. Le luminaire est con\u00e7u pour un \u00e9clairage confortable et efficace dans les environnements professionnels. <\/p>\n<p>Le blindage optique est int\u00e9gr\u00e9 en retrait et combin\u00e9 \u00e0 un r\u00e9flecteur mat ou brillant. Cette structure assure une distribution contr\u00f4l\u00e9e de la lumi\u00e8re, un faible \u00e9blouissement et un confort visuel \u00e9lev\u00e9. <\/p>\n<p>Sa large collerette d\u00e9corative rend le Meson Round 190 Refit adapt\u00e9 aux d\u00e9coupes de plafond existantes dun diam\u00e8tre de 185 \u00e0 230 millim\u00e8tres. Ce luminaire est donc particuli\u00e8rement adapt\u00e9 aux projets de r\u00e9novation et de modernisation. <\/p>\n<p>Le Meson Round 190 Refit est techniquement identique au Meson Round 190, mais se distingue par sa collerette plus large offrant une flexibilit\u00e9 accrue lors du remplacement de luminaires existants.<\/p>\n<p>La conception optique innovante, dans laquelle la LED, la chambre de m\u00e9lange de lumi\u00e8re, le r\u00e9flecteur et l&#8217;optique du diffuseur forment ensemble un seul syst\u00e8me, se traduit par une efficacit\u00e9 syst\u00e8me \u00e9lev\u00e9e et une excellente qualit\u00e9 de la lumi\u00e8re.<\/p>\n<p>Le Meson Round 190 Refit atteint un rendement lumineux de plus de 84 pour cent et allie efficacit\u00e9 \u00e9nerg\u00e9tique et diffusion lumineuse agr\u00e9able et uniforme.<\/p>\n<p>Le montage s&#8217;effectue avec des clips \u00e0 ressort, ce qui permet une installation simple et rapide dans les plafonds suspendus.<\/p>\n<p><strong>Caract\u00e9ristiques principales<\/strong><\/p>\n<p>\u2022 Downlight LED encastr\u00e9 pour applications de modernisation<br \/>\n\u2022 LED de puissance<br \/>\n\u2022 Lentille prismatique ou diffuseur satin\u00e9<br \/>\n\u2022 Optique en retrait derri\u00e8re le r\u00e9flecteur<br \/>\n\u2022 R\u00e9flecteur en version mate ou brillante<br \/>\n\u2022 Large collerette d\u00e9corative<br \/>\n\u2022 Adapt\u00e9 aux d\u00e9coupes de 185 \u00e0 230 millim\u00e8tres<br \/>\n\u2022 Identique au Meson Round 190<br \/>\n\u2022 Haute efficacit\u00e9 du syst\u00e8me<br \/>\n\u2022 Rendement lumineux sup\u00e9rieur \u00e0 84 pour cent<br \/>\n\u2022 Excellent confort visuel<br \/>\n\u2022 Montage facile par clips \u00e0 ressort  <\/p>\n<p>Le Meson Round 190 Refit constitue ainsi une solution d\u00e9clairage flexible et de haute qualit\u00e9 pour les projets de r\u00e9novation o\u00f9 les plafonds existants sont conserv\u00e9s tout en passant \u00e0 un \u00e9clairage LED moderne et \u00e9conome en \u00e9nergie.[\/vc_column_text][\/vc_column][\/vc_row]\n","protected":false},"excerpt":{"rendered":"<p>Meson round 190 Refit est une gamme de spots encastr\u00e9s LED puissants avec des LED de puissance recouvertes d&#8217;une lentille prismatique ou d&#8217;un double diffuseur satin\u00e9. Meson round 190 Refit est identique \u00e0 Meson round 190, mais est dot\u00e9 d&#8217;un bord de recouvrement plus large. Le blindage est mont\u00e9 encastr\u00e9 derri\u00e8re un r\u00e9flecteur mat ou brillant.  <\/p>\n<ul>\n<li>Installation simple avec ressorts de fixation<\/li>\n<li>Convient aux d\u00e9coupes existantes de \u00d8185 \u00e0 \u00d8230 mm<\/li>\n<li>Bordure de recouvrement en blanc, noir ou argent\u00e9<\/li>\n<li>Anneau r\u00e9flecteur disponible en anodis\u00e9 mat, anodis\u00e9 brillant ou noir mat ou blanc mat<\/li>\n<li>Diffuseur opale ou lentille prismatique<\/li>\n<\/ul>\n<div><strong>T\u00e9l\u00e9chargements<\/strong><\/div>\n<div><\/div>\n<div><a class=\"button primary is-is-outline primary is-small\" href=\"https:\/\/atomis.nl\/downloads\/Photometrics-Meson-round-190.zip\" target=\"_blank\" rel=\"noopener\">Photom\u00e9trie Meson round 190<\/a><\/div>\n","protected":false},"featured_media":55713,"template":"","meta":[],"product_brand":[],"product_cat":[14455,14471],"product_tag":[14782],"class_list":{"0":"post-88454","1":"product","2":"type-product","3":"status-publish","4":"has-post-thumbnail","6":"product_cat-downlights-et-spots-encastres","7":"product_cat-luminaires-de-renovation-et-de-retrofit","8":"product_tag-meson","9":"pa_air-extraction-n-v-t","10":"pa_armatuurefficientie-125lm-w","11":"pa_bevestiging-encastre","12":"pa_cie-flux-code-93-100-100-100-100-nl","13":"pa_driver-positie-driver-led-externe","14":"pa_energielabel-a","15":"pa_familie-meson","16":"pa_fotobiologische-veiligheid-cei-62471-rg1-faible-risque","17":"pa_glare-ugr-14969","18":"pa_ip-class-ip20-dessus-ip40-dessous","19":"pa_isolatieklasse-classe-ii-nl","20":"pa_kleurconsistentiesdcm-sdcm2","21":"pa_kleurtemperatuur-2700k","22":"pa_kleurtemperatuur-3000k","23":"pa_kleurtemperatuur-3500k","24":"pa_kleurtemperatuur-4000k","25":"pa_kleurtemperatuur-blanc-accordable","26":"pa_kleurweergaveindex-cri-cri80","27":"pa_kleurweergaveindex-cri-cri90","28":"pa_kleurweergaveindex-cri-cri97-nl-2","29":"pa_lichtregeling-optionelle","30":"pa_lichtregeling-gradation-1-10-v","31":"pa_lichtregeling-gradation-casambi","32":"pa_lichtregeling-gradation-dali","33":"pa_materiaal-acier","34":"pa_materiaal-acrylique","35":"pa_noodverlichting-autonomie-de-secours-de-1-heure","36":"pa_noodverlichting-optionelle","37":"pa_noodverlichting-autonomie-optionnelle-de-1-heure-avec-autotest","38":"pa_omgevingstemperatuur-20c-40c-nl-2","39":"pa_optiek-diffuseur-opale","40":"pa_orientatie-vers-le-bas","41":"pa_packaging-dimensions-emballage-en-vrac","42":"pa_powerfactor-15205","43":"pa_primaire-aansluitingen-bst-14i2","44":"pa_primaire-aansluitingen-europlug","45":"pa_primaire-aansluitingen-gst18i3","46":"pa_primaire-aansluitingen-gst18i5-pastel-blue-nl-2","47":"pa_primaire-aansluitingen-sur-demande","48":"pa_primaire-aansluitingen-sur-le-driver","49":"pa_productkleur-sur-demande","50":"pa_producttoepassing-education","51":"pa_producttoepassing-espaces-publics","52":"pa_producttoepassing-hotellerie-restauration","53":"pa_producttoepassing-bureau","54":"pa_self-adhesive-dust-cover-optionnel","55":"pa_verwachte-levensduur-l90b5060000h-tq-25c","56":"pa_voltage-frequentie-220-240v-50-60hz","57":"pa_vorm-round-nl","59":"first","60":"instock","61":"shipping-taxable","62":"product-type-simple"},"_links":{"self":[{"href":"https:\/\/atomis.nl\/fr\/wp-json\/wp\/v2\/product\/88454","targetHints":{"allow":["GET"]}}],"collection":[{"href":"https:\/\/atomis.nl\/fr\/wp-json\/wp\/v2\/product"}],"about":[{"href":"https:\/\/atomis.nl\/fr\/wp-json\/wp\/v2\/types\/product"}],"wp:featuredmedia":[{"embeddable":true,"href":"https:\/\/atomis.nl\/fr\/wp-json\/wp\/v2\/media\/55713"}],"wp:attachment":[{"href":"https:\/\/atomis.nl\/fr\/wp-json\/wp\/v2\/media?parent=88454"}],"wp:term":[{"taxonomy":"product_brand","embeddable":true,"href":"https:\/\/atomis.nl\/fr\/wp-json\/wp\/v2\/product_brand?post=88454"},{"taxonomy":"product_cat","embeddable":true,"href":"https:\/\/atomis.nl\/fr\/wp-json\/wp\/v2\/product_cat?post=88454"},{"taxonomy":"product_tag","embeddable":true,"href":"https:\/\/atomis.nl\/fr\/wp-json\/wp\/v2\/product_tag?post=88454"}],"curies":[{"name":"wp","href":"https:\/\/api.w.org\/{rel}","templated":true}]}}