{"id":88455,"date":"2022-04-21T11:09:26","date_gmt":"2022-04-21T11:09:26","guid":{"rendered":"https:\/\/atomis.nl\/product\/meson-rond-220-aqua\/"},"modified":"2026-04-02T11:22:53","modified_gmt":"2026-04-02T11:22:53","slug":"meson-rond-220-aqua","status":"publish","type":"product","link":"https:\/\/atomis.nl\/fr\/produits\/meson-rond-220-aqua\/","title":{"rendered":"Meson rond 220 Aqua"},"content":{"rendered":"[vc_row type=&#8221;in_container&#8221; full_screen_row_position=&#8221;middle&#8221; column_margin=&#8221;default&#8221; column_direction=&#8221;default&#8221; column_direction_tablet=&#8221;default&#8221; column_direction_phone=&#8221;default&#8221; scene_position=&#8221;center&#8221; text_color=&#8221;dark&#8221; text_align=&#8221;left&#8221; row_border_radius=&#8221;none&#8221; row_border_radius_applies=&#8221;bg&#8221; row_position_desktop=&#8221;default&#8221; row_position_tablet=&#8221;inherit&#8221; row_position_phone=&#8221;inherit&#8221; overflow=&#8221;visible&#8221; overlay_strength=&#8221;0.3&#8243; gradient_direction=&#8221;left_to_right&#8221; shape_divider_position=&#8221;bottom&#8221; bg_image_animation=&#8221;none&#8221;][vc_column column_padding=&#8221;no-extra-padding&#8221; column_padding_tablet=&#8221;inherit&#8221; column_padding_phone=&#8221;inherit&#8221; column_padding_position=&#8221;all&#8221; flex_gap_desktop=&#8221;10px&#8221; column_element_direction_desktop=&#8221;default&#8221; column_element_spacing=&#8221;default&#8221; desktop_text_alignment=&#8221;default&#8221; tablet_text_alignment=&#8221;default&#8221; phone_text_alignment=&#8221;default&#8221; background_color_opacity=&#8221;1&#8243; background_hover_color_opacity=&#8221;1&#8243; column_backdrop_filter=&#8221;none&#8221; column_shadow=&#8221;none&#8221; column_border_radius=&#8221;none&#8221; column_link_target=&#8221;_self&#8221; column_position=&#8221;default&#8221; gradient_direction=&#8221;left_to_right&#8221; overlay_strength=&#8221;0.3&#8243; width=&#8221;1\/1&#8243; tablet_width_inherit=&#8221;default&#8221; animation_type=&#8221;default&#8221; bg_image_animation=&#8221;none&#8221; border_type=&#8221;simple&#8221; column_border_width=&#8221;none&#8221; column_border_style=&#8221;solid&#8221;][vc_column_text css=&#8221;&#8221; text_direction=&#8221;default&#8221;]\n<p class=\"p1\">Meson rond 220 Aqua est un spot LED encastrable sp\u00e9cialement con\u00e7u pour une utilisation au-dessus des piscines et dans d&#8217;autres zones humides. Le luminaire est con\u00e7u pour fonctionner de mani\u00e8re fiable dans des environnements \u00e0 forte humidit\u00e9 et vapeurs agressives. <\/p>\n<p class=\"p1\">Le bord de recouvrement et le capuchon opale sont en plastique. Cela rend le luminaire totalement r\u00e9sistant \u00e0 la corrosion et insensible aux influences n\u00e9gatives du chlore et autres vapeurs chimiques pr\u00e9sentes dans les environnements humides. <\/p>\n<p class=\"p1\">Le luminaire est enti\u00e8rement ferm\u00e9 et hygi\u00e9nique, ce qui contribue \u00e0 une longue dur\u00e9e de vie et \u00e0 une utilisation s\u00fbre dans les pi\u00e8ces humides. Pour le montage dans les plafonds suspendus, on utilise un jeu de trois vis en polyamide. Aucun ressort en acier inoxydable ou autre pi\u00e8ce m\u00e9canique m\u00e9tallique n&#8217;est utilis\u00e9 afin d&#8217;\u00e9viter compl\u00e8tement la corrosion.  <\/p>\n<p class=\"p1\">Meson rond 220 Aqua convient \u00e0 toutes les applications humides \u00e0 forte humidit\u00e9 et offre une solution d&#8217;\u00e9clairage durable et n\u00e9cessitant peu d&#8217;entretien pour des environnements sp\u00e9cifiques.<\/p>\n<p class=\"p1\"><strong>Caract\u00e9ristiques principales<\/strong><\/p>\n<ul>\n<li class=\"p1\">Spot LED encastrable pour zones humides<\/li>\n<li class=\"p1\">Convient pour une utilisation au-dessus des piscines<\/li>\n<li class=\"p1\">Bord de recouvrement et capuchon opale en plastique<\/li>\n<li class=\"p1\">Conception enti\u00e8rement ferm\u00e9e et hygi\u00e9nique<\/li>\n<li class=\"p1\">R\u00e9sistant au chlore et aux vapeurs agressives<\/li>\n<li class=\"p1\">Montage avec des vis en polyamide<\/li>\n<li class=\"p1\">Pas de ressorts m\u00e9talliques ni de pi\u00e8ces sensibles \u00e0 la corrosion<\/li>\n<li class=\"p1\">Convient aux environnements \u00e0 forte humidit\u00e9<\/li>\n<li class=\"p1\">Applications typiques<\/li>\n<li class=\"p1\">Piscines<\/li>\n<li class=\"p1\">Bains \u00e0 remous<\/li>\n<li class=\"p1\">Douches<\/li>\n<li class=\"p1\">Cabines de vapeur<\/li>\n<li class=\"p1\">Autres zones humides<\/li>\n<\/ul>\n<p class=\"p1\">Meson rond 220 Aqua est donc une solution d&#8217;\u00e9clairage s\u00fbre, durable et fiable pour les environnements humides exigeants o\u00f9 les luminaires standard ne suffisent pas.<\/p>\n[\/vc_column_text][\/vc_column][\/vc_row]\n","protected":false},"excerpt":{"rendered":"<p>Meson rond 220 Aqua est un downlight encastrable IP65 de haute qualit\u00e9, sp\u00e9cialement con\u00e7u pour une utilisation au-dessus des piscines et autres zones humides. Le bord de recouvrement et le capuchon opale sont en plastique. Le luminaire est \u00e9quip\u00e9 d&#8217;un jeu de trois vis en polyamide pour le montage dans les plafonds suspendus.  <\/p>\n<ul>\n<li>Bo\u00eetier IP65 (en bas)<\/li>\n<li>Installation avec un jeu de trois vis en polyamide<\/li>\n<li>\u00c9clairage de s\u00e9curit\u00e9 anticorrosion<\/li>\n<li>Bord blanc et diffuseur opale en polycarbonate<\/li>\n<\/ul>\n<div><strong>T\u00e9l\u00e9chargements<\/strong><\/div>\n<div><\/div>\n<div><a class=\"button primary is-is-outline primary is-small\" href=\"https:\/\/atomis.nl\/downloads\/Photometrics-Meson-Aqua.zip\" target=\"_blank\" rel=\"noopener\">Photom\u00e9trie Meson aqua<\/a><\/div>\n","protected":false},"featured_media":33935,"template":"","meta":[],"product_brand":[],"product_cat":[14573],"product_tag":[14781],"class_list":{"0":"post-88455","1":"product","2":"type-product","3":"status-publish","4":"has-post-thumbnail","6":"product_cat-downlights-and-recessed-spotlights","7":"product_tag-meson","8":"pa_air-extraction-n-a","9":"pa_armatuurefficientie-125lm-w","10":"pa_bevestiging-recessed","11":"pa_cie-flux-code-93-100-100-100-100-nl","12":"pa_driver-positie-external-led-driver","13":"pa_energielabel-a","14":"pa_familie-meson","15":"pa_fotobiologische-veiligheid-iec-62471-rg1-low-risk-nl","16":"pa_glare-ugr-14970","17":"pa_glare-ugr-ugr-22-nl","18":"pa_ip-class-ip20-upwards-ip40-downwards","19":"pa_isolatieklasse-class-ii-nl-2","20":"pa_kleurconsistentiesdcm-sdcm2","21":"pa_kleurtemperatuur-2700k","22":"pa_kleurtemperatuur-3000k","23":"pa_kleurtemperatuur-3500k","24":"pa_kleurtemperatuur-4000k","25":"pa_kleurtemperatuur-blanc-accordable","26":"pa_kleurweergaveindex-cri-cri80","27":"pa_kleurweergaveindex-cri-cri90","28":"pa_kleurweergaveindex-cri-cri97-nl-2","29":"pa_lichtregeling-optional","30":"pa_lichtregeling-1-10v-dimmed","31":"pa_lichtregeling-casambi-dimmed","32":"pa_lichtregeling-dali-dimmed","33":"pa_materiaal-steel","34":"pa_materiaal-acrylic","35":"pa_noodverlichting-1-hour-emergency-power","36":"pa_noodverlichting-optional","37":"pa_noodverlichting-optional-1-hour-autonomy-with-self-test","38":"pa_omgevingstemperatuur-20c-40c-nl-2","39":"pa_optiek-opalen-diffusor","40":"pa_orientatie-downwards","41":"pa_packaging-dimensions-bulk-packaging","42":"pa_powerfactor-15204","43":"pa_primaire-aansluitingen-bst-14i2","44":"pa_primaire-aansluitingen-europlug","45":"pa_primaire-aansluitingen-gst18i3","46":"pa_primaire-aansluitingen-gst18i5-pastel-blue-nl-2","47":"pa_primaire-aansluitingen-on-request","48":"pa_primaire-aansluitingen-on-the-driver","49":"pa_productkleur-on-request","50":"pa_producttoepassing-education","51":"pa_producttoepassing-public-spaces","52":"pa_producttoepassing-hospitality","53":"pa_producttoepassing-office","54":"pa_self-adhesive-dust-cover-optional","55":"pa_verwachte-levensduur-l90b5060000h-tq-25c","56":"pa_voltage-frequentie-220-240v-50-60hz","57":"pa_vorm-round-nl","58":"pa_zaagmaat-170mm","60":"first","61":"instock","62":"shipping-taxable","63":"product-type-simple"},"_links":{"self":[{"href":"https:\/\/atomis.nl\/fr\/wp-json\/wp\/v2\/product\/88455","targetHints":{"allow":["GET"]}}],"collection":[{"href":"https:\/\/atomis.nl\/fr\/wp-json\/wp\/v2\/product"}],"about":[{"href":"https:\/\/atomis.nl\/fr\/wp-json\/wp\/v2\/types\/product"}],"wp:featuredmedia":[{"embeddable":true,"href":"https:\/\/atomis.nl\/fr\/wp-json\/wp\/v2\/media\/33935"}],"wp:attachment":[{"href":"https:\/\/atomis.nl\/fr\/wp-json\/wp\/v2\/media?parent=88455"}],"wp:term":[{"taxonomy":"product_brand","embeddable":true,"href":"https:\/\/atomis.nl\/fr\/wp-json\/wp\/v2\/product_brand?post=88455"},{"taxonomy":"product_cat","embeddable":true,"href":"https:\/\/atomis.nl\/fr\/wp-json\/wp\/v2\/product_cat?post=88455"},{"taxonomy":"product_tag","embeddable":true,"href":"https:\/\/atomis.nl\/fr\/wp-json\/wp\/v2\/product_tag?post=88455"}],"curies":[{"name":"wp","href":"https:\/\/api.w.org\/{rel}","templated":true}]}}