{"id":88461,"date":"2021-11-03T14:46:40","date_gmt":"2021-11-03T14:46:40","guid":{"rendered":"https:\/\/atomis.nl\/product\/meson-round-190\/"},"modified":"2026-03-27T03:01:12","modified_gmt":"2026-03-27T03:01:12","slug":"meson-round-190","status":"publish","type":"product","link":"https:\/\/atomis.nl\/fr\/produits\/meson-round-190\/","title":{"rendered":"Meson round 190"},"content":{"rendered":"[vc_row type=&#8221;in_container&#8221; full_screen_row_position=&#8221;middle&#8221; column_margin=&#8221;default&#8221; column_direction=&#8221;default&#8221; column_direction_tablet=&#8221;default&#8221; column_direction_phone=&#8221;default&#8221; scene_position=&#8221;center&#8221; text_color=&#8221;dark&#8221; text_align=&#8221;left&#8221; row_border_radius=&#8221;none&#8221; row_border_radius_applies=&#8221;bg&#8221; row_position_desktop=&#8221;default&#8221; row_position_tablet=&#8221;inherit&#8221; row_position_phone=&#8221;inherit&#8221; overflow=&#8221;visible&#8221; overlay_strength=&#8221;0.3&#8243; gradient_direction=&#8221;left_to_right&#8221; shape_divider_position=&#8221;bottom&#8221; bg_image_animation=&#8221;none&#8221;][vc_column column_padding=&#8221;no-extra-padding&#8221; column_padding_tablet=&#8221;inherit&#8221; column_padding_phone=&#8221;inherit&#8221; column_padding_position=&#8221;all&#8221; flex_gap_desktop=&#8221;10px&#8221; column_element_direction_desktop=&#8221;default&#8221; column_element_spacing=&#8221;default&#8221; desktop_text_alignment=&#8221;default&#8221; tablet_text_alignment=&#8221;default&#8221; phone_text_alignment=&#8221;default&#8221; background_color_opacity=&#8221;1&#8243; background_hover_color_opacity=&#8221;1&#8243; column_backdrop_filter=&#8221;none&#8221; column_shadow=&#8221;none&#8221; column_border_radius=&#8221;none&#8221; column_link_target=&#8221;_self&#8221; column_position=&#8221;default&#8221; gradient_direction=&#8221;left_to_right&#8221; overlay_strength=&#8221;0.3&#8243; width=&#8221;1\/1&#8243; tablet_width_inherit=&#8221;default&#8221; animation_type=&#8221;default&#8221; bg_image_animation=&#8221;none&#8221; border_type=&#8221;simple&#8221; column_border_width=&#8221;none&#8221; column_border_style=&#8221;solid&#8221;][vc_column_text css=&#8221;&#8221; text_direction=&#8221;default&#8221;]\n<p class=\"p1\">Meson round 190 est une gamme de downlights LED de haute qualit\u00e9 avec des LED puissantes, recouvertes d&#8217;une lentille prismatique ou d&#8217;un double diffuseur satin\u00e9. Le luminaire est con\u00e7u pour les applications o\u00f9 le confort, l&#8217;efficacit\u00e9 et une finition de haute qualit\u00e9 sont essentiels. <\/p>\n<p class=\"p1\">La protection optique est encastr\u00e9e derri\u00e8re un r\u00e9flecteur mat ou brillant. Cette structure assure une distribution contr\u00f4l\u00e9e de la lumi\u00e8re et contribue \u00e0 un faible niveau d&#8217;\u00e9blouissement et \u00e0 un confort visuel \u00e9lev\u00e9. <\/p>\n<p class=\"p1\">Meson round 190 fournit une lumi\u00e8re blanche chaude avec un excellent rendu des couleurs, ce qui se traduit par une exp\u00e9rience lumineuse agr\u00e9able et naturelle dans divers environnements.<\/p>\n<p class=\"p1\">Le luminaire est \u00e9quip\u00e9 d&#8217;un driver puissant avec correction \u00e9lectronique du facteur de puissance, ce qui garantit des performances stables et une utilisation efficace de l&#8217;\u00e9nergie.<\/p>\n<p class=\"p1\">Le montage s&#8217;effectue via une fixation \u00e0 ressort \u00e0 fil, ce qui permet une installation simple et rapide dans les faux plafonds.<\/p>\n<p class=\"p1\"><strong>Caract\u00e9ristiques principales<\/strong><\/p>\n<ul>\n<li class=\"p1\">Downlight LED avec LED puissantes<\/li>\n<li class=\"p1\">Lentille prismatique ou diffuseur double satin\u00e9<\/li>\n<li class=\"p1\">Protection encastr\u00e9e derri\u00e8re un r\u00e9flecteur<\/li>\n<li class=\"p1\">R\u00e9flecteur en version mate ou brillante<\/li>\n<li class=\"p1\">Lumi\u00e8re blanc chaud<\/li>\n<li class=\"p1\">Excellent rendu des couleurs<\/li>\n<li class=\"p1\">Driver puissant avec correction \u00e9lectronique du facteur de puissance<\/li>\n<li class=\"p1\">Montage facile dans les faux plafonds<\/li>\n<li class=\"p1\">Fixation \u00e0 ressort \u00e0 fil<\/li>\n<\/ul>\n<p class=\"p1\">Meson round 190 est donc une solution d&#8217;\u00e9clairage confortable et fiable pour les applications professionnelles o\u00f9 la qualit\u00e9 de la lumi\u00e8re, l&#8217;apparence et la facilit\u00e9 d&#8217;installation se rejoignent.<\/p>\n[\/vc_column_text][\/vc_column][\/vc_row]\n","protected":false},"excerpt":{"rendered":"<p>Meson round 190 est une gamme de downlights LED efficaces, dot\u00e9s dune LED de puissance prot\u00e9g\u00e9e par une lentille prismatique ou un diffuseur. Loptique est mont\u00e9e en retrait derri\u00e8re un r\u00e9flecteur mat ou brillant.<\/p>\n<ul>\n<li>Installation simple avec ressorts de fixation<\/li>\n<li>Bordure de recouvrement en blanc, noir ou argent\u00e9<\/li>\n<li>Anneau r\u00e9flecteur disponible en anodis\u00e9 mat, anodis\u00e9 brillant ou noir mat ou blanc mat<\/li>\n<li>Diffuseur opale ou lentille prismatique<\/li>\n<li>Versions \u00e0 blanc r\u00e9glable disponibles<\/li>\n<\/ul>\n<div><strong>T\u00e9l\u00e9chargements<\/strong><\/div>\n<div><\/div>\n<div><a class=\"button primary is-is-outline primary is-small\" href=\"https:\/\/atomis.nl\/downloads\/Photometrics-Meson-round-190.zip\" target=\"_blank\" rel=\"noopener\">Photometrics Meson round 190 Refit<\/a><\/div>\n","protected":false},"featured_media":13579,"template":"","meta":[],"product_brand":[],"product_cat":[791],"product_tag":[14287],"class_list":{"0":"post-88461","1":"product","2":"type-product","3":"status-publish","4":"has-post-thumbnail","6":"product_cat-downlights-en-inbouwspots","7":"product_tag-meson","8":"pa_air-extraction-n-v-t","9":"pa_armatuurefficientie-125lm-w","10":"pa_bevestiging-inbouw","11":"pa_cie-flux-code-93-100-100-100-100-nl","12":"pa_driver-positie-losliggende-driver","13":"pa_energielabel-a","14":"pa_familie-meson","15":"pa_fotobiologische-veiligheid-iec-62471-rg1-low-risk-nl","16":"pa_glare-ugr-14960","17":"pa_glare-ugr-ugr-22-nl","18":"pa_ip-class-ip20-top-ip40-bottom-nl-2","19":"pa_isolatieklasse-class-i-nl","20":"pa_kleurconsistentiesdcm-sdcm2","21":"pa_kleurtemperatuur-2700k","22":"pa_kleurtemperatuur-3000k","23":"pa_kleurtemperatuur-3500k","24":"pa_kleurtemperatuur-4000k","25":"pa_kleurtemperatuur-blanc-accordable","26":"pa_kleurweergaveindex-cri-cri80","27":"pa_kleurweergaveindex-cri-cri90","28":"pa_kleurweergaveindex-cri-cri97-nl-2","29":"pa_lichtregeling-optioneel","30":"pa_lichtregeling-dimmed-1-10v-nl-2","31":"pa_lichtregeling-casambi-gedimd","32":"pa_lichtregeling-dimmed-dali-nl-2","33":"pa_materiaal-steel-nl","34":"pa_materiaal-acrylate-nl","35":"pa_noodverlichting-1-uur-noodstroom","36":"pa_noodverlichting-optioneel","37":"pa_noodverlichting-optioneel-1-uur-autonoom-autotest","38":"pa_omgevingstemperatuur-20c-40c-nl-2","39":"pa_optiek-opalen-diffusor","40":"pa_orientatie-naar-beneden","41":"pa_packaging-dimensions-bulkverpakking","42":"pa_powerfactor-15191","43":"pa_primaire-aansluitingen-bst-14i2","44":"pa_primaire-aansluitingen-europlug","45":"pa_primaire-aansluitingen-gst18i3","46":"pa_primaire-aansluitingen-gst18i5-pastel-blue-nl-2","47":"pa_primaire-aansluitingen-op-aanvraag","48":"pa_primaire-aansluitingen-on-the-driver-nl","49":"pa_productkleur-op-aanvraag","50":"pa_producttoepassing-onderwijs","51":"pa_producttoepassing-openbare-ruimtes","52":"pa_producttoepassing-horeca","53":"pa_producttoepassing-kantoren","54":"pa_self-adhesive-dust-cover-optional-nl","55":"pa_verwachte-levensduur-l90b5060000h-tq-25c","56":"pa_voltage-frequentie-220-240v-50-60hz","57":"pa_vorm-round-nl","58":"pa_zaagmaat-170mm","60":"first","61":"instock","62":"shipping-taxable","63":"product-type-simple"},"_links":{"self":[{"href":"https:\/\/atomis.nl\/fr\/wp-json\/wp\/v2\/product\/88461","targetHints":{"allow":["GET"]}}],"collection":[{"href":"https:\/\/atomis.nl\/fr\/wp-json\/wp\/v2\/product"}],"about":[{"href":"https:\/\/atomis.nl\/fr\/wp-json\/wp\/v2\/types\/product"}],"wp:featuredmedia":[{"embeddable":true,"href":"https:\/\/atomis.nl\/fr\/wp-json\/wp\/v2\/media\/13579"}],"wp:attachment":[{"href":"https:\/\/atomis.nl\/fr\/wp-json\/wp\/v2\/media?parent=88461"}],"wp:term":[{"taxonomy":"product_brand","embeddable":true,"href":"https:\/\/atomis.nl\/fr\/wp-json\/wp\/v2\/product_brand?post=88461"},{"taxonomy":"product_cat","embeddable":true,"href":"https:\/\/atomis.nl\/fr\/wp-json\/wp\/v2\/product_cat?post=88461"},{"taxonomy":"product_tag","embeddable":true,"href":"https:\/\/atomis.nl\/fr\/wp-json\/wp\/v2\/product_tag?post=88461"}],"curies":[{"name":"wp","href":"https:\/\/api.w.org\/{rel}","templated":true}]}}