{"id":88465,"date":"2021-09-16T11:14:41","date_gmt":"2021-09-16T11:14:41","guid":{"rendered":"https:\/\/atomis.nl\/product\/metronome-k\/"},"modified":"2026-04-07T06:19:07","modified_gmt":"2026-04-07T06:19:07","slug":"metronome-k","status":"publish","type":"product","link":"https:\/\/atomis.nl\/fr\/produits\/metronome-k\/","title":{"rendered":"Metronome-K"},"content":{"rendered":"[vc_row type=&#8221;in_container&#8221; full_screen_row_position=&#8221;middle&#8221; column_margin=&#8221;default&#8221; column_direction=&#8221;default&#8221; column_direction_tablet=&#8221;default&#8221; column_direction_phone=&#8221;default&#8221; scene_position=&#8221;center&#8221; text_color=&#8221;dark&#8221; text_align=&#8221;left&#8221; row_border_radius=&#8221;none&#8221; row_border_radius_applies=&#8221;bg&#8221; row_position_desktop=&#8221;default&#8221; row_position_tablet=&#8221;inherit&#8221; row_position_phone=&#8221;inherit&#8221; overflow=&#8221;visible&#8221; overlay_strength=&#8221;0.3&#8243; gradient_direction=&#8221;left_to_right&#8221; shape_divider_position=&#8221;bottom&#8221; bg_image_animation=&#8221;none&#8221;][vc_column column_padding=&#8221;no-extra-padding&#8221; column_padding_tablet=&#8221;inherit&#8221; column_padding_phone=&#8221;inherit&#8221; column_padding_position=&#8221;all&#8221; flex_gap_desktop=&#8221;10px&#8221; column_element_direction_desktop=&#8221;default&#8221; column_element_spacing=&#8221;default&#8221; desktop_text_alignment=&#8221;default&#8221; tablet_text_alignment=&#8221;default&#8221; phone_text_alignment=&#8221;default&#8221; background_color_opacity=&#8221;1&#8243; background_hover_color_opacity=&#8221;1&#8243; column_backdrop_filter=&#8221;none&#8221; column_shadow=&#8221;none&#8221; column_border_radius=&#8221;none&#8221; column_link_target=&#8221;_self&#8221; column_position=&#8221;default&#8221; gradient_direction=&#8221;left_to_right&#8221; overlay_strength=&#8221;0.3&#8243; width=&#8221;1\/1&#8243; tablet_width_inherit=&#8221;default&#8221; animation_type=&#8221;default&#8221; bg_image_animation=&#8221;none&#8221; border_type=&#8221;simple&#8221; column_border_width=&#8221;none&#8221; column_border_style=&#8221;solid&#8221;][vc_column_text css_animation=&#8221;bounceIn&#8221; css=&#8221;&#8221; text_direction=&#8221;default&#8221;]Metronome-K est un luminaire LED lin\u00e9aire \u00e9quip\u00e9 de 20, 28 ou 36 lentilles encastr\u00e9es derri\u00e8re une grille de d\u00e9filement. Ce luminaire constitue une solution d\u00e9clairage compl\u00e8te et contemporaine, alliant un \u00e9clairage efficace \u00e0 une esth\u00e9tique architecturale affirm\u00e9e. <\/p>\n<p>Gr\u00e2ce \u00e0 l&#8217;utilisation d&#8217;optiques de haute qualit\u00e9, Metronome-K offre une distribution de la lumi\u00e8re tr\u00e8s contr\u00f4l\u00e9e et un confort visuel \u00e9lev\u00e9. Le luminaire est \u00e9quip\u00e9 en standard d&#8217;optiques avec un UGR inf\u00e9rieur \u00e0 19. Des optiques avec un UGR inf\u00e9rieur \u00e0 16 sont disponibles en option pour les environnements o\u00f9 les exigences en mati\u00e8re de limitation de l&#8217;\u00e9blouissement sont particuli\u00e8rement \u00e9lev\u00e9es.  <\/p>\n<p>Les luminaires sont fabriqu\u00e9s en acier et finis avec un rev\u00eatement en poudre durable. Afin de permettre une int\u00e9gration optimale dans diff\u00e9rents syst\u00e8mes de plafond, Metronome-K est fabriqu\u00e9 selon les sp\u00e9cifications du client. Cela permet d&#8217;adapter enti\u00e8rement le luminaire au projet et au concept de plafond appliqu\u00e9.  <\/p>\n<p>Les dimensions, les ouvertures de capteurs, la ventilation du pl\u00e9num, la couleur et le degr\u00e9 de r\u00e9flexion peuvent \u00eatre sp\u00e9cifi\u00e9s par le client. Combin\u00e9 au rendement \u00e9lev\u00e9 et \u00e0 la distribution optimale de la lumi\u00e8re, cela fait de Metronome-K une solution d&#8217;\u00e9clairage flexible et de haute qualit\u00e9. <\/p>\n<p><strong>Caract\u00e9ristiques principales<\/strong><\/p>\n<p>\u2022 Luminaire LED lin\u00e9aire avec grille de d\u00e9filement<br \/>\n\u2022 \u00c9quip\u00e9 de 20, 28 ou 36 lentilles<br \/>\n\u2022 Distribution lumineuse parfaitement ma\u00eetris\u00e9e<br \/>\n\u2022 Confort visuel \u00e9lev\u00e9<br \/>\n\u2022 UGR standard inf\u00e9rieur \u00e0 19<br \/>\n\u2022 UGR inf\u00e9rieur \u00e0 16 en option<br \/>\n\u2022 Corps en acier<br \/>\n\u2022 Thermolaquage durable<br \/>\n\u2022 Fabriqu\u00e9 selon les sp\u00e9cifications du client<br \/>\n\u2022 Dimensions, couleur et options selon le projet  <\/p>\n<p><strong>Options sur mesure<\/strong><\/p>\n<p>\u2022 Dimensions adapt\u00e9es aux syst\u00e8mes de plafond<br \/>\n\u2022 Ouvertures pour capteurs<br \/>\n\u2022 Ventilation de pl\u00e9num<br \/>\n\u2022 Couleur et degr\u00e9 de r\u00e9flexion  <\/p>\n<p>Gr\u00e2ce \u00e0 son rendement \u00e9lev\u00e9, son faible \u00e9blouissement et son esth\u00e9tique architecturale, Metronome-K est particuli\u00e8rement adapt\u00e9 aux applications dans les bureaux, les \u00e9tablissements d&#8217;enseignement et les \u00e9tablissements de soins de sant\u00e9 o\u00f9 la qualit\u00e9 de la lumi\u00e8re et le design se rencontrent.[\/vc_column_text][\/vc_column][\/vc_row]\n","protected":false},"excerpt":{"rendered":"<p>Metronome-K est un luminaire LED lineaire equipe de 20, 28 ou 36 lentilles, encastrees derrire une grille de defilement. Ce luminaire LED constitue une toute nouvelle solution declairage efficace au design architectural. Un choix est possible entre des optiques UGR 19 (standard) et UGR 16.  <\/p>\n<ul>\n<li>Esth\u00e9tique architecturale avec 20, 28 ou 36 optiques<\/li>\n<li>Choix entre optiques UGR 19 et UGR 16<\/li>\n<li>Finition du d\u00e9flecteur blanc ou aluminium brillant<\/li>\n<li>Design plat pour faibles profondeurs de plafond<\/li>\n<\/ul>\n<div><strong>T\u00e9l\u00e9chargements<\/strong><\/div>\n<div><\/div>\n<div>[button size=\"small\" style=\"is-outline primary\" text=\"Photom\u00e9trie Metronome-K\" link=\"https:\/\/atomis.nl\/downloads\/Photometrics-Metronome-K.zip\" target=\"_blank\"]<\/div>\n<div><\/div>\n<div><\/div>\n","protected":false},"featured_media":13039,"template":"","meta":[],"product_brand":[],"product_cat":[14457],"product_tag":[14784],"class_list":{"0":"post-88465","1":"product","2":"type-product","3":"status-publish","4":"has-post-thumbnail","6":"product_cat-luminaires-pour-plafonds-climatiques","7":"product_tag-metronome","8":"pa_air-extraction-facultatif","9":"pa_armatuurefficientie-140lm-w","10":"pa_bevestiging-encastre","11":"pa_cie-flux-code-93-100-100-100-100-nl","12":"pa_driver-positie-driver-led-externe","13":"pa_driver-positie-fixe-au-luminaire","14":"pa_energielabel-a","15":"pa_familie-metronome","16":"pa_fotobiologische-veiligheid-cei-62471-rg1-faible-risque","17":"pa_glare-ugr-14969","18":"pa_ip-class-ip20-dessus-ip40-dessous","19":"pa_isolatieklasse-classe-ii-nl","20":"pa_kleurconsistentiesdcm-sdcm3-nl-2","21":"pa_kleurtemperatuur-2700k","22":"pa_kleurtemperatuur-3000k","23":"pa_kleurtemperatuur-3500k","24":"pa_kleurtemperatuur-4000k","25":"pa_kleurtemperatuur-blanc-accordable","26":"pa_kleurweergaveindex-cri-cri80","27":"pa_kleurweergaveindex-cri-cri90","28":"pa_lichtregeling-optionelle","29":"pa_lichtregeling-gradation-1-10-v","30":"pa_lichtregeling-gradation-casambi","31":"pa_lichtregeling-gradation-dali","32":"pa_materiaal-acier","33":"pa_materiaal-acrylique","34":"pa_noodverlichting-autonomie-de-secours-de-1-heure","35":"pa_noodverlichting-optionelle","36":"pa_noodverlichting-autonomie-optionnelle-de-1-heure-avec-autotest","37":"pa_omgevingstemperatuur-20c-40c-nl-2","38":"pa_optiek-lens-and-louver-nl","39":"pa_orientatie-vers-le-bas","40":"pa_packaging-dimensions-emballage-en-vrac","41":"pa_powerfactor-15205","42":"pa_primaire-aansluitingen-bst-14i2","43":"pa_primaire-aansluitingen-europlug","44":"pa_primaire-aansluitingen-gst18i3","45":"pa_primaire-aansluitingen-gst18i5-pastel-blue-nl-2","46":"pa_primaire-aansluitingen-sur-demande","47":"pa_primaire-aansluitingen-sur-le-driver","48":"pa_productkleur-sur-demande","49":"pa_producttoepassing-education","50":"pa_producttoepassing-espaces-publics","51":"pa_producttoepassing-hotellerie-restauration","52":"pa_producttoepassing-bureau","53":"pa_self-adhesive-dust-cover-optionnel","54":"pa_specificaties-g8a1-06-02-2025-2","55":"pa_verwachte-levensduur-l90b5060000h-tq-25c","56":"pa_voltage-frequentie-220-240v-50-60hz","57":"pa_vorm-rectangular-nl","59":"first","60":"instock","61":"shipping-taxable","62":"product-type-simple"},"_links":{"self":[{"href":"https:\/\/atomis.nl\/fr\/wp-json\/wp\/v2\/product\/88465","targetHints":{"allow":["GET"]}}],"collection":[{"href":"https:\/\/atomis.nl\/fr\/wp-json\/wp\/v2\/product"}],"about":[{"href":"https:\/\/atomis.nl\/fr\/wp-json\/wp\/v2\/types\/product"}],"wp:featuredmedia":[{"embeddable":true,"href":"https:\/\/atomis.nl\/fr\/wp-json\/wp\/v2\/media\/13039"}],"wp:attachment":[{"href":"https:\/\/atomis.nl\/fr\/wp-json\/wp\/v2\/media?parent=88465"}],"wp:term":[{"taxonomy":"product_brand","embeddable":true,"href":"https:\/\/atomis.nl\/fr\/wp-json\/wp\/v2\/product_brand?post=88465"},{"taxonomy":"product_cat","embeddable":true,"href":"https:\/\/atomis.nl\/fr\/wp-json\/wp\/v2\/product_cat?post=88465"},{"taxonomy":"product_tag","embeddable":true,"href":"https:\/\/atomis.nl\/fr\/wp-json\/wp\/v2\/product_tag?post=88465"}],"curies":[{"name":"wp","href":"https:\/\/api.w.org\/{rel}","templated":true}]}}