{"id":88466,"date":"2021-11-01T15:07:43","date_gmt":"2021-11-01T15:07:43","guid":{"rendered":"https:\/\/atomis.nl\/product\/meson-square-180-sapp\/"},"modified":"2026-03-27T09:56:55","modified_gmt":"2026-03-27T09:56:55","slug":"meson-square-180-sapp","status":"publish","type":"product","link":"https:\/\/atomis.nl\/fr\/produits\/meson-square-180-sapp\/","title":{"rendered":"Meson square 180 SAPP"},"content":{"rendered":"[vc_row type=&#8221;in_container&#8221; full_screen_row_position=&#8221;middle&#8221; column_margin=&#8221;default&#8221; column_direction=&#8221;default&#8221; column_direction_tablet=&#8221;default&#8221; column_direction_phone=&#8221;default&#8221; scene_position=&#8221;center&#8221; text_color=&#8221;dark&#8221; text_align=&#8221;left&#8221; row_border_radius=&#8221;none&#8221; row_border_radius_applies=&#8221;bg&#8221; row_position_desktop=&#8221;default&#8221; row_position_tablet=&#8221;inherit&#8221; row_position_phone=&#8221;inherit&#8221; overflow=&#8221;visible&#8221; overlay_strength=&#8221;0.3&#8243; gradient_direction=&#8221;left_to_right&#8221; shape_divider_position=&#8221;bottom&#8221; bg_image_animation=&#8221;none&#8221;][vc_column column_padding=&#8221;no-extra-padding&#8221; column_padding_tablet=&#8221;inherit&#8221; column_padding_phone=&#8221;inherit&#8221; column_padding_position=&#8221;all&#8221; flex_gap_desktop=&#8221;10px&#8221; column_element_direction_desktop=&#8221;default&#8221; column_element_spacing=&#8221;default&#8221; desktop_text_alignment=&#8221;default&#8221; tablet_text_alignment=&#8221;default&#8221; phone_text_alignment=&#8221;default&#8221; background_color_opacity=&#8221;1&#8243; background_hover_color_opacity=&#8221;1&#8243; column_backdrop_filter=&#8221;none&#8221; column_shadow=&#8221;none&#8221; column_border_radius=&#8221;none&#8221; column_link_target=&#8221;_self&#8221; column_position=&#8221;default&#8221; gradient_direction=&#8221;left_to_right&#8221; overlay_strength=&#8221;0.3&#8243; width=&#8221;1\/1&#8243; tablet_width_inherit=&#8221;default&#8221; animation_type=&#8221;default&#8221; bg_image_animation=&#8221;none&#8221; border_type=&#8221;simple&#8221; column_border_width=&#8221;none&#8221; column_border_style=&#8221;solid&#8221;][vc_column_text css_animation=&#8221;bounceIn&#8221; css=&#8221;&#8221; text_direction=&#8221;default&#8221;]Meson Square 180 SAPP est une gamme de downlights LED de haute qualit\u00e9 dot\u00e9s de LED puissantes, recouvertes dune lentille prismatique ou dun diffuseur double satin\u00e9. Le luminaire est sp\u00e9cialement con\u00e7u pour une application dans les plafonds Interalu SAPP et sint\u00e8gre parfaitement dans ce concept de plafond. <\/p>\n<p>Meson diffuse une lumi\u00e8re blanc chaud avec un excellent indice de rendu des couleurs, permettant une restitution fid\u00e8le des mat\u00e9riaux et des surfaces. La lentille prismatique assure un flux lumineux \u00e9lev\u00e9 et r\u00e9duit l\u00e9blouissement, tandis que le diffuseur double satin\u00e9 conf\u00e8re un aspect d\u00e9coratif et architectural. <\/p>\n<p>Le luminaire est \u00e9quip\u00e9 dun driver efficace avec correction \u00e9lectronique du facteur de puissance, garantissant des performances stables et une utilisation efficace de l\u00e9nergie. Les luminaires sont con\u00e7us pour un montage rapide sur site dans le syst\u00e8me de plafond. <\/p>\n<p><strong>Caract\u00e9ristiques principales<\/strong><\/p>\n<p>\u2022 Downlight LED carr\u00e9 pour plafonds Interalu SAPP\u00ae<br \/>\n\u2022 Source lumineuse LED puissante<br \/>\n\u2022 Lentille prismatique ou diffuseur double satin\u00e9<br \/>\n\u2022 Lumi\u00e8re blanc chaud avec un excellent rendu des couleurs<br \/>\n\u2022 Flux lumineux \u00e9lev\u00e9 avec un faible \u00e9blouissement<br \/>\n\u2022 Aspect architectural d\u00e9coratif<br \/>\n\u2022 Driver efficace avec correction \u00e9lectronique du facteur de puissance<br \/>\n\u2022 Montage rapide dans le syst\u00e8me de plafond<\/p>\n<p>Meson Square 180 SAPP combine une haute qualit\u00e9 de lumi\u00e8re avec une int\u00e9gration raffin\u00e9e au plafond, constituant ainsi une solution d\u00e9clairage efficace et esth\u00e9tique pour les environnements de bureaux et de projets professionnels.[\/vc_column_text][\/vc_column][\/vc_row]\n","protected":false},"excerpt":{"rendered":"<p>Un downlight LED de haute qualit\u00e9 avec des LED puissantes, prot\u00e9g\u00e9 par une lentille prismatique ou un diffuseur satin\u00e9. Le luminaire est con\u00e7u pour \u00eatre utilis\u00e9 dans les plafonds Interalu SAPP\u00ae. <\/p>\n<ul>\n<li>Int\u00e9gration simple dans les plafonds Interalu SAPP\u00ae<\/li>\n<li>\u00c9quip\u00e9 d&#8217;une lentille prismatique ou d&#8217;un diffuseur satin\u00e9.<\/li>\n<li>\u00c0 combiner avec d&#8217;autres spots cardan carr\u00e9s 180 SAPP<\/li>\n<\/ul>\n<div><strong>T\u00e9l\u00e9chargements<\/strong><\/div>\n<div><\/div>\n<div>[button size=\"small\" style=\"is-outline primary\" text=\"Photom\u00e9trie Meson square 180\" link=\"https:\/\/atomis.nl\/downloads\/Photometrics-Meson-square-180.zip\" target=\"_blank\"]<\/div>\n<div><\/div>\n<div><strong>Composez votre propre produit, t\u00e9l\u00e9chargez la fiche technique PDF ou ajoutez au devis :<\/strong><\/div>\n","protected":false},"featured_media":13504,"template":"","meta":[],"product_brand":[],"product_cat":[14199,476],"product_tag":[14287],"class_list":{"0":"post-88466","1":"product","2":"type-product","3":"status-publish","4":"has-post-thumbnail","6":"product_cat-lamel-armaturen","7":"product_cat-klimaatplafond-armaturen","8":"product_tag-meson","9":"pa_air-extraction-n-v-t","10":"pa_armatuurefficientie-125lm-w","11":"pa_bevestiging-inbouw","12":"pa_cie-flux-code-93-100-100-100-100-nl","13":"pa_driver-positie-losliggende-driver","14":"pa_energielabel-a","15":"pa_familie-meson","16":"pa_fotobiologische-veiligheid-iec-62471-rg1-low-risk-nl","17":"pa_glare-ugr-14960","18":"pa_ip-class-ip20-top-ip40-bottom-nl-2","19":"pa_isolatieklasse-class-ii-nl","20":"pa_kleurconsistentiesdcm-sdcm2","21":"pa_kleurtemperatuur-2700k","22":"pa_kleurtemperatuur-3000k","23":"pa_kleurtemperatuur-3500k","24":"pa_kleurtemperatuur-4000k","25":"pa_kleurtemperatuur-blanc-accordable","26":"pa_kleurweergaveindex-cri-cri80","27":"pa_kleurweergaveindex-cri-cri90","28":"pa_kleurweergaveindex-cri-cri97-nl-2","29":"pa_lichtregeling-optioneel","30":"pa_lichtregeling-dimmed-1-10v-nl-2","31":"pa_lichtregeling-casambi-gedimd","32":"pa_lichtregeling-dimmed-dali-nl-2","33":"pa_materiaal-steel-nl","34":"pa_materiaal-acrylate-nl","35":"pa_noodverlichting-1-uur-noodstroom","36":"pa_noodverlichting-optioneel","37":"pa_noodverlichting-optioneel-1-uur-autonoom-autotest","38":"pa_omgevingstemperatuur-20c-40c-nl-2","39":"pa_optiek-opalen-diffusor","40":"pa_optiek-prismalens","41":"pa_orientatie-naar-beneden","42":"pa_packaging-dimensions-bulkverpakking","43":"pa_powerfactor-15191","44":"pa_primaire-aansluitingen-bst-14i2","45":"pa_primaire-aansluitingen-europlug","46":"pa_primaire-aansluitingen-gst18i3","47":"pa_primaire-aansluitingen-gst18i5-pastel-blue-nl-2","48":"pa_primaire-aansluitingen-op-aanvraag","49":"pa_primaire-aansluitingen-on-the-driver-nl","50":"pa_productkleur-op-aanvraag","51":"pa_producttoepassing-onderwijs","52":"pa_producttoepassing-openbare-ruimtes","53":"pa_producttoepassing-horeca","54":"pa_producttoepassing-kantoren","55":"pa_self-adhesive-dust-cover-optional-nl","56":"pa_verwachte-levensduur-l90b5060000h-tq-25c","57":"pa_voltage-frequentie-220-240v-50-60hz","58":"pa_vorm-vierkant","59":"pa_zaagmaat-180x180mm","61":"first","62":"instock","63":"shipping-taxable","64":"product-type-simple"},"_links":{"self":[{"href":"https:\/\/atomis.nl\/fr\/wp-json\/wp\/v2\/product\/88466","targetHints":{"allow":["GET"]}}],"collection":[{"href":"https:\/\/atomis.nl\/fr\/wp-json\/wp\/v2\/product"}],"about":[{"href":"https:\/\/atomis.nl\/fr\/wp-json\/wp\/v2\/types\/product"}],"wp:featuredmedia":[{"embeddable":true,"href":"https:\/\/atomis.nl\/fr\/wp-json\/wp\/v2\/media\/13504"}],"wp:attachment":[{"href":"https:\/\/atomis.nl\/fr\/wp-json\/wp\/v2\/media?parent=88466"}],"wp:term":[{"taxonomy":"product_brand","embeddable":true,"href":"https:\/\/atomis.nl\/fr\/wp-json\/wp\/v2\/product_brand?post=88466"},{"taxonomy":"product_cat","embeddable":true,"href":"https:\/\/atomis.nl\/fr\/wp-json\/wp\/v2\/product_cat?post=88466"},{"taxonomy":"product_tag","embeddable":true,"href":"https:\/\/atomis.nl\/fr\/wp-json\/wp\/v2\/product_tag?post=88466"}],"curies":[{"name":"wp","href":"https:\/\/api.w.org\/{rel}","templated":true}]}}