{"id":88471,"date":"2022-05-18T13:31:23","date_gmt":"2022-05-18T13:31:23","guid":{"rendered":"https:\/\/atomis.nl\/product\/sirio-s-noir\/"},"modified":"2026-03-31T04:17:42","modified_gmt":"2026-03-31T04:17:42","slug":"sirio-s-noir","status":"publish","type":"product","link":"https:\/\/atomis.nl\/fr\/produits\/sirio-s-noir\/","title":{"rendered":"Sirio-S noir"},"content":{"rendered":"[vc_row type=&#8221;in_container&#8221; full_screen_row_position=&#8221;middle&#8221; column_margin=&#8221;default&#8221; column_direction=&#8221;default&#8221; column_direction_tablet=&#8221;default&#8221; column_direction_phone=&#8221;default&#8221; scene_position=&#8221;center&#8221; text_color=&#8221;dark&#8221; text_align=&#8221;left&#8221; row_border_radius=&#8221;none&#8221; row_border_radius_applies=&#8221;bg&#8221; row_position_desktop=&#8221;default&#8221; row_position_tablet=&#8221;inherit&#8221; row_position_phone=&#8221;inherit&#8221; overflow=&#8221;visible&#8221; overlay_strength=&#8221;0.3&#8243; gradient_direction=&#8221;left_to_right&#8221; shape_divider_position=&#8221;bottom&#8221; bg_image_animation=&#8221;none&#8221;][vc_column column_padding=&#8221;no-extra-padding&#8221; column_padding_tablet=&#8221;inherit&#8221; column_padding_phone=&#8221;inherit&#8221; column_padding_position=&#8221;all&#8221; flex_gap_desktop=&#8221;10px&#8221; column_element_direction_desktop=&#8221;default&#8221; column_element_spacing=&#8221;default&#8221; desktop_text_alignment=&#8221;default&#8221; tablet_text_alignment=&#8221;default&#8221; phone_text_alignment=&#8221;default&#8221; background_color_opacity=&#8221;1&#8243; background_hover_color_opacity=&#8221;1&#8243; column_backdrop_filter=&#8221;none&#8221; column_shadow=&#8221;none&#8221; column_border_radius=&#8221;none&#8221; column_link_target=&#8221;_self&#8221; column_position=&#8221;default&#8221; gradient_direction=&#8221;left_to_right&#8221; overlay_strength=&#8221;0.3&#8243; width=&#8221;1\/1&#8243; tablet_width_inherit=&#8221;default&#8221; animation_type=&#8221;default&#8221; bg_image_animation=&#8221;none&#8221; border_type=&#8221;simple&#8221; column_border_width=&#8221;none&#8221; column_border_style=&#8221;solid&#8221;][vc_column_text css_animation=&#8221;bounceIn&#8221; css=&#8221;&#8221; text_direction=&#8221;default&#8221;]Sirio-S Black est un luminaire suspendu LED \u00e9l\u00e9gant et \u00e9lanc\u00e9, \u00e9quip\u00e9 dune rang\u00e9e de LED mid-power, chacune dot\u00e9e dune lentille individuelle et dune grille. Le luminaire cr\u00e9e une distribution lumineuse \u00e0 faible \u00e9blouissement (UGR  19), ce qui le rend particuli\u00e8rement adapt\u00e9 aux environnements de bureaux et autres espaces de travail professionnels. <\/p>\n<p>Le luminaire est fabriqu\u00e9 en acier et fini avec un rev\u00eatement en poudre structur\u00e9 d\u00e9coratif en noir mat. Le driver est plac\u00e9 au-dessus du plafond, permettant au luminaire de conserver un aspect \u00e9pur\u00e9 et minimaliste. <\/p>\n<p>Sirio-S est disponible en trois longueurs : 880, 1200 et 1520 mm. Le luminaire est livr\u00e9 en standard avec un cordon dalimentation de 3 m\u00e8tres et une suspension par c\u00e2ble dacier, assurant une installation simple et flexible. <\/p>\n<p><strong>Caract\u00e9ristiques principales<\/strong><\/p>\n<p>\u2022 Luminaire suspendu LED lin\u00e9aire \u00e9lanc\u00e9<br \/>\n\u2022 LED mid-power avec lentille individuelle et grille<br \/>\n\u2022 Faible \u00e9blouissement avec UGR inf\u00e9rieur \u00e0 19<br \/>\n\u2022 Adapt\u00e9 aux environnements de bureaux<br \/>\n\u2022 Bo\u00eetier en acier<br \/>\n\u2022 Rev\u00eatement en poudre structur\u00e9 d\u00e9coratif en noir mat<br \/>\n\u2022 Driver plac\u00e9 au-dessus du plafond<br \/>\n\u2022 Disponible en longueurs de 880, 1200 et 1520 mm<br \/>\n\u2022 Cordon d\u2019alimentation de 3 m inclus<br \/>\n\u2022 Suspension par c\u00e2ble d\u2019acier <\/p>\n<p>Sirio-S Black combine un design fin avec une haute qualit\u00e9 d\u00e9clairage, constituant ainsi une solution d\u00e9clairage \u00e9l\u00e9gante pour les environnements de bureaux et de projets modernes.[\/vc_column_text][\/vc_column][\/vc_row]\n","protected":false},"excerpt":{"rendered":"<p>Sirio-S black est un luminaire suspendu LED \u00e9l\u00e9gant et fin, \u00e9quip\u00e9 dune rang\u00e9e de LED mid-power, chacune dot\u00e9e dune lentille et dune grille de d\u00e9filement individuelles. Le luminaire cr\u00e9e une distribution lumineuse \u00e0 faible \u00e9blouissement (UGR 19) adapt\u00e9e aux environnements de bureaux. <\/p>\n<ul>\n<li>Design identique aux luminaires de plafond Sirio SAPP\u00ae<\/li>\n<li>Design fin disponible en trois longueurs : 880, 1200 et 1520 mm<\/li>\n<li>Distribution lumineuse \u00e0 faible \u00e9blouissement (UGR 19) adapt\u00e9e aux environnements de bureaux<\/li>\n<\/ul>\n<div><strong>T\u00e9l\u00e9chargements<\/strong><\/div>\n<div><\/div>\n<div>[button size=\"small\" style=\"is-outline primary\" text=\"Photom\u00e9trie Sirio-S\" link=\"https:\/\/atomis.nl\/downloads\/Photometrics-Sirio-SAPP-(Interalu).zip\" target=\"_blank\"]<\/div>\n<div><\/div>\n<div><strong>Cr\u00e9ez votre propre produit sur mesure, t\u00e9l\u00e9chargez la fiche technique PDFT\u00e9l\u00e9chargements ou ajoutez-le au devis :<\/strong><\/div>\n","protected":false},"featured_media":38164,"template":"","meta":[],"product_brand":[],"product_cat":[14199,476],"product_tag":[14292],"class_list":{"0":"post-88471","1":"product","2":"type-product","3":"status-publish","4":"has-post-thumbnail","6":"product_cat-lamel-armaturen","7":"product_cat-klimaatplafond-armaturen","8":"product_tag-sirio","9":"pa_air-extraction-n-v-t","10":"pa_armatuurefficientie-125lm-w","11":"pa_bevestiging-pendel","12":"pa_cie-flux-code-93-100-100-100-100-nl","13":"pa_driver-positie-losliggende-driver","14":"pa_energielabel-a","15":"pa_familie-sirio","16":"pa_fotobiologische-veiligheid-iec-62471-rg1-low-risk-nl","17":"pa_glare-ugr-14960","18":"pa_ip-class-ip20-top-ip40-bottom-nl-2","19":"pa_isolatieklasse-class-ii-nl","20":"pa_kleurconsistentiesdcm-sdcm3-nl-2","21":"pa_kleurtemperatuur-2700k","22":"pa_kleurtemperatuur-3000k","23":"pa_kleurtemperatuur-3500k","24":"pa_kleurtemperatuur-4000k","25":"pa_kleurtemperatuur-blanc-accordable","26":"pa_kleurweergaveindex-cri-cri80","27":"pa_kleurweergaveindex-cri-cri90","28":"pa_lichtregeling-optioneel","29":"pa_lichtregeling-dimmed-1-10v-nl-2","30":"pa_lichtregeling-casambi-gedimd","31":"pa_lichtregeling-dimmed-dali-nl-2","32":"pa_materiaal-steel-nl","33":"pa_materiaal-acrylate-nl","34":"pa_noodverlichting-1-uur-noodstroom","35":"pa_noodverlichting-optioneel","36":"pa_noodverlichting-optioneel-1-uur-autonoom-autotest","37":"pa_omgevingstemperatuur-20c-40c-nl-2","38":"pa_optiek-lens-and-louver-nl","39":"pa_orientatie-naar-beneden","40":"pa_packaging-dimensions-bulkverpakking","41":"pa_powerfactor-15191","42":"pa_primaire-aansluitingen-kabel","43":"pa_primaire-aansluitingen-op-aanvraag","44":"pa_primaire-aansluitingen-on-the-driver-nl","45":"pa_productkleur-op-aanvraag","46":"pa_producttoepassing-onderwijs","47":"pa_producttoepassing-openbare-ruimtes","48":"pa_producttoepassing-horeca","49":"pa_producttoepassing-kantoren","50":"pa_self-adhesive-dust-cover-optional-nl","51":"pa_specificaties-g7d1-06-02-2025-nl","52":"pa_verwachte-levensduur-l90b5060000h-tq-25c","53":"pa_voltage-frequentie-220-240v-50-60hz","54":"pa_vorm-rectangular-nl","56":"first","57":"instock","58":"shipping-taxable","59":"product-type-simple"},"_links":{"self":[{"href":"https:\/\/atomis.nl\/fr\/wp-json\/wp\/v2\/product\/88471","targetHints":{"allow":["GET"]}}],"collection":[{"href":"https:\/\/atomis.nl\/fr\/wp-json\/wp\/v2\/product"}],"about":[{"href":"https:\/\/atomis.nl\/fr\/wp-json\/wp\/v2\/types\/product"}],"wp:featuredmedia":[{"embeddable":true,"href":"https:\/\/atomis.nl\/fr\/wp-json\/wp\/v2\/media\/38164"}],"wp:attachment":[{"href":"https:\/\/atomis.nl\/fr\/wp-json\/wp\/v2\/media?parent=88471"}],"wp:term":[{"taxonomy":"product_brand","embeddable":true,"href":"https:\/\/atomis.nl\/fr\/wp-json\/wp\/v2\/product_brand?post=88471"},{"taxonomy":"product_cat","embeddable":true,"href":"https:\/\/atomis.nl\/fr\/wp-json\/wp\/v2\/product_cat?post=88471"},{"taxonomy":"product_tag","embeddable":true,"href":"https:\/\/atomis.nl\/fr\/wp-json\/wp\/v2\/product_tag?post=88471"}],"curies":[{"name":"wp","href":"https:\/\/api.w.org\/{rel}","templated":true}]}}