{"id":88477,"date":"2021-09-02T11:41:21","date_gmt":"2021-09-02T11:41:21","guid":{"rendered":"https:\/\/atomis.nl\/product\/moonglow-round-290\/"},"modified":"2026-04-07T15:04:17","modified_gmt":"2026-04-07T15:04:17","slug":"moonglow-round-290","status":"publish","type":"product","link":"https:\/\/atomis.nl\/fr\/produits\/moonglow-round-290\/","title":{"rendered":"Moonglow round 290"},"content":{"rendered":"[vc_row type=&#8221;in_container&#8221; full_screen_row_position=&#8221;middle&#8221; column_margin=&#8221;default&#8221; column_direction=&#8221;default&#8221; column_direction_tablet=&#8221;default&#8221; column_direction_phone=&#8221;default&#8221; scene_position=&#8221;center&#8221; text_color=&#8221;dark&#8221; text_align=&#8221;left&#8221; row_border_radius=&#8221;none&#8221; row_border_radius_applies=&#8221;bg&#8221; row_position_desktop=&#8221;default&#8221; row_position_tablet=&#8221;inherit&#8221; row_position_phone=&#8221;inherit&#8221; overflow=&#8221;visible&#8221; overlay_strength=&#8221;0.3&#8243; gradient_direction=&#8221;left_to_right&#8221; shape_divider_position=&#8221;bottom&#8221; bg_image_animation=&#8221;none&#8221;][vc_column column_padding=&#8221;no-extra-padding&#8221; column_padding_tablet=&#8221;inherit&#8221; column_padding_phone=&#8221;inherit&#8221; column_padding_position=&#8221;all&#8221; flex_gap_desktop=&#8221;10px&#8221; column_element_direction_desktop=&#8221;default&#8221; column_element_spacing=&#8221;default&#8221; desktop_text_alignment=&#8221;default&#8221; tablet_text_alignment=&#8221;default&#8221; phone_text_alignment=&#8221;default&#8221; background_color_opacity=&#8221;1&#8243; background_hover_color_opacity=&#8221;1&#8243; column_backdrop_filter=&#8221;none&#8221; column_shadow=&#8221;none&#8221; column_border_radius=&#8221;none&#8221; column_link_target=&#8221;_self&#8221; column_position=&#8221;default&#8221; gradient_direction=&#8221;left_to_right&#8221; overlay_strength=&#8221;0.3&#8243; width=&#8221;1\/1&#8243; tablet_width_inherit=&#8221;default&#8221; animation_type=&#8221;default&#8221; bg_image_animation=&#8221;none&#8221; border_type=&#8221;simple&#8221; column_border_width=&#8221;none&#8221; column_border_style=&#8221;solid&#8221;][vc_column_text css_animation=&#8221;bounceIn&#8221; css=&#8221;&#8221; text_direction=&#8221;default&#8221;]Moonglow Round 290 est un concept d\u00e9clairage LED unique et innovant, adapt\u00e9 \u00e0 un montage mural et au plafond. Le luminaire est con\u00e7u pour cr\u00e9er un effet lumineux doux et uniforme, \u00e0 la fois fonctionnel et architectural. <\/p>\n<p>Le luminaire diffuse la lumi\u00e8re via une matrice LED puissante plac\u00e9e au centre dun diffuseur en acrylique en forme de disque. Gr\u00e2ce \u00e0 la conduction lumineuse, \u00e0 la r\u00e9flexion et \u00e0 la diffusion, le disque est \u00e9clair\u00e9 uniform\u00e9ment sur toute sa surface, offrant un aspect calme et homog\u00e8ne. <\/p>\n<p>Les surfaces \u00e9clair\u00e9es se trouvent \u00e0 la fois \u00e0 l&#8217;avant et sur les bords du luminaire. Cela cr\u00e9e un effet de lumi\u00e8re particulier o\u00f9 les murs et les plafonds sont subtilement \u00e9clair\u00e9s et l&#8217;espace est visuellement enrichi. <\/p>\n<p>Moonglow Round 290 produit une lumi\u00e8re blanche chaude avec une temp\u00e9rature de couleur de 3 000 Kelvin et un excellent indice de rendu des couleurs, contribuant \u00e0 une exp\u00e9rience lumineuse agr\u00e9able et naturelle.<\/p>\n<p>Gr\u00e2ce \u00e0 sa construction de haute qualit\u00e9, le luminaire a une classification de r\u00e9sistance aux chocs IK 06, ce qui le rend adapt\u00e9 aux environnements tr\u00e8s fr\u00e9quent\u00e9s.<\/p>\n<p>Sa conception rend le Moonglow Round 290 id\u00e9al pour une utilisation dans les cages descalier, les couloirs, les \u00e9coles, les espaces publics et autres zones \u00e0 fort trafic pi\u00e9tonnier.<\/p>\n<p>Le bo\u00eetier et le disque central sont finis en blanc mat ou en noir mat et s&#8217;int\u00e8grent donc esth\u00e9tiquement \u00e0 diff\u00e9rents styles d&#8217;int\u00e9rieur.<\/p>\n<p><strong>Caract\u00e9ristiques principales<\/strong><\/p>\n<p>\u2022 Luminaire LED pour montage mural et au plafond<br \/>\n\u2022 Diffuseur en acrylique en forme de disque<br \/>\n\u2022 Matrice LED puissante au centre<br \/>\n\u2022 Effet lumineux doux et uniforme<br \/>\n\u2022 \u00c9clairage frontal et lat\u00e9ral<br \/>\n\u2022 Lumi\u00e8re blanche chaude (3 000 Kelvin)<br \/>\n\u2022 Excellent indice de rendu des couleurs<br \/>\n\u2022 R\u00e9sistance aux chocs IK 06<br \/>\n\u2022 Finition en blanc mat ou noir mat  <\/p>\n<p>Le Moonglow Round 290 constitue ainsi une solution d\u00e9clairage fonctionnelle et d\u00e9corative pour les espaces publics et intens\u00e9ment utilis\u00e9s, o\u00f9 confort, s\u00e9curit\u00e9 et esth\u00e9tique se rejoignent.[\/vc_column_text][\/vc_column][\/vc_row]\n","protected":false},"excerpt":{"rendered":"<p>Moonglow round 290 est un luminaire en saillie avec un diffuseur d\u00e9coratif en acrylique en forme de disque lumineux.<\/p>\n<ul>\n<li>\u00c9clairage efficace avec une esth\u00e9tique architecturale d\u00e9corative<\/li>\n<li>Montage mural ou au plafond<\/li>\n<li>Finition noire mate ou blanche mate<\/li>\n<li>R\u00e9sistance aux chocs IK6 pour une utilisation dans les couloirs et les cages d&#8217;escalier<\/li>\n<li>Version d&#8217;\u00e9clairage de secours disponible<\/li>\n<\/ul>\n<div><strong>T\u00e9l\u00e9chargements<\/strong><\/div>\n<div><\/div>\n<div>[button size=\"small\" style=\"is-outline primary\" text=\"Photom\u00e9tries Moonglow round 290\" link=\"https:\/\/atomis.nl\/downloads\/Photometrics-Moonglow-round-290.zip\" target=\"_blank\"] [button size=\"small\" style=\"is-outline primary\" text=\"Fichiers BIM Photom\u00e9tries Moonglow round 290\" link=\"https:\/\/atomis.nl\/downloads\/BIM-files-Moonglow-round-290.zip\" target=\"_blank\"]<\/div>\n<div><\/div>\n<div><\/div>\n","protected":false},"featured_media":12947,"template":"","meta":[],"product_brand":[],"product_cat":[794],"product_tag":[14294],"class_list":{"0":"post-88477","1":"product","2":"type-product","3":"status-publish","4":"has-post-thumbnail","6":"product_cat-opbouwarmatuur","7":"product_tag-moonglow","8":"pa_air-extraction-n-v-t","9":"pa_armatuurefficientie-80lm-w","10":"pa_bevestiging-plafondmontage","11":"pa_bevestiging-wandmontage","12":"pa_breedte-50mm-nl","13":"pa_cie-flux-code-93-100-100-100-100-nl","14":"pa_driver-positie-integrated-nl","15":"pa_energielabel-a-2","16":"pa_familie-moonglow","17":"pa_fotobiologische-veiligheid-iec-62471-rg1-low-risk-nl","18":"pa_glare-ugr-n-v-t","19":"pa_ip-class-ip20-top-ip40-bottom-nl-2","20":"pa_isolatieklasse-class-ii-nl","21":"pa_kleurconsistentiesdcm-sdcm3-nl-2","22":"pa_kleurtemperatuur-2700k","23":"pa_kleurtemperatuur-3000k","24":"pa_kleurtemperatuur-3500k","25":"pa_kleurtemperatuur-4000k","26":"pa_kleurtemperatuur-blanc-accordable","27":"pa_kleurweergaveindex-cri-cri80","28":"pa_kleurweergaveindex-cri-cri90","29":"pa_lichtregeling-optioneel","30":"pa_lichtregeling-dimmed-1-10v-nl-2","31":"pa_lichtregeling-casambi-gedimd","32":"pa_lichtregeling-dimmed-dali-nl-2","33":"pa_materiaal-steel-nl","34":"pa_materiaal-acrylate-nl","35":"pa_noodverlichting-1-uur-noodstroom","36":"pa_noodverlichting-optioneel","37":"pa_noodverlichting-optioneel-1-uur-autonoom-autotest","38":"pa_omgevingstemperatuur-20c-40c-nl-2","39":"pa_optiek-opalen-diffusor","40":"pa_orientatie-omhoogomlaag","41":"pa_orientatie-richtbaar","42":"pa_orientatie-naar-beneden","43":"pa_packaging-dimensions-bulkverpakking","44":"pa_powerfactor-15191","45":"pa_primaire-aansluitingen-bst-14i2","46":"pa_primaire-aansluitingen-europlug","47":"pa_primaire-aansluitingen-gst18i3","48":"pa_primaire-aansluitingen-gst18i5-pastel-blue-nl-2","49":"pa_primaire-aansluitingen-op-aanvraag","50":"pa_primaire-aansluitingen-on-the-driver-nl","51":"pa_productkleur-op-aanvraag","52":"pa_producttoepassing-onderwijs","53":"pa_producttoepassing-expositieruimtes","54":"pa_producttoepassing-openbare-ruimtes","55":"pa_producttoepassing-horeca","56":"pa_producttoepassing-kantoren","57":"pa_producttoepassing-retail","58":"pa_self-adhesive-dust-cover-optional-nl","59":"pa_verwachte-levensduur-l90b5060000h-tq-25c","60":"pa_voltage-frequentie-220-240v-50-60hz","61":"pa_vorm-round-nl","62":"pa_zaagmaat-170mm","64":"first","65":"instock","66":"shipping-taxable","67":"product-type-simple"},"_links":{"self":[{"href":"https:\/\/atomis.nl\/fr\/wp-json\/wp\/v2\/product\/88477","targetHints":{"allow":["GET"]}}],"collection":[{"href":"https:\/\/atomis.nl\/fr\/wp-json\/wp\/v2\/product"}],"about":[{"href":"https:\/\/atomis.nl\/fr\/wp-json\/wp\/v2\/types\/product"}],"wp:featuredmedia":[{"embeddable":true,"href":"https:\/\/atomis.nl\/fr\/wp-json\/wp\/v2\/media\/12947"}],"wp:attachment":[{"href":"https:\/\/atomis.nl\/fr\/wp-json\/wp\/v2\/media?parent=88477"}],"wp:term":[{"taxonomy":"product_brand","embeddable":true,"href":"https:\/\/atomis.nl\/fr\/wp-json\/wp\/v2\/product_brand?post=88477"},{"taxonomy":"product_cat","embeddable":true,"href":"https:\/\/atomis.nl\/fr\/wp-json\/wp\/v2\/product_cat?post=88477"},{"taxonomy":"product_tag","embeddable":true,"href":"https:\/\/atomis.nl\/fr\/wp-json\/wp\/v2\/product_tag?post=88477"}],"curies":[{"name":"wp","href":"https:\/\/api.w.org\/{rel}","templated":true}]}}