{"id":88479,"date":"2021-11-18T12:58:42","date_gmt":"2021-11-18T12:58:42","guid":{"rendered":"https:\/\/atomis.nl\/product\/zender\/"},"modified":"2026-03-19T10:59:36","modified_gmt":"2026-03-19T10:59:36","slug":"zender","status":"publish","type":"product","link":"https:\/\/atomis.nl\/fr\/produits\/zender\/","title":{"rendered":"Zender"},"content":{"rendered":"[vc_row type=&#8221;in_container&#8221; full_screen_row_position=&#8221;middle&#8221; column_margin=&#8221;default&#8221; column_direction=&#8221;default&#8221; column_direction_tablet=&#8221;default&#8221; column_direction_phone=&#8221;default&#8221; scene_position=&#8221;center&#8221; text_color=&#8221;dark&#8221; text_align=&#8221;left&#8221; row_border_radius=&#8221;none&#8221; row_border_radius_applies=&#8221;bg&#8221; row_position_desktop=&#8221;default&#8221; row_position_tablet=&#8221;inherit&#8221; row_position_phone=&#8221;inherit&#8221; overflow=&#8221;visible&#8221; overlay_strength=&#8221;0.3&#8243; gradient_direction=&#8221;left_to_right&#8221; shape_divider_position=&#8221;bottom&#8221; bg_image_animation=&#8221;none&#8221;][vc_column column_padding=&#8221;no-extra-padding&#8221; column_padding_tablet=&#8221;inherit&#8221; column_padding_phone=&#8221;inherit&#8221; column_padding_position=&#8221;all&#8221; flex_gap_desktop=&#8221;10px&#8221; column_element_direction_desktop=&#8221;default&#8221; column_element_spacing=&#8221;default&#8221; desktop_text_alignment=&#8221;default&#8221; tablet_text_alignment=&#8221;default&#8221; phone_text_alignment=&#8221;default&#8221; background_color_opacity=&#8221;1&#8243; background_hover_color_opacity=&#8221;1&#8243; column_backdrop_filter=&#8221;none&#8221; column_shadow=&#8221;none&#8221; column_border_radius=&#8221;none&#8221; column_link_target=&#8221;_self&#8221; column_position=&#8221;default&#8221; gradient_direction=&#8221;left_to_right&#8221; overlay_strength=&#8221;0.3&#8243; width=&#8221;1\/1&#8243; tablet_width_inherit=&#8221;default&#8221; animation_type=&#8221;default&#8221; bg_image_animation=&#8221;none&#8221; border_type=&#8221;simple&#8221; column_border_width=&#8221;none&#8221; column_border_style=&#8221;solid&#8221;][vc_column_text css=&#8221;&#8221; text_direction=&#8221;default&#8221;]\n<p class=\"p1\">Zenders est un luminaire LED mural con\u00e7u pour l&#8217;\u00e9clairage architectural int\u00e9rieur de surfaces verticales comme les murs, couloirs et escaliers. Le luminaire cr\u00e9e un effet lumineux doux et uniforme qui contribue \u00e0 l&#8217;orientation, la s\u00e9curit\u00e9 et l&#8217;ambiance. <\/p>\n<p class=\"p1\">La lumi\u00e8re est \u00e9mise par une bande LED mont\u00e9e en interne plac\u00e9e en direction du mur. Cette lumi\u00e8re est d&#8217;abord diffus\u00e9e par un double diffuseur satin\u00e9 puis r\u00e9fl\u00e9chie \u00e0 la fois vers le haut et vers le bas, \u00e9clairant le mur de mani\u00e8re uniforme et agr\u00e9able. Le diffuseur fait \u00e9galement office de protection pour les LED.  <\/p>\n<p class=\"p1\">Par d\u00e9faut, la r\u00e9partition lumineuse est \u00e9gale vers le haut et vers le bas, avec une distribution de 50 % vers le haut et 50 % vers le bas. Cela assure une image lumineuse \u00e9quilibr\u00e9e et apaisante. <\/p>\n<p class=\"p1\">Gr\u00e2ce \u00e0 sa construction robuste et son design de montage affleurant, Zender est particuli\u00e8rement adapt\u00e9 aux environnements \u00e0 usage intensif. Le luminaire est sans entretien et \u00e9conome en \u00e9nergie, ce qui le rend tr\u00e8s appropri\u00e9 pour un usage prolong\u00e9 dans les espaces publics et professionnels. <\/p>\n<p class=\"p1\">Zenders est fabriqu\u00e9 en aluminium et acier et fini avec un rev\u00eatement poudre blanc mat. Le luminaire est disponible en deux longueurs, permettant de l&#8217;adapter facilement \u00e0 l&#8217;\u00e9chelle de l&#8217;espace. <\/p>\n<p class=\"p1\"><strong>Caract\u00e9ristiques principales<\/strong><\/p>\n<ul>\n<li class=\"p1\">Luminaire LED mural pour \u00e9clairage architectural int\u00e9rieur<\/li>\n<li class=\"p1\">Adapt\u00e9 aux murs, couloirs et escaliers<\/li>\n<li class=\"p1\">\u00c9clairage indirect par r\u00e9flexion murale<\/li>\n<li class=\"p1\">Double diffuseur satin\u00e9<\/li>\n<li class=\"p1\">R\u00e9partition lumineuse \u00e9gale haut et bas 50 50<\/li>\n<li class=\"p1\">Le diffuseur fait office de protection pour les LED<\/li>\n<li class=\"p1\">Construction robuste et montage affleurant<\/li>\n<li class=\"p1\">Sans entretien et \u00e9conome en \u00e9nergie<\/li>\n<li class=\"p1\">Bo\u00eetier en aluminium et acier<\/li>\n<li class=\"p1\">Rev\u00eatement en poudre blanc mat<\/li>\n<\/ul>\n<p class=\"p1\"><strong>Versions disponibles<\/strong><\/p>\n<ul>\n<li class=\"p1\">Zenders 300 mm<\/li>\n<li class=\"p1\">Zenders 600 mm<\/li>\n<\/ul>\n<p class=\"p1\">Zenders est ainsi une solution d&#8217;\u00e9clairage durable et esth\u00e9tique pour les couloirs, h\u00f4tels, centres de soins et autres environnements o\u00f9 confort, s\u00e9curit\u00e9 et rayonnement se rencontrent.<\/p>\n[\/vc_column_text][\/vc_column][\/vc_row]\n","protected":false},"excerpt":{"rendered":"<p>Zenders, un luminaire LED mural, est con\u00e7u pour l&#8217;\u00e9clairage architectural int\u00e9rieur de surfaces verticales, telles que les murs, couloirs et escaliers. La lumi\u00e8re \u00e9mise par une bande LED mont\u00e9e en interne en direction du mur est d&#8217;abord diffus\u00e9e par un double diffuseur satin\u00e9 puis r\u00e9fl\u00e9chie vers le haut et vers le bas, cr\u00e9ant un mur doucement \u00e9clair\u00e9. <\/p>\n<ul>\n<li>Luminaire design robuste pour montage mural adapt\u00e9 aux couloirs et halls d&#8217;entr\u00e9e dans les espaces publics d&#8217;\u00e9coles, etc.<\/li>\n<li>Disponible en largeurs de 300 mm et 600 mm<\/li>\n<li>Versions de secours disponibles<\/li>\n<li>Peut \u00eatre mont\u00e9 horizontalement et verticalement<\/li>\n<\/ul>\n<div><strong>T\u00e9l\u00e9chargements<\/strong><\/div>\n<div><\/div>\n<div>[button size=\"small\" style=\"is-outline primary\" text=\"Photom\u00e9trie Zender\" link=\"https:\/\/atomis.nl\/downloads\/Photometrics-Zender.zip\" target=\"_blank\"] [button size=\"small\" style=\"is-outline primary\" text=\"Fichiers BIM Zender\" link=\"https:\/\/atomis.nl\/downloads\/BIM-files-Zender.zip\" target=\"_blank\"]<\/div>\n<div><\/div>\n<div><\/div>\n","protected":false},"featured_media":13753,"template":"","meta":[],"product_brand":[],"product_cat":[14576],"product_tag":[14802],"class_list":{"0":"post-88479","1":"product","2":"type-product","3":"status-publish","4":"has-post-thumbnail","6":"product_cat-luminaires-en-saillie","7":"product_tag-zender","8":"pa_air-extraction-n-v-t","9":"pa_armatuurefficientie-100lm-w-2","10":"pa_bevestiging-montage-mural-2","11":"pa_cie-flux-code-93-100-100-100-100-nl","12":"pa_driver-positie-integre","13":"pa_energielabel-a","14":"pa_familie-zender","15":"pa_fotobiologische-veiligheid-cei-62471-rg1-faible-risque","16":"pa_glare-ugr-s-o","17":"pa_ip-class-ip20-dessus-ip40-dessous","18":"pa_isolatieklasse-classe-i-nl","19":"pa_kleurconsistentiesdcm-sdcm3-nl-2","20":"pa_kleurtemperatuur-2700k","21":"pa_kleurtemperatuur-3000k","22":"pa_kleurtemperatuur-3500k","23":"pa_kleurtemperatuur-4000k","24":"pa_kleurtemperatuur-blanc-accordable","25":"pa_kleurweergaveindex-cri-cri80","26":"pa_kleurweergaveindex-cri-cri90","27":"pa_lichtregeling-optionelle","28":"pa_lichtregeling-gradation-1-10-v","29":"pa_lichtregeling-gradation-casambi","30":"pa_lichtregeling-gradation-dali","31":"pa_materiaal-acier","32":"pa_materiaal-acrylique","33":"pa_noodverlichting-autonomie-de-secours-de-1-heure","34":"pa_noodverlichting-optionelle","35":"pa_noodverlichting-autonomie-optionnelle-de-1-heure-avec-autotest","36":"pa_omgevingstemperatuur-20c-40c-nl-2","37":"pa_optiek-diffuseur-opale","38":"pa_orientatie-vers-le-haut-et-vers-le-bas","39":"pa_packaging-dimensions-emballage-en-vrac","40":"pa_powerfactor-15205","41":"pa_primaire-aansluitingen-sur-demande","42":"pa_primaire-aansluitingen-sur-le-driver","43":"pa_productkleur-sur-demande","44":"pa_producttoepassing-education","45":"pa_producttoepassing-espaces-dexposition","46":"pa_producttoepassing-espaces-publics","47":"pa_producttoepassing-hotellerie-restauration","48":"pa_producttoepassing-bureau","49":"pa_producttoepassing-commerce","50":"pa_self-adhesive-dust-cover-optionnel","51":"pa_verwachte-levensduur-l90b5060000h-tq-25c","52":"pa_voltage-frequentie-220-240v-50-60hz","53":"pa_vorm-rectangular-nl","55":"first","56":"instock","57":"shipping-taxable","58":"product-type-simple"},"_links":{"self":[{"href":"https:\/\/atomis.nl\/fr\/wp-json\/wp\/v2\/product\/88479","targetHints":{"allow":["GET"]}}],"collection":[{"href":"https:\/\/atomis.nl\/fr\/wp-json\/wp\/v2\/product"}],"about":[{"href":"https:\/\/atomis.nl\/fr\/wp-json\/wp\/v2\/types\/product"}],"wp:featuredmedia":[{"embeddable":true,"href":"https:\/\/atomis.nl\/fr\/wp-json\/wp\/v2\/media\/13753"}],"wp:attachment":[{"href":"https:\/\/atomis.nl\/fr\/wp-json\/wp\/v2\/media?parent=88479"}],"wp:term":[{"taxonomy":"product_brand","embeddable":true,"href":"https:\/\/atomis.nl\/fr\/wp-json\/wp\/v2\/product_brand?post=88479"},{"taxonomy":"product_cat","embeddable":true,"href":"https:\/\/atomis.nl\/fr\/wp-json\/wp\/v2\/product_cat?post=88479"},{"taxonomy":"product_tag","embeddable":true,"href":"https:\/\/atomis.nl\/fr\/wp-json\/wp\/v2\/product_tag?post=88479"}],"curies":[{"name":"wp","href":"https:\/\/api.w.org\/{rel}","templated":true}]}}