{"id":88481,"date":"2023-03-13T15:31:59","date_gmt":"2023-03-13T15:31:59","guid":{"rendered":"https:\/\/atomis.nl\/product\/metronome-m-square\/"},"modified":"2026-04-06T01:28:21","modified_gmt":"2026-04-06T01:28:21","slug":"metronome-m-square","status":"publish","type":"product","link":"https:\/\/atomis.nl\/fr\/produits\/metronome-m-square\/","title":{"rendered":"Metronome-M square"},"content":{"rendered":"[vc_row type=&#8221;in_container&#8221; full_screen_row_position=&#8221;middle&#8221; column_margin=&#8221;default&#8221; column_direction=&#8221;default&#8221; column_direction_tablet=&#8221;default&#8221; column_direction_phone=&#8221;default&#8221; scene_position=&#8221;center&#8221; text_color=&#8221;dark&#8221; text_align=&#8221;left&#8221; row_border_radius=&#8221;none&#8221; row_border_radius_applies=&#8221;bg&#8221; row_position_desktop=&#8221;default&#8221; row_position_tablet=&#8221;inherit&#8221; row_position_phone=&#8221;inherit&#8221; overflow=&#8221;visible&#8221; overlay_strength=&#8221;0.3&#8243; gradient_direction=&#8221;left_to_right&#8221; shape_divider_position=&#8221;bottom&#8221; bg_image_animation=&#8221;none&#8221;][vc_column column_padding=&#8221;no-extra-padding&#8221; column_padding_tablet=&#8221;inherit&#8221; column_padding_phone=&#8221;inherit&#8221; column_padding_position=&#8221;all&#8221; flex_gap_desktop=&#8221;10px&#8221; column_element_direction_desktop=&#8221;default&#8221; column_element_spacing=&#8221;default&#8221; desktop_text_alignment=&#8221;default&#8221; tablet_text_alignment=&#8221;default&#8221; phone_text_alignment=&#8221;default&#8221; background_color_opacity=&#8221;1&#8243; background_hover_color_opacity=&#8221;1&#8243; column_backdrop_filter=&#8221;none&#8221; column_shadow=&#8221;none&#8221; column_border_radius=&#8221;none&#8221; column_link_target=&#8221;_self&#8221; column_position=&#8221;default&#8221; gradient_direction=&#8221;left_to_right&#8221; overlay_strength=&#8221;0.3&#8243; width=&#8221;1\/1&#8243; tablet_width_inherit=&#8221;default&#8221; animation_type=&#8221;default&#8221; bg_image_animation=&#8221;none&#8221; border_type=&#8221;simple&#8221; column_border_width=&#8221;none&#8221; column_border_style=&#8221;solid&#8221;][vc_column_text css_animation=&#8221;bounceIn&#8221; css=&#8221;&#8221; text_direction=&#8221;default&#8221;]Metronome-M Square est un luminaire LED carr\u00e9 dot\u00e9 de 32 lentilles encastr\u00e9es plac\u00e9es derri\u00e8re une grille \u00e0 trame. Le luminaire combine un \u00e9clairage efficace avec un aspect architectural raffin\u00e9 et sint\u00e8gre sans effort dans divers concepts de plafonds. <\/p>\n<p>Gr\u00e2ce \u00e0 ses optiques de haute qualit\u00e9, Metronome-M Square offre une distribution lumineuse tr\u00e8s contr\u00f4l\u00e9e et un grand confort visuel. De s\u00e9rie, le luminaire est \u00e9quip\u00e9 doptiques avec un UGR inf\u00e9rieur \u00e0 19. Pour les environnements exigeant une limitation de l\u00e9blouissement plus stricte, une version avec un UGR inf\u00e9rieur \u00e0 16 est disponible.  <\/p>\n<p>Les luminaires sont fabriqu\u00e9s en acier et finis avec un rev\u00eatement par poudre durable. Afin de garantir une int\u00e9gration optimale dans diff\u00e9rents syst\u00e8mes de plafonds, Metronome-M Square est produit selon les sp\u00e9cifications du client. Cela permet dadapter enti\u00e8rement le luminaire aux exigences techniques et esth\u00e9tiques du projet.  <\/p>\n<p><strong>Caract\u00e9ristiques principales<\/strong><\/p>\n<p>\u2022 Luminaire LED carr\u00e9<br \/>\n\u2022 Grille \u00e0 trame avec lentilles encastr\u00e9es<br \/>\n\u2022 \u00c9quip\u00e9 de 32 lentilles<br \/>\n\u2022 Distribution lumineuse tr\u00e8s contr\u00f4l\u00e9e<br \/>\n\u2022 Grand confort visuel<br \/>\n\u2022 UGR standard inf\u00e9rieur \u00e0 19<br \/>\n\u2022 UGR inf\u00e9rieur \u00e0 16 en option<br \/>\n\u2022 Bo\u00eetier en acier<br \/>\n\u2022 Rev\u00eatement par poudre durable<br \/>\n\u2022 Fabriqu\u00e9 sur mesure pour chaque syst\u00e8me de plafond  <\/p>\n<p><strong>Options sur mesure<\/strong><\/p>\n<p>\u2022 Dimensions<br \/>\n\u2022 Ouvertures pour capteurs<br \/>\n\u2022 Ventilation du pl\u00e9num<br \/>\n\u2022 Couleur<br \/>\n\u2022 Degr\u00e9 de r\u00e9flexion  <\/p>\n<p>Gr\u00e2ce \u00e0 son rendement \u00e9lev\u00e9, son faible \u00e9blouissement et son aspect architectural, Metronome-M Square convient parfaitement aux bureaux, aux \u00e9tablissements denseignement et aux environnements de sant\u00e9 o\u00f9 la qualit\u00e9 de la lumi\u00e8re et le design se rencontrent.[\/vc_column_text][\/vc_column][\/vc_row]\n","protected":false},"excerpt":{"rendered":"<p>Metronome-M square est un luminaire LED carr\u00e9 avec 32 lentilles encastr\u00e9es situ\u00e9es derri\u00e8re une grille en forme de trame. Ce luminaire innovant offre un \u00e9clairage efficace et ajoute de l&#8217;\u00e9l\u00e9gance \u00e0 tout environnement architectural. Les clients peuvent choisir entre deux optiques diff\u00e9rentes : la UGR19 standard ou la UGR16. Les luminaires sont fabriqu\u00e9s en acier thermolaqu\u00e9 et sont r\u00e9alis\u00e9s sur mesure pour chaque syst\u00e8me de plafond.   <\/p>\n<ul>\n<li>Conception architecturale avec 32 optiques<\/li>\n<li>Choix entre optiques UGR&lt; 19 et UGR&lt; 16<\/li>\n<li>Grille en noir mat et blanc mat<\/li>\n<li>Design plat pour faibles profondeurs de plafond<\/li>\n<\/ul>\n<div><strong>T\u00e9l\u00e9chargements<\/strong><\/div>\n<div><\/div>\n<div>[button size=\"small\" style=\"is-outline primary\" text=\"Photom\u00e9trie Metronome square\" link=\"https:\/\/atomis.nl\/downloads\/Photometrics-Metronome-square.zip\" target=\"_blank\"]<\/div>\n<div><\/div>\n<div><\/div>\n","protected":false},"featured_media":48732,"template":"","meta":[],"product_brand":[],"product_cat":[14310],"product_tag":[14784],"class_list":{"0":"post-88481","1":"product","2":"type-product","3":"status-publish","4":"has-post-thumbnail","6":"product_cat-luminaires-encastres-et-poses","7":"product_tag-metronome","8":"pa_air-extraction-facultatif","9":"pa_armatuurefficientie-140lm-w","10":"pa_bevestiging-encastre","11":"pa_breedte-595mm-nl","12":"pa_cie-flux-code-93-100-100-100-100-nl","13":"pa_driver-positie-driver-led-externe","14":"pa_driver-positie-fixe-au-luminaire","15":"pa_energielabel-a","16":"pa_familie-metronome","17":"pa_fotobiologische-veiligheid-cei-62471-rg1-faible-risque","18":"pa_glare-ugr-14969","19":"pa_ip-class-ip20-dessus-ip40-dessous","20":"pa_isolatieklasse-classe-ii-nl","21":"pa_kleurconsistentiesdcm-sdcm3-nl-2","22":"pa_kleurtemperatuur-2700k","23":"pa_kleurtemperatuur-3000k","24":"pa_kleurtemperatuur-3500k","25":"pa_kleurtemperatuur-4000k","26":"pa_kleurtemperatuur-blanc-accordable","27":"pa_kleurweergaveindex-cri-cri80","28":"pa_kleurweergaveindex-cri-cri90","29":"pa_lengte-595mm-fr","30":"pa_lichtregeling-optionelle","31":"pa_lichtregeling-gradation-1-10-v","32":"pa_lichtregeling-gradation-casambi","33":"pa_lichtregeling-gradation-dali","34":"pa_materiaal-acier","35":"pa_materiaal-acrylique","36":"pa_noodverlichting-autonomie-de-secours-de-1-heure","37":"pa_noodverlichting-optionelle","38":"pa_noodverlichting-autonomie-optionnelle-de-1-heure-avec-autotest","39":"pa_omgevingstemperatuur-20c-40c-nl-2","40":"pa_optiek-lens-and-louver-nl","41":"pa_orientatie-vers-le-bas","42":"pa_packaging-dimensions-emballage-en-vrac","43":"pa_powerfactor-15205","44":"pa_primaire-aansluitingen-bst-14i2","45":"pa_primaire-aansluitingen-europlug","46":"pa_primaire-aansluitingen-gst18i3","47":"pa_primaire-aansluitingen-gst18i5-pastel-blue-nl-2","48":"pa_primaire-aansluitingen-sur-demande","49":"pa_primaire-aansluitingen-sur-le-driver","50":"pa_productkleur-sur-demande","51":"pa_producttoepassing-education","52":"pa_producttoepassing-espaces-publics","53":"pa_producttoepassing-hotellerie-restauration","54":"pa_producttoepassing-bureau","55":"pa_self-adhesive-dust-cover-optionnel","56":"pa_verwachte-levensduur-l90b5060000h-tq-25c","57":"pa_voltage-frequentie-220-240v-50-60hz","58":"pa_vorm-carre","60":"first","61":"instock","62":"shipping-taxable","63":"product-type-simple"},"_links":{"self":[{"href":"https:\/\/atomis.nl\/fr\/wp-json\/wp\/v2\/product\/88481","targetHints":{"allow":["GET"]}}],"collection":[{"href":"https:\/\/atomis.nl\/fr\/wp-json\/wp\/v2\/product"}],"about":[{"href":"https:\/\/atomis.nl\/fr\/wp-json\/wp\/v2\/types\/product"}],"wp:featuredmedia":[{"embeddable":true,"href":"https:\/\/atomis.nl\/fr\/wp-json\/wp\/v2\/media\/48732"}],"wp:attachment":[{"href":"https:\/\/atomis.nl\/fr\/wp-json\/wp\/v2\/media?parent=88481"}],"wp:term":[{"taxonomy":"product_brand","embeddable":true,"href":"https:\/\/atomis.nl\/fr\/wp-json\/wp\/v2\/product_brand?post=88481"},{"taxonomy":"product_cat","embeddable":true,"href":"https:\/\/atomis.nl\/fr\/wp-json\/wp\/v2\/product_cat?post=88481"},{"taxonomy":"product_tag","embeddable":true,"href":"https:\/\/atomis.nl\/fr\/wp-json\/wp\/v2\/product_tag?post=88481"}],"curies":[{"name":"wp","href":"https:\/\/api.w.org\/{rel}","templated":true}]}}