{"id":88487,"date":"2022-04-29T13:42:49","date_gmt":"2022-04-29T13:42:49","guid":{"rendered":"https:\/\/atomis.nl\/product\/metronome-s-black\/"},"modified":"2026-03-19T10:56:38","modified_gmt":"2026-03-19T10:56:38","slug":"metronome-s-black","status":"publish","type":"product","link":"https:\/\/atomis.nl\/fr\/produits\/metronome-s-black\/","title":{"rendered":"Metronome-S black"},"content":{"rendered":"[vc_row type=&#8221;in_container&#8221; full_screen_row_position=&#8221;middle&#8221; column_margin=&#8221;default&#8221; column_direction=&#8221;default&#8221; column_direction_tablet=&#8221;default&#8221; column_direction_phone=&#8221;default&#8221; scene_position=&#8221;center&#8221; text_color=&#8221;dark&#8221; text_align=&#8221;left&#8221; row_border_radius=&#8221;none&#8221; row_border_radius_applies=&#8221;bg&#8221; row_position_desktop=&#8221;default&#8221; row_position_tablet=&#8221;inherit&#8221; row_position_phone=&#8221;inherit&#8221; overflow=&#8221;visible&#8221; overlay_strength=&#8221;0.3&#8243; gradient_direction=&#8221;left_to_right&#8221; shape_divider_position=&#8221;bottom&#8221; bg_image_animation=&#8221;none&#8221;][vc_column column_padding=&#8221;no-extra-padding&#8221; column_padding_tablet=&#8221;inherit&#8221; column_padding_phone=&#8221;inherit&#8221; column_padding_position=&#8221;all&#8221; flex_gap_desktop=&#8221;10px&#8221; column_element_direction_desktop=&#8221;default&#8221; column_element_spacing=&#8221;default&#8221; desktop_text_alignment=&#8221;default&#8221; tablet_text_alignment=&#8221;default&#8221; phone_text_alignment=&#8221;default&#8221; background_color_opacity=&#8221;1&#8243; background_hover_color_opacity=&#8221;1&#8243; column_backdrop_filter=&#8221;none&#8221; column_shadow=&#8221;none&#8221; column_border_radius=&#8221;none&#8221; column_link_target=&#8221;_self&#8221; column_position=&#8221;default&#8221; gradient_direction=&#8221;left_to_right&#8221; overlay_strength=&#8221;0.3&#8243; width=&#8221;1\/1&#8243; tablet_width_inherit=&#8221;default&#8221; animation_type=&#8221;default&#8221; bg_image_animation=&#8221;none&#8221; border_type=&#8221;simple&#8221; column_border_width=&#8221;none&#8221; column_border_style=&#8221;solid&#8221;][vc_column_text css=&#8221;&#8221; text_direction=&#8221;default&#8221;]\n<p class=\"p1\">Metronome-S black est un luminaire LED lin\u00e9aire suspendu, \u00e9quip\u00e9 de 28 ou 36 lentilles plac\u00e9es en retrait derri\u00e8re une grille en forme de trame. Le luminaire constitue une solution d&#8217;\u00e9clairage innovante pour un \u00e9clairage de t\u00e2che efficace et confortable dans les environnements de bureau. <\/p>\n<p class=\"p1\">Gr\u00e2ce \u00e0 l&#8217;utilisation d&#8217;optiques de haute qualit\u00e9, Metronome-S black offre une r\u00e9partition lumineuse tr\u00e8s contr\u00f4l\u00e9e et un confort visuel \u00e9lev\u00e9. Le luminaire est \u00e9quip\u00e9 en standard d&#8217;optiques avec un UGR inf\u00e9rieur \u00e0 19. Pour les environnements avec des exigences plus \u00e9lev\u00e9es en mati\u00e8re de limitation de l&#8217;\u00e9blouissement, une version avec UGR inf\u00e9rieur \u00e0 16 est disponible.  <\/p>\n<p class=\"p1\">Les luminaires sont fabriqu\u00e9s en acier et finis d\u00e9coratifs avec un rev\u00eatement structur\u00e9 noir, ce qui assure un aspect robuste et haut de gamme. L&#8217;optique se situe par d\u00e9faut en partie basse du luminaire. Des versions avec \u00e9clairage direct et indirect sont \u00e9galement disponibles, o\u00f9 la lumi\u00e8re est diffus\u00e9e \u00e0 la fois vers le bas et vers le haut.  <\/p>\n<p class=\"p1\">Gr\u00e2ce au rendement \u00e9lev\u00e9 et \u00e0 la r\u00e9partition lumineuse optimale avec un faible \u00e9blouissement, Metronome-S black convient \u00e0 diverses applications professionnelles.<\/p>\n<p class=\"p1\"><strong>Caract\u00e9ristiques principales<\/strong><\/p>\n<ul>\n<li class=\"p1\">Luminaire suspendu lin\u00e9aire \u00e0 LED<\/li>\n<li class=\"p1\">Lentilles encastr\u00e9es derri\u00e8re grille en forme de trame<\/li>\n<li class=\"p1\">Version avec 28 ou 36 lentilles<\/li>\n<li class=\"p1\">Distribution de la lumi\u00e8re tr\u00e8s contr\u00f4l\u00e9e<\/li>\n<li class=\"p1\">Confort visuel \u00e9lev\u00e9<\/li>\n<li class=\"p1\">UGR inf\u00e9rieur \u00e0 19 en standard<\/li>\n<li class=\"p1\">UGR inf\u00e9rieur \u00e0 16 en option<\/li>\n<li class=\"p1\">Bo\u00eetier en acier<\/li>\n<li class=\"p1\">Rev\u00eatement structur\u00e9 d\u00e9coratif noir<\/li>\n<li class=\"p1\">Optique standard en partie basse<\/li>\n<li class=\"p1\">\u00c9galement disponible avec \u00e9clairage direct et indirect<\/li>\n<\/ul>\n<p class=\"p1\">Gr\u00e2ce \u00e0 la combinaison d&#8217;une efficacit\u00e9 \u00e9lev\u00e9e, d&#8217;un faible \u00e9blouissement et d&#8217;une esth\u00e9tique architecturale, Metronome-S black est une excellente solution d&#8217;\u00e9clairage pour les bureaux, \u00e9tablissements d&#8217;enseignement et \u00e9tablissements de soins o\u00f9 qualit\u00e9 lumineuse et design se rencontrent.<\/p>\n[\/vc_column_text][\/vc_column][\/vc_row]\n","protected":false},"excerpt":{"rendered":"<p>Metronome-S black est un luminaire suspendu  LED linaire quip de 36 ou 28 lentilles, encastres derrire une grille de dfilement. Loptique est situe par dfaut sur la partie infrieure et des versions avec clairage direct et indirect (UP\/DOWN) sont galement disponibles. Un choix peut tre fait entre les optiques 19 (standard) et 16  <\/p>\n<ul>\n<li>Esth\u00e9tique architecturale avec 36 ou 28 optiques<\/li>\n<li>Choix entre optiques UGR 19 et UGR 16<\/li>\n<li>Finition grille blanche ou noire<\/li>\n<li>Des versions avec \u00e9clairage direct et indirect (UP\/DOWN) sont disponibles<\/li>\n<\/ul>\n<div><strong>T\u00e9l\u00e9chargements<\/strong><\/div>\n<div><\/div>\n<div>[button size=\"small\" style=\"is-outline primary\" text=\"Photom\u00e9trie Metronome-S\" link=\"https:\/\/atomis.nl\/downloads\/Photometrics-Metronome-S.zip\" target=\"_blank\"]<\/div>\n<div><\/div>\n<div><\/div>\n","protected":false},"featured_media":35598,"template":"","meta":[],"product_brand":[],"product_cat":[14501],"product_tag":[14784],"class_list":{"0":"post-88487","1":"product","2":"type-product","3":"status-publish","4":"has-post-thumbnail","6":"product_cat-luminaires-suspendus","7":"product_tag-metronome","8":"pa_air-extraction-n-v-t","9":"pa_armatuurefficientie-140lm-w","10":"pa_bevestiging-suspension","11":"pa_breedte-50mm-nl","12":"pa_cie-flux-code-93-100-100-100-100-nl","13":"pa_driver-positie-integre","14":"pa_energielabel-a","15":"pa_familie-metronome","16":"pa_fotobiologische-veiligheid-cei-62471-rg1-faible-risque","17":"pa_glare-ugr-14969","18":"pa_ip-class-ip20-dessus-ip40-dessous","19":"pa_isolatieklasse-classe-i-nl","20":"pa_isolatieklasse-classe-ii-nl","21":"pa_kleurconsistentiesdcm-sdcm3-nl-2","22":"pa_kleurtemperatuur-2700k","23":"pa_kleurtemperatuur-3000k","24":"pa_kleurtemperatuur-3500k","25":"pa_kleurtemperatuur-4000k","26":"pa_kleurtemperatuur-blanc-accordable","27":"pa_kleurweergaveindex-cri-cri80","28":"pa_kleurweergaveindex-cri-cri90","29":"pa_lichtregeling-optionelle","30":"pa_lichtregeling-gradation-1-10-v","31":"pa_lichtregeling-gradation-casambi","32":"pa_lichtregeling-gradation-dali","33":"pa_materiaal-acier","34":"pa_materiaal-acrylique","35":"pa_noodverlichting-autonomie-de-secours-de-1-heure","36":"pa_noodverlichting-optionelle","37":"pa_noodverlichting-autonomie-optionnelle-de-1-heure-avec-autotest","38":"pa_omgevingstemperatuur-20c-40c-nl-2","39":"pa_optiek-lens-and-louver-nl","40":"pa_orientatie-vers-le-haut-et-vers-le-bas","41":"pa_orientatie-vers-le-bas","42":"pa_packaging-dimensions-emballage-en-vrac","43":"pa_powerfactor-15205","44":"pa_primaire-aansluitingen-kabel","45":"pa_primaire-aansluitingen-sur-demande","46":"pa_primaire-aansluitingen-sur-le-driver","47":"pa_productkleur-sur-demande","48":"pa_producttoepassing-education","49":"pa_producttoepassing-espaces-publics","50":"pa_producttoepassing-hotellerie-restauration","51":"pa_producttoepassing-bureau","52":"pa_self-adhesive-dust-cover-optionnel","53":"pa_verwachte-levensduur-l90b5060000h-tq-25c","54":"pa_voltage-frequentie-220-240v-50-60hz","55":"pa_vorm-rectangular-nl","57":"first","58":"instock","59":"shipping-taxable","60":"product-type-simple"},"_links":{"self":[{"href":"https:\/\/atomis.nl\/fr\/wp-json\/wp\/v2\/product\/88487","targetHints":{"allow":["GET"]}}],"collection":[{"href":"https:\/\/atomis.nl\/fr\/wp-json\/wp\/v2\/product"}],"about":[{"href":"https:\/\/atomis.nl\/fr\/wp-json\/wp\/v2\/types\/product"}],"wp:featuredmedia":[{"embeddable":true,"href":"https:\/\/atomis.nl\/fr\/wp-json\/wp\/v2\/media\/35598"}],"wp:attachment":[{"href":"https:\/\/atomis.nl\/fr\/wp-json\/wp\/v2\/media?parent=88487"}],"wp:term":[{"taxonomy":"product_brand","embeddable":true,"href":"https:\/\/atomis.nl\/fr\/wp-json\/wp\/v2\/product_brand?post=88487"},{"taxonomy":"product_cat","embeddable":true,"href":"https:\/\/atomis.nl\/fr\/wp-json\/wp\/v2\/product_cat?post=88487"},{"taxonomy":"product_tag","embeddable":true,"href":"https:\/\/atomis.nl\/fr\/wp-json\/wp\/v2\/product_tag?post=88487"}],"curies":[{"name":"wp","href":"https:\/\/api.w.org\/{rel}","templated":true}]}}