{"id":88488,"date":"2022-04-15T08:59:35","date_gmt":"2022-04-15T08:59:35","guid":{"rendered":"https:\/\/atomis.nl\/product\/zumo-100-vario-noir\/"},"modified":"2026-03-30T07:29:19","modified_gmt":"2026-03-30T07:29:19","slug":"zumo-100-vario-noir","status":"publish","type":"product","link":"https:\/\/atomis.nl\/fr\/produits\/zumo-100-vario-noir\/","title":{"rendered":"Zumo 100 Vario noir"},"content":{"rendered":"[vc_row type=&#8221;in_container&#8221; full_screen_row_position=&#8221;middle&#8221; column_margin=&#8221;default&#8221; column_direction=&#8221;default&#8221; column_direction_tablet=&#8221;default&#8221; column_direction_phone=&#8221;default&#8221; scene_position=&#8221;center&#8221; text_color=&#8221;dark&#8221; text_align=&#8221;left&#8221; row_border_radius=&#8221;none&#8221; row_border_radius_applies=&#8221;bg&#8221; row_position_desktop=&#8221;default&#8221; row_position_tablet=&#8221;inherit&#8221; row_position_phone=&#8221;inherit&#8221; overflow=&#8221;visible&#8221; overlay_strength=&#8221;0.3&#8243; gradient_direction=&#8221;left_to_right&#8221; shape_divider_position=&#8221;bottom&#8221; bg_image_animation=&#8221;none&#8221;][vc_column column_padding=&#8221;no-extra-padding&#8221; column_padding_tablet=&#8221;inherit&#8221; column_padding_phone=&#8221;inherit&#8221; column_padding_position=&#8221;all&#8221; flex_gap_desktop=&#8221;10px&#8221; column_element_direction_desktop=&#8221;default&#8221; column_element_spacing=&#8221;default&#8221; desktop_text_alignment=&#8221;default&#8221; tablet_text_alignment=&#8221;default&#8221; phone_text_alignment=&#8221;default&#8221; background_color_opacity=&#8221;1&#8243; background_hover_color_opacity=&#8221;1&#8243; column_backdrop_filter=&#8221;none&#8221; column_shadow=&#8221;none&#8221; column_border_radius=&#8221;none&#8221; column_link_target=&#8221;_self&#8221; column_position=&#8221;default&#8221; gradient_direction=&#8221;left_to_right&#8221; overlay_strength=&#8221;0.3&#8243; width=&#8221;1\/1&#8243; tablet_width_inherit=&#8221;default&#8221; animation_type=&#8221;default&#8221; bg_image_animation=&#8221;none&#8221; border_type=&#8221;simple&#8221; column_border_width=&#8221;none&#8221; column_border_style=&#8221;solid&#8221;][vc_column_text css=&#8221;&#8221; text_direction=&#8221;default&#8221;]\n<p class=\"p1\">Zumo 100 Vario est un spot LED zoomable pour rails de tension de ligne standard, con\u00e7u pour les applications o\u00f9 une flexibilit\u00e9 maximale et une qualit\u00e9 de lumi\u00e8re exceptionnelle sont requises. Le luminaire est id\u00e9al pour accentuer les objets et les pr\u00e9sentations dans des environnements haut de gamme. <\/p>\n<p class=\"p1\">Le spot est \u00e9quip\u00e9 d&#8217;une LED puissante avec un indice de rendu des couleurs tr\u00e8s \u00e9lev\u00e9, sup\u00e9rieur \u00e0 97. Cela permet de reproduire les couleurs de mani\u00e8re extr\u00eamement fid\u00e8le, ce qui est essentiel pour les applications dans les galeries, les mus\u00e9es et les expositions d&#8217;art. <\/p>\n<p class=\"p1\">Le bo\u00eetier est fabriqu\u00e9 en aluminium moul\u00e9 et extrud\u00e9 et fini de mani\u00e8re d\u00e9corative avec un rev\u00eatement de structure noir mat. Le corps de la lampe pivote \u00e0 90 degr\u00e9s et peut \u00eatre tourn\u00e9 \u00e0 355 degr\u00e9s sur l&#8217;adaptateur de rail, ce qui assure une libert\u00e9 d&#8217;orientation maximale. <\/p>\n<p class=\"p1\">Le faisceau lumineux peut \u00eatre r\u00e9gl\u00e9 en continu d&#8217;un spot \u00e9troit de 12 degr\u00e9s \u00e0 un large flood de 55 degr\u00e9s en tournant simplement la lentille zoom. La lentille de collimation est fabriqu\u00e9e en polym\u00e8re optique et offre un rendement lumineux \u00e9lev\u00e9 de plus de 88 %. <\/p>\n<p class=\"p1\">Un driver \u00e0 courant constant efficace avec correction du facteur de puissance est int\u00e9gr\u00e9 dans la base ou dans le corps de la lampe. Le niveau de gradation peut \u00eatre r\u00e9gl\u00e9 individuellement via DALI, Casambi bluetooth ou directement sur le corps de la lampe avec un bouton rotatif. Cela permet une gradation sans scintillement de 3 \u00e0 100 pour cent, ou de 0,1 \u00e0 100 pour cent pour la version 1 \u00e0 10 volts, conform\u00e9ment \u00e0 la directive IEEE 1789.  <\/p>\n<p class=\"p1\">Zumo 100 Vario est sp\u00e9cialement con\u00e7u pour les applications professionnelles o\u00f9 la pr\u00e9cision, la flexibilit\u00e9 et la qualit\u00e9 de la lumi\u00e8re sont essentielles.<\/p>\n<p class=\"p1\"><strong>Caract\u00e9ristiques principales<\/strong><\/p>\n<ul>\n<li class=\"p1\">Spot LED zoomable pour rails de tension de ligne<\/li>\n<li class=\"p1\">Faisceau r\u00e9glable en continu de 12 \u00e0 55 degr\u00e9s<\/li>\n<li class=\"p1\">LED puissante avec IRC sup\u00e9rieur \u00e0 97<\/li>\n<li class=\"p1\">Lentille de collimation en polym\u00e8re optique<\/li>\n<li class=\"p1\">Rendement lumineux sup\u00e9rieur \u00e0 88 pour cent<\/li>\n<li class=\"p1\">Corps de la lampe pivotant \u00e0 90 degr\u00e9s<\/li>\n<li class=\"p1\">Adaptateur pivotant \u00e0 355 degr\u00e9s<\/li>\n<li class=\"p1\">Bo\u00eetier en aluminium moul\u00e9 et extrud\u00e9<\/li>\n<li class=\"p1\">Rev\u00eatement de structure noir mat<\/li>\n<li class=\"p1\">Driver int\u00e9gr\u00e9 avec correction du facteur de puissance<\/li>\n<li class=\"p1\">Dimmable DALI<\/li>\n<li class=\"p1\">Bluetooth Casambi<\/li>\n<li class=\"p1\">Commande directe via un bouton rotatif<\/li>\n<li class=\"p1\">Gradation sans scintillement selon IEEE 1789<\/li>\n<li class=\"p1\">Zumo 100 Vario est donc une solution d&#8217;\u00e9clairage extr\u00eamement pr\u00e9cise et flexible pour les galeries, les mus\u00e9es et autres environnements o\u00f9 l&#8217;art et les objets doivent \u00eatre mis en valeur de mani\u00e8re optimale.<\/li>\n<\/ul>\n[\/vc_column_text][\/vc_column][\/vc_row]\n","protected":false},"excerpt":{"rendered":"<p>Zumo 100 Vario est un spot LED zoomable pour <span class=\"s1\">rails d\u2019alimentation secteur<\/span> standards. Le spot dispose dune LED puissante avec un indice de rendu des couleurs \u00e9lev\u00e9 (IRC  97). T<span class=\"s1\">Le faisceau lumineux peut \u00eatre ajust\u00e9 en continu de 12\u00b0 (spot) \u00e0 55\u00b0 (large flood) en tournant simplement la lentille zoom. Les spots Zumo 100 Vario sont particuli\u00e8rement adapt\u00e9s \u00e0 l&#8217;\u00e9clairage de galeries, de mus\u00e9es et d&#8217;expositions d&#8217;art. <\/span><\/p>\n<ul>\n<li class=\"p1\"><span class=\"s1\">Peut \u00eatre appliqu\u00e9 sur des rails haute tension standard<\/span><\/li>\n<li><span class=\"s1\">Indice de rendu des couleurs \u00e9lev\u00e9 (IRC  97)<\/span><\/li>\n<li><span class=\"s1\">Faisceau lumineux r\u00e9glable en continu de 12\u00b0 spot \u00e0 55\u00b0 wide flood<\/span><\/li>\n<li>Gradation sans effet stroboscopique (<span class=\"s1\">selon IEEE 1789) sur le spot<\/span><\/li>\n<li>Particuli\u00e8rement adapt\u00e9 \u00e0 l&#8217;\u00e9clairage des galeries, des mus\u00e9es et des <span class=\"s1\">salles d&#8217;exposition<\/span><\/li>\n<\/ul>\n<div>\n<div><strong>T\u00e9l\u00e9chargements<\/strong><\/div>\n<div><\/div>\n<div>[button size=\"small\" style=\"is-outline primary\" text=\"Photom\u00e9trie Zumo 100 Vario\" link=\"https:\/\/atomis.nl\/downloads\/Photometrics-Zumo-100-Vario.zip\" target=\"_blank\"]<\/div>\n<div><\/div>\n<div><\/div>\n<\/div>\n","protected":false},"featured_media":33365,"template":"","meta":[],"product_brand":[],"product_cat":[795],"product_tag":[14290],"class_list":{"0":"post-88488","1":"product","2":"type-product","3":"status-publish","4":"has-post-thumbnail","6":"product_cat-rail-track-armaturen","7":"product_tag-zumo","8":"pa_air-extraction-n-v-t","9":"pa_ansi-ies-tm-30-18-erkend","10":"pa_armatuurefficientie-60-lmw","11":"pa_bevestiging-rail","12":"pa_cie-flux-code-93-100-100-100-100-nl","13":"pa_driver-positie-integrated-nl","14":"pa_energielabel-a","15":"pa_familie-zumo","16":"pa_fotobiologische-veiligheid-iec-62471-rg1-low-risk-nl","17":"pa_glare-ugr-n-v-t","18":"pa_ip-class-ip20-top-ip40-bottom-nl-2","19":"pa_isolatieklasse-class-i-nl","20":"pa_kleurconsistentiesdcm-sdcm2","21":"pa_kleurtemperatuur-2700k","22":"pa_kleurtemperatuur-3000k","23":"pa_kleurtemperatuur-3500k","24":"pa_kleurtemperatuur-4000k","25":"pa_kleurtemperatuur-blanc-accordable","26":"pa_kleurweergaveindex-cri-cri97-nl-2","27":"pa_lichtregeling-optioneel","28":"pa_lichtregeling-dimmed-1-10v-nl-2","29":"pa_lichtregeling-casambi-gedimd","30":"pa_lichtregeling-dimmed-dali-nl-2","31":"pa_materiaal-acrylate-nl","32":"pa_materiaal-aluminium","33":"pa_noodverlichting-n-v-t","34":"pa_omgevingstemperatuur-20c-40c-nl-2","35":"pa_optiek-zoomlens","36":"pa_orientatie-richtbaar","37":"pa_packaging-dimensions-bulkverpakking","38":"pa_powerfactor-15191","39":"pa_primaire-aansluitingen-circuit-track","40":"pa_primaire-aansluitingen-op-aanvraag","41":"pa_productkleur-op-aanvraag","42":"pa_producttoepassing-onderwijs","43":"pa_producttoepassing-expositieruimtes","44":"pa_producttoepassing-openbare-ruimtes","45":"pa_producttoepassing-horeca","46":"pa_producttoepassing-kantoren","47":"pa_producttoepassing-retail","48":"pa_self-adhesive-dust-cover-optional-nl","49":"pa_spot-bundle-fwhm-10-50-nl","50":"pa_verwachte-levensduur-l90b5060000h-tq-25c","51":"pa_voltage-frequentie-220-240v-50-60hz","52":"pa_vorm-round-nl","54":"first","55":"instock","56":"shipping-taxable","57":"product-type-simple"},"_links":{"self":[{"href":"https:\/\/atomis.nl\/fr\/wp-json\/wp\/v2\/product\/88488","targetHints":{"allow":["GET"]}}],"collection":[{"href":"https:\/\/atomis.nl\/fr\/wp-json\/wp\/v2\/product"}],"about":[{"href":"https:\/\/atomis.nl\/fr\/wp-json\/wp\/v2\/types\/product"}],"wp:featuredmedia":[{"embeddable":true,"href":"https:\/\/atomis.nl\/fr\/wp-json\/wp\/v2\/media\/33365"}],"wp:attachment":[{"href":"https:\/\/atomis.nl\/fr\/wp-json\/wp\/v2\/media?parent=88488"}],"wp:term":[{"taxonomy":"product_brand","embeddable":true,"href":"https:\/\/atomis.nl\/fr\/wp-json\/wp\/v2\/product_brand?post=88488"},{"taxonomy":"product_cat","embeddable":true,"href":"https:\/\/atomis.nl\/fr\/wp-json\/wp\/v2\/product_cat?post=88488"},{"taxonomy":"product_tag","embeddable":true,"href":"https:\/\/atomis.nl\/fr\/wp-json\/wp\/v2\/product_tag?post=88488"}],"curies":[{"name":"wp","href":"https:\/\/api.w.org\/{rel}","templated":true}]}}