{"id":88501,"date":"2023-09-14T09:38:35","date_gmt":"2023-09-14T09:38:35","guid":{"rendered":"https:\/\/atomis.nl\/product\/spot-zumo-contour\/"},"modified":"2026-03-19T10:59:02","modified_gmt":"2026-03-19T10:59:02","slug":"spot-zumo-contour","status":"publish","type":"product","link":"https:\/\/atomis.nl\/fr\/produits\/spot-zumo-contour\/","title":{"rendered":"Spot Zumo Contour"},"content":{"rendered":"[vc_row type=&#8221;in_container&#8221; full_screen_row_position=&#8221;middle&#8221; column_margin=&#8221;default&#8221; column_direction=&#8221;default&#8221; column_direction_tablet=&#8221;default&#8221; column_direction_phone=&#8221;default&#8221; scene_position=&#8221;center&#8221; text_color=&#8221;dark&#8221; text_align=&#8221;left&#8221; row_border_radius=&#8221;none&#8221; row_border_radius_applies=&#8221;bg&#8221; row_position_desktop=&#8221;default&#8221; row_position_tablet=&#8221;inherit&#8221; row_position_phone=&#8221;inherit&#8221; overflow=&#8221;visible&#8221; overlay_strength=&#8221;0.3&#8243; gradient_direction=&#8221;left_to_right&#8221; shape_divider_position=&#8221;bottom&#8221; bg_image_animation=&#8221;none&#8221;][vc_column column_padding=&#8221;no-extra-padding&#8221; column_padding_tablet=&#8221;inherit&#8221; column_padding_phone=&#8221;inherit&#8221; column_padding_position=&#8221;all&#8221; flex_gap_desktop=&#8221;10px&#8221; column_element_direction_desktop=&#8221;default&#8221; column_element_spacing=&#8221;default&#8221; desktop_text_alignment=&#8221;default&#8221; tablet_text_alignment=&#8221;default&#8221; phone_text_alignment=&#8221;default&#8221; background_color_opacity=&#8221;1&#8243; background_hover_color_opacity=&#8221;1&#8243; column_backdrop_filter=&#8221;none&#8221; column_shadow=&#8221;none&#8221; column_border_radius=&#8221;none&#8221; column_link_target=&#8221;_self&#8221; column_position=&#8221;default&#8221; gradient_direction=&#8221;left_to_right&#8221; overlay_strength=&#8221;0.3&#8243; width=&#8221;1\/1&#8243; tablet_width_inherit=&#8221;default&#8221; animation_type=&#8221;default&#8221; bg_image_animation=&#8221;none&#8221; border_type=&#8221;simple&#8221; column_border_width=&#8221;none&#8221; column_border_style=&#8221;solid&#8221;][vc_column_text css_animation=&#8221;bounceIn&#8221; css=&#8221;&#8221; text_direction=&#8221;default&#8221;]Zumo Contour Spot est un projecteur LED sur rail haut de gamme, compl\u00e9tant parfaitement la gamme Zumo Vario. Con\u00e7u pour les syst\u00e8mes de rails triphas\u00e9s standard, ce luminaire allie pr\u00e9cision extr\u00eame et esth\u00e9tique raffin\u00e9e. Il est id\u00e9al pour les environnements exigeant un \u00e9clairage pr\u00e9cis et de haute qualit\u00e9.  <\/p>\n<p>Le Contour Spot offre d&#8217;excellentes performances pour l&#8217;\u00e9clairage d&#8217;objets et de pr\u00e9sentations. Le luminaire est id\u00e9al pour des applications telles que les mus\u00e9es, galeries et environnements de vente au d\u00e9tail exclusifs, o\u00f9 la lumi\u00e8re joue un r\u00f4le d\u00e9terminant dans l&#8217;exp\u00e9rience et la pr\u00e9sentation. <\/p>\n<p>Au c\u0153ur du Zumo Contour Spot se trouve une LED puissante avec un indice de rendu des couleurs sup\u00e9rieur \u00e0 97. Cela garantit des couleurs vives et naturelles ainsi quune pr\u00e9sentation optimale des \u0153uvres dart et des objets. Le bo\u00eetier est fabriqu\u00e9 en aluminium moul\u00e9 sous pression et extrud\u00e9 durable, avec une finition en blanc mat ou noir mat.  <\/p>\n<p>Le projecteur de contour int\u00e9gr\u00e9 permet de fa\u00e7onner la lumi\u00e8re avec une tr\u00e8s grande pr\u00e9cision. Il permet de projeter des formes lumineuses carr\u00e9es, rectangulaires ou quadrilat\u00e9rales irr\u00e9guli\u00e8res nettes, cr\u00e9ant ainsi un contr\u00f4le total sur la composition lumineuse et l&#8217;accent visuel. <\/p>\n<p>Pour une flexibilit\u00e9 maximale, le Zumo Contour Spot propose plusieurs options de gradation. Le luminaire est disponible avec gradation DALI, Casambi Bluetooth ou commande directe via un bouton rotatif int\u00e9gr\u00e9. Lintensit\u00e9 lumineuse peut ainsi \u00eatre facilement ajust\u00e9e selon lambiance ou lapplication souhait\u00e9e.  <\/p>\n<p>Le Contour Spot LED est d\u00e9velopp\u00e9 pour les espaces o\u00f9 qualit\u00e9 artistique et perfection technique se rencontrent. La possibilit\u00e9 de d\u00e9finir des formes lumineuses aux contours ultra-nets donne aux concepteurs, architectes et conservateurs une libert\u00e9 totale dans la cr\u00e9ation de la lumi\u00e8re. <\/p>\n<p><strong>Caract\u00e9ristiques principales<\/strong><\/p>\n<p>\u2022 Projecteur LED pour rails triphas\u00e9s<br \/>\n\u2022 Projecteur de contour pour un modelage pr\u00e9cis de la lumi\u00e8re<br \/>\n\u2022 Adapt\u00e9 aux formes lumineuses carr\u00e9es, rectangulaires et libres<br \/>\n\u2022 Indice de rendu des couleurs sup\u00e9rieur \u00e0 97<br \/>\n\u2022 Source lumineuse LED de haute qualit\u00e9<br \/>\n\u2022 Bo\u00eetier en aluminium moul\u00e9 sous pression et extrud\u00e9<br \/>\n\u2022 Finition en blanc mat ou noir mat<br \/>\n\u2022 Gradation DALI<br \/>\n\u2022 Casambi Bluetooth<br \/>\n\u2022 Commande directe via bouton rotatif int\u00e9gr\u00e9<br \/>\n\u2022 Con\u00e7u pour les mus\u00e9es, galeries et commerces haut de gamme <\/p>\n<p>Le Zumo Contour Spot LED offre une combinaison exceptionnelle de pr\u00e9cision, de flexibilit\u00e9 et desth\u00e9tique, constituant une solution d\u00e9clairage haut de gamme pour les projets privil\u00e9giant la qualit\u00e9 de la lumi\u00e8re et la libert\u00e9 de forme.[\/vc_column_text][\/vc_column][\/vc_row]\n","protected":false},"excerpt":{"rendered":"<p>Le spot Zumo Contour est un spot LED avec projecteur de contour, adapt\u00e9 aux rails triphas\u00e9s standard. Le spot dispose dune LED puissante avec un indice de rendu des couleurs \u00e9lev\u00e9 (IRC  97).<\/p>\n<ul>\n<li class=\"p1\"><span class=\"s1\">Peut \u00eatre appliqu\u00e9 sur des rails haute tension standard<\/span><\/li>\n<li><span class=\"s1\">Indice de rendu des couleurs \u00e9lev\u00e9 (IRC  97)<\/span><\/li>\n<li>Gradation sans effet stroboscopique (<span class=\"s1\">selon IEEE 1789) sur le spot<\/span><\/li>\n<li>Particuli\u00e8rement adapt\u00e9 \u00e0 l&#8217;\u00e9clairage des galeries, des mus\u00e9es et des <span class=\"s1\">salles d&#8217;exposition<\/span><\/li>\n<\/ul>\n","protected":false},"featured_media":73054,"template":"","meta":[],"product_brand":[],"product_cat":[795],"product_tag":[14290],"class_list":{"0":"post-88501","1":"product","2":"type-product","3":"status-publish","4":"has-post-thumbnail","6":"product_cat-rail-track-armaturen","7":"product_tag-zumo","8":"pa_air-extraction-n-v-t","9":"pa_armatuurefficientie-35lm-w","10":"pa_bevestiging-rail","11":"pa_cie-flux-code-93-100-100-100-100-nl","12":"pa_driver-positie-integrated-nl","13":"pa_energielabel-a","14":"pa_familie-zumo","15":"pa_fotobiologische-veiligheid-iec-62471-rg1-low-risk-nl","16":"pa_glare-ugr-n-v-t","17":"pa_ip-class-ip20-top-ip40-bottom-nl-2","18":"pa_isolatieklasse-class-i-nl","19":"pa_kleurconsistentiesdcm-sdcm2","20":"pa_kleurtemperatuur-2700k","21":"pa_kleurtemperatuur-3000k","22":"pa_kleurtemperatuur-3500k","23":"pa_kleurtemperatuur-4000k","24":"pa_kleurtemperatuur-blanc-accordable","25":"pa_kleurweergaveindex-cri-cri97-nl-2","26":"pa_lichtregeling-optioneel","27":"pa_lichtregeling-dimmed-1-10v-nl-2","28":"pa_lichtregeling-casambi-gedimd","29":"pa_lichtregeling-dimmed-dali-nl-2","30":"pa_materiaal-acrylate-nl","31":"pa_materiaal-aluminium","32":"pa_noodverlichting-n-v-t","33":"pa_omgevingstemperatuur-20c-40c-nl-2","34":"pa_optiek-zoomlens","35":"pa_orientatie-richtbaar","36":"pa_packaging-dimensions-bulkverpakking","37":"pa_powerfactor-15191","38":"pa_primaire-aansluitingen-circuit-track","39":"pa_primaire-aansluitingen-op-aanvraag","40":"pa_productkleur-op-aanvraag","41":"pa_producttoepassing-onderwijs","42":"pa_producttoepassing-expositieruimtes","43":"pa_producttoepassing-openbare-ruimtes","44":"pa_producttoepassing-horeca","45":"pa_producttoepassing-kantoren","46":"pa_producttoepassing-retail","47":"pa_self-adhesive-dust-cover-optional-nl","48":"pa_verwachte-levensduur-l90b5060000h-tq-25c","49":"pa_voltage-frequentie-220-240v-50-60hz","50":"pa_vorm-round-nl","52":"first","53":"instock","54":"shipping-taxable","55":"product-type-simple"},"_links":{"self":[{"href":"https:\/\/atomis.nl\/fr\/wp-json\/wp\/v2\/product\/88501","targetHints":{"allow":["GET"]}}],"collection":[{"href":"https:\/\/atomis.nl\/fr\/wp-json\/wp\/v2\/product"}],"about":[{"href":"https:\/\/atomis.nl\/fr\/wp-json\/wp\/v2\/types\/product"}],"wp:featuredmedia":[{"embeddable":true,"href":"https:\/\/atomis.nl\/fr\/wp-json\/wp\/v2\/media\/73054"}],"wp:attachment":[{"href":"https:\/\/atomis.nl\/fr\/wp-json\/wp\/v2\/media?parent=88501"}],"wp:term":[{"taxonomy":"product_brand","embeddable":true,"href":"https:\/\/atomis.nl\/fr\/wp-json\/wp\/v2\/product_brand?post=88501"},{"taxonomy":"product_cat","embeddable":true,"href":"https:\/\/atomis.nl\/fr\/wp-json\/wp\/v2\/product_cat?post=88501"},{"taxonomy":"product_tag","embeddable":true,"href":"https:\/\/atomis.nl\/fr\/wp-json\/wp\/v2\/product_tag?post=88501"}],"curies":[{"name":"wp","href":"https:\/\/api.w.org\/{rel}","templated":true}]}}