{"id":88504,"date":"2021-09-29T11:24:30","date_gmt":"2021-09-29T11:24:30","guid":{"rendered":"https:\/\/atomis.nl\/product\/sirio-easy-klimaplus\/"},"modified":"2026-03-31T12:05:13","modified_gmt":"2026-03-31T12:05:13","slug":"sirio-easy-klimaplus","status":"publish","type":"product","link":"https:\/\/atomis.nl\/fr\/produits\/sirio-easy-klimaplus\/","title":{"rendered":"Sirio Easy-KlimaPlus\u00ae"},"content":{"rendered":"[vc_row type=&#8221;in_container&#8221; full_screen_row_position=&#8221;middle&#8221; column_margin=&#8221;default&#8221; column_direction=&#8221;default&#8221; column_direction_tablet=&#8221;default&#8221; column_direction_phone=&#8221;default&#8221; scene_position=&#8221;center&#8221; text_color=&#8221;dark&#8221; text_align=&#8221;left&#8221; row_border_radius=&#8221;none&#8221; row_border_radius_applies=&#8221;bg&#8221; row_position_desktop=&#8221;default&#8221; row_position_tablet=&#8221;inherit&#8221; row_position_phone=&#8221;inherit&#8221; overflow=&#8221;visible&#8221; overlay_strength=&#8221;0.3&#8243; gradient_direction=&#8221;left_to_right&#8221; shape_divider_position=&#8221;bottom&#8221; bg_image_animation=&#8221;none&#8221;][vc_column column_padding=&#8221;no-extra-padding&#8221; column_padding_tablet=&#8221;inherit&#8221; column_padding_phone=&#8221;inherit&#8221; column_padding_position=&#8221;all&#8221; flex_gap_desktop=&#8221;10px&#8221; column_element_direction_desktop=&#8221;default&#8221; column_element_spacing=&#8221;default&#8221; desktop_text_alignment=&#8221;default&#8221; tablet_text_alignment=&#8221;default&#8221; phone_text_alignment=&#8221;default&#8221; background_color_opacity=&#8221;1&#8243; background_hover_color_opacity=&#8221;1&#8243; column_backdrop_filter=&#8221;none&#8221; column_shadow=&#8221;none&#8221; column_border_radius=&#8221;none&#8221; column_link_target=&#8221;_self&#8221; column_position=&#8221;default&#8221; gradient_direction=&#8221;left_to_right&#8221; overlay_strength=&#8221;0.3&#8243; width=&#8221;1\/1&#8243; tablet_width_inherit=&#8221;default&#8221; animation_type=&#8221;default&#8221; bg_image_animation=&#8221;none&#8221; border_type=&#8221;simple&#8221; column_border_width=&#8221;none&#8221; column_border_style=&#8221;solid&#8221;][vc_column_text css=&#8221;&#8221; text_direction=&#8221;default&#8221;]\n<p class=\"p1\">Sirio Easy-KlimaPlus\u00ae est un luminaire lin\u00e9aire \u00e0 lentilles, con\u00e7u pour application dans les plafonds Interalu Easy Klima Plus\u00ae. Le luminaire s&#8217;int\u00e8gre dans un panneau de plafond en acier comportant des ouvertures \u00e9troites et allong\u00e9es de seulement 21,5 mm de large. Cela cr\u00e9e un aspect de plafond \u00e9pur\u00e9 et minimaliste.  <\/p>\n<p class=\"p1\">Gr\u00e2ce \u00e0 la connexion magn\u00e9tique, un montage rapide avec une fixation solide et stable est possible. Le luminaire ne fait qu&#8217;un avec le plafond et conserve un aspect architectural de haute qualit\u00e9. <\/p>\n<p class=\"p1\">Sirio Easy-KlimaPlus\u00ae est disponible en versions avec diff\u00e9rents nombres d&#8217;optiques. La rang\u00e9e de lentilles se compose respectivement de 20, 28 ou 36 lentilles, chacune \u00e9quip\u00e9e de 4 LED. Cette configuration assure une r\u00e9partition lumineuse tr\u00e8s contr\u00f4l\u00e9e, une haute uniformit\u00e9 et un faible \u00e9blouissement avec un UGR inf\u00e9rieur \u00e0 19.  <\/p>\n<p class=\"p1\">Le luminaire r\u00e9pond \u00e0 la norme NEN-EN 12464-1 pour l&#8217;\u00e9clairage de poste de travail et convient donc parfaitement aux environnements o\u00f9 le confort visuel et l&#8217;\u00e9clairage fonctionnel sont centraux.<\/p>\n<p class=\"p1\"><strong>Caract\u00e9ristiques principales<\/strong><\/p>\n<ul>\n<li class=\"p1\">Luminaire lin\u00e9aire pour plafonds Interalu Easy Klima Plus<\/li>\n<li class=\"p1\">Int\u00e9gration dans panneau de plafond en acier<\/li>\n<li class=\"p1\">Ouvertures \u00e9troites allong\u00e9es de 21,5 mm<\/li>\n<li class=\"p1\">Fixation magn\u00e9tique pour montage rapide<\/li>\n<li class=\"p1\">Design enti\u00e8rement int\u00e9gr\u00e9 et minimaliste<\/li>\n<li class=\"p1\">Versions avec 20, 28 ou 36&nbsp;lentilles<\/li>\n<li class=\"p1\">Chaque lentille est \u00e9quip\u00e9e de 4&nbsp;LED<\/li>\n<li class=\"p1\">Distribution de la lumi\u00e8re contr\u00f4l\u00e9e et uniformit\u00e9 \u00e9lev\u00e9e<\/li>\n<li class=\"p1\">Faible \u00e9blouissement avec UGR inf\u00e9rieur \u00e0 19<\/li>\n<li class=\"p1\">Conforme \u00e0 la norme NEN-EN 12464-1<\/li>\n<\/ul>\n<p>Gr\u00e2ce \u00e0 ces caract\u00e9ristiques, Sirio Easy-KlimaPlus\u00ae convient particuli\u00e8rement aux applications dans les bureaux, \u00e9coles, b\u00e2timents publics et autres environnements de travail professionnels o\u00f9 confort, normalisation et architecture se rencontrent.[\/vc_column_text][\/vc_column][\/vc_row]\n","protected":false},"excerpt":{"rendered":"<p>Sirio Easy-KlimaPlus, un luminaire lin\u00e9aire mince de 21,5 mm avec lentilles pour utilisation dans les plafonds Interalu Sirio Easy-KlimaPlus\u00ae.<\/p>\n<ul>\n<li>Enti\u00e8rement int\u00e9gr\u00e9 dans les plafonds <a href=\"https:\/\/interalu.eu\/be-nl\/onze-plafonds\" target=\"_blank\" rel=\"noopener\">Interalu<\/a> Easy Klima Plus\u00ae<\/li>\n<li>Installation facile avec fixation magn\u00e9tique<\/li>\n<li>Disponible en trois longueurs&nbsp;: 900, 1200 et 1500<\/li>\n<li>Configuration de lentilles unique UGR &lt; 19 adapt\u00e9e aux bureaux<\/li>\n<\/ul>\n<div><strong>T\u00e9l\u00e9chargements<\/strong><\/div>\n<div><\/div>\n<div>[button size=\"small\" style=\"is-outline primary\" text=\"Photom\u00e9trie Sirio EKP\" link=\"https:\/\/atomis.nl\/downloads\/Photometrics-Sirio-EKP-(Interalu).zip\" target=\"_blank\"]<\/div>\n<div><\/div>\n<div><\/div>\n","protected":false},"featured_media":31382,"template":"","meta":[],"product_brand":[],"product_cat":[14574,14571],"product_tag":[14793],"class_list":{"0":"post-88504","1":"product","2":"type-product","3":"status-publish","4":"has-post-thumbnail","6":"product_cat-linear-louvre-luminaires","7":"product_cat-climate-ceiling-luminaires","8":"product_tag-sirio","9":"pa_air-extraction-n-a","10":"pa_armatuurefficientie-125lm-w","11":"pa_bevestiging-recessed","12":"pa_cie-flux-code-93-100-100-100-100-nl","13":"pa_driver-positie-external-led-driver","14":"pa_energielabel-a","15":"pa_familie-sirio","16":"pa_fotobiologische-veiligheid-iec-62471-rg1-low-risk-nl","17":"pa_glare-ugr-14970","18":"pa_ip-class-ip20-upwards-ip40-downwards","19":"pa_isolatieklasse-class-ii-nl-2","20":"pa_kleurconsistentiesdcm-sdcm3-nl-2","21":"pa_kleurtemperatuur-2700k","22":"pa_kleurtemperatuur-3000k","23":"pa_kleurtemperatuur-3500k","24":"pa_kleurtemperatuur-4000k","25":"pa_kleurtemperatuur-blanc-accordable","26":"pa_kleurweergaveindex-cri-cri80","27":"pa_kleurweergaveindex-cri-cri90","28":"pa_lichtregeling-optional","29":"pa_lichtregeling-1-10v-dimmed","30":"pa_lichtregeling-casambi-dimmed","31":"pa_lichtregeling-dali-dimmed","32":"pa_materiaal-steel","33":"pa_materiaal-acrylic","34":"pa_noodverlichting-1-hour-emergency-power","35":"pa_noodverlichting-optional","36":"pa_noodverlichting-optional-1-hour-autonomy-with-self-test","37":"pa_omgevingstemperatuur-20c-40c-nl-2","38":"pa_optiek-lens-and-louver-nl","39":"pa_orientatie-downwards","40":"pa_packaging-dimensions-bulk-packaging","41":"pa_powerfactor-15204","42":"pa_primaire-aansluitingen-bst-14i2","43":"pa_primaire-aansluitingen-europlug","44":"pa_primaire-aansluitingen-gst18i3","45":"pa_primaire-aansluitingen-gst18i5-pastel-blue-nl-2","46":"pa_primaire-aansluitingen-on-request","47":"pa_primaire-aansluitingen-on-the-driver","48":"pa_productkleur-on-request","49":"pa_producttoepassing-education","50":"pa_producttoepassing-public-spaces","51":"pa_producttoepassing-hospitality","52":"pa_producttoepassing-office","53":"pa_self-adhesive-dust-cover-optional","54":"pa_specificaties-g7d1-06-02-2025-nl","55":"pa_verwachte-levensduur-l90b5060000h-tq-25c","56":"pa_voltage-frequentie-220-240v-50-60hz","57":"pa_vorm-rectangular-nl","59":"first","60":"instock","61":"shipping-taxable","62":"product-type-simple"},"_links":{"self":[{"href":"https:\/\/atomis.nl\/fr\/wp-json\/wp\/v2\/product\/88504","targetHints":{"allow":["GET"]}}],"collection":[{"href":"https:\/\/atomis.nl\/fr\/wp-json\/wp\/v2\/product"}],"about":[{"href":"https:\/\/atomis.nl\/fr\/wp-json\/wp\/v2\/types\/product"}],"wp:featuredmedia":[{"embeddable":true,"href":"https:\/\/atomis.nl\/fr\/wp-json\/wp\/v2\/media\/31382"}],"wp:attachment":[{"href":"https:\/\/atomis.nl\/fr\/wp-json\/wp\/v2\/media?parent=88504"}],"wp:term":[{"taxonomy":"product_brand","embeddable":true,"href":"https:\/\/atomis.nl\/fr\/wp-json\/wp\/v2\/product_brand?post=88504"},{"taxonomy":"product_cat","embeddable":true,"href":"https:\/\/atomis.nl\/fr\/wp-json\/wp\/v2\/product_cat?post=88504"},{"taxonomy":"product_tag","embeddable":true,"href":"https:\/\/atomis.nl\/fr\/wp-json\/wp\/v2\/product_tag?post=88504"}],"curies":[{"name":"wp","href":"https:\/\/api.w.org\/{rel}","templated":true}]}}