{"id":88507,"date":"2021-11-10T15:32:07","date_gmt":"2021-11-10T15:32:07","guid":{"rendered":"https:\/\/atomis.nl\/product\/myos-essential-s-multioptic\/"},"modified":"2026-03-19T10:54:58","modified_gmt":"2026-03-19T10:54:58","slug":"myos-essential-s-multioptic","status":"publish","type":"product","link":"https:\/\/atomis.nl\/fr\/produits\/myos-essential-s-multioptic\/","title":{"rendered":"Myos Essential-S Multioptic\u00ae"},"content":{"rendered":"[vc_row type=&#8221;in_container&#8221; full_screen_row_position=&#8221;middle&#8221; column_margin=&#8221;default&#8221; column_direction=&#8221;default&#8221; column_direction_tablet=&#8221;default&#8221; column_direction_phone=&#8221;default&#8221; scene_position=&#8221;center&#8221; text_color=&#8221;dark&#8221; text_align=&#8221;left&#8221; row_border_radius=&#8221;none&#8221; row_border_radius_applies=&#8221;bg&#8221; row_position_desktop=&#8221;default&#8221; row_position_tablet=&#8221;inherit&#8221; row_position_phone=&#8221;inherit&#8221; overflow=&#8221;visible&#8221; overlay_strength=&#8221;0.3&#8243; gradient_direction=&#8221;left_to_right&#8221; shape_divider_position=&#8221;bottom&#8221; bg_image_animation=&#8221;none&#8221;][vc_column column_padding=&#8221;no-extra-padding&#8221; column_padding_tablet=&#8221;inherit&#8221; column_padding_phone=&#8221;inherit&#8221; column_padding_position=&#8221;all&#8221; flex_gap_desktop=&#8221;10px&#8221; column_element_direction_desktop=&#8221;default&#8221; column_element_spacing=&#8221;default&#8221; desktop_text_alignment=&#8221;default&#8221; tablet_text_alignment=&#8221;default&#8221; phone_text_alignment=&#8221;default&#8221; background_color_opacity=&#8221;1&#8243; background_hover_color_opacity=&#8221;1&#8243; column_backdrop_filter=&#8221;none&#8221; column_shadow=&#8221;none&#8221; column_border_radius=&#8221;none&#8221; column_link_target=&#8221;_self&#8221; column_position=&#8221;default&#8221; gradient_direction=&#8221;left_to_right&#8221; overlay_strength=&#8221;0.3&#8243; width=&#8221;1\/1&#8243; tablet_width_inherit=&#8221;default&#8221; animation_type=&#8221;default&#8221; bg_image_animation=&#8221;none&#8221; border_type=&#8221;simple&#8221; column_border_width=&#8221;none&#8221; column_border_style=&#8221;solid&#8221;][vc_column_text css=&#8221;&#8221; text_direction=&#8221;default&#8221;]\n<p class=\"p1\">Myos Essential-S Multioptic est un luminaire suspendu LED innovant avec modules LED mid power utilisant la technologie de lentilles Multioptic\u00ae. Le luminaire est con\u00e7u pour un \u00e9clairage confortable et efficace des postes de travail dans les environnements professionnels. <\/p>\n<p class=\"p1\">Le syst\u00e8me optique se compose de trois modules avec chacun 33 LED power orient\u00e9es vers le bas et plac\u00e9es derri\u00e8re un masque diaphragme d\u00e9coratif. Cette configuration assure un \u00e9clairage efficace et uniforme de la zone de travail. <\/p>\n<p class=\"p1\">Chaque LED est \u00e9quip\u00e9e d&#8217;une lentille secondaire individuelle, ce qui se traduit par une excellente r\u00e9partition de la lumi\u00e8re et un confort visuel \u00e9lev\u00e9. La technologie de lentilles Multioptic\u00ae produit une lumi\u00e8re non \u00e9blouissante avec un UGR inf\u00e9rieur \u00e0 19 et est enti\u00e8rement conforme aux normes en vigueur pour l&#8217;\u00e9clairage des lieux de travail. <\/p>\n<p class=\"p1\">Le luminaire pr\u00e9sente un design ultra-fin avec un bo\u00eetier de seulement 11 mm d&#8217;\u00e9paisseur. Le bo\u00eetier est fabriqu\u00e9 en acier et fini avec un rev\u00eatement poudre structur\u00e9 mat en noir ou blanc, permettant au luminaire de s&#8217;int\u00e9grer esth\u00e9tiquement aux concepts d&#8217;int\u00e9rieur modernes. <\/p>\n<p class=\"p1\">Gr\u00e2ce \u00e0 la haute efficacit\u00e9 \u00e9nerg\u00e9tique et au faible \u00e9blouissement, Myos Essential-S Multioptic convient pour une utilisation dans les bureaux, \u00e9coles, salles de formation, espaces de vente et couloirs. Le luminaire est con\u00e7u comme une solution d&#8217;\u00e9clairage confortable pour les am\u00e9nagements de bureaux complets ainsi que les postes de travail individuels. <\/p>\n<p class=\"p1\"><strong>Caract\u00e9ristiques principales<\/strong><\/p>\n<ul>\n<li class=\"p1\">Luminaire suspendu \u00e0 LED<\/li>\n<li class=\"p1\">Modules LED mid power<\/li>\n<li class=\"p1\">Technologie de lentilles Multioptic\u00ae<\/li>\n<li class=\"p1\">Trois modules avec chacun 33 LED<\/li>\n<li class=\"p1\">Masque diaphragme d\u00e9coratif<\/li>\n<li class=\"p1\">Lentille secondaire individuelle par LED<\/li>\n<li class=\"p1\">Faible \u00e9blouissement avec UGR inf\u00e9rieur \u00e0 19<\/li>\n<li class=\"p1\">Bo\u00eetier ultra-mince de 11 mm<\/li>\n<li class=\"p1\">Bo\u00eetier en acier<\/li>\n<li class=\"p1\">Rev\u00eatement poudre structur\u00e9 mat en noir ou blanc<\/li>\n<li class=\"p1\">Haute efficacit\u00e9 \u00e9nerg\u00e9tique<\/li>\n<li class=\"p1\">Conforme aux normes pertinentes<\/li>\n<\/ul>\n<p class=\"p1\">Myos Essential-S Multioptic offre une combinaison de confort, d&#8217;efficacit\u00e9 et de design \u00e9pur\u00e9 et constitue ainsi une solution d&#8217;\u00e9clairage id\u00e9ale pour les environnements de travail et d&#8217;apprentissage modernes.<\/p>\n[\/vc_column_text][\/vc_column][\/vc_row]\n","protected":false},"excerpt":{"rendered":"<p>Myos Essential-S Multioptic est un luminaire suspendu innovant avec modules LED mid power utilisant la technologie de lentilles Multioptic\u00ae. Le syst\u00e8me optique se compose de 3 modules de 33 LED power chacun orient\u00e9s vers le bas derri\u00e8re un masque diaphragme d\u00e9coratif pour un \u00e9clairage efficace de la zone de travail. <\/p>\n<ul>\n<li>Design \u00e9l\u00e9gant et fin de seulement 11 mm de hauteur<\/li>\n<li>Excellent \u00e9clairage de poste de travail UGR&lt; 19 \u00e0 faible \u00e9blouissement selon EN-12.464\/1 pour bureaux.<\/li>\n<li>Finition en rev\u00eatement de structure d\u00e9coratif blanc mat ou noir mat<\/li>\n<\/ul>\n","protected":false},"featured_media":13697,"template":"","meta":[],"product_brand":[],"product_cat":[14577],"product_tag":[14789],"class_list":{"0":"post-88507","1":"product","2":"type-product","3":"status-publish","4":"has-post-thumbnail","6":"product_cat-pendant-luminaires","7":"product_tag-myos","8":"pa_air-extraction-n-a","9":"pa_armatuurefficientie-140lm-w","10":"pa_bevestiging-pendant","11":"pa_breedte-90mm-nl","12":"pa_cie-flux-code-93-100-100-100-100-nl","13":"pa_driver-positie-external-led-driver","14":"pa_energielabel-a","15":"pa_familie-myos","16":"pa_fotobiologische-veiligheid-iec-62471-rg1-low-risk-nl","17":"pa_glare-ugr-14970","18":"pa_ip-class-ip20-upwards-ip40-downwards","19":"pa_isolatieklasse-class-ii-nl-2","20":"pa_kleurconsistentiesdcm-sdcm3-nl-2","21":"pa_kleurtemperatuur-3000k","22":"pa_kleurtemperatuur-4000k","23":"pa_kleurweergaveindex-cri-cri80","24":"pa_kleurweergaveindex-cri-cri90","25":"pa_lichtregeling-optional","26":"pa_lichtregeling-1-10v-dimmed","27":"pa_lichtregeling-casambi-dimmed","28":"pa_lichtregeling-dali-dimmed","29":"pa_materiaal-steel","30":"pa_materiaal-acrylic","31":"pa_noodverlichting-1-hour-emergency-power","32":"pa_noodverlichting-optional","33":"pa_noodverlichting-optional-1-hour-autonomy-with-self-test","34":"pa_omgevingstemperatuur-20c-40c-nl-2","35":"pa_optiek-multioptic-lens-technology-nl","36":"pa_orientatie-up-down","37":"pa_orientatie-downwards","38":"pa_packaging-dimensions-bulk-packaging","39":"pa_powerfactor-15204","40":"pa_primaire-aansluitingen-bst-14i2","41":"pa_primaire-aansluitingen-europlug","42":"pa_primaire-aansluitingen-gst18i3","43":"pa_primaire-aansluitingen-gst18i5-pastel-blue-nl-2","44":"pa_primaire-aansluitingen-on-request","45":"pa_primaire-aansluitingen-on-the-driver","46":"pa_productkleur-on-request","47":"pa_producttoepassing-education","48":"pa_producttoepassing-public-spaces","49":"pa_producttoepassing-hospitality","50":"pa_producttoepassing-office","51":"pa_self-adhesive-dust-cover-optional","52":"pa_verwachte-levensduur-l90b5060000h-tq-25c","53":"pa_voltage-frequentie-220-240v-50-60hz","54":"pa_vorm-rectangular-nl","56":"first","57":"instock","58":"shipping-taxable","59":"product-type-simple"},"_links":{"self":[{"href":"https:\/\/atomis.nl\/fr\/wp-json\/wp\/v2\/product\/88507","targetHints":{"allow":["GET"]}}],"collection":[{"href":"https:\/\/atomis.nl\/fr\/wp-json\/wp\/v2\/product"}],"about":[{"href":"https:\/\/atomis.nl\/fr\/wp-json\/wp\/v2\/types\/product"}],"wp:featuredmedia":[{"embeddable":true,"href":"https:\/\/atomis.nl\/fr\/wp-json\/wp\/v2\/media\/13697"}],"wp:attachment":[{"href":"https:\/\/atomis.nl\/fr\/wp-json\/wp\/v2\/media?parent=88507"}],"wp:term":[{"taxonomy":"product_brand","embeddable":true,"href":"https:\/\/atomis.nl\/fr\/wp-json\/wp\/v2\/product_brand?post=88507"},{"taxonomy":"product_cat","embeddable":true,"href":"https:\/\/atomis.nl\/fr\/wp-json\/wp\/v2\/product_cat?post=88507"},{"taxonomy":"product_tag","embeddable":true,"href":"https:\/\/atomis.nl\/fr\/wp-json\/wp\/v2\/product_tag?post=88507"}],"curies":[{"name":"wp","href":"https:\/\/api.w.org\/{rel}","templated":true}]}}