{"id":88509,"date":"2024-06-04T12:35:20","date_gmt":"2024-06-04T12:35:20","guid":{"rendered":"https:\/\/atomis.nl\/product\/nano-35-black\/"},"modified":"2026-04-02T03:41:18","modified_gmt":"2026-04-02T03:41:18","slug":"nano-35-black","status":"publish","type":"product","link":"https:\/\/atomis.nl\/fr\/produits\/nano-35-black\/","title":{"rendered":"Oxo 35 Black"},"content":{"rendered":"[vc_row type=&#8221;in_container&#8221; full_screen_row_position=&#8221;middle&#8221; column_margin=&#8221;default&#8221; column_direction=&#8221;default&#8221; column_direction_tablet=&#8221;default&#8221; column_direction_phone=&#8221;default&#8221; scene_position=&#8221;center&#8221; text_color=&#8221;dark&#8221; text_align=&#8221;left&#8221; row_border_radius=&#8221;none&#8221; row_border_radius_applies=&#8221;bg&#8221; row_position_desktop=&#8221;default&#8221; row_position_tablet=&#8221;inherit&#8221; row_position_phone=&#8221;inherit&#8221; overflow=&#8221;visible&#8221; overlay_strength=&#8221;0.3&#8243; gradient_direction=&#8221;left_to_right&#8221; shape_divider_position=&#8221;bottom&#8221; bg_image_animation=&#8221;none&#8221;][vc_column column_padding=&#8221;no-extra-padding&#8221; column_padding_tablet=&#8221;inherit&#8221; column_padding_phone=&#8221;inherit&#8221; column_padding_position=&#8221;all&#8221; flex_gap_desktop=&#8221;10px&#8221; column_element_direction_desktop=&#8221;default&#8221; column_element_spacing=&#8221;default&#8221; desktop_text_alignment=&#8221;default&#8221; tablet_text_alignment=&#8221;default&#8221; phone_text_alignment=&#8221;default&#8221; background_color_opacity=&#8221;1&#8243; background_hover_color_opacity=&#8221;1&#8243; column_backdrop_filter=&#8221;none&#8221; column_shadow=&#8221;none&#8221; column_border_radius=&#8221;none&#8221; column_link_target=&#8221;_self&#8221; column_position=&#8221;default&#8221; gradient_direction=&#8221;left_to_right&#8221; overlay_strength=&#8221;0.3&#8243; width=&#8221;1\/1&#8243; tablet_width_inherit=&#8221;default&#8221; animation_type=&#8221;default&#8221; bg_image_animation=&#8221;none&#8221; border_type=&#8221;simple&#8221; column_border_width=&#8221;none&#8221; column_border_style=&#8221;solid&#8221;][vc_column_text css=&#8221;&#8221; text_direction=&#8221;default&#8221;]\n<p class=\"p1\">Oxo 35 Black est un spot LED encastrable compact et orientable avec un faisceau de 36 degr\u00e9s. Le luminaire est con\u00e7u comme un \u00e9l\u00e9gant spot miniature pouvant \u00eatre utilis\u00e9 comme spot orientable ou comme spot enti\u00e8rement encastr\u00e9. <\/p>\n<p class=\"p1\">Le spot est \u00e9quip\u00e9 d\u2019une LED puissante avec un indice de rendu des couleurs sup\u00e9rieur \u00e0 90, assurant un rendu naturel et pr\u00e9cis. L\u2019Oxo 35 Black est donc id\u00e9al pour les applications exigeant qualit\u00e9 de lumi\u00e8re et pr\u00e9cision. <\/p>\n<p class=\"p1\">Le bo\u00eetier est fabriqu\u00e9 en aluminium et fini avec un rev\u00eatement structur\u00e9 noir d\u00e9coratif. Le spot est inclinable \u00e0 90 degr\u00e9s et rotatif \u00e0 355 degr\u00e9s autour de l&#8217;axe vertical, permettant un \u00e9clairage tr\u00e8s pr\u00e9cis. <\/p>\n<p class=\"p1\">En position verticale, le bo\u00eetier du spot peut \u00eatre enti\u00e8rement escamot\u00e9 vers le haut, permettant au luminaire de fonctionner comme un spot totalement encastr\u00e9 dans le plafond. Cela conf\u00e8re \u00e0 l\u2019Oxo 35 Black une grande flexibilit\u00e9 d\u2019utilisation et de conception. <\/p>\n<p class=\"p1\">L\u2019Oxo 35 Black est disponible en version on\/off, en version graduable DALI et en version graduable Casambi, permettant une int\u00e9gration ais\u00e9e dans divers syst\u00e8mes de gestion de l\u2019\u00e9clairage.<\/p>\n<p class=\"p1\"><strong>Caract\u00e9ristiques principales<\/strong><\/p>\n<ul>\n<li class=\"p1\">Spot LED encastrable miniature<\/li>\n<li class=\"p1\">Diam\u00e8tre 35 millim\u00e8tres<\/li>\n<li class=\"p1\">Faisceau de lentille de 36 degr\u00e9s<\/li>\n<li class=\"p1\">LED puissante<\/li>\n<li class=\"p1\">Indice de rendu des couleurs sup\u00e9rieur \u00e0 90<\/li>\n<li class=\"p1\">Bo\u00eetier en aluminium<\/li>\n<li class=\"p1\">Rev\u00eatement structur\u00e9 noir<\/li>\n<li class=\"p1\">Inclinable \u00e0 90 degr\u00e9s<\/li>\n<li class=\"p1\">Rotatif \u00e0 355 degr\u00e9s<\/li>\n<li class=\"p1\">Enti\u00e8rement encastrable dans le plafond<\/li>\n<li class=\"p1\">Convient comme spot orientable et spot encastrable<\/li>\n<li class=\"p1\">Version marche\/arr\u00eat<\/li>\n<li class=\"p1\">Dimmable DALI<\/li>\n<li class=\"p1\">Casambi \u00e0 gradation<\/li>\n<\/ul>\n<p class=\"p1\">L\u2019Oxo 35 Black allie flexibilit\u00e9, pr\u00e9cision et design ultra-compact, constituant une solution d\u2019\u00e9clairage haut de gamme pour les int\u00e9rieurs exigeant un \u00e9clairage subtil et orientable.<\/p>\n[\/vc_column_text][\/vc_column][\/vc_row]\n","protected":false},"excerpt":{"rendered":"<div>Oxo 35 Black est un spot encastrable et orientable avec une lentille de 36\u00b0. Ce spot est un \u00e9l\u00e9gant luminaire encastr\u00e9 miniature pouvant \u00eatre utilis\u00e9 aussi bien comme spot orientable que comme spot encastr\u00e9. <\/div>\n<ul>\n<li>Spot miniature r\u00e9glable (\u00f835 mm) qui peut \u00e9galement \u00eatre remont\u00e9 jusqu&#8217;\u00e0 ce qu&#8217;il soit compl\u00e8tement encastr\u00e9 dans le plafond<\/li>\n<li>\u00c9quip\u00e9 d&#8217;une lentille FWHM de 36\u00b0<\/li>\n<li>Indice de rendu des couleurs \u00e9lev\u00e9 (IRC&gt;90)&gt;<\/li>\n<li>Version marche\/arr\u00eat, version \u00e0 gradation DALI et version \u00e0 gradation Casambi disponibles<\/li>\n<\/ul>\n<div><strong>T\u00e9l\u00e9chargements<\/strong><\/div>\n<div><\/div>\n<div>[button size=\"small\" style=\"is-outline primary\" text=\"Photom\u00e9trie Oxo 35 Black\" link=\"https:\/\/atomis.nl\/downloads\/Photometrics-Nano-35.zip\" target=\"_blank\"]<\/div>\n<div><\/div>\n<div><\/div>\n","protected":false},"featured_media":90370,"template":"","meta":[],"product_brand":[],"product_cat":[14455],"product_tag":[14792],"class_list":{"0":"post-88509","1":"product","2":"type-product","3":"status-publish","4":"has-post-thumbnail","6":"product_cat-downlights-et-spots-encastres","7":"product_tag-nano","8":"pa_air-extraction-n-v-t","9":"pa_ansi-ies-tm-30-18-erkend","10":"pa_armatuurefficientie-70lm-w","11":"pa_bevestiging-encastre","12":"pa_cie-flux-code-93-100-100-100-100-nl","13":"pa_driver-positie-driver-led-externe","14":"pa_energielabel-a","15":"pa_familie-nano","16":"pa_fotobiologische-veiligheid-cei-62471-rg1-faible-risque","17":"pa_glare-ugr-s-o","18":"pa_ip-class-ip20-dessus-ip40-dessous","19":"pa_isolatieklasse-classe-i-nl","20":"pa_kleurconsistentiesdcm-sdcm2","21":"pa_kleurtemperatuur-3000k","22":"pa_kleurtemperatuur-4000k","23":"pa_kleurweergaveindex-cri-cri80","24":"pa_kleurweergaveindex-cri-cri90","25":"pa_kleurweergaveindex-cri-cri97-nl-2","26":"pa_lichtregeling-optionelle","27":"pa_lichtregeling-gradation-1-10-v","28":"pa_lichtregeling-gradation-casambi","29":"pa_lichtregeling-gradation-dali","30":"pa_materiaal-aluminium","31":"pa_noodverlichting-autonomie-de-secours-de-1-heure","32":"pa_noodverlichting-optionelle","33":"pa_noodverlichting-autonomie-optionnelle-de-1-heure-avec-autotest","34":"pa_omgevingstemperatuur-20c-40c-nl-2","35":"pa_optiek-lentille","36":"pa_orientatie-vers-le-bas","37":"pa_packaging-dimensions-emballage-en-vrac","38":"pa_powerfactor-15205","39":"pa_primaire-aansluitingen-bst-14i2","40":"pa_primaire-aansluitingen-europlug","41":"pa_primaire-aansluitingen-gst18i3","42":"pa_primaire-aansluitingen-gst18i5-pastel-blue-nl-2","43":"pa_primaire-aansluitingen-sur-demande","44":"pa_primaire-aansluitingen-sur-le-driver","45":"pa_productkleur-sur-demande","46":"pa_producttoepassing-education","47":"pa_producttoepassing-espaces-dexposition","48":"pa_producttoepassing-espaces-publics","49":"pa_producttoepassing-hotellerie-restauration","50":"pa_producttoepassing-bureau","51":"pa_producttoepassing-commerce","52":"pa_self-adhesive-dust-cover-optionnel","53":"pa_spot-bundle-fwhm-15053","54":"pa_spot-bundle-fwhm-15055","55":"pa_spot-bundle-fwhm-15057","56":"pa_spot-bundle-fwhm-15060","57":"pa_verwachte-levensduur-l90b5060000h-tq-25c","58":"pa_voltage-frequentie-220-240v-50-60hz","59":"pa_vorm-round-nl","61":"first","62":"instock","63":"shipping-taxable","64":"product-type-simple"},"_links":{"self":[{"href":"https:\/\/atomis.nl\/fr\/wp-json\/wp\/v2\/product\/88509","targetHints":{"allow":["GET"]}}],"collection":[{"href":"https:\/\/atomis.nl\/fr\/wp-json\/wp\/v2\/product"}],"about":[{"href":"https:\/\/atomis.nl\/fr\/wp-json\/wp\/v2\/types\/product"}],"wp:featuredmedia":[{"embeddable":true,"href":"https:\/\/atomis.nl\/fr\/wp-json\/wp\/v2\/media\/90370"}],"wp:attachment":[{"href":"https:\/\/atomis.nl\/fr\/wp-json\/wp\/v2\/media?parent=88509"}],"wp:term":[{"taxonomy":"product_brand","embeddable":true,"href":"https:\/\/atomis.nl\/fr\/wp-json\/wp\/v2\/product_brand?post=88509"},{"taxonomy":"product_cat","embeddable":true,"href":"https:\/\/atomis.nl\/fr\/wp-json\/wp\/v2\/product_cat?post=88509"},{"taxonomy":"product_tag","embeddable":true,"href":"https:\/\/atomis.nl\/fr\/wp-json\/wp\/v2\/product_tag?post=88509"}],"curies":[{"name":"wp","href":"https:\/\/api.w.org\/{rel}","templated":true}]}}