{"id":88511,"date":"2021-10-28T13:40:37","date_gmt":"2021-10-28T13:40:37","guid":{"rendered":"https:\/\/atomis.nl\/product\/myos-m-multioptic-lineaire\/"},"modified":"2026-03-20T10:13:17","modified_gmt":"2026-03-20T10:13:17","slug":"myos-m-multioptic-lineaire","status":"publish","type":"product","link":"https:\/\/atomis.nl\/fr\/produits\/myos-m-multioptic-lineaire\/","title":{"rendered":"Myos-M Multioptic\u00ae lin\u00e9aire"},"content":{"rendered":"[vc_row type=&#8221;in_container&#8221; full_screen_row_position=&#8221;middle&#8221; column_margin=&#8221;default&#8221; column_direction=&#8221;default&#8221; column_direction_tablet=&#8221;default&#8221; column_direction_phone=&#8221;default&#8221; scene_position=&#8221;center&#8221; text_color=&#8221;dark&#8221; text_align=&#8221;left&#8221; row_border_radius=&#8221;none&#8221; row_border_radius_applies=&#8221;bg&#8221; row_position_desktop=&#8221;default&#8221; row_position_tablet=&#8221;inherit&#8221; row_position_phone=&#8221;inherit&#8221; overflow=&#8221;visible&#8221; overlay_strength=&#8221;0.3&#8243; gradient_direction=&#8221;left_to_right&#8221; shape_divider_position=&#8221;bottom&#8221; bg_image_animation=&#8221;none&#8221;][vc_column column_padding=&#8221;no-extra-padding&#8221; column_padding_tablet=&#8221;inherit&#8221; column_padding_phone=&#8221;inherit&#8221; column_padding_position=&#8221;all&#8221; flex_gap_desktop=&#8221;10px&#8221; column_element_direction_desktop=&#8221;default&#8221; column_element_spacing=&#8221;default&#8221; desktop_text_alignment=&#8221;default&#8221; tablet_text_alignment=&#8221;default&#8221; phone_text_alignment=&#8221;default&#8221; background_color_opacity=&#8221;1&#8243; background_hover_color_opacity=&#8221;1&#8243; column_backdrop_filter=&#8221;none&#8221; column_shadow=&#8221;none&#8221; column_border_radius=&#8221;none&#8221; column_link_target=&#8221;_self&#8221; column_position=&#8221;default&#8221; gradient_direction=&#8221;left_to_right&#8221; overlay_strength=&#8221;0.3&#8243; width=&#8221;1\/1&#8243; tablet_width_inherit=&#8221;default&#8221; animation_type=&#8221;default&#8221; bg_image_animation=&#8221;none&#8221; border_type=&#8221;simple&#8221; column_border_width=&#8221;none&#8221; column_border_style=&#8221;solid&#8221;][vc_column_text css=&#8221;&#8221; text_direction=&#8221;default&#8221;]\n<p class=\"p1\">Myos-M Multioptic Linear est une gamme de luminaires encastr\u00e9s innovants avec des modules LED de puissance moyenne, con\u00e7us pour une application dans les plafonds modulaires apparents. Le luminaire utilise la technologie de lentilles Multioptic\u00ae et combine une qualit\u00e9 de lumi\u00e8re \u00e9lev\u00e9e avec une image de plafond \u00e9pur\u00e9e et plane. <\/p>\n<p class=\"p1\">Le syst\u00e8me optique se compose d&#8217;un r\u00e9seau de lentilles de 99 LED de puissance moyenne qui sont plac\u00e9es derri\u00e8re un masque de diaphragme d\u00e9coratif. La partie inf\u00e9rieure du luminaire est enti\u00e8rement align\u00e9e avec la surface du plafond, cr\u00e9ant ainsi un ensemble calme et uniforme. <\/p>\n<p class=\"p1\">Chaque LED est \u00e9quip\u00e9e d&#8217;une lentille secondaire individuelle qui assure une excellente distribution de la lumi\u00e8re et une grande uniformit\u00e9. Cela contribue \u00e0 un confort visuel \u00e9lev\u00e9 dans les environnements de travail professionnels. <\/p>\n<p class=\"p1\">Le bo\u00eetier est fabriqu\u00e9 en acier et fini avec un rev\u00eatement en poudre. Selon le plafond choisi ou le syst\u00e8me de plafond climatique, le luminaire peut \u00eatre r\u00e9alis\u00e9 dans n&#8217;importe quelle couleur souhait\u00e9e sur demande, afin qu&#8217;il s&#8217;int\u00e8gre de mani\u00e8re optimale dans la conception du plafond. <\/p>\n<p class=\"p1\">La technologie de lentilles Multioptic\u00ae permet une r\u00e9gulation exceptionnellement efficace en fonction de la lumi\u00e8re du jour. En combinaison avec une r\u00e9gulation de l&#8217;\u00e9clairage en fonction de la pr\u00e9sence via une interface DALI, la consommation d&#8217;\u00e9nergie est encore optimis\u00e9e. Un capteur peut \u00eatre int\u00e9gr\u00e9 dans le luminaire pour combiner ces fonctions.  <\/p>\n<p class=\"p1\">Des versions avec ouvertures d&#8217;extraction d&#8217;air lin\u00e9aires pour le pl\u00e9num sont disponibles. Une ouverture lin\u00e9aire des deux c\u00f4t\u00e9s du luminaire permet d&#8217;aspirer l&#8217;air de la pi\u00e8ce, combinant ainsi l&#8217;\u00e9clairage et la fonctionnalit\u00e9 climatique en une seule solution int\u00e9gr\u00e9e. <\/p>\n<p class=\"p1\"><strong>Caract\u00e9ristiques principales<\/strong><\/p>\n<ul>\n<li class=\"p1\">Luminaire encastr\u00e9 pour plafonds modulaires apparents<\/li>\n<li class=\"p1\">Modules LED mid power<\/li>\n<li class=\"p1\">Technologie de lentilles Multioptic\u00ae<\/li>\n<li class=\"p1\">R\u00e9seau de lentilles de 99 LED<\/li>\n<li class=\"p1\">Masque diaphragme d\u00e9coratif<\/li>\n<li class=\"p1\">Partie inf\u00e9rieure enti\u00e8rement align\u00e9e avec la surface du plafond<\/li>\n<li class=\"p1\">Lentille secondaire individuelle par LED<\/li>\n<li class=\"p1\">Excellente distribution de la lumi\u00e8re et grande uniformit\u00e9<\/li>\n<li class=\"p1\">Bo\u00eetier en acier<\/li>\n<li class=\"p1\">Rev\u00eatement en poudre dans la couleur souhait\u00e9e sur demande<\/li>\n<\/ul>\n<p class=\"p1\"><strong>R\u00e9gulation et options<\/strong><\/p>\n<ul>\n<li class=\"p1\">R\u00e9gulation de l&#8217;\u00e9clairage en fonction de la lumi\u00e8re du jour<\/li>\n<li class=\"p1\">R\u00e9gulation de l&#8217;\u00e9clairage en fonction de la pr\u00e9sence<\/li>\n<li class=\"p1\">Interface DALI<\/li>\n<li class=\"p1\">Capteur int\u00e9gr\u00e9 possible<\/li>\n<li class=\"p1\">Version avec ouvertures d&#8217;extraction d&#8217;air lin\u00e9aires pour le pl\u00e9num<\/li>\n<li class=\"p1\">Aspiration d&#8217;air via des ouvertures lin\u00e9aires des deux c\u00f4t\u00e9s du luminaire<\/li>\n<\/ul>\n<p class=\"p1\">Gr\u00e2ce \u00e0 la combinaison de la qualit\u00e9 de la lumi\u00e8re, de l&#8217;efficacit\u00e9 \u00e9nerg\u00e9tique et de l&#8217;int\u00e9gration au plafond, Myos-M Multioptic Linear est parfaitement adapt\u00e9 aux applications dans les bureaux, les \u00e9tablissements d&#8217;enseignement et autres environnements utilitaires o\u00f9 le confort, la fonctionnalit\u00e9 et le design se rejoignent.<\/p>\n[\/vc_column_text][\/vc_column][\/vc_row]\n","protected":false},"excerpt":{"rendered":"<p>Myos-M Multioptic Linear est une gamme de luminaires encastr\u00e9s innovants avec des modules LED de puissance moyenne qui utilisent la technologie de lentilles Multioptic\u00ae, sp\u00e9cialement con\u00e7us pour une utilisation en combinaison avec des plafonds modulaires apparents. Le syst\u00e8me optique contient un r\u00e9seau de lentilles de 99 LED de puissance moyenne derri\u00e8re un masque de diaphragme d\u00e9coratif. <\/p>\n<ul>\n<li>S&#8217;int\u00e8gre parfaitement dans les plafonds \u00e0 ossature apparente<\/li>\n<li>Design architectural<\/li>\n<li>\u00c9quip\u00e9 de 99 lentilles (UGR&lt; 16-19)<\/li>\n<\/ul>\n<div><strong>T\u00e9l\u00e9chargements<\/strong><\/div>\n<div><\/div>\n<div>[button size=\"small\" style=\"is-outline primary\" text=\"Photom\u00e9trie myos-m lin\u00e9aire\" link=\"https:\/\/atomis.nl\/downloads\/Photometrics-Myos-M.zip\" target=\"_blank\"]<\/div>\n<div><\/div>\n<div><\/div>\n","protected":false},"featured_media":13451,"template":"","meta":[],"product_brand":[],"product_cat":[788],"product_tag":[14297],"class_list":{"0":"post-88511","1":"product","2":"type-product","3":"status-publish","4":"has-post-thumbnail","6":"product_cat-inbouw-en-inleg-armaturen","7":"product_tag-myos","8":"pa_air-extraction-optional-nl","9":"pa_armatuurefficientie-140lm-w","10":"pa_bevestiging-inbouw","11":"pa_cie-flux-code-93-100-100-100-100-nl","12":"pa_driver-positie-losliggende-driver","13":"pa_driver-positie-bevestigd-aan-het-armatuur","14":"pa_energielabel-a","15":"pa_familie-myos","16":"pa_fotobiologische-veiligheid-iec-62471-rg1-low-risk-nl","17":"pa_glare-ugr-14960","18":"pa_ip-class-ip20-top-ip40-bottom-nl-2","19":"pa_isolatieklasse-class-ii-nl","20":"pa_kleurconsistentiesdcm-sdcm3-nl-2","21":"pa_kleurtemperatuur-3000k","22":"pa_kleurtemperatuur-4000k","23":"pa_kleurweergaveindex-cri-cri80","24":"pa_kleurweergaveindex-cri-cri90","25":"pa_lichtregeling-optioneel","26":"pa_lichtregeling-dimmed-1-10v-nl-2","27":"pa_lichtregeling-casambi-gedimd","28":"pa_lichtregeling-dimmed-dali-nl-2","29":"pa_materiaal-steel-nl","30":"pa_materiaal-acrylate-nl","31":"pa_noodverlichting-1-uur-noodstroom","32":"pa_noodverlichting-optioneel","33":"pa_noodverlichting-optioneel-1-uur-autonoom-autotest","34":"pa_omgevingstemperatuur-20c-40c-nl-2","35":"pa_optiek-multioptic-lens-technology-nl","36":"pa_orientatie-naar-beneden","37":"pa_packaging-dimensions-bulkverpakking","38":"pa_powerfactor-15191","39":"pa_primaire-aansluitingen-bst-14i2","40":"pa_primaire-aansluitingen-europlug","41":"pa_primaire-aansluitingen-gst18i3","42":"pa_primaire-aansluitingen-gst18i5-pastel-blue-nl-2","43":"pa_primaire-aansluitingen-op-aanvraag","44":"pa_primaire-aansluitingen-on-the-driver-nl","45":"pa_productkleur-op-aanvraag","46":"pa_producttoepassing-onderwijs","47":"pa_producttoepassing-openbare-ruimtes","48":"pa_producttoepassing-horeca","49":"pa_producttoepassing-kantoren","50":"pa_self-adhesive-dust-cover-optional-nl","51":"pa_verwachte-levensduur-l90b5060000h-tq-25c","52":"pa_voltage-frequentie-220-240v-50-60hz","53":"pa_vorm-rectangular-nl","55":"first","56":"instock","57":"shipping-taxable","58":"product-type-simple"},"_links":{"self":[{"href":"https:\/\/atomis.nl\/fr\/wp-json\/wp\/v2\/product\/88511","targetHints":{"allow":["GET"]}}],"collection":[{"href":"https:\/\/atomis.nl\/fr\/wp-json\/wp\/v2\/product"}],"about":[{"href":"https:\/\/atomis.nl\/fr\/wp-json\/wp\/v2\/types\/product"}],"wp:featuredmedia":[{"embeddable":true,"href":"https:\/\/atomis.nl\/fr\/wp-json\/wp\/v2\/media\/13451"}],"wp:attachment":[{"href":"https:\/\/atomis.nl\/fr\/wp-json\/wp\/v2\/media?parent=88511"}],"wp:term":[{"taxonomy":"product_brand","embeddable":true,"href":"https:\/\/atomis.nl\/fr\/wp-json\/wp\/v2\/product_brand?post=88511"},{"taxonomy":"product_cat","embeddable":true,"href":"https:\/\/atomis.nl\/fr\/wp-json\/wp\/v2\/product_cat?post=88511"},{"taxonomy":"product_tag","embeddable":true,"href":"https:\/\/atomis.nl\/fr\/wp-json\/wp\/v2\/product_tag?post=88511"}],"curies":[{"name":"wp","href":"https:\/\/api.w.org\/{rel}","templated":true}]}}