{"id":88513,"date":"2021-11-12T12:11:20","date_gmt":"2021-11-12T12:11:20","guid":{"rendered":"https:\/\/atomis.nl\/product\/myos-s2-multioptic-up-down\/"},"modified":"2026-04-07T09:27:22","modified_gmt":"2026-04-07T09:27:22","slug":"myos-s2-multioptic-up-down","status":"publish","type":"product","link":"https:\/\/atomis.nl\/fr\/produits\/myos-s2-multioptic-up-down\/","title":{"rendered":"Myos-S2 Multioptic\u00ae Up\/Down"},"content":{"rendered":"[vc_row type=&#8221;in_container&#8221; full_screen_row_position=&#8221;middle&#8221; column_margin=&#8221;default&#8221; column_direction=&#8221;default&#8221; column_direction_tablet=&#8221;default&#8221; column_direction_phone=&#8221;default&#8221; scene_position=&#8221;center&#8221; text_color=&#8221;dark&#8221; text_align=&#8221;left&#8221; row_border_radius=&#8221;none&#8221; row_border_radius_applies=&#8221;bg&#8221; row_position_desktop=&#8221;default&#8221; row_position_tablet=&#8221;inherit&#8221; row_position_phone=&#8221;inherit&#8221; overflow=&#8221;visible&#8221; overlay_strength=&#8221;0.3&#8243; gradient_direction=&#8221;left_to_right&#8221; shape_divider_position=&#8221;bottom&#8221; bg_image_animation=&#8221;none&#8221;][vc_column column_padding=&#8221;no-extra-padding&#8221; column_padding_tablet=&#8221;inherit&#8221; column_padding_phone=&#8221;inherit&#8221; column_padding_position=&#8221;all&#8221; flex_gap_desktop=&#8221;10px&#8221; column_element_direction_desktop=&#8221;default&#8221; column_element_spacing=&#8221;default&#8221; desktop_text_alignment=&#8221;default&#8221; tablet_text_alignment=&#8221;default&#8221; phone_text_alignment=&#8221;default&#8221; background_color_opacity=&#8221;1&#8243; background_hover_color_opacity=&#8221;1&#8243; column_backdrop_filter=&#8221;none&#8221; column_shadow=&#8221;none&#8221; column_border_radius=&#8221;none&#8221; column_link_target=&#8221;_self&#8221; column_position=&#8221;default&#8221; gradient_direction=&#8221;left_to_right&#8221; overlay_strength=&#8221;0.3&#8243; width=&#8221;1\/1&#8243; tablet_width_inherit=&#8221;default&#8221; animation_type=&#8221;default&#8221; bg_image_animation=&#8221;none&#8221; border_type=&#8221;simple&#8221; column_border_width=&#8221;none&#8221; column_border_style=&#8221;solid&#8221;][vc_column_text css=&#8221;&#8221; text_direction=&#8221;default&#8221;]\n<p class=\"p1\">Myos-S2 Multioptic Up\/Down est un luminaire suspendu \u00e0 LED innovant dot\u00e9 de modules LED de puissance moyenne qui utilisent la technologie de lentilles Multioptic\u00ae. Le luminaire est con\u00e7u pour un \u00e9clairage confortable et \u00e9conome en \u00e9nergie dans les environnements de travail professionnels. <\/p>\n<p class=\"p1\">Le syst\u00e8me optique se compose de cinq modules de 33 LED de puissance chacun, plac\u00e9s derri\u00e8re un masque de diaphragme d\u00e9coratif. Trois modules sont orient\u00e9s vers le bas pour un \u00e9clairage efficace et uniforme de la zone de travail. Deux modules sont orient\u00e9s vers le haut et assurent un \u00e9clairage indirect de la pi\u00e8ce.  <\/p>\n<p class=\"p1\">Chaque LED est \u00e9quip\u00e9e d&#8217;une lentille secondaire individuelle, ce qui se traduit par une excellente r\u00e9partition de la lumi\u00e8re et un confort visuel \u00e9lev\u00e9. La technologie de lentilles Multioptic\u00ae produit une lumi\u00e8re non \u00e9blouissante avec un UGR inf\u00e9rieur \u00e0 19 et est enti\u00e8rement conforme aux normes en vigueur pour l&#8217;\u00e9clairage des lieux de travail. <\/p>\n<p class=\"p1\">Le luminaire a un design ultra-mince avec un bo\u00eetier de seulement 11 mm d&#8217;\u00e9paisseur. Le bo\u00eetier est fabriqu\u00e9 en acier et fini avec un rev\u00eatement en poudre de structure mate, ce qui permet au luminaire de s&#8217;int\u00e9grer esth\u00e9tiquement aux concepts d&#8217;int\u00e9rieur modernes. <\/p>\n<p class=\"p1\">Gr\u00e2ce \u00e0 son rendement \u00e9nerg\u00e9tique \u00e9lev\u00e9 et \u00e0 son faible \u00e9blouissement, Myos-S2 Multioptic Up\/Down convient aux applications dans les bureaux, les \u00e9coles, les salles de formation, les espaces de vente et les couloirs.<\/p>\n<p class=\"p1\">La r\u00e9gulation en fonction de la lumi\u00e8re du jour et la r\u00e9gulation de l&#8217;\u00e9clairage en fonction de la pr\u00e9sence via une interface DALI permettent une utilisation encore plus efficace de l&#8217;\u00e9nergie. Un capteur combinant ces fonctions peut \u00eatre int\u00e9gr\u00e9 dans le luminaire. <\/p>\n<p class=\"p1\"><strong>Caract\u00e9ristiques principales<\/strong><\/p>\n<ul>\n<li class=\"p1\">Luminaire suspendu \u00e0 LED<\/li>\n<li class=\"p1\">Modules LED mid power<\/li>\n<li class=\"p1\">Technologie de lentilles Multioptic\u00ae<\/li>\n<li class=\"p1\">Cinq modules de 33 LED chacun<\/li>\n<li class=\"p1\">Trois modules pour l&#8217;\u00e9clairage direct<\/li>\n<li class=\"p1\">Deux modules pour l&#8217;\u00e9clairage indirect<\/li>\n<li class=\"p1\">Masque diaphragme d\u00e9coratif<\/li>\n<li class=\"p1\">Lentille secondaire individuelle par LED<\/li>\n<li class=\"p1\">Faible \u00e9blouissement avec UGR inf\u00e9rieur \u00e0 19<\/li>\n<li class=\"p1\">Bo\u00eetier ultra-mince de 11 mm<\/li>\n<li class=\"p1\">Bo\u00eetier en acier<\/li>\n<li class=\"p1\">Rev\u00eatement en poudre de structure mate<\/li>\n<li class=\"p1\">Haute efficacit\u00e9 \u00e9nerg\u00e9tique<\/li>\n<li class=\"p1\">R\u00e9gulation en fonction de la lumi\u00e8re du jour<\/li>\n<li class=\"p1\">R\u00e9gulation de l&#8217;\u00e9clairage en fonction de la pr\u00e9sence<\/li>\n<li class=\"p1\">Interface DALI<\/li>\n<li class=\"p1\">Capteur int\u00e9gr\u00e9 possible<\/li>\n<\/ul>\n<p class=\"p1\">Myos-S2 Multioptic Up\/Down combine l&#8217;\u00e9clairage direct et indirect dans un seul luminaire mince et offre ainsi une solution d&#8217;\u00e9clairage confortable, efficace et conforme aux normes pour les environnements de travail et d&#8217;apprentissage modernes.<\/p>\n[\/vc_column_text][\/vc_column][\/vc_row]\n","protected":false},"excerpt":{"rendered":"<p>Myos-S2 Multioptic Up\/Down est un luminaire suspendu innovant dot\u00e9 de modules LED de puissance moyenne qui utilisent la technologie de lentilles Multioptic\u00ae. Contient 5 modules de 33 LED de puissance chacun derri\u00e8re un masque de diaphragme d\u00e9coratif. Trois modules sont orient\u00e9s vers le bas pour un \u00e9clairage efficace de la zone de travail et deux modules sont orient\u00e9s vers le haut pour un \u00e9clairage indirect.  <\/p>\n<ul>\n<li>Design \u00e9l\u00e9gant et ultra-mince de seulement 11 mm de hauteur<\/li>\n<li>Excellent \u00e9clairage de poste de travail UGR&lt; 19 \u00e0 faible \u00e9blouissement selon EN-12.464\/1 pour bureaux.<\/li>\n<li>Finition en rev\u00eatement de structure d\u00e9coratif blanc mat ou noir mat<\/li>\n<\/ul>\n<div><strong>T\u00e9l\u00e9chargements<\/strong><\/div>\n<div><\/div>\n<div>[button size=\"small\" style=\"is-outline primary\" text=\"Photom\u00e9trie Myos-S2\" link=\"https:\/\/atomis.nl\/downloads\/Photometrics-Myos-S2.zip\" target=\"_blank\"] [button size=\"small\" style=\"is-outline primary\" text=\"Fichiers BIM Myos-S2\" link=\"https:\/\/atomis.nl\/downloads\/BIM-files-Myos-S.zip\" target=\"_blank\"]<\/div>\n<div><\/div>\n<div><\/div>\n","protected":false},"featured_media":13699,"template":"","meta":[],"product_brand":[],"product_cat":[790],"product_tag":[14297],"class_list":{"0":"post-88513","1":"product","2":"type-product","3":"status-publish","4":"has-post-thumbnail","6":"product_cat-pendel-armaturen","7":"product_tag-myos","8":"pa_air-extraction-n-v-t","9":"pa_armatuurefficientie-140lm-w","10":"pa_bevestiging-pendel","11":"pa_breedte-90mm-nl","12":"pa_cie-flux-code-93-100-100-100-100-nl","13":"pa_driver-positie-losliggende-driver","14":"pa_energielabel-a","15":"pa_familie-myos","16":"pa_fotobiologische-veiligheid-iec-62471-rg1-low-risk-nl","17":"pa_glare-ugr-14960","18":"pa_ip-class-ip20-top-ip40-bottom-nl-2","19":"pa_isolatieklasse-class-i-nl","20":"pa_isolatieklasse-class-ii-nl","21":"pa_kleurconsistentiesdcm-sdcm3-nl-2","22":"pa_kleurtemperatuur-3000k","23":"pa_kleurtemperatuur-4000k","24":"pa_kleurweergaveindex-cri-cri80","25":"pa_kleurweergaveindex-cri-cri90","26":"pa_lengte-1710mm-nl","27":"pa_lichtregeling-optioneel","28":"pa_lichtregeling-dimmed-1-10v-nl-2","29":"pa_lichtregeling-casambi-gedimd","30":"pa_lichtregeling-dimmed-dali-nl-2","31":"pa_materiaal-steel-nl","32":"pa_materiaal-acrylate-nl","33":"pa_noodverlichting-1-uur-noodstroom","34":"pa_noodverlichting-optioneel","35":"pa_noodverlichting-optioneel-1-uur-autonoom-autotest","36":"pa_omgevingstemperatuur-20c-40c-nl-2","37":"pa_optiek-multioptic-lens-technology-nl","38":"pa_orientatie-omhoogomlaag","39":"pa_orientatie-naar-beneden","40":"pa_packaging-dimensions-bulkverpakking","41":"pa_powerfactor-15191","42":"pa_primaire-aansluitingen-kabel","43":"pa_primaire-aansluitingen-op-aanvraag","44":"pa_primaire-aansluitingen-on-the-driver-nl","45":"pa_productkleur-op-aanvraag","46":"pa_producttoepassing-onderwijs","47":"pa_producttoepassing-openbare-ruimtes","48":"pa_producttoepassing-horeca","49":"pa_producttoepassing-kantoren","50":"pa_self-adhesive-dust-cover-optional-nl","51":"pa_verwachte-levensduur-l90b5060000h-tq-25c","52":"pa_voltage-frequentie-220-240v-50-60hz","53":"pa_vorm-rectangular-nl","55":"first","56":"instock","57":"shipping-taxable","58":"product-type-simple"},"_links":{"self":[{"href":"https:\/\/atomis.nl\/fr\/wp-json\/wp\/v2\/product\/88513","targetHints":{"allow":["GET"]}}],"collection":[{"href":"https:\/\/atomis.nl\/fr\/wp-json\/wp\/v2\/product"}],"about":[{"href":"https:\/\/atomis.nl\/fr\/wp-json\/wp\/v2\/types\/product"}],"wp:featuredmedia":[{"embeddable":true,"href":"https:\/\/atomis.nl\/fr\/wp-json\/wp\/v2\/media\/13699"}],"wp:attachment":[{"href":"https:\/\/atomis.nl\/fr\/wp-json\/wp\/v2\/media?parent=88513"}],"wp:term":[{"taxonomy":"product_brand","embeddable":true,"href":"https:\/\/atomis.nl\/fr\/wp-json\/wp\/v2\/product_brand?post=88513"},{"taxonomy":"product_cat","embeddable":true,"href":"https:\/\/atomis.nl\/fr\/wp-json\/wp\/v2\/product_cat?post=88513"},{"taxonomy":"product_tag","embeddable":true,"href":"https:\/\/atomis.nl\/fr\/wp-json\/wp\/v2\/product_tag?post=88513"}],"curies":[{"name":"wp","href":"https:\/\/api.w.org\/{rel}","templated":true}]}}