{"id":88514,"date":"2022-05-03T11:21:53","date_gmt":"2022-05-03T11:21:53","guid":{"rendered":"https:\/\/atomis.nl\/product\/metronome-s-blanc\/"},"modified":"2026-04-03T12:27:43","modified_gmt":"2026-04-03T12:27:43","slug":"metronome-s-blanc","status":"publish","type":"product","link":"https:\/\/atomis.nl\/fr\/produits\/metronome-s-blanc\/","title":{"rendered":"Metronome-S blanc"},"content":{"rendered":"[vc_row type=&#8221;in_container&#8221; full_screen_row_position=&#8221;middle&#8221; column_margin=&#8221;default&#8221; column_direction=&#8221;default&#8221; column_direction_tablet=&#8221;default&#8221; column_direction_phone=&#8221;default&#8221; scene_position=&#8221;center&#8221; text_color=&#8221;dark&#8221; text_align=&#8221;left&#8221; row_border_radius=&#8221;none&#8221; row_border_radius_applies=&#8221;bg&#8221; row_position_desktop=&#8221;default&#8221; row_position_tablet=&#8221;inherit&#8221; row_position_phone=&#8221;inherit&#8221; overflow=&#8221;visible&#8221; overlay_strength=&#8221;0.3&#8243; gradient_direction=&#8221;left_to_right&#8221; shape_divider_position=&#8221;bottom&#8221; bg_image_animation=&#8221;none&#8221;][vc_column column_padding=&#8221;no-extra-padding&#8221; column_padding_tablet=&#8221;inherit&#8221; column_padding_phone=&#8221;inherit&#8221; column_padding_position=&#8221;all&#8221; flex_gap_desktop=&#8221;10px&#8221; column_element_direction_desktop=&#8221;default&#8221; column_element_spacing=&#8221;default&#8221; desktop_text_alignment=&#8221;default&#8221; tablet_text_alignment=&#8221;default&#8221; phone_text_alignment=&#8221;default&#8221; background_color_opacity=&#8221;1&#8243; background_hover_color_opacity=&#8221;1&#8243; column_backdrop_filter=&#8221;none&#8221; column_shadow=&#8221;none&#8221; column_border_radius=&#8221;none&#8221; column_link_target=&#8221;_self&#8221; column_position=&#8221;default&#8221; gradient_direction=&#8221;left_to_right&#8221; overlay_strength=&#8221;0.3&#8243; width=&#8221;1\/1&#8243; tablet_width_inherit=&#8221;default&#8221; animation_type=&#8221;default&#8221; bg_image_animation=&#8221;none&#8221; border_type=&#8221;simple&#8221; column_border_width=&#8221;none&#8221; column_border_style=&#8221;solid&#8221;][vc_column_text css=&#8221;&#8221; text_direction=&#8221;default&#8221;]\n<p class=\"p1\">Metronome-S blanc est un luminaire suspendu LED lin\u00e9aire, \u00e9quip\u00e9 de 28 ou 36 lentilles encastr\u00e9es derri\u00e8re un \u00e9cran anti-\u00e9blouissement en forme de grille. Le luminaire constitue une solution d&#8217;\u00e9clairage innovante pour un \u00e9clairage de travail efficace et confortable dans les environnements de bureau. <\/p>\n<p class=\"p1\">Gr\u00e2ce \u00e0 l&#8217;utilisation d&#8217;optiques de haute qualit\u00e9, Metronome-S blanc offre une distribution de la lumi\u00e8re tr\u00e8s contr\u00f4l\u00e9e et un confort visuel \u00e9lev\u00e9. En standard, le luminaire est \u00e9quip\u00e9 d&#8217;optiques avec un UGR inf\u00e9rieur \u00e0 19. Pour les environnements avec des exigences plus \u00e9lev\u00e9es en mati\u00e8re de limitation de l&#8217;\u00e9blouissement, une version avec un UGR inf\u00e9rieur \u00e0 16 est disponible.  <\/p>\n<p class=\"p1\">Les luminaires sont fabriqu\u00e9s en acier et finis de mani\u00e8re d\u00e9corative avec un rev\u00eatement de structure blanc, ce qui leur conf\u00e8re un aspect l\u00e9ger et de haute qualit\u00e9. L&#8217;optique est situ\u00e9e en standard sur la partie inf\u00e9rieure du luminaire. De plus, des versions avec \u00e9clairage direct et indirect sont disponibles, o\u00f9 la lumi\u00e8re est \u00e9mise \u00e0 la fois vers le bas et vers le haut.  <\/p>\n<p class=\"p1\">Gr\u00e2ce \u00e0 son rendement \u00e9lev\u00e9 et \u00e0 sa distribution optimale de la lumi\u00e8re avec un faible \u00e9blouissement, Metronome-S blanc convient \u00e0 une vari\u00e9t\u00e9 d&#8217;applications professionnelles.<\/p>\n<p class=\"p1\"><strong>Caract\u00e9ristiques principales<\/strong><\/p>\n<ul>\n<li class=\"p1\">Luminaire suspendu lin\u00e9aire \u00e0 LED<\/li>\n<li class=\"p1\">Lentilles encastr\u00e9es derri\u00e8re grille en forme de trame<\/li>\n<li class=\"p1\">Version avec 28 ou 36 lentilles<\/li>\n<li class=\"p1\">Distribution de la lumi\u00e8re tr\u00e8s contr\u00f4l\u00e9e<\/li>\n<li class=\"p1\">Confort visuel \u00e9lev\u00e9<\/li>\n<li class=\"p1\">UGR inf\u00e9rieur \u00e0 19 en standard<\/li>\n<li class=\"p1\">UGR inf\u00e9rieur \u00e0 16 en option<\/li>\n<li class=\"p1\">Bo\u00eetier en acier<\/li>\n<li class=\"p1\">Rev\u00eatement de structure d\u00e9coratif blanc<\/li>\n<li class=\"p1\">Optique standard en partie basse<\/li>\n<li class=\"p1\">\u00c9galement disponible avec \u00e9clairage direct et indirect<\/li>\n<\/ul>\n<p class=\"p1\">Gr\u00e2ce \u00e0 la combinaison d&#8217;une efficacit\u00e9 \u00e9lev\u00e9e, d&#8217;un faible \u00e9blouissement et d&#8217;une apparence architecturale, Metronome-S blanc est une excellente solution d&#8217;\u00e9clairage pour les bureaux, les \u00e9tablissements d&#8217;enseignement et les \u00e9tablissements de soins de sant\u00e9 o\u00f9 la qualit\u00e9 de la lumi\u00e8re et le design se rencontrent.<\/p>\n[\/vc_column_text][\/vc_column][\/vc_row]\n","protected":false},"excerpt":{"rendered":"<p>Metronome-S white est un luminaire suspendu LED linaire quip de 36 ou 28 lentilles, encastres derrire une grille de dfilement. Loptique est situe par dfaut sur la partie infrieure et des versions avec clairage direct et indirect (UP\/DOWN) sont galement disponibles. Un choix peut tre fait entre des optiques 19 (standard) et 16. <\/p>\n<ul>\n<li>Esth\u00e9tique architecturale avec 36 ou 28 optiques<\/li>\n<li>Choix entre optiques UGR 19 et UGR 16<\/li>\n<li>Finition de l&#8217;\u00e9cran anti-\u00e9blouissement blanc<\/li>\n<li>Des versions avec \u00e9clairage direct et indirect (UP\/DOWN) sont disponibles<\/li>\n<\/ul>\n<div><strong>T\u00e9l\u00e9chargements<\/strong><\/div>\n<div><\/div>\n<div>[button size=\"small\" style=\"is-outline primary\" text=\"Photom\u00e9trie Metronome-S\" link=\"https:\/\/atomis.nl\/downloads\/Photometrics-Metronome-S.zip\" target=\"_blank\"]<\/div>\n","protected":false},"featured_media":35947,"template":"","meta":[],"product_brand":[],"product_cat":[14577],"product_tag":[14783],"class_list":{"0":"post-88514","1":"product","2":"type-product","3":"status-publish","4":"has-post-thumbnail","6":"product_cat-pendant-luminaires","7":"product_tag-metronome","8":"pa_air-extraction-n-a","9":"pa_armatuurefficientie-140lm-w","10":"pa_bevestiging-pendant","11":"pa_breedte-50mm-nl","12":"pa_cie-flux-code-93-100-100-100-100-nl","13":"pa_driver-positie-integrated-nl","14":"pa_energielabel-a","15":"pa_familie-metronome","16":"pa_fotobiologische-veiligheid-iec-62471-rg1-low-risk-nl","17":"pa_glare-ugr-14970","18":"pa_ip-class-ip20-upwards-ip40-downwards","19":"pa_isolatieklasse-class-i-nl","20":"pa_isolatieklasse-class-ii-nl-2","21":"pa_kleurconsistentiesdcm-sdcm3-nl-2","22":"pa_kleurtemperatuur-2700k","23":"pa_kleurtemperatuur-3000k","24":"pa_kleurtemperatuur-3500k","25":"pa_kleurtemperatuur-4000k","26":"pa_kleurtemperatuur-blanc-accordable","27":"pa_kleurweergaveindex-cri-cri80","28":"pa_kleurweergaveindex-cri-cri90","29":"pa_lichtregeling-optional","30":"pa_lichtregeling-1-10v-dimmed","31":"pa_lichtregeling-casambi-dimmed","32":"pa_lichtregeling-dali-dimmed","33":"pa_materiaal-steel","34":"pa_materiaal-acrylic","35":"pa_noodverlichting-1-hour-emergency-power","36":"pa_noodverlichting-optional","37":"pa_noodverlichting-optional-1-hour-autonomy-with-self-test","38":"pa_omgevingstemperatuur-20c-40c-nl-2","39":"pa_optiek-lens-and-louver-nl","40":"pa_orientatie-up-down","41":"pa_orientatie-downwards","42":"pa_packaging-dimensions-bulk-packaging","43":"pa_powerfactor-15204","44":"pa_primaire-aansluitingen-kabel","45":"pa_primaire-aansluitingen-on-request","46":"pa_primaire-aansluitingen-on-the-driver","47":"pa_productkleur-on-request","48":"pa_producttoepassing-education","49":"pa_producttoepassing-public-spaces","50":"pa_producttoepassing-hospitality","51":"pa_producttoepassing-office","52":"pa_self-adhesive-dust-cover-optional","53":"pa_verwachte-levensduur-l90b5060000h-tq-25c","54":"pa_voltage-frequentie-220-240v-50-60hz","55":"pa_vorm-rectangular-nl","57":"first","58":"instock","59":"featured","60":"shipping-taxable","61":"product-type-simple"},"_links":{"self":[{"href":"https:\/\/atomis.nl\/fr\/wp-json\/wp\/v2\/product\/88514","targetHints":{"allow":["GET"]}}],"collection":[{"href":"https:\/\/atomis.nl\/fr\/wp-json\/wp\/v2\/product"}],"about":[{"href":"https:\/\/atomis.nl\/fr\/wp-json\/wp\/v2\/types\/product"}],"wp:featuredmedia":[{"embeddable":true,"href":"https:\/\/atomis.nl\/fr\/wp-json\/wp\/v2\/media\/35947"}],"wp:attachment":[{"href":"https:\/\/atomis.nl\/fr\/wp-json\/wp\/v2\/media?parent=88514"}],"wp:term":[{"taxonomy":"product_brand","embeddable":true,"href":"https:\/\/atomis.nl\/fr\/wp-json\/wp\/v2\/product_brand?post=88514"},{"taxonomy":"product_cat","embeddable":true,"href":"https:\/\/atomis.nl\/fr\/wp-json\/wp\/v2\/product_cat?post=88514"},{"taxonomy":"product_tag","embeddable":true,"href":"https:\/\/atomis.nl\/fr\/wp-json\/wp\/v2\/product_tag?post=88514"}],"curies":[{"name":"wp","href":"https:\/\/api.w.org\/{rel}","templated":true}]}}