{"id":88516,"date":"2022-04-16T08:13:46","date_gmt":"2022-04-16T08:13:46","guid":{"rendered":"https:\/\/atomis.nl\/product\/myos-cg-multioptic\/"},"modified":"2026-04-03T20:11:28","modified_gmt":"2026-04-03T20:11:28","slug":"myos-cg-multioptic","status":"publish","type":"product","link":"https:\/\/atomis.nl\/fr\/produits\/myos-cg-multioptic\/","title":{"rendered":"Myos-CG multioptic\u00ae"},"content":{"rendered":"[vc_row type=&#8221;in_container&#8221; full_screen_row_position=&#8221;middle&#8221; column_margin=&#8221;default&#8221; column_direction=&#8221;default&#8221; column_direction_tablet=&#8221;default&#8221; column_direction_phone=&#8221;default&#8221; scene_position=&#8221;center&#8221; text_color=&#8221;dark&#8221; text_align=&#8221;left&#8221; row_border_radius=&#8221;none&#8221; row_border_radius_applies=&#8221;bg&#8221; row_position_desktop=&#8221;default&#8221; row_position_tablet=&#8221;inherit&#8221; row_position_phone=&#8221;inherit&#8221; overflow=&#8221;visible&#8221; overlay_strength=&#8221;0.3&#8243; gradient_direction=&#8221;left_to_right&#8221; shape_divider_position=&#8221;bottom&#8221; bg_image_animation=&#8221;none&#8221;][vc_column column_padding=&#8221;no-extra-padding&#8221; column_padding_tablet=&#8221;inherit&#8221; column_padding_phone=&#8221;inherit&#8221; column_padding_position=&#8221;all&#8221; flex_gap_desktop=&#8221;10px&#8221; column_element_direction_desktop=&#8221;default&#8221; column_element_spacing=&#8221;default&#8221; desktop_text_alignment=&#8221;default&#8221; tablet_text_alignment=&#8221;default&#8221; phone_text_alignment=&#8221;default&#8221; background_color_opacity=&#8221;1&#8243; background_hover_color_opacity=&#8221;1&#8243; column_backdrop_filter=&#8221;none&#8221; column_shadow=&#8221;none&#8221; column_border_radius=&#8221;none&#8221; column_link_target=&#8221;_self&#8221; column_position=&#8221;default&#8221; gradient_direction=&#8221;left_to_right&#8221; overlay_strength=&#8221;0.3&#8243; width=&#8221;1\/1&#8243; tablet_width_inherit=&#8221;default&#8221; animation_type=&#8221;default&#8221; bg_image_animation=&#8221;none&#8221; border_type=&#8221;simple&#8221; column_border_width=&#8221;none&#8221; column_border_style=&#8221;solid&#8221;][vc_column_text css_animation=&#8221;bounceIn&#8221; css=&#8221;&#8221; text_direction=&#8221;default&#8221;]Myos-CG Multioptic est un luminaire LED aux dimensions modulaires con\u00e7u pour une installation dans des plafonds suspendus \u00e0 ossature cach\u00e9e. Le luminaire int\u00e8gre un ensemble de 99 LED mid-power derri\u00e8re un masque douverture d\u00e9coratif. <\/p>\n<p>Chaque LED est \u00e9quip\u00e9e dune lentille secondaire individuelle assurant une excellente r\u00e9partition lumineuse avec un faible \u00e9blouissement (UGR  16 \u2013 UGR  19). Ces luminaires sont donc particuli\u00e8rement adapt\u00e9s aux bureaux, \u00e9coles et \u00e9tablissements de sant\u00e9 o\u00f9 le confort visuel est essentiel. <\/p>\n<p>Le bo\u00eetier est fabriqu\u00e9 en acier et dot\u00e9 dun rev\u00eatement par poudrage structur\u00e9 en RAL9016 ou RAL9010. Ces finitions sharmonisent parfaitement avec celles des panneaux de plafond, permettant une int\u00e9gration esth\u00e9tique et fluide. <\/p>\n<p>Le syst\u00e8me de support m\u00e9canique est adapt\u00e9 au type de plafond utilis\u00e9, garantissant un montage correct et stable. Les luminaires sont produits et assembl\u00e9s aux Pays-Bas, ce qui assure une qualit\u00e9 constante et une finition fiable. <\/p>\n<p><strong>Caract\u00e9ristiques principales<\/strong><\/p>\n<p>\u2022 Luminaire LED pour plafonds \u00e0 ossature cach\u00e9e<br \/>\n\u2022 Dimensions modulaires<br \/>\n\u2022 99 LED mid-power<br \/>\n\u2022 Lentille secondaire individuelle par LED<br \/>\n\u2022 Faible \u00e9blouissement avec UGR  16 \u2013 UGR  19<br \/>\n\u2022 Masque d\u2019ouverture d\u00e9coratif<br \/>\n\u2022 Bo\u00eetier en acier<br \/>\n\u2022 Poudrage structur\u00e9 en RAL9016 ou RAL9010<br \/>\n\u2022 Support m\u00e9canique adapt\u00e9 au syst\u00e8me de plafond<br \/>\n\u2022 Produit et assembl\u00e9 aux Pays-Bas <\/p>\n<p>Alliant haute qualit\u00e9 d\u00e9clairage, faible \u00e9blouissement et design architectural int\u00e9gr\u00e9, le Myos-CG Multioptic constitue une solution d\u00e9clairage efficace pour les environnements professionnels de travail, denseignement et de sant\u00e9.[\/vc_column_text][\/vc_column][\/vc_row]\n","protected":false},"excerpt":{"rendered":"<p>Myos-CG Multioptic, un luminaire LED aux dimensions modulaires pour faux plafonds \u00e0 ossature cach\u00e9e. Ce luminaire comporte un ensemble de 99 LED mid-power derri\u00e8re un masque douverture d\u00e9coratif. Chaque LED est dot\u00e9e dune lentille secondaire individuelle assurant une excellente r\u00e9partition lumineuse avec un faible \u00e9blouissement (UGR16 \u2013 UGR19).  <\/p>\n<ul>\n<li>Convient pour une utilisation en combinaison avec tous les faux plafonds courants<\/li>\n<li>Aspect architectural<\/li>\n<li>Syst\u00e8me de lentilles Multioptic, assurant une excellente r\u00e9partition lumineuse avec un faible \u00e9blouissement (UGR16 \u2013 UGR19)<\/li>\n<\/ul>\n<div><strong>T\u00e9l\u00e9chargements<\/strong><\/div>\n<div><\/div>\n<div>[button size=\"small\" style=\"is-outline primary\" text=\"Photom\u00e9trie Myos-CG carr\u00e9\" link=\"https:\/\/atomis.nl\/downloads\/Photometrics-Myos-M-square.zip\" target=\"_blank\"]<\/div>\n<div><\/div>\n<div><\/div>\n","protected":false},"featured_media":31918,"template":"","meta":[],"product_brand":[],"product_cat":[787],"product_tag":[14297],"class_list":{"0":"post-88516","1":"product","2":"type-product","3":"status-publish","4":"has-post-thumbnail","6":"product_cat-verborgen-draagprofielen-armaturen","7":"product_tag-myos","8":"pa_air-extraction-optional-nl","9":"pa_armatuurefficientie-140lm-w","10":"pa_bevestiging-inbouw","11":"pa_c-haak-hoogte-op-aanvraag","12":"pa_cie-flux-code-93-100-100-100-100-nl","13":"pa_driver-positie-losliggende-driver","14":"pa_driver-positie-bevestigd-aan-het-armatuur","15":"pa_energielabel-a","16":"pa_familie-myos","17":"pa_fotobiologische-veiligheid-iec-62471-rg1-low-risk-nl","18":"pa_glare-ugr-14960","19":"pa_ip-class-ip20-top-ip40-bottom-nl-2","20":"pa_isolatieklasse-class-ii-nl","21":"pa_kleurconsistentiesdcm-sdcm3-nl-2","22":"pa_kleurtemperatuur-3000k","23":"pa_kleurtemperatuur-4000k","24":"pa_kleurweergaveindex-cri-cri80","25":"pa_kleurweergaveindex-cri-cri90","26":"pa_lichtregeling-optioneel","27":"pa_lichtregeling-dimmed-1-10v-nl-2","28":"pa_lichtregeling-casambi-gedimd","29":"pa_lichtregeling-dimmed-dali-nl-2","30":"pa_materiaal-steel-nl","31":"pa_materiaal-acrylate-nl","32":"pa_noodverlichting-1-uur-noodstroom","33":"pa_noodverlichting-optioneel","34":"pa_noodverlichting-optioneel-1-uur-autonoom-autotest","35":"pa_omgevingstemperatuur-20c-40c-nl-2","36":"pa_optiek-multioptic-lens-technology-nl","37":"pa_orientatie-naar-beneden","38":"pa_packaging-dimensions-bulkverpakking","39":"pa_powerfactor-15191","40":"pa_primaire-aansluitingen-bst-14i2","41":"pa_primaire-aansluitingen-europlug","42":"pa_primaire-aansluitingen-gst18i3","43":"pa_primaire-aansluitingen-gst18i5-pastel-blue-nl-2","44":"pa_primaire-aansluitingen-op-aanvraag","45":"pa_primaire-aansluitingen-on-the-driver-nl","46":"pa_productkleur-op-aanvraag","47":"pa_producttoepassing-onderwijs","48":"pa_producttoepassing-openbare-ruimtes","49":"pa_producttoepassing-horeca","50":"pa_producttoepassing-kantoren","51":"pa_self-adhesive-dust-cover-optional-nl","52":"pa_verwachte-levensduur-l90b5060000h-tq-25c","53":"pa_voltage-frequentie-220-240v-50-60hz","54":"pa_vorm-vierkant","56":"first","57":"instock","58":"shipping-taxable","59":"product-type-simple"},"_links":{"self":[{"href":"https:\/\/atomis.nl\/fr\/wp-json\/wp\/v2\/product\/88516","targetHints":{"allow":["GET"]}}],"collection":[{"href":"https:\/\/atomis.nl\/fr\/wp-json\/wp\/v2\/product"}],"about":[{"href":"https:\/\/atomis.nl\/fr\/wp-json\/wp\/v2\/types\/product"}],"wp:featuredmedia":[{"embeddable":true,"href":"https:\/\/atomis.nl\/fr\/wp-json\/wp\/v2\/media\/31918"}],"wp:attachment":[{"href":"https:\/\/atomis.nl\/fr\/wp-json\/wp\/v2\/media?parent=88516"}],"wp:term":[{"taxonomy":"product_brand","embeddable":true,"href":"https:\/\/atomis.nl\/fr\/wp-json\/wp\/v2\/product_brand?post=88516"},{"taxonomy":"product_cat","embeddable":true,"href":"https:\/\/atomis.nl\/fr\/wp-json\/wp\/v2\/product_cat?post=88516"},{"taxonomy":"product_tag","embeddable":true,"href":"https:\/\/atomis.nl\/fr\/wp-json\/wp\/v2\/product_tag?post=88516"}],"curies":[{"name":"wp","href":"https:\/\/api.w.org\/{rel}","templated":true}]}}