{"id":88519,"date":"2023-03-14T14:48:47","date_gmt":"2023-03-14T14:48:47","guid":{"rendered":"https:\/\/atomis.nl\/product\/metronome-cg-carre\/"},"modified":"2026-03-19T10:56:37","modified_gmt":"2026-03-19T10:56:37","slug":"metronome-cg-carre","status":"publish","type":"product","link":"https:\/\/atomis.nl\/fr\/produits\/metronome-cg-carre\/","title":{"rendered":"Metronome-CG carr\u00e9"},"content":{"rendered":"[vc_row type=&#8221;in_container&#8221; full_screen_row_position=&#8221;middle&#8221; column_margin=&#8221;default&#8221; column_direction=&#8221;default&#8221; column_direction_tablet=&#8221;default&#8221; column_direction_phone=&#8221;default&#8221; scene_position=&#8221;center&#8221; text_color=&#8221;dark&#8221; text_align=&#8221;left&#8221; row_border_radius=&#8221;none&#8221; row_border_radius_applies=&#8221;bg&#8221; row_position_desktop=&#8221;default&#8221; row_position_tablet=&#8221;inherit&#8221; row_position_phone=&#8221;inherit&#8221; overflow=&#8221;visible&#8221; overlay_strength=&#8221;0.3&#8243; gradient_direction=&#8221;left_to_right&#8221; shape_divider_position=&#8221;bottom&#8221; bg_image_animation=&#8221;none&#8221;][vc_column column_padding=&#8221;no-extra-padding&#8221; column_padding_tablet=&#8221;inherit&#8221; column_padding_phone=&#8221;inherit&#8221; column_padding_position=&#8221;all&#8221; flex_gap_desktop=&#8221;10px&#8221; column_element_direction_desktop=&#8221;default&#8221; column_element_spacing=&#8221;default&#8221; desktop_text_alignment=&#8221;default&#8221; tablet_text_alignment=&#8221;default&#8221; phone_text_alignment=&#8221;default&#8221; background_color_opacity=&#8221;1&#8243; background_hover_color_opacity=&#8221;1&#8243; column_backdrop_filter=&#8221;none&#8221; column_shadow=&#8221;none&#8221; column_border_radius=&#8221;none&#8221; column_link_target=&#8221;_self&#8221; column_position=&#8221;default&#8221; gradient_direction=&#8221;left_to_right&#8221; overlay_strength=&#8221;0.3&#8243; width=&#8221;1\/1&#8243; tablet_width_inherit=&#8221;default&#8221; animation_type=&#8221;default&#8221; bg_image_animation=&#8221;none&#8221; border_type=&#8221;simple&#8221; column_border_width=&#8221;none&#8221; column_border_style=&#8221;solid&#8221;][vc_column_text css_animation=&#8221;bounceIn&#8221; css=&#8221;&#8221; text_direction=&#8221;default&#8221;]Metronome-CG Square est un luminaire LED pour plafonds suspendus \u00e0 profil\u00e9s cach\u00e9s, dot\u00e9 de 32 lentilles encastr\u00e9es plac\u00e9es derri\u00e8re une grille de d\u00e9filement. Ce luminaire innovant offre un \u00e9clairage efficace tout en apportant une touche d\u00e9l\u00e9gance \u00e0 tout environnement architectural. <\/p>\n<p>Les clients peuvent choisir entre deux optiques : une version standard avec UGR  19 ou une version avec UGR  16 pour un \u00e9blouissement tr\u00e8s r\u00e9duit. Ce luminaire est donc particuli\u00e8rement adapt\u00e9 aux applications o\u00f9 le confort visuel est essentiel. <\/p>\n<p>Les luminaires sont fabriqu\u00e9s en acier thermolaqu\u00e9 et sont r\u00e9alis\u00e9s sur mesure pour chaque syst\u00e8me de plafond. Les clients ont la possibilit\u00e9 de choisir diff\u00e9rentes configurations, telles que les dimensions, les ouvertures pour capteurs, la ventilation par pl\u00e9num, la couleur et le degr\u00e9 de r\u00e9flexion. <\/p>\n<p>Gr\u00e2ce \u00e0 son rendement \u00e9lev\u00e9 et \u00e0 sa r\u00e9partition lumineuse optimale avec un UGR  19, le Metronome-CG Square constitue une solution d\u00e9clairage id\u00e9ale pour les bureaux, les \u00e9tablissements denseignement et les environnements de sant\u00e9.<\/p>\n<p><strong>Caract\u00e9ristiques principales<\/strong><\/p>\n<p>\u2022 Luminaire LED pour plafonds suspendus \u00e0 profil\u00e9s cach\u00e9s<br \/>\n\u2022 32 lentilles encastr\u00e9es int\u00e9gr\u00e9es<br \/>\n\u2022 Grille de d\u00e9filement pour une r\u00e9partition lumineuse contr\u00f4l\u00e9e<br \/>\n\u2022 Options pour UGR  19 ou UGR  16<br \/>\n\u2022 Bo\u00eetier en acier thermolaqu\u00e9<br \/>\n\u2022 Sur mesure pour chaque syst\u00e8me de plafond<br \/>\n\u2022 Possibilit\u00e9 d\u2019ouvertures pour capteurs et ventilation par pl\u00e9num<br \/>\n\u2022 Dimensions, couleur et degr\u00e9 de r\u00e9flexion personnalisables<br \/>\n\u2022 Rendement \u00e9lev\u00e9 et confort visuel optimal  <\/p>\n<p>Metronome-CG Square allie efficacit\u00e9, flexibilit\u00e9 et design architectural raffin\u00e9, constituant ainsi une solution d\u00e9clairage haut de gamme pour les environnements modernes de bureaux, denseignement et de sant\u00e9.[\/vc_column_text][\/vc_column][\/vc_row]\n","protected":false},"excerpt":{"rendered":"<p>Metronome-CG square est un luminaire LED pour plafonds suspendus \u00e0 ossature cach\u00e9e, \u00e9quip\u00e9 de 32 lentilles encastr\u00e9es derri\u00e8re une grille de d\u00e9filement. Ce luminaire innovant offre un \u00e9clairage efficace et apporte de l\u00e9l\u00e9gance \u00e0 tout environnement architectural. Les clients peuvent choisir entre deux optiques : lUGR19 standard ou lUGR16. Les luminaires sont fabriqu\u00e9s en acier thermolaqu\u00e9 et r\u00e9alis\u00e9s sur mesure pour chaque syst\u00e8me de plafond. Les clients ont la possibilit\u00e9 de choisir entre deux optiques : lUGR 19 standard ou lUGR 16.   <\/p>\n<ul>\n<li>Conception architecturale avec 32 optiques<\/li>\n<li>Choix entre optiques UGR 19 et UGR 16<\/li>\n<li>Finition du d\u00e9flecteur blanc ou aluminium brillant<\/li>\n<li>Design plat pour faibles profondeurs de plafond<\/li>\n<\/ul>\n<div><strong>T\u00e9l\u00e9chargements<\/strong><\/div>\n<div><\/div>\n<div><\/div>\n<div>[button size=\"small\" style=\"is-outline primary\" text=\"Photom\u00e9trie Metronome-CG carr\u00e9\" link=\"https:\/\/atomis.nl\/downloads\/Photometrics-Metronome-square.zip\" target=\"_blank\"]<\/div>\n<div><\/div>\n<div><strong>Composez votre propre produit, t\u00e9l\u00e9chargez la fiche technique PDF ou ajoutez au devis :<\/strong><\/div>\n<div><\/div>\n<div><\/div>\n","protected":false},"featured_media":49135,"template":"","meta":[],"product_brand":[],"product_cat":[14581],"product_tag":[14784],"class_list":{"0":"post-88519","1":"product","2":"type-product","3":"status-publish","4":"has-post-thumbnail","6":"product_cat-luminaires-a-profils-porteurs-dissimules","7":"product_tag-metronome","8":"pa_air-extraction-facultatif","9":"pa_armatuurefficientie-140lm-w","10":"pa_bevestiging-encastre","11":"pa_c-haak-hoogte-n-v-t","12":"pa_cie-flux-code-93-100-100-100-100-nl","13":"pa_driver-positie-driver-led-externe","14":"pa_driver-positie-fixe-au-luminaire","15":"pa_energielabel-a","16":"pa_familie-metronome","17":"pa_fotobiologische-veiligheid-cei-62471-rg1-faible-risque","18":"pa_glare-ugr-14969","19":"pa_ip-class-ip20-dessus-ip40-dessous","20":"pa_isolatieklasse-classe-ii-nl","21":"pa_kleurconsistentiesdcm-sdcm3-nl-2","22":"pa_kleurtemperatuur-2700k","23":"pa_kleurtemperatuur-3000k","24":"pa_kleurtemperatuur-3500k","25":"pa_kleurtemperatuur-4000k","26":"pa_kleurtemperatuur-blanc-accordable","27":"pa_kleurweergaveindex-cri-cri80","28":"pa_kleurweergaveindex-cri-cri90","29":"pa_lichtregeling-optionelle","30":"pa_lichtregeling-gradation-1-10-v","31":"pa_lichtregeling-gradation-casambi","32":"pa_lichtregeling-gradation-dali","33":"pa_materiaal-acier","34":"pa_materiaal-acrylique","35":"pa_noodverlichting-autonomie-de-secours-de-1-heure","36":"pa_noodverlichting-optionelle","37":"pa_noodverlichting-autonomie-optionnelle-de-1-heure-avec-autotest","38":"pa_omgevingstemperatuur-20c-40c-nl-2","39":"pa_optiek-lens-and-louver-nl","40":"pa_orientatie-vers-le-bas","41":"pa_packaging-dimensions-emballage-en-vrac","42":"pa_powerfactor-15205","43":"pa_primaire-aansluitingen-bst-14i2","44":"pa_primaire-aansluitingen-europlug","45":"pa_primaire-aansluitingen-gst18i3","46":"pa_primaire-aansluitingen-gst18i5-pastel-blue-nl-2","47":"pa_primaire-aansluitingen-op-aanvraag","48":"pa_primaire-aansluitingen-on-the-driver-nl","49":"pa_productkleur-sur-demande","50":"pa_producttoepassing-education","51":"pa_producttoepassing-espaces-publics","52":"pa_producttoepassing-hotellerie-restauration","53":"pa_producttoepassing-bureau","54":"pa_self-adhesive-dust-cover-optionnel","55":"pa_verwachte-levensduur-l90b5060000h-tq-25c","56":"pa_voltage-frequentie-220-240v-50-60hz","57":"pa_vorm-carre","59":"first","60":"instock","61":"shipping-taxable","62":"product-type-simple"},"_links":{"self":[{"href":"https:\/\/atomis.nl\/fr\/wp-json\/wp\/v2\/product\/88519","targetHints":{"allow":["GET"]}}],"collection":[{"href":"https:\/\/atomis.nl\/fr\/wp-json\/wp\/v2\/product"}],"about":[{"href":"https:\/\/atomis.nl\/fr\/wp-json\/wp\/v2\/types\/product"}],"wp:featuredmedia":[{"embeddable":true,"href":"https:\/\/atomis.nl\/fr\/wp-json\/wp\/v2\/media\/49135"}],"wp:attachment":[{"href":"https:\/\/atomis.nl\/fr\/wp-json\/wp\/v2\/media?parent=88519"}],"wp:term":[{"taxonomy":"product_brand","embeddable":true,"href":"https:\/\/atomis.nl\/fr\/wp-json\/wp\/v2\/product_brand?post=88519"},{"taxonomy":"product_cat","embeddable":true,"href":"https:\/\/atomis.nl\/fr\/wp-json\/wp\/v2\/product_cat?post=88519"},{"taxonomy":"product_tag","embeddable":true,"href":"https:\/\/atomis.nl\/fr\/wp-json\/wp\/v2\/product_tag?post=88519"}],"curies":[{"name":"wp","href":"https:\/\/api.w.org\/{rel}","templated":true}]}}