{"id":88524,"date":"2021-10-08T10:43:50","date_gmt":"2021-10-08T10:43:50","guid":{"rendered":"https:\/\/atomis.nl\/product\/meson-round-directable\/"},"modified":"2026-03-19T14:59:22","modified_gmt":"2026-03-19T14:59:22","slug":"meson-round-directable","status":"publish","type":"product","link":"https:\/\/atomis.nl\/fr\/produits\/meson-round-directable\/","title":{"rendered":"Meson round directable"},"content":{"rendered":"[vc_row type=&#8221;in_container&#8221; full_screen_row_position=&#8221;middle&#8221; column_margin=&#8221;default&#8221; column_direction=&#8221;default&#8221; column_direction_tablet=&#8221;default&#8221; column_direction_phone=&#8221;default&#8221; scene_position=&#8221;center&#8221; text_color=&#8221;dark&#8221; text_align=&#8221;left&#8221; row_border_radius=&#8221;none&#8221; row_border_radius_applies=&#8221;bg&#8221; row_position_desktop=&#8221;default&#8221; row_position_tablet=&#8221;inherit&#8221; row_position_phone=&#8221;inherit&#8221; overflow=&#8221;visible&#8221; overlay_strength=&#8221;0.3&#8243; gradient_direction=&#8221;left_to_right&#8221; shape_divider_position=&#8221;bottom&#8221; bg_image_animation=&#8221;none&#8221;][vc_column column_padding=&#8221;no-extra-padding&#8221; column_padding_tablet=&#8221;inherit&#8221; column_padding_phone=&#8221;inherit&#8221; column_padding_position=&#8221;all&#8221; flex_gap_desktop=&#8221;10px&#8221; column_element_direction_desktop=&#8221;default&#8221; column_element_spacing=&#8221;default&#8221; desktop_text_alignment=&#8221;default&#8221; tablet_text_alignment=&#8221;default&#8221; phone_text_alignment=&#8221;default&#8221; background_color_opacity=&#8221;1&#8243; background_hover_color_opacity=&#8221;1&#8243; column_backdrop_filter=&#8221;none&#8221; column_shadow=&#8221;none&#8221; column_border_radius=&#8221;none&#8221; column_link_target=&#8221;_self&#8221; column_position=&#8221;default&#8221; gradient_direction=&#8221;left_to_right&#8221; overlay_strength=&#8221;0.3&#8243; width=&#8221;1\/1&#8243; tablet_width_inherit=&#8221;default&#8221; animation_type=&#8221;default&#8221; bg_image_animation=&#8221;none&#8221; border_type=&#8221;simple&#8221; column_border_width=&#8221;none&#8221; column_border_style=&#8221;solid&#8221;][vc_column_text css=&#8221;&#8221; text_direction=&#8221;default&#8221;]\n<p class=\"p1\">Meson round directable est un spot LED encastrable avec une LED puissante, con\u00e7u pour un \u00e9clairage d&#8217;accentuation flexible et de haute qualit\u00e9 dans les environnements professionnels.<\/p>\n<p class=\"p1\">La LED d\u00e9livre une lumi\u00e8re blanc chaud ou blanc froid avec un excellent indice de rendu des couleurs, rendant le luminaire adapt\u00e9 \u00e0 diverses applications o\u00f9 la qualit\u00e9 de la lumi\u00e8re est importante.<\/p>\n<p class=\"p1\">L&#8217;unit\u00e9 spot orientable peut \u00eatre facilement ajust\u00e9e jusqu&#8217;\u00e0 35 degr\u00e9s, permettant de diriger pr\u00e9cis\u00e9ment la lumi\u00e8re sur des objets, surfaces de travail ou \u00e9l\u00e9ments architecturaux.<\/p>\n<p class=\"p1\">L&#8217;unit\u00e9 spot est \u00e9quip\u00e9e d&#8217;un r\u00e9flecteur Jordan Alunova\u00ae \u00e0 facettes sph\u00e9riques, disponible avec un faisceau de 24 degr\u00e9s ou 40 degr\u00e9s. Ces r\u00e9flecteurs sont finis avec une couche r\u00e9fl\u00e9chissante m\u00e9tallis\u00e9e sous vide, ce qui r\u00e9sulte en un tr\u00e8s haut rapport de rendement lumineux optique de plus de 90 pour cent. <\/p>\n<p class=\"p1\">Autour du r\u00e9flecteur est int\u00e9gr\u00e9 un anneau opale \u00e9clair\u00e9 avec r\u00e9tro\u00e9clairage. Cela cr\u00e9e un effet lumineux d\u00e9coratif subtil et contribue \u00e0 l&#8217;apparence visuelle du luminaire. <\/p>\n<p class=\"p1\">Meson round directable est \u00e9quip\u00e9 d&#8217;un driver puissant avec correction \u00e9lectronique du facteur de puissance pour des performances stables et une utilisation \u00e9nerg\u00e9tique efficace. Le montage s&#8217;effectue via une fixation \u00e0 ressorts \u00e0 fil, permettant une installation rapide et simple dans les plafonds suspendus. <\/p>\n<p class=\"p1\"><strong>Caract\u00e9ristiques principales<\/strong><\/p>\n<ul>\n<li class=\"p1\">Spot LED encastrable<\/li>\n<li class=\"p1\">LED puissante<\/li>\n<li class=\"p1\">Lumi\u00e8re blanc chaud ou blanc froid<\/li>\n<li class=\"p1\">Excellent indice de rendu des couleurs<\/li>\n<li class=\"p1\">Unit\u00e9 spot orientable jusqu&#8217;\u00e0 35 degr\u00e9s<\/li>\n<li class=\"p1\">R\u00e9flecteur Jordan Alunova\u00ae<\/li>\n<li class=\"p1\">Angles de faisceau de 24 ou 40 degr\u00e9s<\/li>\n<li class=\"p1\">Couche r\u00e9fl\u00e9chissante m\u00e9tallis\u00e9e sous vide<\/li>\n<li class=\"p1\">Rapport de rendement lumineux sup\u00e9rieur \u00e0 90 pour cent<\/li>\n<li class=\"p1\">Anneau opale d\u00e9coratif avec r\u00e9tro\u00e9clairage<\/li>\n<li class=\"p1\">Driver puissant avec correction \u00e9lectronique du facteur de puissance<\/li>\n<li class=\"p1\">Montage facile dans les faux plafonds<\/li>\n<li class=\"p1\">Fixation \u00e0 ressort \u00e0 fil<\/li>\n<\/ul>\n<p class=\"p1\">Meson round directable combine lumi\u00e8re orientable, haute efficacit\u00e9 et accent d\u00e9coratif et constitue ainsi une solution d&#8217;\u00e9clairage polyvalente pour les bureaux, commerces, h\u00f4tellerie et autres environnements professionnels.<\/p>\n[\/vc_column_text][\/vc_column][\/vc_row]\n","protected":false},"excerpt":{"rendered":"<p>Meson round directable est un spot LED encastrable avec une LED puissante. L&#8217;unit\u00e9 spot orientable peut \u00eatre facilement ajust\u00e9e jusqu&#8217;\u00e0 35\u00b0. L&#8217;unit\u00e9 spot est \u00e9quip\u00e9e d&#8217;un r\u00e9flecteur Jordan Alunova\u00ae \u00e0 facettes sph\u00e9riques disponible en faisceau 24\u00b0 ou 40\u00b0.  <\/p>\n<ul>\n<li>Spot r\u00e9glable de la verticale jusqu&#8217;\u00e0 35\u00b0 dans toutes les directions<\/li>\n<li>\u00c9quip\u00e9 d&#8217;un r\u00e9flecteur Jordan Alunova\u00ae \u00e0 facettes sph\u00e9riques disponible en faisceau 24\u00b0 ou 40\u00b0.<\/li>\n<li>Avec cadre de finition standard \u00d8190 mm ou cadre de finition refit \u00d8245 mm pour les ouvertures de plafond existantes plus grandes<\/li>\n<li>La fixation \u00e0 ressorts \u00e0 fil permet une installation facile dans les plafonds suspendus.<\/li>\n<\/ul>\n<div><strong>T\u00e9l\u00e9chargements<\/strong><\/div>\n<div><\/div>\n<div><a class=\"button primary is-is-outline primary is-small\" href=\"https:\/\/atomis.nl\/downloads\/Photometrics-Meson-round-190-directable.zip\" target=\"_blank\" rel=\"noopener\">Photom\u00e9trie Meson round directable<\/a><\/div>\n","protected":false},"featured_media":13136,"template":"","meta":[],"product_brand":[],"product_cat":[14455],"product_tag":[14782],"class_list":{"0":"post-88524","1":"product","2":"type-product","3":"status-publish","4":"has-post-thumbnail","6":"product_cat-downlights-et-spots-encastres","7":"product_tag-meson","8":"pa_air-extraction-n-v-t","9":"pa_armatuurefficientie-125lm-w","10":"pa_bevestiging-encastre","11":"pa_cie-flux-code-93-100-100-100-100-nl","12":"pa_driver-positie-driver-led-externe","13":"pa_energielabel-a","14":"pa_familie-meson","15":"pa_fotobiologische-veiligheid-cei-62471-rg1-faible-risque","16":"pa_glare-ugr-14969","17":"pa_glare-ugr-ugr-22-nl","18":"pa_ip-class-ip20-dessus-ip40-dessous","19":"pa_isolatieklasse-classe-ii-nl","20":"pa_kleurconsistentiesdcm-sdcm2","21":"pa_kleurtemperatuur-2700k","22":"pa_kleurtemperatuur-3000k","23":"pa_kleurtemperatuur-3500k","24":"pa_kleurtemperatuur-4000k","25":"pa_kleurtemperatuur-blanc-accordable","26":"pa_kleurweergaveindex-cri-cri80","27":"pa_kleurweergaveindex-cri-cri90","28":"pa_kleurweergaveindex-cri-cri97-nl-2","29":"pa_lichtregeling-optionelle","30":"pa_lichtregeling-gradation-1-10-v","31":"pa_lichtregeling-gradation-casambi","32":"pa_lichtregeling-gradation-dali","33":"pa_materiaal-acier","34":"pa_materiaal-acrylique","35":"pa_noodverlichting-autonomie-de-secours-de-1-heure","36":"pa_noodverlichting-optionelle","37":"pa_noodverlichting-autonomie-optionnelle-de-1-heure-avec-autotest","38":"pa_omgevingstemperatuur-20c-40c-nl-2","39":"pa_optiek-reflecteur","40":"pa_orientatie-vers-le-bas","41":"pa_packaging-dimensions-emballage-en-vrac","42":"pa_powerfactor-15205","43":"pa_primaire-aansluitingen-bst-14i2","44":"pa_primaire-aansluitingen-europlug","45":"pa_primaire-aansluitingen-gst18i3","46":"pa_primaire-aansluitingen-gst18i5-pastel-blue-nl-2","47":"pa_primaire-aansluitingen-sur-demande","48":"pa_primaire-aansluitingen-sur-le-driver","49":"pa_productkleur-sur-demande","50":"pa_producttoepassing-education","51":"pa_producttoepassing-espaces-dexposition","52":"pa_producttoepassing-espaces-publics","53":"pa_producttoepassing-hotellerie-restauration","54":"pa_producttoepassing-bureau","55":"pa_producttoepassing-commerce","56":"pa_self-adhesive-dust-cover-optionnel","57":"pa_spot-bundle-fwhm-15057","58":"pa_spot-bundle-fwhm-15060","59":"pa_verwachte-levensduur-l90b5060000h-tq-25c","60":"pa_voltage-frequentie-220-240v-50-60hz","61":"pa_vorm-round-nl","62":"pa_zaagmaat-170mm","64":"first","65":"instock","66":"shipping-taxable","67":"product-type-simple"},"_links":{"self":[{"href":"https:\/\/atomis.nl\/fr\/wp-json\/wp\/v2\/product\/88524","targetHints":{"allow":["GET"]}}],"collection":[{"href":"https:\/\/atomis.nl\/fr\/wp-json\/wp\/v2\/product"}],"about":[{"href":"https:\/\/atomis.nl\/fr\/wp-json\/wp\/v2\/types\/product"}],"wp:featuredmedia":[{"embeddable":true,"href":"https:\/\/atomis.nl\/fr\/wp-json\/wp\/v2\/media\/13136"}],"wp:attachment":[{"href":"https:\/\/atomis.nl\/fr\/wp-json\/wp\/v2\/media?parent=88524"}],"wp:term":[{"taxonomy":"product_brand","embeddable":true,"href":"https:\/\/atomis.nl\/fr\/wp-json\/wp\/v2\/product_brand?post=88524"},{"taxonomy":"product_cat","embeddable":true,"href":"https:\/\/atomis.nl\/fr\/wp-json\/wp\/v2\/product_cat?post=88524"},{"taxonomy":"product_tag","embeddable":true,"href":"https:\/\/atomis.nl\/fr\/wp-json\/wp\/v2\/product_tag?post=88524"}],"curies":[{"name":"wp","href":"https:\/\/api.w.org\/{rel}","templated":true}]}}