{"id":89064,"date":"2021-09-24T08:34:40","date_gmt":"2021-09-24T08:34:40","guid":{"rendered":"https:\/\/atomis.nl\/product\/stratos-y-70\/"},"modified":"2026-03-19T11:00:23","modified_gmt":"2026-03-19T11:00:23","slug":"stratos-y-70","status":"publish","type":"product","link":"https:\/\/atomis.nl\/fr\/produits\/stratos-y-70\/","title":{"rendered":"Stratos-Y 70"},"content":{"rendered":"[vc_row type=&#8221;in_container&#8221; full_screen_row_position=&#8221;middle&#8221; column_margin=&#8221;default&#8221; column_direction=&#8221;default&#8221; column_direction_tablet=&#8221;default&#8221; column_direction_phone=&#8221;default&#8221; scene_position=&#8221;center&#8221; text_color=&#8221;dark&#8221; text_align=&#8221;left&#8221; row_border_radius=&#8221;none&#8221; row_border_radius_applies=&#8221;bg&#8221; row_position_desktop=&#8221;default&#8221; row_position_tablet=&#8221;inherit&#8221; row_position_phone=&#8221;inherit&#8221; overflow=&#8221;visible&#8221; overlay_strength=&#8221;0.3&#8243; gradient_direction=&#8221;left_to_right&#8221; shape_divider_position=&#8221;bottom&#8221; bg_image_animation=&#8221;none&#8221;][vc_column column_padding=&#8221;no-extra-padding&#8221; column_padding_tablet=&#8221;inherit&#8221; column_padding_phone=&#8221;inherit&#8221; column_padding_position=&#8221;all&#8221; flex_gap_desktop=&#8221;10px&#8221; column_element_direction_desktop=&#8221;default&#8221; column_element_spacing=&#8221;default&#8221; desktop_text_alignment=&#8221;default&#8221; tablet_text_alignment=&#8221;default&#8221; phone_text_alignment=&#8221;default&#8221; background_color_opacity=&#8221;1&#8243; background_hover_color_opacity=&#8221;1&#8243; column_backdrop_filter=&#8221;none&#8221; column_shadow=&#8221;none&#8221; column_border_radius=&#8221;none&#8221; column_link_target=&#8221;_self&#8221; column_position=&#8221;default&#8221; gradient_direction=&#8221;left_to_right&#8221; overlay_strength=&#8221;0.3&#8243; width=&#8221;1\/1&#8243; tablet_width_inherit=&#8221;default&#8221; animation_type=&#8221;default&#8221; bg_image_animation=&#8221;none&#8221; border_type=&#8221;simple&#8221; column_border_width=&#8221;none&#8221; column_border_style=&#8221;solid&#8221;][vc_column_text css=&#8221;&#8221; text_direction=&#8221;default&#8221;]\n<p class=\"p1\">Stratos-Y 70 est un luminaire LED lin\u00e9aire en aluminium extrud\u00e9, con\u00e7u pour une application dans les plafonds \u00e0 panneaux et climatiques. Fabriqu\u00e9 sur mesure, il s\u2019adapte parfaitement \u00e0 la d\u00e9coupe pour s\u2019int\u00e9grer harmonieusement au concept de plafond. <\/p>\n<p class=\"p1\">Stratos-Y 70 \u00e9tant du sur-mesure, diff\u00e9rentes longueurs sont possibles. Le luminaire est ainsi largement utilisable dans les projets de r\u00e9novation comme de construction neuve o\u00f9 un aspect de plafond \u00e9pur\u00e9 et uniforme est souhait\u00e9. <\/p>\n<p class=\"p1\">Les luminaires sont finis avec un rev\u00eatement poudre durable. La fixation des unit\u00e9s varie selon le syst\u00e8me de plafond climatique appliqu\u00e9, permettant un montage correct et stable dans diverses solutions de plafond. Stratos-Y 70 est produit et assembl\u00e9 aux Pays-Bas, garantissant une qualit\u00e9 constante et une livraison fiable.  <\/p>\n<p class=\"p1\">En option, le luminaire peut \u00eatre \u00e9quip\u00e9 de fentes de pl\u00e9num int\u00e9gr\u00e9es, permettant de combiner subtilement \u00e9clairage et technique de ventilation.<\/p>\n<p class=\"p1\">Stratos-Y 70 est \u00e9quip\u00e9 d&#8217;une lentille prismatique \u00e0 faible \u00e9blouissement et un UGR inf\u00e9rieur ou \u00e9gal \u00e0 19. Le luminaire est \u00e9galement disponible avec un diffuseur opale pour un \u00e9clairage plus doux et plus architectural. <\/p>\n<p class=\"p1\"><strong>Caract\u00e9ristiques principales<\/strong><\/p>\n<ul>\n<li class=\"p1\">Luminaire lin\u00e9aire pour plafonds \u00e0 panneaux et climatiques<\/li>\n<li class=\"p1\">Bo\u00eetier en aluminium extrud\u00e9<\/li>\n<li class=\"p1\">Fabriqu\u00e9 sur mesure pour ouverture de plafond<\/li>\n<li class=\"p1\">Disponible en diff\u00e9rentes longueurs<\/li>\n<li class=\"p1\">Fini avec rev\u00eatement poudre durable<\/li>\n<li class=\"p1\">Fixation adapt\u00e9e au syst\u00e8me de plafond climatique<\/li>\n<li class=\"p1\">En option avec fentes de pl\u00e9num int\u00e9gr\u00e9es<\/li>\n<li class=\"p1\">Produit et assembl\u00e9 aux Pays-Bas<\/li>\n<\/ul>\n<p class=\"p1\"><strong>Options d&#8217;\u00e9clairage<\/strong><\/p>\n<ul>\n<li class=\"p1\">Lentille prismatique \u00e0 faible \u00e9blouissement et UGR inf\u00e9rieur ou \u00e9gal \u00e0 19<\/li>\n<li class=\"p1\">Diffuseur opale pour une r\u00e9partition lumineuse uniforme et apaisante<\/li>\n<\/ul>\n<p class=\"p1\">Gr\u00e2ce \u00e0 ces caract\u00e9ristiques, Stratos-Y 70 convient parfaitement aux bureaux, \u00e9coles, centres de soins et autres \u00e9quipements publics o\u00f9 confort visuel, fonctionnalit\u00e9 et design de plafond \u00e9pur\u00e9 se rencontrent.<\/p>\n[\/vc_column_text][\/vc_column][\/vc_row]\n","protected":false},"excerpt":{"rendered":"<p>Stratos-Y 70 est un luminaire lin\u00e9aire pour application dans les plafonds \u00e0 panneaux et plafonds climatiques avec une lentille prismatique ou un diffuseur opale.<\/p>\n<ul>\n<li>Construction l\u00e9g\u00e8re<\/li>\n<li>Installation simple dans une ouverture de plafond pr\u00e9fabriqu\u00e9e<\/li>\n<li>Diff\u00e9rentes longueurs sont disponibles<\/li>\n<li>Avec lentille microprismatique (UGR \u226419 pour application dans les bureaux) ou diffuseur opale<\/li>\n<\/ul>\n<div><strong>T\u00e9l\u00e9chargements<\/strong><\/div>\n<div><\/div>\n<div>[button size=\"small\" style=\"is-outline primary\" text=\"Photom\u00e9trie Stratos-70\" link=\"https:\/\/atomis.nl\/downloads\/Photometrics-Stratos-70.zip\" target=\"_blank\"]<\/div>\n<div><\/div>\n<div><strong>Composez votre propre produit, t\u00e9l\u00e9chargez la fiche technique PDF ou ajoutez au devis :<\/strong><\/div>\n","protected":false},"featured_media":59275,"template":"","meta":[],"product_brand":[],"product_cat":[14457],"product_tag":[14796],"class_list":{"0":"post-89064","1":"product","2":"type-product","3":"status-publish","4":"has-post-thumbnail","6":"product_cat-luminaires-pour-plafonds-climatiques","7":"product_tag-stratos","8":"pa_air-extraction-facultatif","9":"pa_armatuurefficientie-140lm-w","10":"pa_bevestiging-encastre","11":"pa_breedte-70mm-nl","12":"pa_c-haak-hoogte-n-v-t","13":"pa_cie-flux-code-93-100-100-100-100-nl","14":"pa_driver-positie-driver-led-externe","15":"pa_driver-positie-fixe-au-luminaire","16":"pa_energielabel-a","17":"pa_familie-stratos","18":"pa_fotobiologische-veiligheid-cei-62471-rg1-faible-risque","19":"pa_glare-ugr-14969","20":"pa_ip-class-ip20-dessus-ip40-dessous","21":"pa_isolatieklasse-classe-ii-nl","22":"pa_kleurconsistentiesdcm-sdcm3-nl-2","23":"pa_kleurtemperatuur-2700k","24":"pa_kleurtemperatuur-3000k","25":"pa_kleurtemperatuur-3500k","26":"pa_kleurtemperatuur-4000k","27":"pa_kleurtemperatuur-blanc-accordable","28":"pa_kleurweergaveindex-cri-cri80","29":"pa_kleurweergaveindex-cri-cri90","30":"pa_lichtregeling-optionelle","31":"pa_lichtregeling-gradation-1-10-v","32":"pa_lichtregeling-gradation-casambi","33":"pa_lichtregeling-gradation-dali","34":"pa_materiaal-acrylique","35":"pa_materiaal-aluminium","36":"pa_noodverlichting-autonomie-de-secours-de-1-heure","37":"pa_noodverlichting-optionelle","38":"pa_noodverlichting-autonomie-optionnelle-de-1-heure-avec-autotest","39":"pa_omgevingstemperatuur-20c-40c-nl-2","40":"pa_optiek-diffuseur-opale","41":"pa_optiek-lentille-microprismatique","42":"pa_orientatie-vers-le-bas","43":"pa_packaging-dimensions-emballage-en-vrac","44":"pa_powerfactor-15205","45":"pa_primaire-aansluitingen-bst-14i2","46":"pa_primaire-aansluitingen-europlug","47":"pa_primaire-aansluitingen-gst18i3","48":"pa_primaire-aansluitingen-gst18i5-pastel-blue-nl-2","49":"pa_primaire-aansluitingen-sur-demande","50":"pa_primaire-aansluitingen-sur-le-driver","51":"pa_productkleur-sur-demande","52":"pa_producttoepassing-education","53":"pa_producttoepassing-espaces-publics","54":"pa_producttoepassing-hotellerie-restauration","55":"pa_producttoepassing-bureau","56":"pa_self-adhesive-dust-cover-optionnel","57":"pa_verwachte-levensduur-l90b5060000h-tq-25c","58":"pa_voltage-frequentie-220-240v-50-60hz","59":"pa_vorm-rectangular-nl","61":"first","62":"instock","63":"shipping-taxable","64":"product-type-simple"},"_links":{"self":[{"href":"https:\/\/atomis.nl\/fr\/wp-json\/wp\/v2\/product\/89064","targetHints":{"allow":["GET"]}}],"collection":[{"href":"https:\/\/atomis.nl\/fr\/wp-json\/wp\/v2\/product"}],"about":[{"href":"https:\/\/atomis.nl\/fr\/wp-json\/wp\/v2\/types\/product"}],"wp:featuredmedia":[{"embeddable":true,"href":"https:\/\/atomis.nl\/fr\/wp-json\/wp\/v2\/media\/59275"}],"wp:attachment":[{"href":"https:\/\/atomis.nl\/fr\/wp-json\/wp\/v2\/media?parent=89064"}],"wp:term":[{"taxonomy":"product_brand","embeddable":true,"href":"https:\/\/atomis.nl\/fr\/wp-json\/wp\/v2\/product_brand?post=89064"},{"taxonomy":"product_cat","embeddable":true,"href":"https:\/\/atomis.nl\/fr\/wp-json\/wp\/v2\/product_cat?post=89064"},{"taxonomy":"product_tag","embeddable":true,"href":"https:\/\/atomis.nl\/fr\/wp-json\/wp\/v2\/product_tag?post=89064"}],"curies":[{"name":"wp","href":"https:\/\/api.w.org\/{rel}","templated":true}]}}