{"id":89470,"date":"2025-07-08T10:35:33","date_gmt":"2025-07-08T10:35:33","guid":{"rendered":"https:\/\/atomis.nl\/product\/myos-m-600x600\/"},"modified":"2026-03-23T09:02:56","modified_gmt":"2026-03-23T09:02:56","slug":"myos-m-600x600","status":"publish","type":"product","link":"https:\/\/atomis.nl\/fr\/produits\/myos-m-600x600\/","title":{"rendered":"Myos-M 600&#215;600"},"content":{"rendered":"[vc_row type=&#8221;in_container&#8221; full_screen_row_position=&#8221;middle&#8221; column_margin=&#8221;default&#8221; column_direction=&#8221;default&#8221; column_direction_tablet=&#8221;default&#8221; column_direction_phone=&#8221;default&#8221; scene_position=&#8221;center&#8221; text_color=&#8221;dark&#8221; text_align=&#8221;left&#8221; row_border_radius=&#8221;none&#8221; row_border_radius_applies=&#8221;bg&#8221; row_position_desktop=&#8221;default&#8221; row_position_tablet=&#8221;inherit&#8221; row_position_phone=&#8221;inherit&#8221; overflow=&#8221;visible&#8221; overlay_strength=&#8221;0.3&#8243; gradient_direction=&#8221;left_to_right&#8221; shape_divider_position=&#8221;bottom&#8221; bg_image_animation=&#8221;none&#8221;][vc_column column_padding=&#8221;no-extra-padding&#8221; column_padding_tablet=&#8221;inherit&#8221; column_padding_phone=&#8221;inherit&#8221; column_padding_position=&#8221;all&#8221; flex_gap_desktop=&#8221;10px&#8221; column_element_direction_desktop=&#8221;default&#8221; column_element_spacing=&#8221;default&#8221; desktop_text_alignment=&#8221;default&#8221; tablet_text_alignment=&#8221;default&#8221; phone_text_alignment=&#8221;default&#8221; background_color_opacity=&#8221;1&#8243; background_hover_color_opacity=&#8221;1&#8243; column_backdrop_filter=&#8221;none&#8221; column_shadow=&#8221;none&#8221; column_border_radius=&#8221;none&#8221; column_link_target=&#8221;_self&#8221; column_position=&#8221;default&#8221; gradient_direction=&#8221;left_to_right&#8221; overlay_strength=&#8221;0.3&#8243; width=&#8221;1\/1&#8243; tablet_width_inherit=&#8221;default&#8221; animation_type=&#8221;default&#8221; bg_image_animation=&#8221;none&#8221; border_type=&#8221;simple&#8221; column_border_width=&#8221;none&#8221; column_border_style=&#8221;solid&#8221;][vc_column_text css=&#8221;&#8221; text_direction=&#8221;default&#8221;]\n<p class=\"p1\">Myos-M 600\u00d7600 Multioptic est un luminaire encastr\u00e9 avec modules LED de puissance moyenne, con\u00e7u pour une application dans les plafonds \u00e0 grille apparente. Le luminaire utilise la technologie de lentilles Multioptic\u00ae et combine une haute qualit\u00e9 de lumi\u00e8re avec une image de plafond soign\u00e9e et technique. <\/p>\n<p class=\"p1\">Le luminaire est \u00e9quip\u00e9 d&#8217;un ensemble de 99 LED plac\u00e9es derri\u00e8re un masque diaphragme d\u00e9coratif. Chaque LED est \u00e9quip\u00e9e d&#8217;une lentille secondaire individuelle, ce qui assure une excellente r\u00e9partition de la lumi\u00e8re et une haute uniformit\u00e9 sur la surface \u00e9clair\u00e9e. <\/p>\n<p class=\"p1\">Le bo\u00eetier est fabriqu\u00e9 en acier et fini avec un thermolaquage durable en RAL 9016 ou RAL 9010 avec une finition textur\u00e9e. Ainsi, le luminaire s&#8217;harmonise esth\u00e9tiquement bien avec les plafonds \u00e0 grille conventionnels et offre une solution robuste et durable pour les applications professionnelles. <\/p>\n<p class=\"p1\"><strong>Caract\u00e9ristiques principales<\/strong><\/p>\n<ul>\n<li class=\"p1\">Luminaire encastr\u00e9 pour plafonds \u00e0 grille apparente<\/li>\n<li class=\"p1\">Format 600\u00d7600<\/li>\n<li class=\"p1\">Modules LED de puissance moyenne<\/li>\n<li class=\"p1\">Technologie de lentilles Multioptic\u00ae<\/li>\n<li class=\"p1\">Ensemble de 99 LED<\/li>\n<li class=\"p1\">Lentille secondaire individuelle par LED<\/li>\n<li class=\"p1\">Tr\u00e8s bonne r\u00e9partition de la lumi\u00e8re et uniformit\u00e9<\/li>\n<li class=\"p1\">Masque diaphragme d\u00e9coratif<\/li>\n<li class=\"p1\">Bo\u00eetier en acier<\/li>\n<li class=\"p1\">Thermolaquage en RAL 9016 ou RAL 9010<\/li>\n<li class=\"p1\">Finition textur\u00e9e<\/li>\n<\/ul>\n<p class=\"p1\">Gr\u00e2ce \u00e0 la combinaison de r\u00e9partition lumineuse contr\u00f4l\u00e9e, de finition robuste et de compatibilit\u00e9 avec les plafonds \u00e0 grille apparente, Myos-M 600\u00d7600 Multioptic convient pour une application dans les bureaux, b\u00e2timents d&#8217;enseignement et autres environnements utilitaires o\u00f9 l&#8217;\u00e9clairage fonctionnel et une image de plafond soign\u00e9e sont importants.<\/p>\n[\/vc_column_text][\/vc_column][\/vc_row]\n","protected":false},"excerpt":{"rendered":"<p>Une s\u00e9rie de luminaires encastr\u00e9s avec modules LED de puissance moyenne utilisant la technologie de lentilles Multioptic\u00ae, sp\u00e9cialement con\u00e7ue pour une utilisation en combinaison avec des plafonds \u00e0 grille apparente. Myos-M 600&#215;600 Multioptic contient un ensemble de 99 LED de puissance moyenne derri\u00e8re un masque diaphragme d\u00e9coratif. Chaque LED est \u00e9quip\u00e9e d&#8217;une lentille secondaire individuelle pour une excellente r\u00e9partition de la lumi\u00e8re. Le bo\u00eetier est fabriqu\u00e9 en acier, thermolaqu\u00e9 RAL9016 ou RAL9010 avec une finition textur\u00e9e.   <\/p>\n<ul>\n<li>Peut \u00eatre int\u00e9gr\u00e9 de mani\u00e8re transparente dans les plafonds \u00e0 grille apparente<\/li>\n<li>Design architectural<\/li>\n<li>\u00c9quip\u00e9 de 99 lentilles (UGR&lt; 16-19)<\/li>\n<\/ul>\n<div><strong>T\u00e9l\u00e9chargements<\/strong><\/div>\n<div><\/div>\n<div>[button size=\"small\" style=\"is-outline primary\" text=\"Photom\u00e9trie Myos-M 600x600 Multioptic\" link=\"https:\/\/atomis.nl\/downloads\/Photometrics-Myos-M-square.zip\" target=\"_blank\"]<\/div>\n<div><\/div>\n<div><\/div>\n","protected":false},"featured_media":15860,"template":"","meta":[],"product_brand":[],"product_cat":[14310],"product_tag":[14790],"class_list":{"0":"post-89470","1":"product","2":"type-product","3":"status-publish","4":"has-post-thumbnail","6":"product_cat-luminaires-encastres-et-poses","7":"product_tag-myos","8":"pa_air-extraction-facultatif","9":"pa_armatuurefficientie-140lm-w","10":"pa_bevestiging-montage-au-plafond-2","11":"pa_breedte-595mm-nl","12":"pa_cie-flux-code-93-100-100-100-100-nl","13":"pa_driver-positie-driver-led-externe","14":"pa_driver-positie-fixe-au-luminaire","15":"pa_energielabel-a","16":"pa_familie-myos","17":"pa_fotobiologische-veiligheid-cei-62471-rg1-faible-risque","18":"pa_glare-ugr-14969","19":"pa_ip-class-ip20-dessus-ip40-dessous","20":"pa_isolatieklasse-classe-ii-nl","21":"pa_kleurconsistentiesdcm-sdcm3-nl-2","22":"pa_kleurtemperatuur-3000k","23":"pa_kleurtemperatuur-4000k","24":"pa_kleurweergaveindex-cri-cri80","25":"pa_kleurweergaveindex-cri-cri90","26":"pa_lichtregeling-optionelle","27":"pa_lichtregeling-gradation-1-10-v","28":"pa_lichtregeling-gradation-casambi","29":"pa_lichtregeling-gradation-dali","30":"pa_materiaal-acier","31":"pa_materiaal-acrylique","32":"pa_noodverlichting-autonomie-de-secours-de-1-heure","33":"pa_noodverlichting-optionelle","34":"pa_noodverlichting-autonomie-optionnelle-de-1-heure-avec-autotest","35":"pa_omgevingstemperatuur-20c-40c-nl-2","36":"pa_optiek-multioptic-lens-technology-nl","37":"pa_orientatie-vers-le-bas","38":"pa_packaging-dimensions-emballage-en-vrac","39":"pa_powerfactor-15205","40":"pa_primaire-aansluitingen-bst-14i2","41":"pa_primaire-aansluitingen-europlug","42":"pa_primaire-aansluitingen-gst18i3","43":"pa_primaire-aansluitingen-gst18i5-pastel-blue-nl-2","44":"pa_primaire-aansluitingen-sur-demande","45":"pa_primaire-aansluitingen-sur-le-driver","46":"pa_productkleur-sur-demande","47":"pa_producttoepassing-education","48":"pa_producttoepassing-espaces-publics","49":"pa_producttoepassing-hotellerie-restauration","50":"pa_producttoepassing-bureau","51":"pa_self-adhesive-dust-cover-optionnel","52":"pa_verwachte-levensduur-l90b5060000h-tq-25c","53":"pa_voltage-frequentie-220-240v-50-60hz","54":"pa_vorm-carre","56":"first","57":"instock","58":"shipping-taxable","59":"product-type-simple"},"_links":{"self":[{"href":"https:\/\/atomis.nl\/fr\/wp-json\/wp\/v2\/product\/89470","targetHints":{"allow":["GET"]}}],"collection":[{"href":"https:\/\/atomis.nl\/fr\/wp-json\/wp\/v2\/product"}],"about":[{"href":"https:\/\/atomis.nl\/fr\/wp-json\/wp\/v2\/types\/product"}],"wp:featuredmedia":[{"embeddable":true,"href":"https:\/\/atomis.nl\/fr\/wp-json\/wp\/v2\/media\/15860"}],"wp:attachment":[{"href":"https:\/\/atomis.nl\/fr\/wp-json\/wp\/v2\/media?parent=89470"}],"wp:term":[{"taxonomy":"product_brand","embeddable":true,"href":"https:\/\/atomis.nl\/fr\/wp-json\/wp\/v2\/product_brand?post=89470"},{"taxonomy":"product_cat","embeddable":true,"href":"https:\/\/atomis.nl\/fr\/wp-json\/wp\/v2\/product_cat?post=89470"},{"taxonomy":"product_tag","embeddable":true,"href":"https:\/\/atomis.nl\/fr\/wp-json\/wp\/v2\/product_tag?post=89470"}],"curies":[{"name":"wp","href":"https:\/\/api.w.org\/{rel}","templated":true}]}}