{"id":89482,"date":"2021-11-01T13:28:48","date_gmt":"2021-11-01T13:28:48","guid":{"rendered":"https:\/\/atomis.nl\/producten\/meson-rond-190-applique-murale\/"},"modified":"2026-03-19T15:13:28","modified_gmt":"2026-03-19T15:13:28","slug":"meson-rond-190-applique-murale","status":"publish","type":"product","link":"https:\/\/atomis.nl\/fr\/produits\/meson-rond-190-applique-murale\/","title":{"rendered":"Meson rond 190 applique murale"},"content":{"rendered":"[vc_row type=&#8221;in_container&#8221; full_screen_row_position=&#8221;middle&#8221; column_margin=&#8221;default&#8221; column_direction=&#8221;default&#8221; column_direction_tablet=&#8221;default&#8221; column_direction_phone=&#8221;default&#8221; scene_position=&#8221;center&#8221; text_color=&#8221;dark&#8221; text_align=&#8221;left&#8221; row_border_radius=&#8221;none&#8221; row_border_radius_applies=&#8221;bg&#8221; row_position_desktop=&#8221;default&#8221; row_position_tablet=&#8221;inherit&#8221; row_position_phone=&#8221;inherit&#8221; overflow=&#8221;visible&#8221; overlay_strength=&#8221;0.3&#8243; gradient_direction=&#8221;left_to_right&#8221; shape_divider_position=&#8221;bottom&#8221; bg_image_animation=&#8221;none&#8221;][vc_column column_padding=&#8221;no-extra-padding&#8221; column_padding_tablet=&#8221;inherit&#8221; column_padding_phone=&#8221;inherit&#8221; column_padding_position=&#8221;all&#8221; flex_gap_desktop=&#8221;10px&#8221; column_element_direction_desktop=&#8221;default&#8221; column_element_spacing=&#8221;default&#8221; desktop_text_alignment=&#8221;default&#8221; tablet_text_alignment=&#8221;default&#8221; phone_text_alignment=&#8221;default&#8221; background_color_opacity=&#8221;1&#8243; background_hover_color_opacity=&#8221;1&#8243; column_backdrop_filter=&#8221;none&#8221; column_shadow=&#8221;none&#8221; column_border_radius=&#8221;none&#8221; column_link_target=&#8221;_self&#8221; column_position=&#8221;default&#8221; gradient_direction=&#8221;left_to_right&#8221; overlay_strength=&#8221;0.3&#8243; width=&#8221;1\/1&#8243; tablet_width_inherit=&#8221;default&#8221; animation_type=&#8221;default&#8221; bg_image_animation=&#8221;none&#8221; border_type=&#8221;simple&#8221; column_border_width=&#8221;none&#8221; column_border_style=&#8221;solid&#8221;][vc_column_text css=&#8221;&#8221; text_direction=&#8221;default&#8221;]\n<p class=\"p1\">Le Meson round 190 wallwasher est un downlight encastrable LED de haute qualit\u00e9 avec une distribution de lumi\u00e8re asym\u00e9trique, con\u00e7u pour \u00e9clairer uniform\u00e9ment les surfaces verticales telles que les murs et les \u00e9tag\u00e8res.<\/p>\n<p class=\"p1\">Pour un fonctionnement optimal du wallwashing, la distance entre le luminaire et le mur doit \u00eatre de 50 \u00e0 60 centim\u00e8tres maximum. Cela cr\u00e9e une distribution de lumi\u00e8re uniforme sur toute la surface du mur sans zones sombres. <\/p>\n<p class=\"p1\">L&#8217;unit\u00e9 centrale du luminaire peut \u00eatre tourn\u00e9e \u00e0 l&#8217;int\u00e9rieur du bord de recouvrement, ce qui permet d&#8217;adapter pr\u00e9cis\u00e9ment la direction de la lumi\u00e8re \u00e0 l&#8217;application souhait\u00e9e. Cela offre une flexibilit\u00e9 suppl\u00e9mentaire lors de l&#8217;installation et de la conception de l&#8217;\u00e9clairage. <\/p>\n<p class=\"p1\">Le r\u00e9flecteur m\u00e9tallis\u00e9 est con\u00e7u avec un faible caract\u00e8re \u00e9blouissant lors de l&#8217;observation de la surface \u00e9clair\u00e9e. Cela garantit un confort visuel \u00e9lev\u00e9 et rend le Meson round 190 wallwasher particuli\u00e8rement adapt\u00e9 \u00e0 l&#8217;\u00e9clairage d&#8217;\u00e9tag\u00e8res et de murs dans les magasins, les restaurants, les bureaux et les environnements similaires. <\/p>\n<p class=\"p1\">Le luminaire fournit une lumi\u00e8re blanche chaude avec un excellent indice de rendu des couleurs, ce qui contribue \u00e0 une pr\u00e9sentation naturelle et attrayante des mat\u00e9riaux et des objets.<\/p>\n<p class=\"p1\">Le Meson round 190 wallwasher est \u00e9quip\u00e9 d&#8217;un driver puissant avec correction \u00e9lectronique du facteur de puissance, ce qui garantit des performances stables et une utilisation efficace de l&#8217;\u00e9nergie. Le montage s&#8217;effectue via une fixation \u00e0 ressort \u00e0 fil, ce qui permet une installation simple et rapide dans les faux plafonds. <\/p>\n<p class=\"p1\"><strong>Caract\u00e9ristiques principales<\/strong><\/p>\n<ul>\n<li class=\"p1\">Downlight LED encastrable avec distribution de lumi\u00e8re asym\u00e9trique<\/li>\n<li class=\"p1\">Sp\u00e9cialement con\u00e7u pour les applications d&#8217;\u00e9clairage mural<\/li>\n<li class=\"p1\">Distance optimale au mur de 50 \u00e0 60 centim\u00e8tres<\/li>\n<li class=\"p1\">Unit\u00e9 centrale rotative pour une direction pr\u00e9cise de la lumi\u00e8re<\/li>\n<li class=\"p1\">R\u00e9flecteur m\u00e9tallis\u00e9 \u00e0 faible \u00e9blouissement<\/li>\n<li class=\"p1\">Confort visuel \u00e9lev\u00e9<\/li>\n<li class=\"p1\">Lumi\u00e8re blanc chaud<\/li>\n<li class=\"p1\">Excellent indice de rendu des couleurs<\/li>\n<li class=\"p1\">Driver puissant avec correction \u00e9lectronique du facteur de puissance<\/li>\n<li class=\"p1\">Montage facile dans les faux plafonds<\/li>\n<li class=\"p1\">Fixation \u00e0 ressort \u00e0 fil<\/li>\n<\/ul>\n<p class=\"p1\">Le Meson round 190 wallwasher est donc une solution d&#8217;\u00e9clairage id\u00e9ale pour accentuer et \u00e9clairer uniform\u00e9ment les murs et les pr\u00e9sentations dans les environnements commerciaux et professionnels.<\/p>\n[\/vc_column_text][\/vc_column][\/vc_row]\n","protected":false},"excerpt":{"rendered":"<p>Le Meson round 190 wallwasher est un downlight encastrable LED de haute qualit\u00e9 avec une distribution de lumi\u00e8re asym\u00e9trique. Pour garantir un \u00e9clairage uniforme sur toute la surface, la distance par rapport au mur pour les wallwashers ne doit pas d\u00e9passer 50 \u00e0 60 cm. L&#8217;unit\u00e9 centrale peut \u00eatre tourn\u00e9e dans le bord de recouvrement pour ajuster la direction du spot.  <\/p>\n<ul>\n<li>Assure un \u00e9clairage uniforme des murs<\/li>\n<li>L&#8217;unit\u00e9 centrale peut \u00eatre tourn\u00e9e dans le bord de recouvrement pour ajuster la direction du spot<\/li>\n<li>Particuli\u00e8rement adapt\u00e9 \u00e0 l&#8217;\u00e9clairage de magasin<\/li>\n<li>\u00c9clairage \u00e0 faible \u00e9blouissement<\/li>\n<\/ul>\n<div><strong>T\u00e9l\u00e9chargements<\/strong><\/div>\n<div><\/div>\n<div><a class=\"button primary is-is-outline primary is-small\" href=\"https:\/\/atomis.nl\/downloads\/Photometrics-Meson-round-190-wallwasher.zip\" target=\"_blank\" rel=\"noopener\">Photom\u00e9trie Meson round wallwasher<\/a><\/div>\n","protected":false},"featured_media":13494,"template":"","meta":[],"product_brand":[],"product_cat":[14455],"product_tag":[14782],"class_list":{"0":"post-89482","1":"product","2":"type-product","3":"status-publish","4":"has-post-thumbnail","6":"product_cat-downlights-et-spots-encastres","7":"product_tag-meson","8":"pa_air-extraction-n-v-t","9":"pa_armatuurefficientie-125lm-w","10":"pa_bevestiging-encastre","11":"pa_cie-flux-code-93-100-100-100-100-nl","12":"pa_driver-positie-driver-led-externe","13":"pa_energielabel-a","14":"pa_familie-meson","15":"pa_fotobiologische-veiligheid-cei-62471-rg1-faible-risque","16":"pa_glare-ugr-14969","17":"pa_glare-ugr-ugr-22-nl","18":"pa_ip-class-ip20-dessus-ip40-dessous","19":"pa_isolatieklasse-classe-ii-nl","20":"pa_kleurconsistentiesdcm-sdcm2","21":"pa_kleurtemperatuur-2700k","22":"pa_kleurtemperatuur-3000k","23":"pa_kleurtemperatuur-3500k","24":"pa_kleurtemperatuur-4000k","25":"pa_kleurtemperatuur-blanc-accordable","26":"pa_kleurweergaveindex-cri-cri80","27":"pa_kleurweergaveindex-cri-cri90","28":"pa_kleurweergaveindex-cri-cri97-nl-2","29":"pa_lichtregeling-optionelle","30":"pa_lichtregeling-gradation-1-10-v","31":"pa_lichtregeling-gradation-casambi","32":"pa_lichtregeling-gradation-dali","33":"pa_materiaal-acier","34":"pa_materiaal-acrylique","35":"pa_noodverlichting-autonomie-de-secours-de-1-heure","36":"pa_noodverlichting-optionelle","37":"pa_noodverlichting-autonomie-optionnelle-de-1-heure-avec-autotest","38":"pa_omgevingstemperatuur-20c-40c-nl-2","39":"pa_optiek-reflecteur","40":"pa_orientatie-vers-le-bas","41":"pa_packaging-dimensions-emballage-en-vrac","42":"pa_powerfactor-15205","43":"pa_primaire-aansluitingen-bst-14i2","44":"pa_primaire-aansluitingen-europlug","45":"pa_primaire-aansluitingen-gst18i3","46":"pa_primaire-aansluitingen-gst18i5-pastel-blue-nl-2","47":"pa_primaire-aansluitingen-sur-demande","48":"pa_primaire-aansluitingen-sur-le-driver","49":"pa_productkleur-sur-demande","50":"pa_producttoepassing-education","51":"pa_producttoepassing-espaces-dexposition","52":"pa_producttoepassing-espaces-publics","53":"pa_producttoepassing-hotellerie-restauration","54":"pa_producttoepassing-bureau","55":"pa_producttoepassing-commerce","56":"pa_self-adhesive-dust-cover-optionnel","57":"pa_verwachte-levensduur-l90b5060000h-tq-25c","58":"pa_voltage-frequentie-220-240v-50-60hz","59":"pa_vorm-round-nl","60":"pa_zaagmaat-170mm","62":"first","63":"instock","64":"shipping-taxable","65":"product-type-simple"},"_links":{"self":[{"href":"https:\/\/atomis.nl\/fr\/wp-json\/wp\/v2\/product\/89482","targetHints":{"allow":["GET"]}}],"collection":[{"href":"https:\/\/atomis.nl\/fr\/wp-json\/wp\/v2\/product"}],"about":[{"href":"https:\/\/atomis.nl\/fr\/wp-json\/wp\/v2\/types\/product"}],"wp:featuredmedia":[{"embeddable":true,"href":"https:\/\/atomis.nl\/fr\/wp-json\/wp\/v2\/media\/13494"}],"wp:attachment":[{"href":"https:\/\/atomis.nl\/fr\/wp-json\/wp\/v2\/media?parent=89482"}],"wp:term":[{"taxonomy":"product_brand","embeddable":true,"href":"https:\/\/atomis.nl\/fr\/wp-json\/wp\/v2\/product_brand?post=89482"},{"taxonomy":"product_cat","embeddable":true,"href":"https:\/\/atomis.nl\/fr\/wp-json\/wp\/v2\/product_cat?post=89482"},{"taxonomy":"product_tag","embeddable":true,"href":"https:\/\/atomis.nl\/fr\/wp-json\/wp\/v2\/product_tag?post=89482"}],"curies":[{"name":"wp","href":"https:\/\/api.w.org\/{rel}","templated":true}]}}