{"id":89494,"date":"2021-12-02T13:26:28","date_gmt":"2021-12-02T13:26:28","guid":{"rendered":"https:\/\/atomis.nl\/producten\/fusion-cg\/"},"modified":"2026-03-19T10:49:39","modified_gmt":"2026-03-19T10:49:39","slug":"fusion-cg","status":"publish","type":"product","link":"https:\/\/atomis.nl\/fr\/produits\/fusion-cg\/","title":{"rendered":"Fusion-CG"},"content":{"rendered":"[vc_row type=&#8221;in_container&#8221; full_screen_row_position=&#8221;middle&#8221; column_margin=&#8221;default&#8221; column_direction=&#8221;default&#8221; column_direction_tablet=&#8221;default&#8221; column_direction_phone=&#8221;default&#8221; scene_position=&#8221;center&#8221; text_color=&#8221;dark&#8221; text_align=&#8221;left&#8221; row_border_radius=&#8221;none&#8221; row_border_radius_applies=&#8221;bg&#8221; row_position_desktop=&#8221;default&#8221; row_position_tablet=&#8221;inherit&#8221; row_position_phone=&#8221;inherit&#8221; overflow=&#8221;visible&#8221; overlay_strength=&#8221;0.3&#8243; gradient_direction=&#8221;left_to_right&#8221; shape_divider_position=&#8221;bottom&#8221; bg_image_animation=&#8221;none&#8221;][vc_column column_padding=&#8221;no-extra-padding&#8221; column_padding_tablet=&#8221;inherit&#8221; column_padding_phone=&#8221;inherit&#8221; column_padding_position=&#8221;all&#8221; flex_gap_desktop=&#8221;10px&#8221; column_element_direction_desktop=&#8221;default&#8221; column_element_spacing=&#8221;default&#8221; desktop_text_alignment=&#8221;default&#8221; tablet_text_alignment=&#8221;default&#8221; phone_text_alignment=&#8221;default&#8221; background_color_opacity=&#8221;1&#8243; background_hover_color_opacity=&#8221;1&#8243; column_backdrop_filter=&#8221;none&#8221; column_shadow=&#8221;none&#8221; column_border_radius=&#8221;none&#8221; column_link_target=&#8221;_self&#8221; column_position=&#8221;default&#8221; gradient_direction=&#8221;left_to_right&#8221; overlay_strength=&#8221;0.3&#8243; width=&#8221;1\/1&#8243; tablet_width_inherit=&#8221;default&#8221; animation_type=&#8221;default&#8221; bg_image_animation=&#8221;none&#8221; border_type=&#8221;simple&#8221; column_border_width=&#8221;none&#8221; column_border_style=&#8221;solid&#8221;][vc_column_text css=&#8221;&#8221; text_direction=&#8221;default&#8221;]\n<p class=\"p1\">Fusion-CG est une s\u00e9rie de luminaires LED de haute qualit\u00e9 aux dimensions modulaires, con\u00e7us pour une application dans les plafonds suspendus avec des structures de grille cach\u00e9es. Le luminaire combine un design architectural \u00e9pur\u00e9 avec d&#8217;excellentes performances techniques et une flexibilit\u00e9 de dimensionnement. Gr\u00e2ce \u00e0 son caract\u00e8re minimaliste et \u00e0 sa finition plane, Fusion-CG s&#8217;int\u00e8gre de mani\u00e8re pratiquement invisible dans l&#8217;image du plafond.  <\/p>\n<p class=\"p1\">Les luminaires sont fabriqu\u00e9s \u00e0 partir d&#8217;un mat\u00e9riau de panneau composite l\u00e9ger compos\u00e9 de deux couches d&#8217;aluminium laqu\u00e9 avec un noyau thermoplastique entre les deux. Ce mat\u00e9riau offre d&#8217;excellentes propri\u00e9t\u00e9s thermiques, une r\u00e9sistance \u00e9lev\u00e9e au feu, de bonnes valeurs d&#8217;isolation phonique et une surface extr\u00eamement plane et lisse. <\/p>\n<p class=\"p1\">Fusion-CG est produit et assembl\u00e9 aux Pays-Bas, ce qui garantit une qualit\u00e9 constante et une livraison fiable. Gr\u00e2ce \u00e0 son processus de production unique, des luminaires aux dimensions sur mesure sont disponibles sur demande. De plus, des versions avec ouvertures d&#8217;extraction d&#8217;air int\u00e9gr\u00e9es sont possibles, ce qui permet de combiner l&#8217;\u00e9clairage et les installations de climatisation dans une seule solution de plafond.  <\/p>\n<p class=\"p1\"><strong>Caract\u00e9ristiques principales<\/strong><\/p>\n<ul>\n<li class=\"p1\">\u2022 Luminaire LED pour plafonds suspendus avec structures de grille cach\u00e9es<\/li>\n<li class=\"p1\">\u2022 Dimensions modulaires<\/li>\n<li class=\"p1\">\u2022 Luminaire tr\u00e8s plat et \u00e9l\u00e9gant<\/li>\n<li class=\"p1\">\u2022 Construction composite l\u00e9g\u00e8re<\/li>\n<li class=\"p1\">\u2022 Dimensions sur mesure sur demande<\/li>\n<li class=\"p1\">\u2022 En option avec ouvertures d&#8217;extraction d&#8217;air int\u00e9gr\u00e9es<\/li>\n<li class=\"p1\">\u2022 Fabriqu\u00e9 et assembl\u00e9 aux Pays-Bas<\/li>\n<li class=\"p1\">Options d&#8217;\u00e9clairage<\/li>\n<li class=\"p1\">\u2022 Diffuseur opale avec une apparence calme et architecturale et un UGR inf\u00e9rieur \u00e0 22<\/li>\n<li class=\"p1\">\u2022 Lentille microprismatique \u00e0 faible \u00e9blouissement et UGR inf\u00e9rieur \u00e0 19<\/li>\n<\/ul>\n<p class=\"p1\">Gr\u00e2ce \u00e0 ces propri\u00e9t\u00e9s, Fusion-CG est parfaitement adapt\u00e9 aux applications dans les bureaux, les \u00e9coles, les \u00e9tablissements de soins de sant\u00e9 et autres environnements utilitaires o\u00f9 le confort, l&#8217;esth\u00e9tique et la fonctionnalit\u00e9 se rejoignent.<\/p>\n[\/vc_column_text][\/vc_column][\/vc_row]\n","protected":false},"excerpt":{"rendered":"<p>Fusion-CG, une gamme de luminaires LED aux dimensions modulaires con\u00e7us pour les plafonds suspendus avec structures de grille cach\u00e9es. Les luminaires sont fabriqu\u00e9s \u00e0 partir d&#8217;un mat\u00e9riau de panneau composite l\u00e9ger compos\u00e9 de deux couches de peau en aluminium laqu\u00e9 avec un noyau thermoplastique entre les deux. Le mat\u00e9riau poss\u00e8de d&#8217;excellentes valeurs de r\u00e9sistance thermique et au feu, une isolation phonique et est extr\u00eamement plat.  <\/p>\n<ul>\n<li>Convient pour une utilisation en combinaison avec tous les faux plafonds courants<\/li>\n<li>Design architectural<\/li>\n<li>\u00c9quip\u00e9 dune lentille prismatique (UGR  19) ou dun diffuseur opale<\/li>\n<\/ul>\n<p><strong>T\u00e9l\u00e9chargements<\/strong><\/p>\n<p><a class=\"button primary is-is-outline primary is-small\" href=\"https:\/\/atomis.nl\/downloads\/Photometrics-Fusion-CG-600x600.zip\" target=\"_blank\" rel=\"noopener\">Photom\u00e9trie Fusion-CG<\/a><\/p>\n","protected":false},"featured_media":15735,"template":"","meta":[],"product_brand":[],"product_cat":[787],"product_tag":[14286],"class_list":{"0":"post-89494","1":"product","2":"type-product","3":"status-publish","4":"has-post-thumbnail","6":"product_cat-verborgen-draagprofielen-armaturen","7":"product_tag-fusion","8":"pa_air-extraction-n-v-t","9":"pa_armatuurefficientie-140lm-w","10":"pa_bevestiging-inbouw","11":"pa_cie-flux-code-93-100-100-100-100-nl","12":"pa_driver-positie-losliggende-driver","13":"pa_driver-positie-bevestigd-aan-het-armatuur","14":"pa_energielabel-a","15":"pa_familie-fusion","16":"pa_fotobiologische-veiligheid-iec-62471-rg1-low-risk-nl","17":"pa_glare-ugr-14960","18":"pa_ip-class-ip20-top-ip40-bottom-nl-2","19":"pa_isolatieklasse-class-ii-nl","20":"pa_kleurconsistentiesdcm-sdcm3-nl-2","21":"pa_kleurtemperatuur-2700k","22":"pa_kleurtemperatuur-3000k","23":"pa_kleurtemperatuur-3500k","24":"pa_kleurtemperatuur-4000k","25":"pa_kleurtemperatuur-blanc-accordable","26":"pa_kleurweergaveindex-cri-cri80","27":"pa_kleurweergaveindex-cri-cri90","28":"pa_lichtregeling-optioneel","29":"pa_lichtregeling-dimmed-1-10v-nl-2","30":"pa_lichtregeling-casambi-gedimd","31":"pa_lichtregeling-dimmed-dali-nl-2","32":"pa_materiaal-steel-nl","33":"pa_materiaal-acrylate-nl","34":"pa_materiaal-aluminium","35":"pa_noodverlichting-1-uur-noodstroom","36":"pa_noodverlichting-optioneel","37":"pa_noodverlichting-optioneel-1-uur-autonoom-autotest","38":"pa_omgevingstemperatuur-20c-40c-nl-2","39":"pa_optiek-opalen-diffusor","40":"pa_optiek-prismalens","41":"pa_orientatie-naar-beneden","42":"pa_packaging-dimensions-bulkverpakking","43":"pa_powerfactor-15191","44":"pa_primaire-aansluitingen-bst-14i2","45":"pa_primaire-aansluitingen-europlug","46":"pa_primaire-aansluitingen-gst18i3","47":"pa_primaire-aansluitingen-gst18i5-pastel-blue-nl-2","48":"pa_primaire-aansluitingen-op-aanvraag","49":"pa_primaire-aansluitingen-on-the-driver-nl","50":"pa_productkleur-op-aanvraag","51":"pa_producttoepassing-onderwijs","52":"pa_producttoepassing-openbare-ruimtes","53":"pa_producttoepassing-horeca","54":"pa_producttoepassing-kantoren","55":"pa_self-adhesive-dust-cover-optional-nl","56":"pa_verwachte-levensduur-l90b5060000h-tq-25c","57":"pa_voltage-frequentie-220-240v-50-60hz","58":"pa_vorm-vierkant","60":"first","61":"instock","62":"shipping-taxable","63":"product-type-simple"},"_links":{"self":[{"href":"https:\/\/atomis.nl\/fr\/wp-json\/wp\/v2\/product\/89494","targetHints":{"allow":["GET"]}}],"collection":[{"href":"https:\/\/atomis.nl\/fr\/wp-json\/wp\/v2\/product"}],"about":[{"href":"https:\/\/atomis.nl\/fr\/wp-json\/wp\/v2\/types\/product"}],"wp:featuredmedia":[{"embeddable":true,"href":"https:\/\/atomis.nl\/fr\/wp-json\/wp\/v2\/media\/15735"}],"wp:attachment":[{"href":"https:\/\/atomis.nl\/fr\/wp-json\/wp\/v2\/media?parent=89494"}],"wp:term":[{"taxonomy":"product_brand","embeddable":true,"href":"https:\/\/atomis.nl\/fr\/wp-json\/wp\/v2\/product_brand?post=89494"},{"taxonomy":"product_cat","embeddable":true,"href":"https:\/\/atomis.nl\/fr\/wp-json\/wp\/v2\/product_cat?post=89494"},{"taxonomy":"product_tag","embeddable":true,"href":"https:\/\/atomis.nl\/fr\/wp-json\/wp\/v2\/product_tag?post=89494"}],"curies":[{"name":"wp","href":"https:\/\/api.w.org\/{rel}","templated":true}]}}